{"id":853,"date":"2019-11-25T20:38:13","date_gmt":"2019-11-25T19:38:13","guid":{"rendered":"http:\/\/localhost\/studiopixels\/?page_id=853"},"modified":"2024-03-12T14:17:21","modified_gmt":"2024-03-12T18:17:21","slug":"soirees-intuitives","status":"publish","type":"page","link":"https:\/\/studiopixels.net\/en\/soirees-intuitives\/","title":{"rendered":"Soir\u00e9es intuitives"},"content":{"rendered":"<div data-elementor-type=\"wp-page\" data-elementor-id=\"853\" class=\"elementor elementor-853\">\n\t\t\t\t\t\t<section class=\"elementor-section elementor-top-section elementor-element elementor-element-44b30e03 elementor-section-boxed elementor-section-height-default elementor-section-height-default\" data-id=\"44b30e03\" data-element_type=\"section\">\n\t\t\t\t\t\t<div class=\"elementor-container elementor-column-gap-no\">\n\t\t\t\t\t<div class=\"elementor-column elementor-col-50 elementor-top-column elementor-element elementor-element-5cca65e6\" data-id=\"5cca65e6\" data-element_type=\"column\">\n\t\t\t<div class=\"elementor-widget-wrap elementor-element-populated\">\n\t\t\t\t\t\t<div class=\"elementor-element elementor-element-5c7fc96 elementor-widget elementor-widget-image\" data-id=\"5c7fc96\" data-element_type=\"widget\" data-widget_type=\"image.default\">\n\t\t\t\t<div class=\"elementor-widget-container\">\n\t\t\t\t\t\t\t\t\t\t\t\t\t\t\t<img fetchpriority=\"high\" decoding=\"async\" width=\"768\" height=\"1024\" src=\"https:\/\/studiopixels.net\/wp-content\/uploads\/2024\/03\/E610726F-AE12-4FE7-85D8-DE68883CA53C_1_105_c.jpeg\" class=\"attachment-full size-full wp-image-8102\" alt=\"\" srcset=\"https:\/\/studiopixels.net\/wp-content\/uploads\/2024\/03\/E610726F-AE12-4FE7-85D8-DE68883CA53C_1_105_c.jpeg 768w, https:\/\/studiopixels.net\/wp-content\/uploads\/2024\/03\/E610726F-AE12-4FE7-85D8-DE68883CA53C_1_105_c-225x300.jpeg 225w, https:\/\/studiopixels.net\/wp-content\/uploads\/2024\/03\/E610726F-AE12-4FE7-85D8-DE68883CA53C_1_105_c-600x800.jpeg 600w\" sizes=\"(max-width: 768px) 100vw, 768px\" \/>\t\t\t\t\t\t\t\t\t\t\t\t\t\t\t<\/div>\n\t\t\t\t<\/div>\n\t\t\t\t<div class=\"elementor-element elementor-element-a6b244f elementor-widget elementor-widget-image\" data-id=\"a6b244f\" data-element_type=\"widget\" data-widget_type=\"image.default\">\n\t\t\t\t<div class=\"elementor-widget-container\">\n\t\t\t\t\t\t\t\t\t\t\t\t\t\t\t<img decoding=\"async\" width=\"1024\" height=\"769\" src=\"https:\/\/studiopixels.net\/wp-content\/uploads\/2024\/03\/36A1E8FD-F608-4F45-BE2E-59168E0F0279_1_105_c.jpeg\" class=\"attachment-full size-full wp-image-8101\" alt=\"\" srcset=\"https:\/\/studiopixels.net\/wp-content\/uploads\/2024\/03\/36A1E8FD-F608-4F45-BE2E-59168E0F0279_1_105_c.jpeg 1024w, https:\/\/studiopixels.net\/wp-content\/uploads\/2024\/03\/36A1E8FD-F608-4F45-BE2E-59168E0F0279_1_105_c-300x225.jpeg 300w, https:\/\/studiopixels.net\/wp-content\/uploads\/2024\/03\/36A1E8FD-F608-4F45-BE2E-59168E0F0279_1_105_c-768x577.jpeg 768w, https:\/\/studiopixels.net\/wp-content\/uploads\/2024\/03\/36A1E8FD-F608-4F45-BE2E-59168E0F0279_1_105_c-600x451.jpeg 600w\" sizes=\"(max-width: 1024px) 100vw, 1024px\" \/>\t\t\t\t\t\t\t\t\t\t\t\t\t\t\t<\/div>\n\t\t\t\t<\/div>\n\t\t\t\t<div class=\"elementor-element elementor-element-c6dcddd elementor-widget elementor-widget-image\" data-id=\"c6dcddd\" data-element_type=\"widget\" data-widget_type=\"image.default\">\n\t\t\t\t<div class=\"elementor-widget-container\">\n\t\t\t\t\t\t\t\t\t\t\t\t\t\t\t<img decoding=\"async\" width=\"908\" height=\"866\" src=\"https:\/\/studiopixels.net\/wp-content\/uploads\/2024\/03\/E55969DE-4AD3-45E7-A0CB-12576D7D1F78_1_105_c.jpeg\" class=\"attachment-full size-full wp-image-8100\" alt=\"\" srcset=\"https:\/\/studiopixels.net\/wp-content\/uploads\/2024\/03\/E55969DE-4AD3-45E7-A0CB-12576D7D1F78_1_105_c.jpeg 908w, https:\/\/studiopixels.net\/wp-content\/uploads\/2024\/03\/E55969DE-4AD3-45E7-A0CB-12576D7D1F78_1_105_c-300x286.jpeg 300w, https:\/\/studiopixels.net\/wp-content\/uploads\/2024\/03\/E55969DE-4AD3-45E7-A0CB-12576D7D1F78_1_105_c-768x732.jpeg 768w, https:\/\/studiopixels.net\/wp-content\/uploads\/2024\/03\/E55969DE-4AD3-45E7-A0CB-12576D7D1F78_1_105_c-600x572.jpeg 600w\" sizes=\"(max-width: 908px) 100vw, 908px\" \/>\t\t\t\t\t\t\t\t\t\t\t\t\t\t\t<\/div>\n\t\t\t\t<\/div>\n\t\t\t\t<div class=\"elementor-element elementor-element-6e7bb0c elementor-widget elementor-widget-image\" data-id=\"6e7bb0c\" data-element_type=\"widget\" data-widget_type=\"image.default\">\n\t\t\t\t<div class=\"elementor-widget-container\">\n\t\t\t\t\t\t\t\t\t\t\t\t\t\t\t<img loading=\"lazy\" decoding=\"async\" width=\"1024\" height=\"768\" src=\"https:\/\/studiopixels.net\/wp-content\/uploads\/2024\/03\/EF05DC20-ACCB-488A-AF24-7E3A762B0A62_1_105_c.jpeg\" class=\"attachment-full size-full wp-image-8099\" alt=\"\" srcset=\"https:\/\/studiopixels.net\/wp-content\/uploads\/2024\/03\/EF05DC20-ACCB-488A-AF24-7E3A762B0A62_1_105_c.jpeg 1024w, https:\/\/studiopixels.net\/wp-content\/uploads\/2024\/03\/EF05DC20-ACCB-488A-AF24-7E3A762B0A62_1_105_c-300x225.jpeg 300w, https:\/\/studiopixels.net\/wp-content\/uploads\/2024\/03\/EF05DC20-ACCB-488A-AF24-7E3A762B0A62_1_105_c-768x576.jpeg 768w, https:\/\/studiopixels.net\/wp-content\/uploads\/2024\/03\/EF05DC20-ACCB-488A-AF24-7E3A762B0A62_1_105_c-600x450.jpeg 600w\" sizes=\"(max-width: 1024px) 100vw, 1024px\" \/>\t\t\t\t\t\t\t\t\t\t\t\t\t\t\t<\/div>\n\t\t\t\t<\/div>\n\t\t\t\t<div class=\"elementor-element elementor-element-5e3cc892 elementor-widget elementor-widget-image\" data-id=\"5e3cc892\" data-element_type=\"widget\" data-widget_type=\"image.default\">\n\t\t\t\t<div class=\"elementor-widget-container\">\n\t\t\t\t\t\t\t\t\t\t\t\t\t\t\t<img loading=\"lazy\" decoding=\"async\" width=\"1024\" height=\"769\" src=\"https:\/\/studiopixels.net\/wp-content\/uploads\/2024\/03\/A98F7E60-0696-4BF5-A9B3-01ED3C5A8318_1_105_c.jpeg\" class=\"attachment-full size-full wp-image-8098\" alt=\"\" srcset=\"https:\/\/studiopixels.net\/wp-content\/uploads\/2024\/03\/A98F7E60-0696-4BF5-A9B3-01ED3C5A8318_1_105_c.jpeg 1024w, https:\/\/studiopixels.net\/wp-content\/uploads\/2024\/03\/A98F7E60-0696-4BF5-A9B3-01ED3C5A8318_1_105_c-300x225.jpeg 300w, https:\/\/studiopixels.net\/wp-content\/uploads\/2024\/03\/A98F7E60-0696-4BF5-A9B3-01ED3C5A8318_1_105_c-768x577.jpeg 768w, https:\/\/studiopixels.net\/wp-content\/uploads\/2024\/03\/A98F7E60-0696-4BF5-A9B3-01ED3C5A8318_1_105_c-600x451.jpeg 600w\" sizes=\"(max-width: 1024px) 100vw, 1024px\" \/>\t\t\t\t\t\t\t\t\t\t\t\t\t\t\t<\/div>\n\t\t\t\t<\/div>\n\t\t\t\t<div class=\"elementor-element elementor-element-e9a295b elementor-widget elementor-widget-image\" data-id=\"e9a295b\" data-element_type=\"widget\" data-widget_type=\"image.default\">\n\t\t\t\t<div class=\"elementor-widget-container\">\n\t\t\t\t\t\t\t\t\t\t\t\t\t\t\t<img loading=\"lazy\" decoding=\"async\" width=\"1944\" height=\"1296\" src=\"https:\/\/studiopixels.net\/wp-content\/uploads\/2020\/04\/66238626_1109529745914498_8060885622899867648_o.jpg\" class=\"attachment-full size-full wp-image-1402\" alt=\"\" srcset=\"https:\/\/studiopixels.net\/wp-content\/uploads\/2020\/04\/66238626_1109529745914498_8060885622899867648_o.jpg 1944w, https:\/\/studiopixels.net\/wp-content\/uploads\/2020\/04\/66238626_1109529745914498_8060885622899867648_o-300x200.jpg 300w, https:\/\/studiopixels.net\/wp-content\/uploads\/2020\/04\/66238626_1109529745914498_8060885622899867648_o-1024x683.jpg 1024w, https:\/\/studiopixels.net\/wp-content\/uploads\/2020\/04\/66238626_1109529745914498_8060885622899867648_o-768x512.jpg 768w, https:\/\/studiopixels.net\/wp-content\/uploads\/2020\/04\/66238626_1109529745914498_8060885622899867648_o-1536x1024.jpg 1536w, https:\/\/studiopixels.net\/wp-content\/uploads\/2020\/04\/66238626_1109529745914498_8060885622899867648_o-600x400.jpg 600w\" sizes=\"(max-width: 1944px) 100vw, 1944px\" \/>\t\t\t\t\t\t\t\t\t\t\t\t\t\t\t<\/div>\n\t\t\t\t<\/div>\n\t\t\t\t\t<\/div>\n\t\t<\/div>\n\t\t\t\t<div class=\"elementor-column elementor-col-50 elementor-top-column elementor-element elementor-element-67e2a96a\" data-id=\"67e2a96a\" data-element_type=\"column\" data-settings=\"{&quot;background_background&quot;:&quot;classic&quot;}\">\n\t\t\t<div class=\"elementor-widget-wrap elementor-element-populated\">\n\t\t\t\t\t\t<div class=\"elementor-element elementor-element-2d88639a elementor-widget elementor-widget-heading\" data-id=\"2d88639a\" data-element_type=\"widget\" data-widget_type=\"heading.default\">\n\t\t\t\t<div class=\"elementor-widget-container\">\n\t\t\t\t\t<h2 class=\"elementor-heading-title elementor-size-large\">Soir\u00e9es intuitives<\/h2>\t\t\t\t<\/div>\n\t\t\t\t<\/div>\n\t\t\t\t<section class=\"elementor-section elementor-inner-section elementor-element elementor-element-35cdc095 elementor-reverse-mobile elementor-section-height-min-height elementor-section-boxed elementor-section-height-default\" data-id=\"35cdc095\" data-element_type=\"section\">\n\t\t\t\t\t\t<div class=\"elementor-container elementor-column-gap-default\">\n\t\t\t\t\t<div class=\"elementor-column elementor-col-100 elementor-inner-column elementor-element elementor-element-b214864\" data-id=\"b214864\" data-element_type=\"column\" data-settings=\"{&quot;background_background&quot;:&quot;classic&quot;}\">\n\t\t\t<div class=\"elementor-widget-wrap elementor-element-populated\">\n\t\t\t\t\t\t<div class=\"elementor-element elementor-element-4661189a elementor-widget elementor-widget-text-editor\" data-id=\"4661189a\" data-element_type=\"widget\" data-widget_type=\"text-editor.default\">\n\t\t\t\t<div class=\"elementor-widget-container\">\n\t\t\t\t\t\t\t\t\t<p>Faites de votre intuition un voyage vers l\u2019art &#8211; Pixels<br \/>Pour venir explorer diff\u00e9rent m\u00e9dium, relaxer, cr\u00e9er, discuter, se donner le droit de se mettre \u00e0 l&rsquo;horaire et bien plus encore\u2026 Laissez votre intuition s\u2019exprimer, voyage cr\u00e9atif! Venez vivre l\u2019exp\u00e9rience! Ouvert \u00e0 tous!<\/p><p>Mat\u00e9riel, peinture et support seront fournis, vous n\u2019avez qu\u2019\u00e0 apporter votre intention, un tablier, et laisser votre intuition vous guider.<\/p>\t\t\t\t\t\t\t\t<\/div>\n\t\t\t\t<\/div>\n\t\t\t\t<div class=\"elementor-element elementor-element-9c6f965 elementor-mobile-align-center elementor-icon-list--layout-traditional elementor-list-item-link-full_width elementor-widget elementor-widget-icon-list\" data-id=\"9c6f965\" data-element_type=\"widget\" data-widget_type=\"icon-list.default\">\n\t\t\t\t<div class=\"elementor-widget-container\">\n\t\t\t\t\t\t\t<ul class=\"elementor-icon-list-items\">\n\t\t\t\t\t\t\t<li class=\"elementor-icon-list-item\">\n\t\t\t\t\t\t\t\t\t\t\t<a href=\"https:\/\/studiopixels.net\/en\/product-category\/ateliers\/\">\n\n\t\t\t\t\t\t\t\t\t\t\t\t<span class=\"elementor-icon-list-icon\">\n\t\t\t\t\t\t\t<i aria-hidden=\"true\" class=\"fas fa-calendar-alt\"><\/i>\t\t\t\t\t\t<\/span>\n\t\t\t\t\t\t\t\t\t\t<span class=\"elementor-icon-list-text\">Les prochaines soir\u00e9es<\/span>\n\t\t\t\t\t\t\t\t\t\t\t<\/a>\n\t\t\t\t\t\t\t\t\t<\/li>\n\t\t\t\t\t\t<\/ul>\n\t\t\t\t\t\t<\/div>\n\t\t\t\t<\/div>\n\t\t\t\t<div class=\"elementor-element elementor-element-9e5bf4a elementor-widget elementor-widget-text-editor\" data-id=\"9e5bf4a\" data-element_type=\"widget\" data-widget_type=\"text-editor.default\">\n\t\t\t\t<div class=\"elementor-widget-container\">\n\t\t\t\t\t\t\t\t\t<p>Tarif: <br \/>Des frais de 65$ + taxes\u00a0<br \/>MAT\u00c9RIELS FOURNIS<\/p><p><span style=\"font-size: 20px;\"><b>Possibilit\u00e9 de groupe priv\u00e9<br \/><\/b><\/span><span style=\"font-size: 20px;\">Activit\u00e9 en entreprise, une rencontre parents-enfants, party de famille <\/span><span style=\"font-size: 20px;\">ou une activit\u00e9 avec vos coll\u00e8gues de bureau\u2026\u00a0<br \/><\/span><span style=\"font-size: 20px;\">Communiquez avec moi pour avoir plus de d\u00e9tails.<\/span><\/p><p>Stationnement \u00e0 l&rsquo;H\u00f4tel de ville ou \u00e0 l&rsquo;\u00e9glise<br \/>286, chemin des Patriotes \u00e0 Saint-Mathias!!! <br \/>\u00c0 cot\u00e9 du restaurant Chez l&rsquo;artisan<\/p><p>Les demandes d\u2019annulation doivent \u00eatre envoy\u00e9es par courriel 48 heures avant l\u2019atelier pour remboursement. <br \/>Aucun remboursement pour les annulations \u00e0 moins de 48 heures d\u2019avis.<\/p>\t\t\t\t\t\t\t\t<\/div>\n\t\t\t\t<\/div>\n\t\t\t\t<div class=\"elementor-element elementor-element-e5c94f8 elementor-widget elementor-widget-text-editor\" data-id=\"e5c94f8\" data-element_type=\"widget\" data-widget_type=\"text-editor.default\">\n\t\t\t\t<div class=\"elementor-widget-container\">\n\t\t\t\t\t\t\t\t\t<blockquote><p>\u00ab\u00a0Si toute vie va in\u00e9vitablement vers sa fin, nous devons durant la n\u00f4tre, la colorier avec nos couleurs d&rsquo;amour et d&rsquo;espoir.\u00a0\u00bb<br \/>&#8211; Marc Chagall (1887-1985)<br \/><br \/>\u00ab\u00a0Nous sommes tous artistes, il faut juste se donner le droit\u00a0\u00bb<br \/>&#8211; Pixels (Nancy L\u00e9tourneau) \ud83d\ude09<\/p><\/blockquote>\t\t\t\t\t\t\t\t<\/div>\n\t\t\t\t<\/div>\n\t\t\t\t\t<\/div>\n\t\t<\/div>\n\t\t\t\t\t<\/div>\n\t\t<\/section>\n\t\t\t\t\t<\/div>\n\t\t<\/div>\n\t\t\t\t\t<\/div>\n\t\t<\/section>\n\t\t\t\t<\/div>","protected":false},"excerpt":{"rendered":"<p>Soir\u00e9es intuitives Faites de votre intuition un voyage vers l\u2019art &#8211; PixelsPour venir explorer diff\u00e9rent m\u00e9dium, relaxer, cr\u00e9er, discuter, se donner le droit de se mettre \u00e0 l&rsquo;horaire et bien plus encore\u2026 Laissez votre intuition s\u2019exprimer, voyage cr\u00e9atif! Venez vivre l\u2019exp\u00e9rience! Ouvert \u00e0 tous! Mat\u00e9riel, peinture et support seront fournis, vous n\u2019avez qu\u2019\u00e0 apporter votre &hellip;<\/p>\n<p class=\"read-more\"> <a class=\"\" href=\"https:\/\/studiopixels.net\/en\/soirees-intuitives\/\"> <span class=\"screen-reader-text\">Soir\u00e9es intuitives<\/span> Read More &raquo;<\/a><\/p>","protected":false},"author":1,"featured_media":0,"parent":0,"menu_order":0,"comment_status":"closed","ping_status":"closed","template":"","meta":{"_uag_custom_page_level_css":"","footnotes":""},"class_list":["post-853","page","type-page","status-publish","hentry"],"yoast_head":"<!-- This site is optimized with the Yoast SEO plugin v26.4 - https:\/\/yoast.com\/wordpress\/plugins\/seo\/ -->\n<title>Soir\u00e9es intuitives - Studio Pixels<\/title>\n<meta name=\"robots\" content=\"index, follow, max-snippet:-1, max-image-preview:large, max-video-preview:-1\" \/>\n<link rel=\"canonical\" href=\"https:\/\/studiopixels.net\/en\/soirees-intuitives\/\" \/>\n<meta property=\"og:locale\" content=\"en_US\" \/>\n<meta property=\"og:type\" content=\"article\" \/>\n<meta property=\"og:title\" content=\"Soir\u00e9es intuitives - Studio Pixels\" \/>\n<meta property=\"og:description\" content=\"Soir\u00e9es intuitives Faites de votre intuition un voyage vers l\u2019art &#8211; PixelsPour venir explorer diff\u00e9rent m\u00e9dium, relaxer, cr\u00e9er, discuter, se donner le droit de se mettre \u00e0 l&rsquo;horaire et bien plus encore\u2026 Laissez votre intuition s\u2019exprimer, voyage cr\u00e9atif! Venez vivre l\u2019exp\u00e9rience! Ouvert \u00e0 tous! Mat\u00e9riel, peinture et support seront fournis, vous n\u2019avez qu\u2019\u00e0 apporter votre &hellip; Soir\u00e9es intuitives Read More &raquo;\" \/>\n<meta property=\"og:url\" content=\"https:\/\/studiopixels.net\/en\/soirees-intuitives\/\" \/>\n<meta property=\"og:site_name\" content=\"Studio Pixels\" \/>\n<meta property=\"article:publisher\" content=\"https:\/\/www.facebook.com\/Studiopixelsart\" \/>\n<meta property=\"article:modified_time\" content=\"2024-03-12T18:17:21+00:00\" \/>\n<meta property=\"og:image\" content=\"https:\/\/studiopixels.net\/wp-content\/uploads\/2024\/03\/E610726F-AE12-4FE7-85D8-DE68883CA53C_1_105_c.jpeg\" \/>\n<meta name=\"twitter:card\" content=\"summary_large_image\" \/>\n<meta name=\"twitter:label1\" content=\"Est. reading time\" \/>\n\t<meta name=\"twitter:data1\" content=\"1 minute\" \/>\n<script type=\"application\/ld+json\" class=\"yoast-schema-graph\">{\"@context\":\"https:\/\/schema.org\",\"@graph\":[{\"@type\":\"WebPage\",\"@id\":\"https:\/\/studiopixels.net\/soirees-intuitives\/\",\"url\":\"https:\/\/studiopixels.net\/soirees-intuitives\/\",\"name\":\"Soir\u00e9es intuitives - Studio Pixels\",\"isPartOf\":{\"@id\":\"https:\/\/studiopixels.net\/#website\"},\"primaryImageOfPage\":{\"@id\":\"https:\/\/studiopixels.net\/soirees-intuitives\/#primaryimage\"},\"image\":{\"@id\":\"https:\/\/studiopixels.net\/soirees-intuitives\/#primaryimage\"},\"thumbnailUrl\":\"https:\/\/studiopixels.net\/wp-content\/uploads\/2024\/03\/E610726F-AE12-4FE7-85D8-DE68883CA53C_1_105_c.jpeg\",\"datePublished\":\"2019-11-25T19:38:13+00:00\",\"dateModified\":\"2024-03-12T18:17:21+00:00\",\"breadcrumb\":{\"@id\":\"https:\/\/studiopixels.net\/soirees-intuitives\/#breadcrumb\"},\"inLanguage\":\"en-CA\",\"potentialAction\":[{\"@type\":\"ReadAction\",\"target\":[\"https:\/\/studiopixels.net\/soirees-intuitives\/\"]}]},{\"@type\":\"ImageObject\",\"inLanguage\":\"en-CA\",\"@id\":\"https:\/\/studiopixels.net\/soirees-intuitives\/#primaryimage\",\"url\":\"https:\/\/studiopixels.net\/wp-content\/uploads\/2024\/03\/E610726F-AE12-4FE7-85D8-DE68883CA53C_1_105_c.jpeg\",\"contentUrl\":\"https:\/\/studiopixels.net\/wp-content\/uploads\/2024\/03\/E610726F-AE12-4FE7-85D8-DE68883CA53C_1_105_c.jpeg\"},{\"@type\":\"BreadcrumbList\",\"@id\":\"https:\/\/studiopixels.net\/soirees-intuitives\/#breadcrumb\",\"itemListElement\":[{\"@type\":\"ListItem\",\"position\":1,\"name\":\"Accueil\",\"item\":\"https:\/\/studiopixels.net\/\"},{\"@type\":\"ListItem\",\"position\":2,\"name\":\"Soir\u00e9es intuitives\"}]},{\"@type\":\"WebSite\",\"@id\":\"https:\/\/studiopixels.net\/#website\",\"url\":\"https:\/\/studiopixels.net\/\",\"name\":\"Studio Pixels\",\"description\":\"\",\"publisher\":{\"@id\":\"https:\/\/studiopixels.net\/#organization\"},\"potentialAction\":[{\"@type\":\"SearchAction\",\"target\":{\"@type\":\"EntryPoint\",\"urlTemplate\":\"https:\/\/studiopixels.net\/?s={search_term_string}\"},\"query-input\":{\"@type\":\"PropertyValueSpecification\",\"valueRequired\":true,\"valueName\":\"search_term_string\"}}],\"inLanguage\":\"en-CA\"},{\"@type\":\"Organization\",\"@id\":\"https:\/\/studiopixels.net\/#organization\",\"name\":\"Studio Pixels\",\"url\":\"https:\/\/studiopixels.net\/\",\"logo\":{\"@type\":\"ImageObject\",\"inLanguage\":\"en-CA\",\"@id\":\"https:\/\/studiopixels.net\/#\/schema\/logo\/image\/\",\"url\":\"https:\/\/studiopixels.net\/wp-content\/uploads\/2020\/04\/cropped-Autocollant-pixels-2.jpg\",\"contentUrl\":\"https:\/\/studiopixels.net\/wp-content\/uploads\/2020\/04\/cropped-Autocollant-pixels-2.jpg\",\"width\":666,\"height\":666,\"caption\":\"Studio Pixels\"},\"image\":{\"@id\":\"https:\/\/studiopixels.net\/#\/schema\/logo\/image\/\"},\"sameAs\":[\"https:\/\/www.facebook.com\/Studiopixelsart\"]}]}<\/script>\n<!-- \/ Yoast SEO plugin. -->","yoast_head_json":{"title":"Soir\u00e9es intuitives - Studio Pixels","robots":{"index":"index","follow":"follow","max-snippet":"max-snippet:-1","max-image-preview":"max-image-preview:large","max-video-preview":"max-video-preview:-1"},"canonical":"https:\/\/studiopixels.net\/en\/soirees-intuitives\/","og_locale":"en_US","og_type":"article","og_title":"Soir\u00e9es intuitives - Studio Pixels","og_description":"Soir\u00e9es intuitives Faites de votre intuition un voyage vers l\u2019art &#8211; PixelsPour venir explorer diff\u00e9rent m\u00e9dium, relaxer, cr\u00e9er, discuter, se donner le droit de se mettre \u00e0 l&rsquo;horaire et bien plus encore\u2026 Laissez votre intuition s\u2019exprimer, voyage cr\u00e9atif! Venez vivre l\u2019exp\u00e9rience! Ouvert \u00e0 tous! Mat\u00e9riel, peinture et support seront fournis, vous n\u2019avez qu\u2019\u00e0 apporter votre &hellip; Soir\u00e9es intuitives Read More &raquo;","og_url":"https:\/\/studiopixels.net\/en\/soirees-intuitives\/","og_site_name":"Studio Pixels","article_publisher":"https:\/\/www.facebook.com\/Studiopixelsart","article_modified_time":"2024-03-12T18:17:21+00:00","og_image":[{"url":"https:\/\/studiopixels.net\/wp-content\/uploads\/2024\/03\/E610726F-AE12-4FE7-85D8-DE68883CA53C_1_105_c.jpeg","type":"","width":"","height":""}],"twitter_card":"summary_large_image","twitter_misc":{"Est. reading time":"1 minute"},"schema":{"@context":"https:\/\/schema.org","@graph":[{"@type":"WebPage","@id":"https:\/\/studiopixels.net\/soirees-intuitives\/","url":"https:\/\/studiopixels.net\/soirees-intuitives\/","name":"Soir\u00e9es intuitives - Studio Pixels","isPartOf":{"@id":"https:\/\/studiopixels.net\/#website"},"primaryImageOfPage":{"@id":"https:\/\/studiopixels.net\/soirees-intuitives\/#primaryimage"},"image":{"@id":"https:\/\/studiopixels.net\/soirees-intuitives\/#primaryimage"},"thumbnailUrl":"https:\/\/studiopixels.net\/wp-content\/uploads\/2024\/03\/E610726F-AE12-4FE7-85D8-DE68883CA53C_1_105_c.jpeg","datePublished":"2019-11-25T19:38:13+00:00","dateModified":"2024-03-12T18:17:21+00:00","breadcrumb":{"@id":"https:\/\/studiopixels.net\/soirees-intuitives\/#breadcrumb"},"inLanguage":"en-CA","potentialAction":[{"@type":"ReadAction","target":["https:\/\/studiopixels.net\/soirees-intuitives\/"]}]},{"@type":"ImageObject","inLanguage":"en-CA","@id":"https:\/\/studiopixels.net\/soirees-intuitives\/#primaryimage","url":"https:\/\/studiopixels.net\/wp-content\/uploads\/2024\/03\/E610726F-AE12-4FE7-85D8-DE68883CA53C_1_105_c.jpeg","contentUrl":"https:\/\/studiopixels.net\/wp-content\/uploads\/2024\/03\/E610726F-AE12-4FE7-85D8-DE68883CA53C_1_105_c.jpeg"},{"@type":"BreadcrumbList","@id":"https:\/\/studiopixels.net\/soirees-intuitives\/#breadcrumb","itemListElement":[{"@type":"ListItem","position":1,"name":"Accueil","item":"https:\/\/studiopixels.net\/"},{"@type":"ListItem","position":2,"name":"Soir\u00e9es intuitives"}]},{"@type":"WebSite","@id":"https:\/\/studiopixels.net\/#website","url":"https:\/\/studiopixels.net\/","name":"Studio Pixels","description":"","publisher":{"@id":"https:\/\/studiopixels.net\/#organization"},"potentialAction":[{"@type":"SearchAction","target":{"@type":"EntryPoint","urlTemplate":"https:\/\/studiopixels.net\/?s={search_term_string}"},"query-input":{"@type":"PropertyValueSpecification","valueRequired":true,"valueName":"search_term_string"}}],"inLanguage":"en-CA"},{"@type":"Organization","@id":"https:\/\/studiopixels.net\/#organization","name":"Studio Pixels","url":"https:\/\/studiopixels.net\/","logo":{"@type":"ImageObject","inLanguage":"en-CA","@id":"https:\/\/studiopixels.net\/#\/schema\/logo\/image\/","url":"https:\/\/studiopixels.net\/wp-content\/uploads\/2020\/04\/cropped-Autocollant-pixels-2.jpg","contentUrl":"https:\/\/studiopixels.net\/wp-content\/uploads\/2020\/04\/cropped-Autocollant-pixels-2.jpg","width":666,"height":666,"caption":"Studio Pixels"},"image":{"@id":"https:\/\/studiopixels.net\/#\/schema\/logo\/image\/"},"sameAs":["https:\/\/www.facebook.com\/Studiopixelsart"]}]}},"uagb_featured_image_src":{"full":false,"thumbnail":false,"medium":false,"medium_large":false,"large":false,"1536x1536":false,"2048x2048":false,"trp-custom-language-flag":false,"woocommerce_thumbnail":false,"woocommerce_single":false,"woocommerce_gallery_thumbnail":false,"shop_catalog":false,"shop_single":false,"shop_thumbnail":false},"uagb_author_info":{"display_name":"admin","author_link":"https:\/\/studiopixels.net\/en\/author\/admin\/"},"uagb_comment_info":0,"uagb_excerpt":"Soir\u00e9es intuitives Faites de votre intuition un voyage vers l\u2019art &#8211; PixelsPour venir explorer diff\u00e9rent m\u00e9dium, relaxer, cr\u00e9er, discuter, se donner le droit de se mettre \u00e0 l&rsquo;horaire et bien plus encore\u2026 Laissez votre intuition s\u2019exprimer, voyage cr\u00e9atif! Venez vivre l\u2019exp\u00e9rience! Ouvert \u00e0 tous! Mat\u00e9riel, peinture et support seront fournis, vous n\u2019avez qu\u2019\u00e0 apporter votre&hellip;","_links":{"self":[{"href":"https:\/\/studiopixels.net\/en\/wp-json\/wp\/v2\/pages\/853","targetHints":{"allow":["GET"]}}],"collection":[{"href":"https:\/\/studiopixels.net\/en\/wp-json\/wp\/v2\/pages"}],"about":[{"href":"https:\/\/studiopixels.net\/en\/wp-json\/wp\/v2\/types\/page"}],"author":[{"embeddable":true,"href":"https:\/\/studiopixels.net\/en\/wp-json\/wp\/v2\/users\/1"}],"replies":[{"embeddable":true,"href":"https:\/\/studiopixels.net\/en\/wp-json\/wp\/v2\/comments?post=853"}],"version-history":[{"count":13,"href":"https:\/\/studiopixels.net\/en\/wp-json\/wp\/v2\/pages\/853\/revisions"}],"predecessor-version":[{"id":8103,"href":"https:\/\/studiopixels.net\/en\/wp-json\/wp\/v2\/pages\/853\/revisions\/8103"}],"wp:attachment":[{"href":"https:\/\/studiopixels.net\/en\/wp-json\/wp\/v2\/media?parent=853"}],"curies":[{"name":"wp","href":"https:\/\/api.w.org\/{rel}","templated":true}]}}