{"id":10278,"date":"2025-08-18T18:04:16","date_gmt":"2025-08-18T22:04:16","guid":{"rendered":"https:\/\/studiopixels.net\/?post_type=product&#038;p=10278"},"modified":"2026-03-29T19:44:38","modified_gmt":"2026-03-29T23:44:38","slug":"encres-a-lalcool-niveau-2-24-octobre-vendredi-19h00-a-22h00","status":"publish","type":"product","link":"https:\/\/studiopixels.net\/en\/product\/encres-a-lalcool-niveau-2-24-octobre-vendredi-19h00-a-22h00\/","title":{"rendered":"ENCRES \u00c0 L&rsquo;ALCOOL niveau 2  &#8211; <strong> 8 mai <strong>  &#8211; VENDREDI &#8211; 19h00 \u00c0 22h00"},"content":{"rendered":"<div dir=\"auto\">\n<h4 dir=\"auto\"><strong>8 mai &#8211;\u00a0 Vendredi &#8211; 19 h \u00e0 22 h<\/strong><\/h4>\n<div dir=\"auto\">\n<p><strong>Atelier : Exploration avec les encres \u00e0 l\u2019alcool NIVEAU 2<\/strong><\/p>\n<p>Apr\u00e8s avoir particip\u00e9 \u00e0 l\u2019atelier <strong>\u00ab Exploration des encres \u00e0 l\u2019alcool \u00bb<\/strong>, plongez dans une nouvelle dimension de cr\u00e9ativit\u00e9 en explorant une approche plus figurative.<br \/>\nVous apprendrez \u00e0 utiliser le pinceau, les crayons \u00e0 encre \u00e0 l\u2019alcool et les marqueurs Posca pour enrichir vos cr\u00e9ations.<\/p>\n<p><strong>Pour qui ?<\/strong><br \/>\nCet atelier est ouvert \u00e0 tous (12 ans et plus), \u00e0 condition d\u2019avoir suivi l\u2019atelier <strong>\u00ab Exploration des encres \u00e0 l\u2019alcool \u00bb<\/strong>.<\/p>\n<p><strong>Tout le mat\u00e9riel est fourni.<\/strong><br \/>\nConvient aux d\u00e9butants comme aux artistes avanc\u00e9s.<\/p>\n<p>\u26a0\ufe0f Places limit\u00e9es \u00e0 10 participants<\/p>\n<\/div>\n<div dir=\"auto\">\n<div class=\"o9v6fnle cxmmr5t8 oygrvhab hcukyx3x c1et5uql\">\n<p><strong>Adresse<\/strong><\/p>\n<div dir=\"auto\">\n<div class=\"o9v6fnle cxmmr5t8 oygrvhab hcukyx3x c1et5uql\">Stationnement \u00e0 la Mairie au 300 chemin des patriotes<br \/>\nAtelier : 286, chemin des Patriotes \u00e0 Saint-Mathias<br \/>\n\u00c0 c\u00f4t\u00e9 du restaurant Chez l\u2019artisan en face des Gourmandes.<br \/>\n*** Ne pas se stationner \u00e0 l\u2019arri\u00e8re de l\u2019immeuble.<\/div>\n<\/div>\n<\/div>\n<\/div>\n<div><\/div>\n<div dir=\"auto\">\n<div class=\"o9v6fnle cxmmr5t8 oygrvhab hcukyx3x c1et5uql\">\n<p><strong>Informations importantes :<\/strong><\/p>\n<ul>\n<li>Aucun remboursement ne sera effectu\u00e9.<\/li>\n<li>Il est de votre responsabilit\u00e9 d\u2019\u00eatre pr\u00e9sent \u00e0 la date pr\u00e9vue.<\/li>\n<\/ul>\n<\/div>\n<\/div>\n<\/div>","protected":false},"excerpt":{"rendered":"<div dir=\"auto\">\n<div dir=\"auto\">\n<div dir=\"auto\">\n<div dir=\"auto\">\n<div dir=\"auto\">\n<div dir=\"auto\">\n<div dir=\"auto\">\n<h4 dir=\"auto\"><strong>8 mai &#8211;\u00a0 Vendredi &#8211; 19 h \u00e0 22 h<\/strong><\/h4>\n<div dir=\"auto\">\n<p><strong>Atelier : Exploration avec les encres \u00e0 l\u2019alcool NIVEAU 2<\/strong><\/p>\n<p>Apr\u00e8s avoir particip\u00e9 \u00e0 l\u2019atelier <strong>\u00ab Exploration des encres \u00e0 l\u2019alcool \u00bb<\/strong>, plongez dans une nouvelle dimension de cr\u00e9ativit\u00e9 en explorant une approche plus figurative.<br \/>\nVous apprendrez \u00e0 utiliser le pinceau, les crayons \u00e0 encre \u00e0 l\u2019alcool et les marqueurs Posca pour enrichir vos cr\u00e9ations.<\/p>\n<p><strong>Pour qui ?<\/strong><br \/>\nCet atelier est ouvert \u00e0 tous (12 ans et plus), \u00e0 condition d\u2019avoir suivi l\u2019atelier <strong>\u00ab Exploration des encres \u00e0 l\u2019alcool \u00bb<\/strong>.<\/p>\n<p><strong>Tout le mat\u00e9riel est fourni.<\/strong><br \/>\nConvient aux d\u00e9butants comme aux artistes avanc\u00e9s.<\/p>\n<p>\u26a0\ufe0f Places limit\u00e9es \u00e0 10 participants<\/p>\n<\/div>\n<div dir=\"auto\">\n<div class=\"o9v6fnle cxmmr5t8 oygrvhab hcukyx3x c1et5uql\">\n<p><strong>Adresse<\/strong><\/p>\n<div dir=\"auto\">\n<div class=\"o9v6fnle cxmmr5t8 oygrvhab hcukyx3x c1et5uql\">Stationnement \u00e0 la Mairie au 300 chemin des patriotes<br \/>\nAtelier : 286, chemin des Patriotes \u00e0 Saint-Mathias<br \/>\n\u00c0 c\u00f4t\u00e9 du restaurant Chez l\u2019artisan en face des Gourmandes.<br \/>\n*** Ne pas se stationner \u00e0 l\u2019arri\u00e8re de l\u2019immeuble.<\/div>\n<\/div>\n<\/div>\n<\/div>\n<div><\/div>\n<div dir=\"auto\">\n<div class=\"o9v6fnle cxmmr5t8 oygrvhab hcukyx3x c1et5uql\">\n<p><strong>Informations importantes :<\/strong><\/p>\n<ul>\n<li>Aucun remboursement ne sera effectu\u00e9.<\/li>\n<li>Il est de votre responsabilit\u00e9 d\u2019\u00eatre pr\u00e9sent \u00e0 la date pr\u00e9vue.<\/li>\n<\/ul>\n<\/div>\n<\/div>\n<\/div>\n<\/div>\n<\/div>\n<\/div>\n<\/div>\n<\/div>\n<\/div>","protected":false},"featured_media":9302,"comment_status":"open","ping_status":"closed","template":"","meta":{"_uag_custom_page_level_css":""},"class_list":{"0":"post-10278","1":"product","2":"type-product","3":"status-publish","4":"has-post-thumbnail","6":"product_cat-ateliers","8":"first","9":"instock","10":"virtual","11":"taxable","12":"purchasable","13":"product-type-simple"},"yoast_head":"<!-- This site is optimized with the Yoast SEO plugin v26.4 - https:\/\/yoast.com\/wordpress\/plugins\/seo\/ -->\n<title>ENCRES \u00c0 L&#039;ALCOOL niveau 2 -  8 mai  - VENDREDI - 19h00 \u00c0 22h00 - Studio Pixels<\/title>\n<meta name=\"robots\" content=\"index, follow, max-snippet:-1, max-image-preview:large, max-video-preview:-1\" \/>\n<link rel=\"canonical\" href=\"https:\/\/studiopixels.net\/en\/product\/encres-a-lalcool-niveau-2-24-octobre-vendredi-19h00-a-22h00\/\" \/>\n<meta property=\"og:locale\" content=\"en_US\" \/>\n<meta property=\"og:type\" content=\"article\" \/>\n<meta property=\"og:title\" content=\"ENCRES \u00c0 L&#039;ALCOOL niveau 2 -  8 mai  - VENDREDI - 19h00 \u00c0 22h00 - Studio Pixels\" \/>\n<meta property=\"og:description\" content=\"8 mai -\u00a0 Vendredi - 19 h \u00e0 22 h   Atelier : Exploration avec les encres \u00e0 l\u2019alcool NIVEAU 2  Apr\u00e8s avoir particip\u00e9 \u00e0 l\u2019atelier \u00ab Exploration des encres \u00e0 l\u2019alcool \u00bb, plongez dans une nouvelle dimension de cr\u00e9ativit\u00e9 en explorant une approche plus figurative. Vous apprendrez \u00e0 utiliser le pinceau, les crayons \u00e0 encre \u00e0 l\u2019alcool et les marqueurs Posca pour enrichir vos cr\u00e9ations.  Pour qui ? Cet atelier est ouvert \u00e0 tous (12 ans et plus), \u00e0 condition d\u2019avoir suivi l\u2019atelier \u00ab Exploration des encres \u00e0 l\u2019alcool \u00bb.  Tout le mat\u00e9riel est fourni. Convient aux d\u00e9butants comme aux artistes avanc\u00e9s.  \u26a0\ufe0f Places limit\u00e9es \u00e0 10 participants      Adresse  Stationnement \u00e0 la Mairie au 300 chemin des patriotes Atelier : 286, chemin des Patriotes \u00e0 Saint-Mathias \u00c0 c\u00f4t\u00e9 du restaurant Chez l\u2019artisan en face des Gourmandes. *** Ne pas se stationner \u00e0 l\u2019arri\u00e8re de l\u2019immeuble.        Informations importantes :   Aucun remboursement ne sera effectu\u00e9.  Il est de votre responsabilit\u00e9 d\u2019\u00eatre pr\u00e9sent \u00e0 la date pr\u00e9vue.\" \/>\n<meta property=\"og:url\" content=\"https:\/\/studiopixels.net\/en\/product\/encres-a-lalcool-niveau-2-24-octobre-vendredi-19h00-a-22h00\/\" \/>\n<meta property=\"og:site_name\" content=\"Studio Pixels\" \/>\n<meta property=\"article:publisher\" content=\"https:\/\/www.facebook.com\/Studiopixelsart\" \/>\n<meta property=\"article:modified_time\" content=\"2026-03-29T23:44:38+00:00\" \/>\n<meta property=\"og:image\" content=\"https:\/\/studiopixels.net\/wp-content\/uploads\/2024\/11\/atelier-encre2_montage.jpg\" \/>\n\t<meta property=\"og:image:width\" content=\"1080\" \/>\n\t<meta property=\"og:image:height\" content=\"1080\" \/>\n\t<meta property=\"og:image:type\" content=\"image\/jpeg\" \/>\n<meta name=\"twitter:card\" content=\"summary_large_image\" \/>\n<meta name=\"twitter:label1\" content=\"Est. reading time\" \/>\n\t<meta name=\"twitter:data1\" content=\"1 minute\" \/>\n<script type=\"application\/ld+json\" class=\"yoast-schema-graph\">{\"@context\":\"https:\/\/schema.org\",\"@graph\":[{\"@type\":\"WebPage\",\"@id\":\"https:\/\/studiopixels.net\/produit\/encres-a-lalcool-niveau-2-24-octobre-vendredi-19h00-a-22h00\/\",\"url\":\"https:\/\/studiopixels.net\/produit\/encres-a-lalcool-niveau-2-24-octobre-vendredi-19h00-a-22h00\/\",\"name\":\"ENCRES \u00c0 L'ALCOOL niveau 2 - 8 mai - VENDREDI - 19h00 \u00c0 22h00 - Studio Pixels\",\"isPartOf\":{\"@id\":\"https:\/\/studiopixels.net\/#website\"},\"primaryImageOfPage\":{\"@id\":\"https:\/\/studiopixels.net\/produit\/encres-a-lalcool-niveau-2-24-octobre-vendredi-19h00-a-22h00\/#primaryimage\"},\"image\":{\"@id\":\"https:\/\/studiopixels.net\/produit\/encres-a-lalcool-niveau-2-24-octobre-vendredi-19h00-a-22h00\/#primaryimage\"},\"thumbnailUrl\":\"https:\/\/studiopixels.net\/wp-content\/uploads\/2024\/11\/atelier-encre2_montage.jpg\",\"datePublished\":\"2025-08-18T22:04:16+00:00\",\"dateModified\":\"2026-03-29T23:44:38+00:00\",\"breadcrumb\":{\"@id\":\"https:\/\/studiopixels.net\/produit\/encres-a-lalcool-niveau-2-24-octobre-vendredi-19h00-a-22h00\/#breadcrumb\"},\"inLanguage\":\"en-CA\",\"potentialAction\":[{\"@type\":\"ReadAction\",\"target\":[\"https:\/\/studiopixels.net\/produit\/encres-a-lalcool-niveau-2-24-octobre-vendredi-19h00-a-22h00\/\"]}]},{\"@type\":\"ImageObject\",\"inLanguage\":\"en-CA\",\"@id\":\"https:\/\/studiopixels.net\/produit\/encres-a-lalcool-niveau-2-24-octobre-vendredi-19h00-a-22h00\/#primaryimage\",\"url\":\"https:\/\/studiopixels.net\/wp-content\/uploads\/2024\/11\/atelier-encre2_montage.jpg\",\"contentUrl\":\"https:\/\/studiopixels.net\/wp-content\/uploads\/2024\/11\/atelier-encre2_montage.jpg\",\"width\":1080,\"height\":1080},{\"@type\":\"BreadcrumbList\",\"@id\":\"https:\/\/studiopixels.net\/produit\/encres-a-lalcool-niveau-2-24-octobre-vendredi-19h00-a-22h00\/#breadcrumb\",\"itemListElement\":[{\"@type\":\"ListItem\",\"position\":1,\"name\":\"Accueil\",\"item\":\"https:\/\/studiopixels.net\/\"},{\"@type\":\"ListItem\",\"position\":2,\"name\":\"Boutique\",\"item\":\"https:\/\/studiopixels.net\/boutique\/\"},{\"@type\":\"ListItem\",\"position\":3,\"name\":\"ENCRES \u00c0 L&rsquo;ALCOOL niveau 2 &#8211; 8 mai &#8211; VENDREDI &#8211; 19h00 \u00c0 22h00\"}]},{\"@type\":\"WebSite\",\"@id\":\"https:\/\/studiopixels.net\/#website\",\"url\":\"https:\/\/studiopixels.net\/\",\"name\":\"Studio Pixels\",\"description\":\"\",\"publisher\":{\"@id\":\"https:\/\/studiopixels.net\/#organization\"},\"potentialAction\":[{\"@type\":\"SearchAction\",\"target\":{\"@type\":\"EntryPoint\",\"urlTemplate\":\"https:\/\/studiopixels.net\/?s={search_term_string}\"},\"query-input\":{\"@type\":\"PropertyValueSpecification\",\"valueRequired\":true,\"valueName\":\"search_term_string\"}}],\"inLanguage\":\"en-CA\"},{\"@type\":\"Organization\",\"@id\":\"https:\/\/studiopixels.net\/#organization\",\"name\":\"Studio Pixels\",\"url\":\"https:\/\/studiopixels.net\/\",\"logo\":{\"@type\":\"ImageObject\",\"inLanguage\":\"en-CA\",\"@id\":\"https:\/\/studiopixels.net\/#\/schema\/logo\/image\/\",\"url\":\"https:\/\/studiopixels.net\/wp-content\/uploads\/2020\/04\/cropped-Autocollant-pixels-2.jpg\",\"contentUrl\":\"https:\/\/studiopixels.net\/wp-content\/uploads\/2020\/04\/cropped-Autocollant-pixels-2.jpg\",\"width\":666,\"height\":666,\"caption\":\"Studio Pixels\"},\"image\":{\"@id\":\"https:\/\/studiopixels.net\/#\/schema\/logo\/image\/\"},\"sameAs\":[\"https:\/\/www.facebook.com\/Studiopixelsart\"]}]}<\/script>\n<!-- \/ Yoast SEO plugin. -->","yoast_head_json":{"title":"ENCRES \u00c0 L'ALCOOL niveau 2 -  8 mai  - VENDREDI - 19h00 \u00c0 22h00 - Studio Pixels","robots":{"index":"index","follow":"follow","max-snippet":"max-snippet:-1","max-image-preview":"max-image-preview:large","max-video-preview":"max-video-preview:-1"},"canonical":"https:\/\/studiopixels.net\/en\/product\/encres-a-lalcool-niveau-2-24-octobre-vendredi-19h00-a-22h00\/","og_locale":"en_US","og_type":"article","og_title":"ENCRES \u00c0 L'ALCOOL niveau 2 -  8 mai  - VENDREDI - 19h00 \u00c0 22h00 - Studio Pixels","og_description":"8 mai -\u00a0 Vendredi - 19 h \u00e0 22 h   Atelier : Exploration avec les encres \u00e0 l\u2019alcool NIVEAU 2  Apr\u00e8s avoir particip\u00e9 \u00e0 l\u2019atelier \u00ab Exploration des encres \u00e0 l\u2019alcool \u00bb, plongez dans une nouvelle dimension de cr\u00e9ativit\u00e9 en explorant une approche plus figurative. Vous apprendrez \u00e0 utiliser le pinceau, les crayons \u00e0 encre \u00e0 l\u2019alcool et les marqueurs Posca pour enrichir vos cr\u00e9ations.  Pour qui ? Cet atelier est ouvert \u00e0 tous (12 ans et plus), \u00e0 condition d\u2019avoir suivi l\u2019atelier \u00ab Exploration des encres \u00e0 l\u2019alcool \u00bb.  Tout le mat\u00e9riel est fourni. Convient aux d\u00e9butants comme aux artistes avanc\u00e9s.  \u26a0\ufe0f Places limit\u00e9es \u00e0 10 participants      Adresse  Stationnement \u00e0 la Mairie au 300 chemin des patriotes Atelier : 286, chemin des Patriotes \u00e0 Saint-Mathias \u00c0 c\u00f4t\u00e9 du restaurant Chez l\u2019artisan en face des Gourmandes. *** Ne pas se stationner \u00e0 l\u2019arri\u00e8re de l\u2019immeuble.        Informations importantes :   Aucun remboursement ne sera effectu\u00e9.  Il est de votre responsabilit\u00e9 d\u2019\u00eatre pr\u00e9sent \u00e0 la date pr\u00e9vue.","og_url":"https:\/\/studiopixels.net\/en\/product\/encres-a-lalcool-niveau-2-24-octobre-vendredi-19h00-a-22h00\/","og_site_name":"Studio Pixels","article_publisher":"https:\/\/www.facebook.com\/Studiopixelsart","article_modified_time":"2026-03-29T23:44:38+00:00","og_image":[{"width":1080,"height":1080,"url":"https:\/\/studiopixels.net\/wp-content\/uploads\/2024\/11\/atelier-encre2_montage.jpg","type":"image\/jpeg"}],"twitter_card":"summary_large_image","twitter_misc":{"Est. reading time":"1 minute"},"schema":{"@context":"https:\/\/schema.org","@graph":[{"@type":"WebPage","@id":"https:\/\/studiopixels.net\/produit\/encres-a-lalcool-niveau-2-24-octobre-vendredi-19h00-a-22h00\/","url":"https:\/\/studiopixels.net\/produit\/encres-a-lalcool-niveau-2-24-octobre-vendredi-19h00-a-22h00\/","name":"ENCRES \u00c0 L'ALCOOL niveau 2 - 8 mai - VENDREDI - 19h00 \u00c0 22h00 - Studio Pixels","isPartOf":{"@id":"https:\/\/studiopixels.net\/#website"},"primaryImageOfPage":{"@id":"https:\/\/studiopixels.net\/produit\/encres-a-lalcool-niveau-2-24-octobre-vendredi-19h00-a-22h00\/#primaryimage"},"image":{"@id":"https:\/\/studiopixels.net\/produit\/encres-a-lalcool-niveau-2-24-octobre-vendredi-19h00-a-22h00\/#primaryimage"},"thumbnailUrl":"https:\/\/studiopixels.net\/wp-content\/uploads\/2024\/11\/atelier-encre2_montage.jpg","datePublished":"2025-08-18T22:04:16+00:00","dateModified":"2026-03-29T23:44:38+00:00","breadcrumb":{"@id":"https:\/\/studiopixels.net\/produit\/encres-a-lalcool-niveau-2-24-octobre-vendredi-19h00-a-22h00\/#breadcrumb"},"inLanguage":"en-CA","potentialAction":[{"@type":"ReadAction","target":["https:\/\/studiopixels.net\/produit\/encres-a-lalcool-niveau-2-24-octobre-vendredi-19h00-a-22h00\/"]}]},{"@type":"ImageObject","inLanguage":"en-CA","@id":"https:\/\/studiopixels.net\/produit\/encres-a-lalcool-niveau-2-24-octobre-vendredi-19h00-a-22h00\/#primaryimage","url":"https:\/\/studiopixels.net\/wp-content\/uploads\/2024\/11\/atelier-encre2_montage.jpg","contentUrl":"https:\/\/studiopixels.net\/wp-content\/uploads\/2024\/11\/atelier-encre2_montage.jpg","width":1080,"height":1080},{"@type":"BreadcrumbList","@id":"https:\/\/studiopixels.net\/produit\/encres-a-lalcool-niveau-2-24-octobre-vendredi-19h00-a-22h00\/#breadcrumb","itemListElement":[{"@type":"ListItem","position":1,"name":"Accueil","item":"https:\/\/studiopixels.net\/"},{"@type":"ListItem","position":2,"name":"Boutique","item":"https:\/\/studiopixels.net\/boutique\/"},{"@type":"ListItem","position":3,"name":"ENCRES \u00c0 L&rsquo;ALCOOL niveau 2 &#8211; 8 mai &#8211; VENDREDI &#8211; 19h00 \u00c0 22h00"}]},{"@type":"WebSite","@id":"https:\/\/studiopixels.net\/#website","url":"https:\/\/studiopixels.net\/","name":"Studio Pixels","description":"","publisher":{"@id":"https:\/\/studiopixels.net\/#organization"},"potentialAction":[{"@type":"SearchAction","target":{"@type":"EntryPoint","urlTemplate":"https:\/\/studiopixels.net\/?s={search_term_string}"},"query-input":{"@type":"PropertyValueSpecification","valueRequired":true,"valueName":"search_term_string"}}],"inLanguage":"en-CA"},{"@type":"Organization","@id":"https:\/\/studiopixels.net\/#organization","name":"Studio Pixels","url":"https:\/\/studiopixels.net\/","logo":{"@type":"ImageObject","inLanguage":"en-CA","@id":"https:\/\/studiopixels.net\/#\/schema\/logo\/image\/","url":"https:\/\/studiopixels.net\/wp-content\/uploads\/2020\/04\/cropped-Autocollant-pixels-2.jpg","contentUrl":"https:\/\/studiopixels.net\/wp-content\/uploads\/2020\/04\/cropped-Autocollant-pixels-2.jpg","width":666,"height":666,"caption":"Studio Pixels"},"image":{"@id":"https:\/\/studiopixels.net\/#\/schema\/logo\/image\/"},"sameAs":["https:\/\/www.facebook.com\/Studiopixelsart"]}]}},"uagb_featured_image_src":{"full":["https:\/\/studiopixels.net\/wp-content\/uploads\/2024\/11\/atelier-encre2_montage.jpg",1080,1080,false],"thumbnail":["https:\/\/studiopixels.net\/wp-content\/uploads\/2024\/11\/atelier-encre2_montage-150x150.jpg",150,150,true],"medium":["https:\/\/studiopixels.net\/wp-content\/uploads\/2024\/11\/atelier-encre2_montage-300x300.jpg",300,300,true],"medium_large":["https:\/\/studiopixels.net\/wp-content\/uploads\/2024\/11\/atelier-encre2_montage-768x768.jpg",768,768,true],"large":["https:\/\/studiopixels.net\/wp-content\/uploads\/2024\/11\/atelier-encre2_montage-1024x1024.jpg",1024,1024,true],"1536x1536":["https:\/\/studiopixels.net\/wp-content\/uploads\/2024\/11\/atelier-encre2_montage.jpg",1080,1080,false],"2048x2048":["https:\/\/studiopixels.net\/wp-content\/uploads\/2024\/11\/atelier-encre2_montage.jpg",1080,1080,false],"trp-custom-language-flag":["https:\/\/studiopixels.net\/wp-content\/uploads\/2024\/11\/atelier-encre2_montage.jpg",12,12,false],"woocommerce_thumbnail":["https:\/\/studiopixels.net\/wp-content\/uploads\/2024\/11\/atelier-encre2_montage-300x300.jpg",300,300,true],"woocommerce_single":["https:\/\/studiopixels.net\/wp-content\/uploads\/2024\/11\/atelier-encre2_montage-600x600.jpg",600,600,true],"woocommerce_gallery_thumbnail":["https:\/\/studiopixels.net\/wp-content\/uploads\/2024\/11\/atelier-encre2_montage-100x100.jpg",100,100,true],"shop_catalog":["https:\/\/studiopixels.net\/wp-content\/uploads\/2024\/11\/atelier-encre2_montage-300x300.jpg",300,300,true],"shop_single":["https:\/\/studiopixels.net\/wp-content\/uploads\/2024\/11\/atelier-encre2_montage-600x600.jpg",600,600,true],"shop_thumbnail":["https:\/\/studiopixels.net\/wp-content\/uploads\/2024\/11\/atelier-encre2_montage-100x100.jpg",100,100,true]},"uagb_author_info":{"display_name":"admin","author_link":"https:\/\/studiopixels.net\/en\/author\/"},"uagb_comment_info":0,"uagb_excerpt":"8 mai -\u00a0 Vendredi - 19 h \u00e0 22 h Atelier : Exploration avec les encres \u00e0 l\u2019alcool NIVEAU 2 Apr\u00e8s avoir particip\u00e9 \u00e0 l\u2019atelier \u00ab Exploration des encres \u00e0 l\u2019alcool \u00bb, plongez dans une nouvelle dimension de cr\u00e9ativit\u00e9 en explorant une approche plus figurative. Vous apprendrez \u00e0 utiliser le pinceau, les crayons \u00e0 encre&hellip;","_links":{"self":[{"href":"https:\/\/studiopixels.net\/en\/wp-json\/wp\/v2\/product\/10278","targetHints":{"allow":["GET"]}}],"collection":[{"href":"https:\/\/studiopixels.net\/en\/wp-json\/wp\/v2\/product"}],"about":[{"href":"https:\/\/studiopixels.net\/en\/wp-json\/wp\/v2\/types\/product"}],"replies":[{"embeddable":true,"href":"https:\/\/studiopixels.net\/en\/wp-json\/wp\/v2\/comments?post=10278"}],"version-history":[{"count":3,"href":"https:\/\/studiopixels.net\/en\/wp-json\/wp\/v2\/product\/10278\/revisions"}],"predecessor-version":[{"id":11084,"href":"https:\/\/studiopixels.net\/en\/wp-json\/wp\/v2\/product\/10278\/revisions\/11084"}],"wp:featuredmedia":[{"embeddable":true,"href":"https:\/\/studiopixels.net\/en\/wp-json\/wp\/v2\/media\/9302"}],"wp:attachment":[{"href":"https:\/\/studiopixels.net\/en\/wp-json\/wp\/v2\/media?parent=10278"}],"curies":[{"name":"wp","href":"https:\/\/api.w.org\/{rel}","templated":true}]}}