{"id":10572,"date":"2025-11-21T14:07:21","date_gmt":"2025-11-21T19:07:21","guid":{"rendered":"https:\/\/studiopixels.net\/?post_type=product&#038;p=10572"},"modified":"2026-03-26T15:58:01","modified_gmt":"2026-03-26T19:58:01","slug":"mascouche-exploration-de-la-gelli-plate-8-fevrier-dimanche-11-a-14-h","status":"publish","type":"product","link":"https:\/\/studiopixels.net\/en\/product\/mascouche-exploration-de-la-gelli-plate-8-fevrier-dimanche-11-a-14-h\/","title":{"rendered":"MASCOUCHE &#8211; Exploration de la Gelli plate!!! &#8211; <strong> 30 mai <strong>  &#8211; SAMEDI 11 \u00c0 14 H"},"content":{"rendered":"<div dir=\"auto\">\n<div class=\"o9v6fnle cxmmr5t8 oygrvhab hcukyx3x c1et5uql\">\n<div class=\"cxmmr5t8 oygrvhab kvgmc6g5 hcukyx3x c1et5uql ii04i59q\">\n<div class=\"\" dir=\"auto\">\n<h4 dir=\"auto\"><strong>30 Mai, Samedi de 11 h \u00e0 14 h<\/strong><\/h4>\n<div dir=\"auto\">\n<div class=\"o9v6fnle cxmmr5t8 oygrvhab hcukyx3x c1et5uql\">\n<div dir=\"auto\">\n<div class=\"o9v6fnle cxmmr5t8 oygrvhab hcukyx3x c1et5uql\">\n<div class=\"cxmmr5t8 oygrvhab kvgmc6g5 hcukyx3x c1et5uql ii04i59q\">\n<div class=\"\" dir=\"auto\"><span style=\"color: #374151; font-family: Geneva;\">Avec cet atelier vous plongerez dans le monde fascinant de la Gelli Plate. La Gelli Plate est un outil polyvalent qui offre une exp\u00e9rience artistique unique, combinant la peinture, le transf\u00e8re d\u2019images, l&rsquo;impression v\u00e9g\u00e9tale et la spontan\u00e9it\u00e9 pour cr\u00e9er des \u0153uvres d&rsquo;art uniques et captivantes.<\/span><\/div>\n<div dir=\"auto\"><\/div>\n<div class=\"\" dir=\"auto\">\n<div class=\"cxmmr5t8 oygrvhab hcukyx3x c1et5uql kvgmc6g5\">\n<div class=\"cxmmr5t8 oygrvhab c1et5uql ii04i59q kvgmc6g5 hcukyx3x\">\n<div class=\"\" dir=\"auto\">\n<p><span style=\"font-family: Geneva;\">Vous d\u00e9couvrirez les techniques de base de l&rsquo;utilisation de la Gelli Plate, depuis l&rsquo;application de la peinture jusqu&rsquo;\u00e0 la cr\u00e9ation de textures et de motifs. Vous apprendrez \u00e0 superposer des couleurs, \u00e0 jouer avec les formes, et \u00e0 exp\u00e9rimenter avec diff\u00e9rents supports pour obtenir des r\u00e9sultats surprenants. De plus, vous explorerez le transfert d&rsquo;images sur vos cr\u00e9ations, ajoutant une dimension suppl\u00e9mentaire \u00e0 votre processus artistique.<\/span><\/p>\n<div>\n<p><span style=\"font-family: Geneva;\">Que vous soyez un d\u00e9butant curieux ou un artiste exp\u00e9riment\u00e9, cet atelier vous inspirera \u00e0 explorer votre cr\u00e9ativit\u00e9 de mani\u00e8re ludique et sans limites.<\/span><\/p>\n<p>&nbsp;<\/p>\n<\/div>\n<\/div>\n<\/div>\n<\/div>\n<\/div>\n<\/div>\n<div class=\"cxmmr5t8 oygrvhab hcukyx3x o9v6fnle c1et5uql ii04i59q\">\n<div class=\"\" dir=\"auto\"><span class=\"\"><span style=\"font-family: Geneva;\">Faites de votre intuition un voyage vers l&rsquo;art &#8211; Pixels<\/span><\/span><\/div>\n<\/div>\n<\/div>\n<\/div>\n<\/div>\n<\/div>\n<div dir=\"auto\">\n<div><\/div>\n<div class=\"o9v6fnle cxmmr5t8 oygrvhab hcukyx3x c1et5uql\">MAT\u00c9RIELS FOURNIS<\/div>\n<div class=\"o9v6fnle cxmmr5t8 oygrvhab hcukyx3x c1et5uql\">ATTENTION : ******<br \/>\n8 personnes par atelier<\/div>\n<div><\/div>\n<div class=\"o9v6fnle cxmmr5t8 oygrvhab hcukyx3x c1et5uql\"><strong>Adresse<\/strong><br \/>\n1075 Mont\u00e9e Masson , Mascouche, QC, Canada, Quebec<\/div>\n<\/div>\n<div><\/div>\n<div dir=\"auto\">\n<div class=\"o9v6fnle cxmmr5t8 oygrvhab hcukyx3x c1et5uql\">N.B.<br \/>\n****** Aucun remboursement sera fait.<br \/>\nIl est de votre responsabilit\u00e9 d&rsquo;\u00eatre pr\u00e9sent \u00e0 votre soir\u00e9e.<\/div>\n<\/div>\n<\/div>\n<\/div>\n<\/div>\n<\/div>","protected":false},"excerpt":{"rendered":"<div dir=\"auto\">\n<div class=\"o9v6fnle cxmmr5t8 oygrvhab hcukyx3x c1et5uql\">\n<div class=\"cxmmr5t8 oygrvhab kvgmc6g5 hcukyx3x c1et5uql ii04i59q\">\n<div class=\"\" dir=\"auto\">\n<div dir=\"auto\">\n<div class=\"o9v6fnle cxmmr5t8 oygrvhab hcukyx3x c1et5uql\">\n<div class=\"cxmmr5t8 oygrvhab kvgmc6g5 hcukyx3x c1et5uql ii04i59q\">\n<div class=\"\" dir=\"auto\">\n<div dir=\"auto\">\n<div class=\"o9v6fnle cxmmr5t8 oygrvhab hcukyx3x c1et5uql\">\n<div class=\"cxmmr5t8 oygrvhab kvgmc6g5 hcukyx3x c1et5uql ii04i59q\">\n<div class=\"\" dir=\"auto\">\n<div dir=\"auto\">\n<div class=\"o9v6fnle cxmmr5t8 oygrvhab hcukyx3x c1et5uql\">\n<div class=\"cxmmr5t8 oygrvhab kvgmc6g5 hcukyx3x c1et5uql ii04i59q\">\n<div class=\"\" dir=\"auto\">\n<h4 dir=\"auto\"><strong>30 Mai, Samedi de 11 h \u00e0 14 h<\/strong><\/h4>\n<div dir=\"auto\">\n<div class=\"o9v6fnle cxmmr5t8 oygrvhab hcukyx3x c1et5uql\">\n<div dir=\"auto\">\n<div class=\"o9v6fnle cxmmr5t8 oygrvhab hcukyx3x c1et5uql\">\n<div class=\"cxmmr5t8 oygrvhab kvgmc6g5 hcukyx3x c1et5uql ii04i59q\">\n<div class=\"\" dir=\"auto\"><span style=\"color: #374151; font-family: Geneva;\">Avec cet atelier vous plongerez dans le monde fascinant de la Gelli Plate. La Gelli Plate est un outil polyvalent qui offre une exp\u00e9rience artistique unique, combinant la peinture, le transf\u00e8re d\u2019images, l&rsquo;impression v\u00e9g\u00e9tale et la spontan\u00e9it\u00e9 pour cr\u00e9er des \u0153uvres d&rsquo;art uniques et captivantes.<\/span><\/div>\n<div dir=\"auto\"><\/div>\n<div class=\"\" dir=\"auto\">\n<div class=\"cxmmr5t8 oygrvhab hcukyx3x c1et5uql kvgmc6g5\">\n<div class=\"cxmmr5t8 oygrvhab c1et5uql ii04i59q kvgmc6g5 hcukyx3x\">\n<div class=\"\" dir=\"auto\">\n<p><span style=\"font-family: Geneva;\">Vous d\u00e9couvrirez les techniques de base de l&rsquo;utilisation de la Gelli Plate, depuis l&rsquo;application de la peinture jusqu&rsquo;\u00e0 la cr\u00e9ation de textures et de motifs. Vous apprendrez \u00e0 superposer des couleurs, \u00e0 jouer avec les formes, et \u00e0 exp\u00e9rimenter avec diff\u00e9rents supports pour obtenir des r\u00e9sultats surprenants. De plus, vous explorerez le transfert d&rsquo;images sur vos cr\u00e9ations, ajoutant une dimension suppl\u00e9mentaire \u00e0 votre processus artistique.<\/span><\/p>\n<div>\n<p><span style=\"font-family: Geneva;\">Que vous soyez un d\u00e9butant curieux ou un artiste exp\u00e9riment\u00e9, cet atelier vous inspirera \u00e0 explorer votre cr\u00e9ativit\u00e9 de mani\u00e8re ludique et sans limites.<\/span><\/p>\n<p>&nbsp;<\/p>\n<\/div>\n<\/div>\n<\/div>\n<\/div>\n<\/div>\n<\/div>\n<div class=\"cxmmr5t8 oygrvhab hcukyx3x o9v6fnle c1et5uql ii04i59q\">\n<div class=\"\" dir=\"auto\"><span class=\"\"><span style=\"font-family: Geneva;\">Faites de votre intuition un voyage vers l&rsquo;art &#8211; Pixels<\/span><\/span><\/div>\n<\/div>\n<\/div>\n<\/div>\n<\/div>\n<\/div>\n<div dir=\"auto\">\n<div><\/div>\n<div class=\"o9v6fnle cxmmr5t8 oygrvhab hcukyx3x c1et5uql\">MAT\u00c9RIELS FOURNIS<\/div>\n<div class=\"o9v6fnle cxmmr5t8 oygrvhab hcukyx3x c1et5uql\">ATTENTION : ******<br \/>\n8 personnes par atelier<\/div>\n<div><\/div>\n<div class=\"o9v6fnle cxmmr5t8 oygrvhab hcukyx3x c1et5uql\"><strong>Adresse<\/strong><br \/>\n1075 Mont\u00e9e Masson , Mascouche, QC, Canada, Quebec<\/div>\n<\/div>\n<div><\/div>\n<div dir=\"auto\">\n<div class=\"o9v6fnle cxmmr5t8 oygrvhab hcukyx3x c1et5uql\">N.B.<br \/>\n****** Aucun remboursement sera fait.<br \/>\nIl est de votre responsabilit\u00e9 d&rsquo;\u00eatre pr\u00e9sent \u00e0 votre soir\u00e9e.<\/div>\n<\/div>\n<\/div>\n<\/div>\n<\/div>\n<\/div>\n<\/div>\n<\/div>\n<\/div>\n<\/div>\n<\/div>\n<\/div>\n<\/div>\n<\/div>\n<\/div>\n<\/div>\n<\/div>\n<\/div>","protected":false},"featured_media":10998,"comment_status":"open","ping_status":"closed","template":"","meta":{"_uag_custom_page_level_css":""},"class_list":{"0":"post-10572","1":"product","2":"type-product","3":"status-publish","4":"has-post-thumbnail","6":"product_cat-ateliers","8":"first","9":"instock","10":"virtual","11":"taxable","12":"purchasable","13":"product-type-simple"},"yoast_head":"<!-- This site is optimized with the Yoast SEO plugin v26.4 - https:\/\/yoast.com\/wordpress\/plugins\/seo\/ -->\n<title>MASCOUCHE - Exploration de la Gelli plate!!! -  30 mai  - SAMEDI 11 \u00c0 14 H - Studio Pixels<\/title>\n<meta name=\"robots\" content=\"index, follow, max-snippet:-1, max-image-preview:large, max-video-preview:-1\" \/>\n<link rel=\"canonical\" href=\"https:\/\/studiopixels.net\/en\/product\/mascouche-exploration-de-la-gelli-plate-8-fevrier-dimanche-11-a-14-h\/\" \/>\n<meta property=\"og:locale\" content=\"en_US\" \/>\n<meta property=\"og:type\" content=\"article\" \/>\n<meta property=\"og:title\" content=\"MASCOUCHE - Exploration de la Gelli plate!!! -  30 mai  - SAMEDI 11 \u00c0 14 H - Studio Pixels\" \/>\n<meta property=\"og:description\" content=\"30 Mai, Samedi de 11 h \u00e0 14 h      Avec cet atelier vous plongerez dans le monde fascinant de la Gelli Plate. La Gelli Plate est un outil polyvalent qui offre une exp\u00e9rience artistique unique, combinant la peinture, le transf\u00e8re d\u2019images, l&#039;impression v\u00e9g\u00e9tale et la spontan\u00e9it\u00e9 pour cr\u00e9er des \u0153uvres d&#039;art uniques et captivantes.       Vous d\u00e9couvrirez les techniques de base de l&#039;utilisation de la Gelli Plate, depuis l&#039;application de la peinture jusqu&#039;\u00e0 la cr\u00e9ation de textures et de motifs. Vous apprendrez \u00e0 superposer des couleurs, \u00e0 jouer avec les formes, et \u00e0 exp\u00e9rimenter avec diff\u00e9rents supports pour obtenir des r\u00e9sultats surprenants. De plus, vous explorerez le transfert d&#039;images sur vos cr\u00e9ations, ajoutant une dimension suppl\u00e9mentaire \u00e0 votre processus artistique.   Que vous soyez un d\u00e9butant curieux ou un artiste exp\u00e9riment\u00e9, cet atelier vous inspirera \u00e0 explorer votre cr\u00e9ativit\u00e9 de mani\u00e8re ludique et sans limites.  &nbsp;         Faites de votre intuition un voyage vers l&#039;art - Pixels        MAT\u00c9RIELS FOURNIS ATTENTION : ****** 8 personnes par atelier  Adresse 1075 Mont\u00e9e Masson , Mascouche, QC, Canada, Quebec    N.B. ****** Aucun remboursement sera fait. Il est de votre responsabilit\u00e9 d&#039;\u00eatre pr\u00e9sent \u00e0 votre soir\u00e9e.\" \/>\n<meta property=\"og:url\" content=\"https:\/\/studiopixels.net\/en\/product\/mascouche-exploration-de-la-gelli-plate-8-fevrier-dimanche-11-a-14-h\/\" \/>\n<meta property=\"og:site_name\" content=\"Studio Pixels\" \/>\n<meta property=\"article:publisher\" content=\"https:\/\/www.facebook.com\/Studiopixelsart\" \/>\n<meta property=\"article:modified_time\" content=\"2026-03-26T19:58:01+00:00\" \/>\n<meta property=\"og:image\" content=\"https:\/\/studiopixels.net\/wp-content\/uploads\/2025\/11\/atelier-gelli_le-garage.jpg\" \/>\n\t<meta property=\"og:image:width\" content=\"1080\" \/>\n\t<meta property=\"og:image:height\" content=\"1080\" \/>\n\t<meta property=\"og:image:type\" content=\"image\/jpeg\" \/>\n<meta name=\"twitter:card\" content=\"summary_large_image\" \/>\n<meta name=\"twitter:label1\" content=\"Est. reading time\" \/>\n\t<meta name=\"twitter:data1\" content=\"2 minutes\" \/>\n<script type=\"application\/ld+json\" class=\"yoast-schema-graph\">{\"@context\":\"https:\/\/schema.org\",\"@graph\":[{\"@type\":\"WebPage\",\"@id\":\"https:\/\/studiopixels.net\/produit\/mascouche-exploration-de-la-gelli-plate-8-fevrier-dimanche-11-a-14-h\/\",\"url\":\"https:\/\/studiopixels.net\/produit\/mascouche-exploration-de-la-gelli-plate-8-fevrier-dimanche-11-a-14-h\/\",\"name\":\"MASCOUCHE - Exploration de la Gelli plate!!! - 30 mai - SAMEDI 11 \u00c0 14 H - Studio Pixels\",\"isPartOf\":{\"@id\":\"https:\/\/studiopixels.net\/#website\"},\"primaryImageOfPage\":{\"@id\":\"https:\/\/studiopixels.net\/produit\/mascouche-exploration-de-la-gelli-plate-8-fevrier-dimanche-11-a-14-h\/#primaryimage\"},\"image\":{\"@id\":\"https:\/\/studiopixels.net\/produit\/mascouche-exploration-de-la-gelli-plate-8-fevrier-dimanche-11-a-14-h\/#primaryimage\"},\"thumbnailUrl\":\"https:\/\/studiopixels.net\/wp-content\/uploads\/2025\/11\/atelier-gelli_le-garage.jpg\",\"datePublished\":\"2025-11-21T19:07:21+00:00\",\"dateModified\":\"2026-03-26T19:58:01+00:00\",\"breadcrumb\":{\"@id\":\"https:\/\/studiopixels.net\/produit\/mascouche-exploration-de-la-gelli-plate-8-fevrier-dimanche-11-a-14-h\/#breadcrumb\"},\"inLanguage\":\"en-CA\",\"potentialAction\":[{\"@type\":\"ReadAction\",\"target\":[\"https:\/\/studiopixels.net\/produit\/mascouche-exploration-de-la-gelli-plate-8-fevrier-dimanche-11-a-14-h\/\"]}]},{\"@type\":\"ImageObject\",\"inLanguage\":\"en-CA\",\"@id\":\"https:\/\/studiopixels.net\/produit\/mascouche-exploration-de-la-gelli-plate-8-fevrier-dimanche-11-a-14-h\/#primaryimage\",\"url\":\"https:\/\/studiopixels.net\/wp-content\/uploads\/2025\/11\/atelier-gelli_le-garage.jpg\",\"contentUrl\":\"https:\/\/studiopixels.net\/wp-content\/uploads\/2025\/11\/atelier-gelli_le-garage.jpg\",\"width\":1080,\"height\":1080},{\"@type\":\"BreadcrumbList\",\"@id\":\"https:\/\/studiopixels.net\/produit\/mascouche-exploration-de-la-gelli-plate-8-fevrier-dimanche-11-a-14-h\/#breadcrumb\",\"itemListElement\":[{\"@type\":\"ListItem\",\"position\":1,\"name\":\"Accueil\",\"item\":\"https:\/\/studiopixels.net\/\"},{\"@type\":\"ListItem\",\"position\":2,\"name\":\"Boutique\",\"item\":\"https:\/\/studiopixels.net\/boutique\/\"},{\"@type\":\"ListItem\",\"position\":3,\"name\":\"MASCOUCHE &#8211; Exploration de la Gelli plate!!! &#8211; 30 mai &#8211; SAMEDI 11 \u00c0 14 H\"}]},{\"@type\":\"WebSite\",\"@id\":\"https:\/\/studiopixels.net\/#website\",\"url\":\"https:\/\/studiopixels.net\/\",\"name\":\"Studio Pixels\",\"description\":\"\",\"publisher\":{\"@id\":\"https:\/\/studiopixels.net\/#organization\"},\"potentialAction\":[{\"@type\":\"SearchAction\",\"target\":{\"@type\":\"EntryPoint\",\"urlTemplate\":\"https:\/\/studiopixels.net\/?s={search_term_string}\"},\"query-input\":{\"@type\":\"PropertyValueSpecification\",\"valueRequired\":true,\"valueName\":\"search_term_string\"}}],\"inLanguage\":\"en-CA\"},{\"@type\":\"Organization\",\"@id\":\"https:\/\/studiopixels.net\/#organization\",\"name\":\"Studio Pixels\",\"url\":\"https:\/\/studiopixels.net\/\",\"logo\":{\"@type\":\"ImageObject\",\"inLanguage\":\"en-CA\",\"@id\":\"https:\/\/studiopixels.net\/#\/schema\/logo\/image\/\",\"url\":\"https:\/\/studiopixels.net\/wp-content\/uploads\/2020\/04\/cropped-Autocollant-pixels-2.jpg\",\"contentUrl\":\"https:\/\/studiopixels.net\/wp-content\/uploads\/2020\/04\/cropped-Autocollant-pixels-2.jpg\",\"width\":666,\"height\":666,\"caption\":\"Studio Pixels\"},\"image\":{\"@id\":\"https:\/\/studiopixels.net\/#\/schema\/logo\/image\/\"},\"sameAs\":[\"https:\/\/www.facebook.com\/Studiopixelsart\"]}]}<\/script>\n<!-- \/ Yoast SEO plugin. -->","yoast_head_json":{"title":"MASCOUCHE - Exploration de la Gelli plate!!! -  30 mai  - SAMEDI 11 \u00c0 14 H - Studio Pixels","robots":{"index":"index","follow":"follow","max-snippet":"max-snippet:-1","max-image-preview":"max-image-preview:large","max-video-preview":"max-video-preview:-1"},"canonical":"https:\/\/studiopixels.net\/en\/product\/mascouche-exploration-de-la-gelli-plate-8-fevrier-dimanche-11-a-14-h\/","og_locale":"en_US","og_type":"article","og_title":"MASCOUCHE - Exploration de la Gelli plate!!! -  30 mai  - SAMEDI 11 \u00c0 14 H - Studio Pixels","og_description":"30 Mai, Samedi de 11 h \u00e0 14 h      Avec cet atelier vous plongerez dans le monde fascinant de la Gelli Plate. La Gelli Plate est un outil polyvalent qui offre une exp\u00e9rience artistique unique, combinant la peinture, le transf\u00e8re d\u2019images, l'impression v\u00e9g\u00e9tale et la spontan\u00e9it\u00e9 pour cr\u00e9er des \u0153uvres d'art uniques et captivantes.       Vous d\u00e9couvrirez les techniques de base de l'utilisation de la Gelli Plate, depuis l'application de la peinture jusqu'\u00e0 la cr\u00e9ation de textures et de motifs. Vous apprendrez \u00e0 superposer des couleurs, \u00e0 jouer avec les formes, et \u00e0 exp\u00e9rimenter avec diff\u00e9rents supports pour obtenir des r\u00e9sultats surprenants. De plus, vous explorerez le transfert d'images sur vos cr\u00e9ations, ajoutant une dimension suppl\u00e9mentaire \u00e0 votre processus artistique.   Que vous soyez un d\u00e9butant curieux ou un artiste exp\u00e9riment\u00e9, cet atelier vous inspirera \u00e0 explorer votre cr\u00e9ativit\u00e9 de mani\u00e8re ludique et sans limites.  &nbsp;         Faites de votre intuition un voyage vers l'art - Pixels        MAT\u00c9RIELS FOURNIS ATTENTION : ****** 8 personnes par atelier  Adresse 1075 Mont\u00e9e Masson , Mascouche, QC, Canada, Quebec    N.B. ****** Aucun remboursement sera fait. Il est de votre responsabilit\u00e9 d'\u00eatre pr\u00e9sent \u00e0 votre soir\u00e9e.","og_url":"https:\/\/studiopixels.net\/en\/product\/mascouche-exploration-de-la-gelli-plate-8-fevrier-dimanche-11-a-14-h\/","og_site_name":"Studio Pixels","article_publisher":"https:\/\/www.facebook.com\/Studiopixelsart","article_modified_time":"2026-03-26T19:58:01+00:00","og_image":[{"width":1080,"height":1080,"url":"https:\/\/studiopixels.net\/wp-content\/uploads\/2025\/11\/atelier-gelli_le-garage.jpg","type":"image\/jpeg"}],"twitter_card":"summary_large_image","twitter_misc":{"Est. reading time":"2 minutes"},"schema":{"@context":"https:\/\/schema.org","@graph":[{"@type":"WebPage","@id":"https:\/\/studiopixels.net\/produit\/mascouche-exploration-de-la-gelli-plate-8-fevrier-dimanche-11-a-14-h\/","url":"https:\/\/studiopixels.net\/produit\/mascouche-exploration-de-la-gelli-plate-8-fevrier-dimanche-11-a-14-h\/","name":"MASCOUCHE - Exploration de la Gelli plate!!! - 30 mai - SAMEDI 11 \u00c0 14 H - Studio Pixels","isPartOf":{"@id":"https:\/\/studiopixels.net\/#website"},"primaryImageOfPage":{"@id":"https:\/\/studiopixels.net\/produit\/mascouche-exploration-de-la-gelli-plate-8-fevrier-dimanche-11-a-14-h\/#primaryimage"},"image":{"@id":"https:\/\/studiopixels.net\/produit\/mascouche-exploration-de-la-gelli-plate-8-fevrier-dimanche-11-a-14-h\/#primaryimage"},"thumbnailUrl":"https:\/\/studiopixels.net\/wp-content\/uploads\/2025\/11\/atelier-gelli_le-garage.jpg","datePublished":"2025-11-21T19:07:21+00:00","dateModified":"2026-03-26T19:58:01+00:00","breadcrumb":{"@id":"https:\/\/studiopixels.net\/produit\/mascouche-exploration-de-la-gelli-plate-8-fevrier-dimanche-11-a-14-h\/#breadcrumb"},"inLanguage":"en-CA","potentialAction":[{"@type":"ReadAction","target":["https:\/\/studiopixels.net\/produit\/mascouche-exploration-de-la-gelli-plate-8-fevrier-dimanche-11-a-14-h\/"]}]},{"@type":"ImageObject","inLanguage":"en-CA","@id":"https:\/\/studiopixels.net\/produit\/mascouche-exploration-de-la-gelli-plate-8-fevrier-dimanche-11-a-14-h\/#primaryimage","url":"https:\/\/studiopixels.net\/wp-content\/uploads\/2025\/11\/atelier-gelli_le-garage.jpg","contentUrl":"https:\/\/studiopixels.net\/wp-content\/uploads\/2025\/11\/atelier-gelli_le-garage.jpg","width":1080,"height":1080},{"@type":"BreadcrumbList","@id":"https:\/\/studiopixels.net\/produit\/mascouche-exploration-de-la-gelli-plate-8-fevrier-dimanche-11-a-14-h\/#breadcrumb","itemListElement":[{"@type":"ListItem","position":1,"name":"Accueil","item":"https:\/\/studiopixels.net\/"},{"@type":"ListItem","position":2,"name":"Boutique","item":"https:\/\/studiopixels.net\/boutique\/"},{"@type":"ListItem","position":3,"name":"MASCOUCHE &#8211; Exploration de la Gelli plate!!! &#8211; 30 mai &#8211; SAMEDI 11 \u00c0 14 H"}]},{"@type":"WebSite","@id":"https:\/\/studiopixels.net\/#website","url":"https:\/\/studiopixels.net\/","name":"Studio Pixels","description":"","publisher":{"@id":"https:\/\/studiopixels.net\/#organization"},"potentialAction":[{"@type":"SearchAction","target":{"@type":"EntryPoint","urlTemplate":"https:\/\/studiopixels.net\/?s={search_term_string}"},"query-input":{"@type":"PropertyValueSpecification","valueRequired":true,"valueName":"search_term_string"}}],"inLanguage":"en-CA"},{"@type":"Organization","@id":"https:\/\/studiopixels.net\/#organization","name":"Studio Pixels","url":"https:\/\/studiopixels.net\/","logo":{"@type":"ImageObject","inLanguage":"en-CA","@id":"https:\/\/studiopixels.net\/#\/schema\/logo\/image\/","url":"https:\/\/studiopixels.net\/wp-content\/uploads\/2020\/04\/cropped-Autocollant-pixels-2.jpg","contentUrl":"https:\/\/studiopixels.net\/wp-content\/uploads\/2020\/04\/cropped-Autocollant-pixels-2.jpg","width":666,"height":666,"caption":"Studio Pixels"},"image":{"@id":"https:\/\/studiopixels.net\/#\/schema\/logo\/image\/"},"sameAs":["https:\/\/www.facebook.com\/Studiopixelsart"]}]}},"uagb_featured_image_src":{"full":["https:\/\/studiopixels.net\/wp-content\/uploads\/2025\/11\/atelier-gelli_le-garage.jpg",1080,1080,false],"thumbnail":["https:\/\/studiopixels.net\/wp-content\/uploads\/2025\/11\/atelier-gelli_le-garage-150x150.jpg",150,150,true],"medium":["https:\/\/studiopixels.net\/wp-content\/uploads\/2025\/11\/atelier-gelli_le-garage-300x300.jpg",300,300,true],"medium_large":["https:\/\/studiopixels.net\/wp-content\/uploads\/2025\/11\/atelier-gelli_le-garage-768x768.jpg",768,768,true],"large":["https:\/\/studiopixels.net\/wp-content\/uploads\/2025\/11\/atelier-gelli_le-garage-1024x1024.jpg",1024,1024,true],"1536x1536":["https:\/\/studiopixels.net\/wp-content\/uploads\/2025\/11\/atelier-gelli_le-garage.jpg",1080,1080,false],"2048x2048":["https:\/\/studiopixels.net\/wp-content\/uploads\/2025\/11\/atelier-gelli_le-garage.jpg",1080,1080,false],"trp-custom-language-flag":["https:\/\/studiopixels.net\/wp-content\/uploads\/2025\/11\/atelier-gelli_le-garage-12x12.jpg",12,12,true],"woocommerce_thumbnail":["https:\/\/studiopixels.net\/wp-content\/uploads\/2025\/11\/atelier-gelli_le-garage-300x300.jpg",300,300,true],"woocommerce_single":["https:\/\/studiopixels.net\/wp-content\/uploads\/2025\/11\/atelier-gelli_le-garage-600x600.jpg",600,600,true],"woocommerce_gallery_thumbnail":["https:\/\/studiopixels.net\/wp-content\/uploads\/2025\/11\/atelier-gelli_le-garage-100x100.jpg",100,100,true],"shop_catalog":["https:\/\/studiopixels.net\/wp-content\/uploads\/2025\/11\/atelier-gelli_le-garage-300x300.jpg",300,300,true],"shop_single":["https:\/\/studiopixels.net\/wp-content\/uploads\/2025\/11\/atelier-gelli_le-garage-600x600.jpg",600,600,true],"shop_thumbnail":["https:\/\/studiopixels.net\/wp-content\/uploads\/2025\/11\/atelier-gelli_le-garage-100x100.jpg",100,100,true]},"uagb_author_info":{"display_name":"admin","author_link":"https:\/\/studiopixels.net\/en\/author\/"},"uagb_comment_info":0,"uagb_excerpt":"30 Mai, Samedi de 11 h \u00e0 14 h Avec cet atelier vous plongerez dans le monde fascinant de la Gelli Plate. La Gelli Plate est un outil polyvalent qui offre une exp\u00e9rience artistique unique, combinant la peinture, le transf\u00e8re d\u2019images, l'impression v\u00e9g\u00e9tale et la spontan\u00e9it\u00e9 pour cr\u00e9er des \u0153uvres d'art uniques et captivantes. Vous&hellip;","_links":{"self":[{"href":"https:\/\/studiopixels.net\/en\/wp-json\/wp\/v2\/product\/10572","targetHints":{"allow":["GET"]}}],"collection":[{"href":"https:\/\/studiopixels.net\/en\/wp-json\/wp\/v2\/product"}],"about":[{"href":"https:\/\/studiopixels.net\/en\/wp-json\/wp\/v2\/types\/product"}],"replies":[{"embeddable":true,"href":"https:\/\/studiopixels.net\/en\/wp-json\/wp\/v2\/comments?post=10572"}],"version-history":[{"count":5,"href":"https:\/\/studiopixels.net\/en\/wp-json\/wp\/v2\/product\/10572\/revisions"}],"predecessor-version":[{"id":11102,"href":"https:\/\/studiopixels.net\/en\/wp-json\/wp\/v2\/product\/10572\/revisions\/11102"}],"wp:featuredmedia":[{"embeddable":true,"href":"https:\/\/studiopixels.net\/en\/wp-json\/wp\/v2\/media\/10998"}],"wp:attachment":[{"href":"https:\/\/studiopixels.net\/en\/wp-json\/wp\/v2\/media?parent=10572"}],"curies":[{"name":"wp","href":"https:\/\/api.w.org\/{rel}","templated":true}]}}