{"id":10594,"date":"2025-12-01T14:40:05","date_gmt":"2025-12-01T19:40:05","guid":{"rendered":"https:\/\/studiopixels.net\/?post_type=product&#038;p=10594"},"modified":"2026-05-11T15:01:07","modified_gmt":"2026-05-11T19:01:07","slug":"montreal-exploration-des-encres-a-lalcool-3-mai-dimanche-10h00-a-13h00","status":"publish","type":"product","link":"https:\/\/studiopixels.net\/en\/product\/montreal-exploration-des-encres-a-lalcool-3-mai-dimanche-10h00-a-13h00\/","title":{"rendered":"MONTR\u00c9AL exploration des ENCRES \u00c0 L&rsquo;ALCOOL &#8211; <strong> 20 septembre <strong>  &#8211; DIMANCHE- 10h00 \u00c0 13h00"},"content":{"rendered":"<div dir=\"auto\">\n<h4 dir=\"auto\"><strong>20 septembre, DIMANCHE- 10h00 \u00c0 13h00<\/strong><\/h4>\n<div dir=\"auto\">Vous allez d\u00e9couvrir la diff\u00e9rence entre les marques d&rsquo;encres, les supports, et comment l&rsquo;utiliser.<\/div>\n<div dir=\"auto\">\n<p>Une soir\u00e9e toute en douceur, en suivant le flo des couleurs. (Pour d\u00e9butant ou avanc\u00e9)<\/p>\n<div class=\"o9v6fnle cxmmr5t8 oygrvhab hcukyx3x c1et5uql\">\n<div dir=\"auto\">\n<div dir=\"auto\">\n<p><strong>Tout le mat\u00e9riel est fourni.<\/strong><br \/>\nConvient aux d\u00e9butants comme aux artistes avanc\u00e9s.<\/p>\n<p>\u26a0\ufe0f Places limit\u00e9es \u00e0 18 participants<\/p>\n<\/div>\n<div dir=\"auto\">\n<div class=\"o9v6fnle cxmmr5t8 oygrvhab hcukyx3x c1et5uql\">\n<p>&nbsp;<\/p>\n<\/div>\n<div class=\"o9v6fnle cxmmr5t8 oygrvhab hcukyx3x c1et5uql\"><strong>Adresse<br \/>\n<\/strong>Atelier Nathalie Garceau<br \/>\n1417 Fleury Est #102, Montreal, QC, Canada, Quebec<\/div>\n<\/div>\n<div><\/div>\n<div dir=\"auto\">\n<div class=\"o9v6fnle cxmmr5t8 oygrvhab hcukyx3x c1et5uql\">\n<p><strong>Informations importantes :<\/strong><\/p>\n<ul>\n<li>Aucun remboursement ne sera effectu\u00e9.<\/li>\n<li>Il est de votre responsabilit\u00e9 d\u2019\u00eatre pr\u00e9sent \u00e0 la date pr\u00e9vue.<\/li>\n<\/ul>\n<\/div>\n<\/div>\n<\/div>\n<\/div>\n<\/div>\n<\/div>","protected":false},"excerpt":{"rendered":"<div dir=\"auto\">\n<div dir=\"auto\">\n<div dir=\"auto\">\n<div dir=\"auto\">\n<div dir=\"auto\">\n<div dir=\"auto\">\n<h4 dir=\"auto\"><strong>20 septembre, DIMANCHE- 10h00 \u00c0 13h00<\/strong><\/h4>\n<div dir=\"auto\">Vous allez d\u00e9couvrir la diff\u00e9rence entre les marques d&rsquo;encres, les supports, et comment l&rsquo;utiliser.<\/div>\n<div dir=\"auto\">\n<p>Une soir\u00e9e toute en douceur, en suivant le flo des couleurs. (Pour d\u00e9butant ou avanc\u00e9)<\/p>\n<div class=\"o9v6fnle cxmmr5t8 oygrvhab hcukyx3x c1et5uql\">\n<div dir=\"auto\">\n<div dir=\"auto\">\n<p><strong>Tout le mat\u00e9riel est fourni.<\/strong><br \/>\nConvient aux d\u00e9butants comme aux artistes avanc\u00e9s.<\/p>\n<p>\u26a0\ufe0f Places limit\u00e9es \u00e0 18 participants<\/p>\n<\/div>\n<div dir=\"auto\">\n<div class=\"o9v6fnle cxmmr5t8 oygrvhab hcukyx3x c1et5uql\">\n<p>&nbsp;<\/p>\n<\/div>\n<div class=\"o9v6fnle cxmmr5t8 oygrvhab hcukyx3x c1et5uql\"><strong>Adresse<br \/>\n<\/strong>Atelier Nathalie Garceau<br \/>\n1417 Fleury Est #102, Montreal, QC, Canada, Quebec<\/div>\n<\/div>\n<div><\/div>\n<div dir=\"auto\">\n<div class=\"o9v6fnle cxmmr5t8 oygrvhab hcukyx3x c1et5uql\">\n<p><strong>Informations importantes :<\/strong><\/p>\n<ul>\n<li>Aucun remboursement ne sera effectu\u00e9.<\/li>\n<li>Il est de votre responsabilit\u00e9 d\u2019\u00eatre pr\u00e9sent \u00e0 la date pr\u00e9vue.<\/li>\n<\/ul>\n<\/div>\n<\/div>\n<\/div>\n<\/div>\n<\/div>\n<\/div>\n<\/div>\n<\/div>\n<\/div>\n<\/div>\n<\/div>","protected":false},"featured_media":10593,"comment_status":"open","ping_status":"closed","template":"","meta":{"_uag_custom_page_level_css":""},"class_list":{"0":"post-10594","1":"product","2":"type-product","3":"status-publish","4":"has-post-thumbnail","6":"product_cat-ateliers","8":"first","9":"instock","10":"virtual","11":"taxable","12":"purchasable","13":"product-type-simple"},"yoast_head":"<!-- This site is optimized with the Yoast SEO plugin v26.4 - https:\/\/yoast.com\/wordpress\/plugins\/seo\/ -->\n<title>MONTR\u00c9AL exploration des ENCRES \u00c0 L&#039;ALCOOL -  20 septembre  - DIMANCHE- 10h00 \u00c0 13h00 - Studio Pixels<\/title>\n<meta name=\"robots\" content=\"index, follow, max-snippet:-1, max-image-preview:large, max-video-preview:-1\" \/>\n<link rel=\"canonical\" href=\"https:\/\/studiopixels.net\/en\/product\/montreal-exploration-des-encres-a-lalcool-3-mai-dimanche-10h00-a-13h00\/\" \/>\n<meta property=\"og:locale\" content=\"en_US\" \/>\n<meta property=\"og:type\" content=\"article\" \/>\n<meta property=\"og:title\" content=\"MONTR\u00c9AL exploration des ENCRES \u00c0 L&#039;ALCOOL -  20 septembre  - DIMANCHE- 10h00 \u00c0 13h00 - Studio Pixels\" \/>\n<meta property=\"og:description\" content=\"20 septembre, DIMANCHE- 10h00 \u00c0 13h00 Vous allez d\u00e9couvrir la diff\u00e9rence entre les marques d&#039;encres, les supports, et comment l&#039;utiliser.   Une soir\u00e9e toute en douceur, en suivant le flo des couleurs. (Pour d\u00e9butant ou avanc\u00e9)     Tout le mat\u00e9riel est fourni. Convient aux d\u00e9butants comme aux artistes avanc\u00e9s.  \u26a0\ufe0f Places limit\u00e9es \u00e0 18 participants      &nbsp;   Adresse Atelier Nathalie Garceau 1417 Fleury Est #102, Montreal, QC, Canada, Quebec      Informations importantes :   Aucun remboursement ne sera effectu\u00e9.  Il est de votre responsabilit\u00e9 d\u2019\u00eatre pr\u00e9sent \u00e0 la date pr\u00e9vue.\" \/>\n<meta property=\"og:url\" content=\"https:\/\/studiopixels.net\/en\/product\/montreal-exploration-des-encres-a-lalcool-3-mai-dimanche-10h00-a-13h00\/\" \/>\n<meta property=\"og:site_name\" content=\"Studio Pixels\" \/>\n<meta property=\"article:publisher\" content=\"https:\/\/www.facebook.com\/Studiopixelsart\" \/>\n<meta property=\"article:modified_time\" content=\"2026-05-11T19:01:07+00:00\" \/>\n<meta property=\"og:image\" content=\"https:\/\/studiopixels.net\/wp-content\/uploads\/2025\/08\/atelier-encre-alcool_Pixels.jpg\" \/>\n\t<meta property=\"og:image:width\" content=\"1080\" \/>\n\t<meta property=\"og:image:height\" content=\"1080\" \/>\n\t<meta property=\"og:image:type\" content=\"image\/jpeg\" \/>\n<meta name=\"twitter:card\" content=\"summary_large_image\" \/>\n<meta name=\"twitter:label1\" content=\"Est. reading time\" \/>\n\t<meta name=\"twitter:data1\" content=\"1 minute\" \/>\n<script type=\"application\/ld+json\" class=\"yoast-schema-graph\">{\"@context\":\"https:\/\/schema.org\",\"@graph\":[{\"@type\":\"WebPage\",\"@id\":\"https:\/\/studiopixels.net\/produit\/montreal-exploration-des-encres-a-lalcool-3-mai-dimanche-10h00-a-13h00\/\",\"url\":\"https:\/\/studiopixels.net\/produit\/montreal-exploration-des-encres-a-lalcool-3-mai-dimanche-10h00-a-13h00\/\",\"name\":\"MONTR\u00c9AL exploration des ENCRES \u00c0 L'ALCOOL - 20 septembre - DIMANCHE- 10h00 \u00c0 13h00 - Studio Pixels\",\"isPartOf\":{\"@id\":\"https:\/\/studiopixels.net\/#website\"},\"primaryImageOfPage\":{\"@id\":\"https:\/\/studiopixels.net\/produit\/montreal-exploration-des-encres-a-lalcool-3-mai-dimanche-10h00-a-13h00\/#primaryimage\"},\"image\":{\"@id\":\"https:\/\/studiopixels.net\/produit\/montreal-exploration-des-encres-a-lalcool-3-mai-dimanche-10h00-a-13h00\/#primaryimage\"},\"thumbnailUrl\":\"https:\/\/studiopixels.net\/wp-content\/uploads\/2025\/08\/atelier-encre-alcool_Pixels.jpg\",\"datePublished\":\"2025-12-01T19:40:05+00:00\",\"dateModified\":\"2026-05-11T19:01:07+00:00\",\"breadcrumb\":{\"@id\":\"https:\/\/studiopixels.net\/produit\/montreal-exploration-des-encres-a-lalcool-3-mai-dimanche-10h00-a-13h00\/#breadcrumb\"},\"inLanguage\":\"en-CA\",\"potentialAction\":[{\"@type\":\"ReadAction\",\"target\":[\"https:\/\/studiopixels.net\/produit\/montreal-exploration-des-encres-a-lalcool-3-mai-dimanche-10h00-a-13h00\/\"]}]},{\"@type\":\"ImageObject\",\"inLanguage\":\"en-CA\",\"@id\":\"https:\/\/studiopixels.net\/produit\/montreal-exploration-des-encres-a-lalcool-3-mai-dimanche-10h00-a-13h00\/#primaryimage\",\"url\":\"https:\/\/studiopixels.net\/wp-content\/uploads\/2025\/08\/atelier-encre-alcool_Pixels.jpg\",\"contentUrl\":\"https:\/\/studiopixels.net\/wp-content\/uploads\/2025\/08\/atelier-encre-alcool_Pixels.jpg\",\"width\":1080,\"height\":1080},{\"@type\":\"BreadcrumbList\",\"@id\":\"https:\/\/studiopixels.net\/produit\/montreal-exploration-des-encres-a-lalcool-3-mai-dimanche-10h00-a-13h00\/#breadcrumb\",\"itemListElement\":[{\"@type\":\"ListItem\",\"position\":1,\"name\":\"Accueil\",\"item\":\"https:\/\/studiopixels.net\/\"},{\"@type\":\"ListItem\",\"position\":2,\"name\":\"Boutique\",\"item\":\"https:\/\/studiopixels.net\/boutique\/\"},{\"@type\":\"ListItem\",\"position\":3,\"name\":\"MONTR\u00c9AL exploration des ENCRES \u00c0 L&rsquo;ALCOOL &#8211; 20 septembre &#8211; DIMANCHE- 10h00 \u00c0 13h00\"}]},{\"@type\":\"WebSite\",\"@id\":\"https:\/\/studiopixels.net\/#website\",\"url\":\"https:\/\/studiopixels.net\/\",\"name\":\"Studio Pixels\",\"description\":\"\",\"publisher\":{\"@id\":\"https:\/\/studiopixels.net\/#organization\"},\"potentialAction\":[{\"@type\":\"SearchAction\",\"target\":{\"@type\":\"EntryPoint\",\"urlTemplate\":\"https:\/\/studiopixels.net\/?s={search_term_string}\"},\"query-input\":{\"@type\":\"PropertyValueSpecification\",\"valueRequired\":true,\"valueName\":\"search_term_string\"}}],\"inLanguage\":\"en-CA\"},{\"@type\":\"Organization\",\"@id\":\"https:\/\/studiopixels.net\/#organization\",\"name\":\"Studio Pixels\",\"url\":\"https:\/\/studiopixels.net\/\",\"logo\":{\"@type\":\"ImageObject\",\"inLanguage\":\"en-CA\",\"@id\":\"https:\/\/studiopixels.net\/#\/schema\/logo\/image\/\",\"url\":\"https:\/\/studiopixels.net\/wp-content\/uploads\/2020\/04\/cropped-Autocollant-pixels-2.jpg\",\"contentUrl\":\"https:\/\/studiopixels.net\/wp-content\/uploads\/2020\/04\/cropped-Autocollant-pixels-2.jpg\",\"width\":666,\"height\":666,\"caption\":\"Studio Pixels\"},\"image\":{\"@id\":\"https:\/\/studiopixels.net\/#\/schema\/logo\/image\/\"},\"sameAs\":[\"https:\/\/www.facebook.com\/Studiopixelsart\"]}]}<\/script>\n<!-- \/ Yoast SEO plugin. -->","yoast_head_json":{"title":"MONTR\u00c9AL exploration des ENCRES \u00c0 L'ALCOOL -  20 septembre  - DIMANCHE- 10h00 \u00c0 13h00 - Studio Pixels","robots":{"index":"index","follow":"follow","max-snippet":"max-snippet:-1","max-image-preview":"max-image-preview:large","max-video-preview":"max-video-preview:-1"},"canonical":"https:\/\/studiopixels.net\/en\/product\/montreal-exploration-des-encres-a-lalcool-3-mai-dimanche-10h00-a-13h00\/","og_locale":"en_US","og_type":"article","og_title":"MONTR\u00c9AL exploration des ENCRES \u00c0 L'ALCOOL -  20 septembre  - DIMANCHE- 10h00 \u00c0 13h00 - Studio Pixels","og_description":"20 septembre, DIMANCHE- 10h00 \u00c0 13h00 Vous allez d\u00e9couvrir la diff\u00e9rence entre les marques d'encres, les supports, et comment l'utiliser.   Une soir\u00e9e toute en douceur, en suivant le flo des couleurs. (Pour d\u00e9butant ou avanc\u00e9)     Tout le mat\u00e9riel est fourni. Convient aux d\u00e9butants comme aux artistes avanc\u00e9s.  \u26a0\ufe0f Places limit\u00e9es \u00e0 18 participants      &nbsp;   Adresse Atelier Nathalie Garceau 1417 Fleury Est #102, Montreal, QC, Canada, Quebec      Informations importantes :   Aucun remboursement ne sera effectu\u00e9.  Il est de votre responsabilit\u00e9 d\u2019\u00eatre pr\u00e9sent \u00e0 la date pr\u00e9vue.","og_url":"https:\/\/studiopixels.net\/en\/product\/montreal-exploration-des-encres-a-lalcool-3-mai-dimanche-10h00-a-13h00\/","og_site_name":"Studio Pixels","article_publisher":"https:\/\/www.facebook.com\/Studiopixelsart","article_modified_time":"2026-05-11T19:01:07+00:00","og_image":[{"width":1080,"height":1080,"url":"https:\/\/studiopixels.net\/wp-content\/uploads\/2025\/08\/atelier-encre-alcool_Pixels.jpg","type":"image\/jpeg"}],"twitter_card":"summary_large_image","twitter_misc":{"Est. reading time":"1 minute"},"schema":{"@context":"https:\/\/schema.org","@graph":[{"@type":"WebPage","@id":"https:\/\/studiopixels.net\/produit\/montreal-exploration-des-encres-a-lalcool-3-mai-dimanche-10h00-a-13h00\/","url":"https:\/\/studiopixels.net\/produit\/montreal-exploration-des-encres-a-lalcool-3-mai-dimanche-10h00-a-13h00\/","name":"MONTR\u00c9AL exploration des ENCRES \u00c0 L'ALCOOL - 20 septembre - DIMANCHE- 10h00 \u00c0 13h00 - Studio Pixels","isPartOf":{"@id":"https:\/\/studiopixels.net\/#website"},"primaryImageOfPage":{"@id":"https:\/\/studiopixels.net\/produit\/montreal-exploration-des-encres-a-lalcool-3-mai-dimanche-10h00-a-13h00\/#primaryimage"},"image":{"@id":"https:\/\/studiopixels.net\/produit\/montreal-exploration-des-encres-a-lalcool-3-mai-dimanche-10h00-a-13h00\/#primaryimage"},"thumbnailUrl":"https:\/\/studiopixels.net\/wp-content\/uploads\/2025\/08\/atelier-encre-alcool_Pixels.jpg","datePublished":"2025-12-01T19:40:05+00:00","dateModified":"2026-05-11T19:01:07+00:00","breadcrumb":{"@id":"https:\/\/studiopixels.net\/produit\/montreal-exploration-des-encres-a-lalcool-3-mai-dimanche-10h00-a-13h00\/#breadcrumb"},"inLanguage":"en-CA","potentialAction":[{"@type":"ReadAction","target":["https:\/\/studiopixels.net\/produit\/montreal-exploration-des-encres-a-lalcool-3-mai-dimanche-10h00-a-13h00\/"]}]},{"@type":"ImageObject","inLanguage":"en-CA","@id":"https:\/\/studiopixels.net\/produit\/montreal-exploration-des-encres-a-lalcool-3-mai-dimanche-10h00-a-13h00\/#primaryimage","url":"https:\/\/studiopixels.net\/wp-content\/uploads\/2025\/08\/atelier-encre-alcool_Pixels.jpg","contentUrl":"https:\/\/studiopixels.net\/wp-content\/uploads\/2025\/08\/atelier-encre-alcool_Pixels.jpg","width":1080,"height":1080},{"@type":"BreadcrumbList","@id":"https:\/\/studiopixels.net\/produit\/montreal-exploration-des-encres-a-lalcool-3-mai-dimanche-10h00-a-13h00\/#breadcrumb","itemListElement":[{"@type":"ListItem","position":1,"name":"Accueil","item":"https:\/\/studiopixels.net\/"},{"@type":"ListItem","position":2,"name":"Boutique","item":"https:\/\/studiopixels.net\/boutique\/"},{"@type":"ListItem","position":3,"name":"MONTR\u00c9AL exploration des ENCRES \u00c0 L&rsquo;ALCOOL &#8211; 20 septembre &#8211; DIMANCHE- 10h00 \u00c0 13h00"}]},{"@type":"WebSite","@id":"https:\/\/studiopixels.net\/#website","url":"https:\/\/studiopixels.net\/","name":"Studio Pixels","description":"","publisher":{"@id":"https:\/\/studiopixels.net\/#organization"},"potentialAction":[{"@type":"SearchAction","target":{"@type":"EntryPoint","urlTemplate":"https:\/\/studiopixels.net\/?s={search_term_string}"},"query-input":{"@type":"PropertyValueSpecification","valueRequired":true,"valueName":"search_term_string"}}],"inLanguage":"en-CA"},{"@type":"Organization","@id":"https:\/\/studiopixels.net\/#organization","name":"Studio Pixels","url":"https:\/\/studiopixels.net\/","logo":{"@type":"ImageObject","inLanguage":"en-CA","@id":"https:\/\/studiopixels.net\/#\/schema\/logo\/image\/","url":"https:\/\/studiopixels.net\/wp-content\/uploads\/2020\/04\/cropped-Autocollant-pixels-2.jpg","contentUrl":"https:\/\/studiopixels.net\/wp-content\/uploads\/2020\/04\/cropped-Autocollant-pixels-2.jpg","width":666,"height":666,"caption":"Studio Pixels"},"image":{"@id":"https:\/\/studiopixels.net\/#\/schema\/logo\/image\/"},"sameAs":["https:\/\/www.facebook.com\/Studiopixelsart"]}]}},"uagb_featured_image_src":{"full":["https:\/\/studiopixels.net\/wp-content\/uploads\/2025\/08\/atelier-encre-alcool_Pixels.jpg",1080,1080,false],"thumbnail":["https:\/\/studiopixels.net\/wp-content\/uploads\/2025\/08\/atelier-encre-alcool_Pixels-150x150.jpg",150,150,true],"medium":["https:\/\/studiopixels.net\/wp-content\/uploads\/2025\/08\/atelier-encre-alcool_Pixels-300x300.jpg",300,300,true],"medium_large":["https:\/\/studiopixels.net\/wp-content\/uploads\/2025\/08\/atelier-encre-alcool_Pixels-768x768.jpg",768,768,true],"large":["https:\/\/studiopixels.net\/wp-content\/uploads\/2025\/08\/atelier-encre-alcool_Pixels-1024x1024.jpg",1024,1024,true],"1536x1536":["https:\/\/studiopixels.net\/wp-content\/uploads\/2025\/08\/atelier-encre-alcool_Pixels.jpg",1080,1080,false],"2048x2048":["https:\/\/studiopixels.net\/wp-content\/uploads\/2025\/08\/atelier-encre-alcool_Pixels.jpg",1080,1080,false],"trp-custom-language-flag":["https:\/\/studiopixels.net\/wp-content\/uploads\/2025\/08\/atelier-encre-alcool_Pixels-12x12.jpg",12,12,true],"woocommerce_thumbnail":["https:\/\/studiopixels.net\/wp-content\/uploads\/2025\/08\/atelier-encre-alcool_Pixels-300x300.jpg",300,300,true],"woocommerce_single":["https:\/\/studiopixels.net\/wp-content\/uploads\/2025\/08\/atelier-encre-alcool_Pixels-600x600.jpg",600,600,true],"woocommerce_gallery_thumbnail":["https:\/\/studiopixels.net\/wp-content\/uploads\/2025\/08\/atelier-encre-alcool_Pixels-100x100.jpg",100,100,true],"shop_catalog":["https:\/\/studiopixels.net\/wp-content\/uploads\/2025\/08\/atelier-encre-alcool_Pixels-300x300.jpg",300,300,true],"shop_single":["https:\/\/studiopixels.net\/wp-content\/uploads\/2025\/08\/atelier-encre-alcool_Pixels-600x600.jpg",600,600,true],"shop_thumbnail":["https:\/\/studiopixels.net\/wp-content\/uploads\/2025\/08\/atelier-encre-alcool_Pixels-100x100.jpg",100,100,true]},"uagb_author_info":{"display_name":"admin","author_link":"https:\/\/studiopixels.net\/en\/author\/"},"uagb_comment_info":0,"uagb_excerpt":"20 septembre, DIMANCHE- 10h00 \u00c0 13h00 Vous allez d\u00e9couvrir la diff\u00e9rence entre les marques d'encres, les supports, et comment l'utiliser. Une soir\u00e9e toute en douceur, en suivant le flo des couleurs. (Pour d\u00e9butant ou avanc\u00e9) Tout le mat\u00e9riel est fourni. Convient aux d\u00e9butants comme aux artistes avanc\u00e9s. \u26a0\ufe0f Places limit\u00e9es \u00e0 18 participants &nbsp; Adresse&hellip;","_links":{"self":[{"href":"https:\/\/studiopixels.net\/en\/wp-json\/wp\/v2\/product\/10594","targetHints":{"allow":["GET"]}}],"collection":[{"href":"https:\/\/studiopixels.net\/en\/wp-json\/wp\/v2\/product"}],"about":[{"href":"https:\/\/studiopixels.net\/en\/wp-json\/wp\/v2\/types\/product"}],"replies":[{"embeddable":true,"href":"https:\/\/studiopixels.net\/en\/wp-json\/wp\/v2\/comments?post=10594"}],"version-history":[{"count":2,"href":"https:\/\/studiopixels.net\/en\/wp-json\/wp\/v2\/product\/10594\/revisions"}],"predecessor-version":[{"id":11266,"href":"https:\/\/studiopixels.net\/en\/wp-json\/wp\/v2\/product\/10594\/revisions\/11266"}],"wp:featuredmedia":[{"embeddable":true,"href":"https:\/\/studiopixels.net\/en\/wp-json\/wp\/v2\/media\/10593"}],"wp:attachment":[{"href":"https:\/\/studiopixels.net\/en\/wp-json\/wp\/v2\/media?parent=10594"}],"curies":[{"name":"wp","href":"https:\/\/api.w.org\/{rel}","templated":true}]}}