{"id":10763,"date":"2025-12-15T14:50:56","date_gmt":"2025-12-15T19:50:56","guid":{"rendered":"https:\/\/studiopixels.net\/?post_type=product&#038;p=10763"},"modified":"2026-05-11T14:11:59","modified_gmt":"2026-05-11T18:11:59","slug":"exploration-des-encres-a-lalcool-27-fevrier-vendredi-19h00-a-22h00","status":"publish","type":"product","link":"https:\/\/studiopixels.net\/en\/product\/exploration-des-encres-a-lalcool-27-fevrier-vendredi-19h00-a-22h00\/","title":{"rendered":"EXPLORATION DES ENCRES \u00c0 L&rsquo;ALCOOL &#8211; <strong> 26 juin <strong>  &#8211; VENDREDI &#8211; 19h00 \u00c0 22h00"},"content":{"rendered":"<div dir=\"auto\">\n<h4 dir=\"auto\"><strong>26 juin, vendredi 19h00 \u00e0 22h00<\/strong><\/h4>\n<div dir=\"auto\">Vous allez d\u00e9couvrir la diff\u00e9rence entre les marques d&rsquo;encres, les supports, et comment l&rsquo;utiliser.<\/div>\n<div dir=\"auto\">\n<p>Une soir\u00e9e toute en douceur, en suivant le flo des couleurs. (Pour d\u00e9butant ou avanc\u00e9)<\/p>\n<div class=\"o9v6fnle cxmmr5t8 oygrvhab hcukyx3x c1et5uql\">\n<div dir=\"auto\">\n<p><strong>Tout le mat\u00e9riel est fourni.<\/strong><br \/>\nConvient aux d\u00e9butants comme aux artistes avanc\u00e9s.<\/p>\n<p>\u26a0\ufe0f Places limit\u00e9es \u00e0 10 participants<\/p>\n<\/div>\n<div dir=\"auto\">\n<div class=\"o9v6fnle cxmmr5t8 oygrvhab hcukyx3x c1et5uql\">\n<p><strong>Adresse<br \/>\n<\/strong><span style=\"font-size: 16px;\">Stationnement \u00e0 la Mairie au 300 chemin des patriotes<br \/>\n<\/span><span style=\"font-size: 16px;\">Atelier : 286, chemin des Patriotes \u00e0 Saint-Mathias<br \/>\n<\/span><span style=\"font-size: 16px;\">\u00c0 c\u00f4t\u00e9 du restaurant Chez l\u2019artisan en face des Gourmandes.<\/span><\/p>\n<div dir=\"auto\">\n<div class=\"o9v6fnle cxmmr5t8 oygrvhab hcukyx3x c1et5uql\">*** Ne pas se stationner \u00e0 l\u2019arri\u00e8re de l\u2019immeuble.<\/div>\n<\/div>\n<\/div>\n<\/div>\n<div><\/div>\n<div dir=\"auto\">\n<div class=\"o9v6fnle cxmmr5t8 oygrvhab hcukyx3x c1et5uql\">\n<p><strong>Informations importantes :<\/strong><\/p>\n<ul>\n<li>Aucun remboursement ne sera effectu\u00e9.<\/li>\n<li>Il est de votre responsabilit\u00e9 d\u2019\u00eatre pr\u00e9sent \u00e0 la date pr\u00e9vue.<\/li>\n<\/ul>\n<\/div>\n<\/div>\n<\/div>\n<\/div>\n<\/div>","protected":false},"excerpt":{"rendered":"<div dir=\"auto\">\n<div dir=\"auto\">\n<div dir=\"auto\">\n<div dir=\"auto\">\n<h4 dir=\"auto\"><strong>26 juin, vendredi 19h00 \u00e0 22h00<\/strong><\/h4>\n<div dir=\"auto\">Vous allez d\u00e9couvrir la diff\u00e9rence entre les marques d&rsquo;encres, les supports, et comment l&rsquo;utiliser.<\/div>\n<div dir=\"auto\">\n<p>Une soir\u00e9e toute en douceur, en suivant le flo des couleurs. (Pour d\u00e9butant ou avanc\u00e9)<\/p>\n<div class=\"o9v6fnle cxmmr5t8 oygrvhab hcukyx3x c1et5uql\">\n<div dir=\"auto\">\n<p><strong>Tout le mat\u00e9riel est fourni.<\/strong><br \/>\nConvient aux d\u00e9butants comme aux artistes avanc\u00e9s.<\/p>\n<p>\u26a0\ufe0f Places limit\u00e9es \u00e0 10 participants<\/p>\n<\/div>\n<div dir=\"auto\">\n<div class=\"o9v6fnle cxmmr5t8 oygrvhab hcukyx3x c1et5uql\">\n<p><strong>Adresse<br \/>\n<\/strong><span style=\"font-size: 16px;\">Stationnement \u00e0 la Mairie au 300 chemin des patriotes<br \/>\n<\/span><span style=\"font-size: 16px;\">Atelier : 286, chemin des Patriotes \u00e0 Saint-Mathias<br \/>\n<\/span><span style=\"font-size: 16px;\">\u00c0 c\u00f4t\u00e9 du restaurant Chez l\u2019artisan en face des Gourmandes.<\/span><\/p>\n<div dir=\"auto\">\n<div class=\"o9v6fnle cxmmr5t8 oygrvhab hcukyx3x c1et5uql\">*** Ne pas se stationner \u00e0 l\u2019arri\u00e8re de l\u2019immeuble.<\/div>\n<\/div>\n<\/div>\n<\/div>\n<div><\/div>\n<div dir=\"auto\">\n<div class=\"o9v6fnle cxmmr5t8 oygrvhab hcukyx3x c1et5uql\">\n<p><strong>Informations importantes :<\/strong><\/p>\n<ul>\n<li>Aucun remboursement ne sera effectu\u00e9.<\/li>\n<li>Il est de votre responsabilit\u00e9 d\u2019\u00eatre pr\u00e9sent \u00e0 la date pr\u00e9vue.<\/li>\n<\/ul>\n<\/div>\n<\/div>\n<\/div>\n<\/div>\n<\/div>\n<\/div>\n<\/div>\n<\/div>","protected":false},"featured_media":6723,"comment_status":"open","ping_status":"closed","template":"","meta":{"_uag_custom_page_level_css":""},"class_list":{"0":"post-10763","1":"product","2":"type-product","3":"status-publish","4":"has-post-thumbnail","6":"product_cat-ateliers","8":"first","9":"instock","10":"virtual","11":"taxable","12":"purchasable","13":"product-type-simple"},"yoast_head":"<!-- This site is optimized with the Yoast SEO plugin v26.4 - https:\/\/yoast.com\/wordpress\/plugins\/seo\/ -->\n<title>EXPLORATION DES ENCRES \u00c0 L&#039;ALCOOL -  26 juin  - VENDREDI - 19h00 \u00c0 22h00 - Studio Pixels<\/title>\n<meta name=\"robots\" content=\"index, follow, max-snippet:-1, max-image-preview:large, max-video-preview:-1\" \/>\n<link rel=\"canonical\" href=\"https:\/\/studiopixels.net\/en\/product\/exploration-des-encres-a-lalcool-27-fevrier-vendredi-19h00-a-22h00\/\" \/>\n<meta property=\"og:locale\" content=\"en_US\" \/>\n<meta property=\"og:type\" content=\"article\" \/>\n<meta property=\"og:title\" content=\"EXPLORATION DES ENCRES \u00c0 L&#039;ALCOOL -  26 juin  - VENDREDI - 19h00 \u00c0 22h00 - Studio Pixels\" \/>\n<meta property=\"og:description\" content=\"26 juin, vendredi 19h00 \u00e0 22h00 Vous allez d\u00e9couvrir la diff\u00e9rence entre les marques d&#039;encres, les supports, et comment l&#039;utiliser.   Une soir\u00e9e toute en douceur, en suivant le flo des couleurs. (Pour d\u00e9butant ou avanc\u00e9)    Tout le mat\u00e9riel est fourni. Convient aux d\u00e9butants comme aux artistes avanc\u00e9s.  \u26a0\ufe0f Places limit\u00e9es \u00e0 10 participants      Adresse Stationnement \u00e0 la Mairie au 300 chemin des patriotes Atelier : 286, chemin des Patriotes \u00e0 Saint-Mathias \u00c0 c\u00f4t\u00e9 du restaurant Chez l\u2019artisan en face des Gourmandes.  *** Ne pas se stationner \u00e0 l\u2019arri\u00e8re de l\u2019immeuble.        Informations importantes :   Aucun remboursement ne sera effectu\u00e9.  Il est de votre responsabilit\u00e9 d\u2019\u00eatre pr\u00e9sent \u00e0 la date pr\u00e9vue.\" \/>\n<meta property=\"og:url\" content=\"https:\/\/studiopixels.net\/en\/product\/exploration-des-encres-a-lalcool-27-fevrier-vendredi-19h00-a-22h00\/\" \/>\n<meta property=\"og:site_name\" content=\"Studio Pixels\" \/>\n<meta property=\"article:publisher\" content=\"https:\/\/www.facebook.com\/Studiopixelsart\" \/>\n<meta property=\"article:modified_time\" content=\"2026-05-11T18:11:59+00:00\" \/>\n<meta property=\"og:image\" content=\"https:\/\/studiopixels.net\/wp-content\/uploads\/2023\/04\/88859456-DA8D-439B-A25D-C52DD442E8A6_1_105_c.jpeg\" \/>\n\t<meta property=\"og:image:width\" content=\"768\" \/>\n\t<meta property=\"og:image:height\" content=\"1024\" \/>\n\t<meta property=\"og:image:type\" content=\"image\/jpeg\" \/>\n<meta name=\"twitter:card\" content=\"summary_large_image\" \/>\n<meta name=\"twitter:label1\" content=\"Est. reading time\" \/>\n\t<meta name=\"twitter:data1\" content=\"1 minute\" \/>\n<script type=\"application\/ld+json\" class=\"yoast-schema-graph\">{\"@context\":\"https:\/\/schema.org\",\"@graph\":[{\"@type\":\"WebPage\",\"@id\":\"https:\/\/studiopixels.net\/produit\/exploration-des-encres-a-lalcool-27-fevrier-vendredi-19h00-a-22h00\/\",\"url\":\"https:\/\/studiopixels.net\/produit\/exploration-des-encres-a-lalcool-27-fevrier-vendredi-19h00-a-22h00\/\",\"name\":\"EXPLORATION DES ENCRES \u00c0 L'ALCOOL - 26 juin - VENDREDI - 19h00 \u00c0 22h00 - Studio Pixels\",\"isPartOf\":{\"@id\":\"https:\/\/studiopixels.net\/#website\"},\"primaryImageOfPage\":{\"@id\":\"https:\/\/studiopixels.net\/produit\/exploration-des-encres-a-lalcool-27-fevrier-vendredi-19h00-a-22h00\/#primaryimage\"},\"image\":{\"@id\":\"https:\/\/studiopixels.net\/produit\/exploration-des-encres-a-lalcool-27-fevrier-vendredi-19h00-a-22h00\/#primaryimage\"},\"thumbnailUrl\":\"https:\/\/studiopixels.net\/wp-content\/uploads\/2023\/04\/88859456-DA8D-439B-A25D-C52DD442E8A6_1_105_c.jpeg\",\"datePublished\":\"2025-12-15T19:50:56+00:00\",\"dateModified\":\"2026-05-11T18:11:59+00:00\",\"breadcrumb\":{\"@id\":\"https:\/\/studiopixels.net\/produit\/exploration-des-encres-a-lalcool-27-fevrier-vendredi-19h00-a-22h00\/#breadcrumb\"},\"inLanguage\":\"en-CA\",\"potentialAction\":[{\"@type\":\"ReadAction\",\"target\":[\"https:\/\/studiopixels.net\/produit\/exploration-des-encres-a-lalcool-27-fevrier-vendredi-19h00-a-22h00\/\"]}]},{\"@type\":\"ImageObject\",\"inLanguage\":\"en-CA\",\"@id\":\"https:\/\/studiopixels.net\/produit\/exploration-des-encres-a-lalcool-27-fevrier-vendredi-19h00-a-22h00\/#primaryimage\",\"url\":\"https:\/\/studiopixels.net\/wp-content\/uploads\/2023\/04\/88859456-DA8D-439B-A25D-C52DD442E8A6_1_105_c.jpeg\",\"contentUrl\":\"https:\/\/studiopixels.net\/wp-content\/uploads\/2023\/04\/88859456-DA8D-439B-A25D-C52DD442E8A6_1_105_c.jpeg\",\"width\":768,\"height\":1024},{\"@type\":\"BreadcrumbList\",\"@id\":\"https:\/\/studiopixels.net\/produit\/exploration-des-encres-a-lalcool-27-fevrier-vendredi-19h00-a-22h00\/#breadcrumb\",\"itemListElement\":[{\"@type\":\"ListItem\",\"position\":1,\"name\":\"Accueil\",\"item\":\"https:\/\/studiopixels.net\/\"},{\"@type\":\"ListItem\",\"position\":2,\"name\":\"Boutique\",\"item\":\"https:\/\/studiopixels.net\/boutique\/\"},{\"@type\":\"ListItem\",\"position\":3,\"name\":\"EXPLORATION DES ENCRES \u00c0 L&rsquo;ALCOOL &#8211; 26 juin &#8211; VENDREDI &#8211; 19h00 \u00c0 22h00\"}]},{\"@type\":\"WebSite\",\"@id\":\"https:\/\/studiopixels.net\/#website\",\"url\":\"https:\/\/studiopixels.net\/\",\"name\":\"Studio Pixels\",\"description\":\"\",\"publisher\":{\"@id\":\"https:\/\/studiopixels.net\/#organization\"},\"potentialAction\":[{\"@type\":\"SearchAction\",\"target\":{\"@type\":\"EntryPoint\",\"urlTemplate\":\"https:\/\/studiopixels.net\/?s={search_term_string}\"},\"query-input\":{\"@type\":\"PropertyValueSpecification\",\"valueRequired\":true,\"valueName\":\"search_term_string\"}}],\"inLanguage\":\"en-CA\"},{\"@type\":\"Organization\",\"@id\":\"https:\/\/studiopixels.net\/#organization\",\"name\":\"Studio Pixels\",\"url\":\"https:\/\/studiopixels.net\/\",\"logo\":{\"@type\":\"ImageObject\",\"inLanguage\":\"en-CA\",\"@id\":\"https:\/\/studiopixels.net\/#\/schema\/logo\/image\/\",\"url\":\"https:\/\/studiopixels.net\/wp-content\/uploads\/2020\/04\/cropped-Autocollant-pixels-2.jpg\",\"contentUrl\":\"https:\/\/studiopixels.net\/wp-content\/uploads\/2020\/04\/cropped-Autocollant-pixels-2.jpg\",\"width\":666,\"height\":666,\"caption\":\"Studio Pixels\"},\"image\":{\"@id\":\"https:\/\/studiopixels.net\/#\/schema\/logo\/image\/\"},\"sameAs\":[\"https:\/\/www.facebook.com\/Studiopixelsart\"]}]}<\/script>\n<!-- \/ Yoast SEO plugin. -->","yoast_head_json":{"title":"EXPLORATION DES ENCRES \u00c0 L'ALCOOL -  26 juin  - VENDREDI - 19h00 \u00c0 22h00 - Studio Pixels","robots":{"index":"index","follow":"follow","max-snippet":"max-snippet:-1","max-image-preview":"max-image-preview:large","max-video-preview":"max-video-preview:-1"},"canonical":"https:\/\/studiopixels.net\/en\/product\/exploration-des-encres-a-lalcool-27-fevrier-vendredi-19h00-a-22h00\/","og_locale":"en_US","og_type":"article","og_title":"EXPLORATION DES ENCRES \u00c0 L'ALCOOL -  26 juin  - VENDREDI - 19h00 \u00c0 22h00 - Studio Pixels","og_description":"26 juin, vendredi 19h00 \u00e0 22h00 Vous allez d\u00e9couvrir la diff\u00e9rence entre les marques d'encres, les supports, et comment l'utiliser.   Une soir\u00e9e toute en douceur, en suivant le flo des couleurs. (Pour d\u00e9butant ou avanc\u00e9)    Tout le mat\u00e9riel est fourni. Convient aux d\u00e9butants comme aux artistes avanc\u00e9s.  \u26a0\ufe0f Places limit\u00e9es \u00e0 10 participants      Adresse Stationnement \u00e0 la Mairie au 300 chemin des patriotes Atelier : 286, chemin des Patriotes \u00e0 Saint-Mathias \u00c0 c\u00f4t\u00e9 du restaurant Chez l\u2019artisan en face des Gourmandes.  *** Ne pas se stationner \u00e0 l\u2019arri\u00e8re de l\u2019immeuble.        Informations importantes :   Aucun remboursement ne sera effectu\u00e9.  Il est de votre responsabilit\u00e9 d\u2019\u00eatre pr\u00e9sent \u00e0 la date pr\u00e9vue.","og_url":"https:\/\/studiopixels.net\/en\/product\/exploration-des-encres-a-lalcool-27-fevrier-vendredi-19h00-a-22h00\/","og_site_name":"Studio Pixels","article_publisher":"https:\/\/www.facebook.com\/Studiopixelsart","article_modified_time":"2026-05-11T18:11:59+00:00","og_image":[{"width":768,"height":1024,"url":"https:\/\/studiopixels.net\/wp-content\/uploads\/2023\/04\/88859456-DA8D-439B-A25D-C52DD442E8A6_1_105_c.jpeg","type":"image\/jpeg"}],"twitter_card":"summary_large_image","twitter_misc":{"Est. reading time":"1 minute"},"schema":{"@context":"https:\/\/schema.org","@graph":[{"@type":"WebPage","@id":"https:\/\/studiopixels.net\/produit\/exploration-des-encres-a-lalcool-27-fevrier-vendredi-19h00-a-22h00\/","url":"https:\/\/studiopixels.net\/produit\/exploration-des-encres-a-lalcool-27-fevrier-vendredi-19h00-a-22h00\/","name":"EXPLORATION DES ENCRES \u00c0 L'ALCOOL - 26 juin - VENDREDI - 19h00 \u00c0 22h00 - Studio Pixels","isPartOf":{"@id":"https:\/\/studiopixels.net\/#website"},"primaryImageOfPage":{"@id":"https:\/\/studiopixels.net\/produit\/exploration-des-encres-a-lalcool-27-fevrier-vendredi-19h00-a-22h00\/#primaryimage"},"image":{"@id":"https:\/\/studiopixels.net\/produit\/exploration-des-encres-a-lalcool-27-fevrier-vendredi-19h00-a-22h00\/#primaryimage"},"thumbnailUrl":"https:\/\/studiopixels.net\/wp-content\/uploads\/2023\/04\/88859456-DA8D-439B-A25D-C52DD442E8A6_1_105_c.jpeg","datePublished":"2025-12-15T19:50:56+00:00","dateModified":"2026-05-11T18:11:59+00:00","breadcrumb":{"@id":"https:\/\/studiopixels.net\/produit\/exploration-des-encres-a-lalcool-27-fevrier-vendredi-19h00-a-22h00\/#breadcrumb"},"inLanguage":"en-CA","potentialAction":[{"@type":"ReadAction","target":["https:\/\/studiopixels.net\/produit\/exploration-des-encres-a-lalcool-27-fevrier-vendredi-19h00-a-22h00\/"]}]},{"@type":"ImageObject","inLanguage":"en-CA","@id":"https:\/\/studiopixels.net\/produit\/exploration-des-encres-a-lalcool-27-fevrier-vendredi-19h00-a-22h00\/#primaryimage","url":"https:\/\/studiopixels.net\/wp-content\/uploads\/2023\/04\/88859456-DA8D-439B-A25D-C52DD442E8A6_1_105_c.jpeg","contentUrl":"https:\/\/studiopixels.net\/wp-content\/uploads\/2023\/04\/88859456-DA8D-439B-A25D-C52DD442E8A6_1_105_c.jpeg","width":768,"height":1024},{"@type":"BreadcrumbList","@id":"https:\/\/studiopixels.net\/produit\/exploration-des-encres-a-lalcool-27-fevrier-vendredi-19h00-a-22h00\/#breadcrumb","itemListElement":[{"@type":"ListItem","position":1,"name":"Accueil","item":"https:\/\/studiopixels.net\/"},{"@type":"ListItem","position":2,"name":"Boutique","item":"https:\/\/studiopixels.net\/boutique\/"},{"@type":"ListItem","position":3,"name":"EXPLORATION DES ENCRES \u00c0 L&rsquo;ALCOOL &#8211; 26 juin &#8211; VENDREDI &#8211; 19h00 \u00c0 22h00"}]},{"@type":"WebSite","@id":"https:\/\/studiopixels.net\/#website","url":"https:\/\/studiopixels.net\/","name":"Studio Pixels","description":"","publisher":{"@id":"https:\/\/studiopixels.net\/#organization"},"potentialAction":[{"@type":"SearchAction","target":{"@type":"EntryPoint","urlTemplate":"https:\/\/studiopixels.net\/?s={search_term_string}"},"query-input":{"@type":"PropertyValueSpecification","valueRequired":true,"valueName":"search_term_string"}}],"inLanguage":"en-CA"},{"@type":"Organization","@id":"https:\/\/studiopixels.net\/#organization","name":"Studio Pixels","url":"https:\/\/studiopixels.net\/","logo":{"@type":"ImageObject","inLanguage":"en-CA","@id":"https:\/\/studiopixels.net\/#\/schema\/logo\/image\/","url":"https:\/\/studiopixels.net\/wp-content\/uploads\/2020\/04\/cropped-Autocollant-pixels-2.jpg","contentUrl":"https:\/\/studiopixels.net\/wp-content\/uploads\/2020\/04\/cropped-Autocollant-pixels-2.jpg","width":666,"height":666,"caption":"Studio Pixels"},"image":{"@id":"https:\/\/studiopixels.net\/#\/schema\/logo\/image\/"},"sameAs":["https:\/\/www.facebook.com\/Studiopixelsart"]}]}},"uagb_featured_image_src":{"full":["https:\/\/studiopixels.net\/wp-content\/uploads\/2023\/04\/88859456-DA8D-439B-A25D-C52DD442E8A6_1_105_c.jpeg",768,1024,false],"thumbnail":["https:\/\/studiopixels.net\/wp-content\/uploads\/2023\/04\/88859456-DA8D-439B-A25D-C52DD442E8A6_1_105_c-150x150.jpeg",150,150,true],"medium":["https:\/\/studiopixels.net\/wp-content\/uploads\/2023\/04\/88859456-DA8D-439B-A25D-C52DD442E8A6_1_105_c-225x300.jpeg",225,300,true],"medium_large":["https:\/\/studiopixels.net\/wp-content\/uploads\/2023\/04\/88859456-DA8D-439B-A25D-C52DD442E8A6_1_105_c.jpeg",768,1024,false],"large":["https:\/\/studiopixels.net\/wp-content\/uploads\/2023\/04\/88859456-DA8D-439B-A25D-C52DD442E8A6_1_105_c.jpeg",768,1024,false],"1536x1536":["https:\/\/studiopixels.net\/wp-content\/uploads\/2023\/04\/88859456-DA8D-439B-A25D-C52DD442E8A6_1_105_c.jpeg",768,1024,false],"2048x2048":["https:\/\/studiopixels.net\/wp-content\/uploads\/2023\/04\/88859456-DA8D-439B-A25D-C52DD442E8A6_1_105_c.jpeg",768,1024,false],"trp-custom-language-flag":["https:\/\/studiopixels.net\/wp-content\/uploads\/2023\/04\/88859456-DA8D-439B-A25D-C52DD442E8A6_1_105_c.jpeg",9,12,false],"woocommerce_thumbnail":["https:\/\/studiopixels.net\/wp-content\/uploads\/2023\/04\/88859456-DA8D-439B-A25D-C52DD442E8A6_1_105_c-300x300.jpeg",300,300,true],"woocommerce_single":["https:\/\/studiopixels.net\/wp-content\/uploads\/2023\/04\/88859456-DA8D-439B-A25D-C52DD442E8A6_1_105_c-600x800.jpeg",600,800,true],"woocommerce_gallery_thumbnail":["https:\/\/studiopixels.net\/wp-content\/uploads\/2023\/04\/88859456-DA8D-439B-A25D-C52DD442E8A6_1_105_c-100x100.jpeg",100,100,true],"shop_catalog":["https:\/\/studiopixels.net\/wp-content\/uploads\/2023\/04\/88859456-DA8D-439B-A25D-C52DD442E8A6_1_105_c-300x300.jpeg",300,300,true],"shop_single":["https:\/\/studiopixels.net\/wp-content\/uploads\/2023\/04\/88859456-DA8D-439B-A25D-C52DD442E8A6_1_105_c-600x800.jpeg",600,800,true],"shop_thumbnail":["https:\/\/studiopixels.net\/wp-content\/uploads\/2023\/04\/88859456-DA8D-439B-A25D-C52DD442E8A6_1_105_c-100x100.jpeg",100,100,true]},"uagb_author_info":{"display_name":"admin","author_link":"https:\/\/studiopixels.net\/en\/author\/"},"uagb_comment_info":0,"uagb_excerpt":"26 juin, vendredi 19h00 \u00e0 22h00 Vous allez d\u00e9couvrir la diff\u00e9rence entre les marques d'encres, les supports, et comment l'utiliser. Une soir\u00e9e toute en douceur, en suivant le flo des couleurs. (Pour d\u00e9butant ou avanc\u00e9) Tout le mat\u00e9riel est fourni. Convient aux d\u00e9butants comme aux artistes avanc\u00e9s. \u26a0\ufe0f Places limit\u00e9es \u00e0 10 participants Adresse Stationnement&hellip;","_links":{"self":[{"href":"https:\/\/studiopixels.net\/en\/wp-json\/wp\/v2\/product\/10763","targetHints":{"allow":["GET"]}}],"collection":[{"href":"https:\/\/studiopixels.net\/en\/wp-json\/wp\/v2\/product"}],"about":[{"href":"https:\/\/studiopixels.net\/en\/wp-json\/wp\/v2\/types\/product"}],"replies":[{"embeddable":true,"href":"https:\/\/studiopixels.net\/en\/wp-json\/wp\/v2\/comments?post=10763"}],"version-history":[{"count":3,"href":"https:\/\/studiopixels.net\/en\/wp-json\/wp\/v2\/product\/10763\/revisions"}],"predecessor-version":[{"id":11255,"href":"https:\/\/studiopixels.net\/en\/wp-json\/wp\/v2\/product\/10763\/revisions\/11255"}],"wp:featuredmedia":[{"embeddable":true,"href":"https:\/\/studiopixels.net\/en\/wp-json\/wp\/v2\/media\/6723"}],"wp:attachment":[{"href":"https:\/\/studiopixels.net\/en\/wp-json\/wp\/v2\/media?parent=10763"}],"curies":[{"name":"wp","href":"https:\/\/api.w.org\/{rel}","templated":true}]}}