{"id":10769,"date":"2025-12-15T14:55:57","date_gmt":"2025-12-15T19:55:57","guid":{"rendered":"https:\/\/studiopixels.net\/?post_type=product&#038;p=10769"},"modified":"2026-04-20T11:49:14","modified_gmt":"2026-04-20T15:49:14","slug":"viens-creer-ton-totem-27-mars-vendredi-19h00-a-22h00","status":"publish","type":"product","link":"https:\/\/studiopixels.net\/en\/product\/viens-creer-ton-totem-27-mars-vendredi-19h00-a-22h00\/","title":{"rendered":"Viens cr\u00e9er ton totem &#8211; <strong> 19 juin <strong>  &#8211; VENDREDI- 19h00 \u00c0 22h00"},"content":{"rendered":"<div dir=\"auto\">\n<div class=\"o9v6fnle cxmmr5t8 oygrvhab hcukyx3x c1et5uql\">\n<h4 dir=\"auto\"><strong>19 juin 19h00 \u00c0 22h00 VENDREDI<\/strong><\/h4>\n<div dir=\"auto\">\n<div class=\"o9v6fnle cxmmr5t8 oygrvhab hcukyx3x c1et5uql\">\n<p data-start=\"282\" data-end=\"540\">Tu as aim\u00e9 mon atelier <em data-start=\"305\" data-end=\"326\">\u201cGouache et posca\u201d<\/em> \u00e0 la mani\u00e8re de Morrisseau et Britto?<br data-start=\"359\" data-end=\"362\" \/>Ce nouvel atelier te propose d\u2019aller encore plus loin, en m\u00ealant <strong data-start=\"427\" data-end=\"440\">intuition<\/strong>, <strong data-start=\"442\" data-end=\"467\">expression artistique<\/strong> et <strong data-start=\"471\" data-end=\"490\">connexion \u00e0 soi<\/strong> \u00e0 travers la cr\u00e9ation d\u2019un totem haut en couleur personnalis\u00e9.<\/p>\n<p data-start=\"542\" data-end=\"854\">\ud83c\udccf \u00c0 partir du <strong data-start=\"557\" data-end=\"581\">jeu des cartes totem<\/strong>, chaque participant pigera <strong data-start=\"609\" data-end=\"630\">3 cartes animales<\/strong> accompagn\u00e9es de leurs <strong data-start=\"653\" data-end=\"669\">descriptions<\/strong>.<br \/>\nCes animaux sont l\u00e0 pour t&rsquo;inspirer : ils deviendront les \u00e9l\u00e9ments cl\u00e9s de ton \u0153uvre.<br data-start=\"756\" data-end=\"759\" \/>Avec ce trio symbolique, tu vas <strong data-start=\"791\" data-end=\"820\">composer ton propre totem<\/strong>, reflet de ton \u00e9nergie du moment.<\/p>\n<p data-start=\"856\" data-end=\"1238\">\ud83c\udfa8 Ensuite, tu passeras \u00e0 l&rsquo;action avec la <strong data-start=\"899\" data-end=\"920\">gouache acrylique<\/strong> et les <strong data-start=\"928\" data-end=\"945\">feutres Posca<\/strong>, en t&rsquo;inspirant des styles puissants de <strong data-start=\"986\" data-end=\"1007\">Norval Morrisseau<\/strong>, artiste embl\u00e9matique de l\u2019art autochtone canadien, et de <strong data-start=\"1066\" data-end=\"1083\">Romero Britto<\/strong>, reconnu pour ses \u0153uvres pop \u00e9clatantes et expressives. Ou tout simplement \u00e0 ta mani\u00e8re \u00e0 toi \ud83d\ude09<br data-start=\"1139\" data-end=\"1142\" \/>Tu apprendras \u00e0 styliser, agencer, colorer et illustrer ton totem de mani\u00e8re libre et intuitive.<\/p>\n<p data-start=\"1240\" data-end=\"1368\">\ud83c\udf1f Un atelier vibrant pour l\u00e2cher prise, explorer la symbolique animale et t\u2019amuser avec les formes, les couleurs et les motifs.<\/p>\n<p data-start=\"1370\" data-end=\"1565\">\u2705 Atelier accessible \u00e0 tous \u2013 aucun pr\u00e9requis artistique<br data-start=\"1426\" data-end=\"1429\" \/>\ud83c\udfa8 Tout le mat\u00e9riel est fourni \u2013 tu repars avec ton \u0153uvre sur papier<br data-start=\"1497\" data-end=\"1500\" \/>\ud83e\uddd8\u200d\u2640\ufe0f Un moment unique de cr\u00e9ation, d\u2019introspection et de plaisir<\/p>\n<p data-start=\"1567\" data-end=\"1711\">\ud83d\udccd \u00c7a se passe dans mon atelier \u00e0 Saint-Mathias-sur-Richelieu<br data-start=\"1628\" data-end=\"1631\" \/>\u2728 Les places sont limit\u00e9es \u2013 r\u00e9serve vite ta place pour cette aventure cr\u00e9ative!<\/p>\n<p><span style=\"font-size: 16px;\"> (Pour d\u00e9butant ou avanc\u00e9)<\/span><\/p>\n<\/div>\n<div><\/div>\n<\/div>\n<div dir=\"auto\">\n<div class=\"o9v6fnle cxmmr5t8 oygrvhab hcukyx3x c1et5uql\">MAT\u00c9RIELS FOURNIS<\/div>\n<div class=\"o9v6fnle cxmmr5t8 oygrvhab hcukyx3x c1et5uql\">ATTENTION : ******<br \/>\n12\u00a0 personnes par atelier<\/div>\n<div><\/div>\n<div class=\"o9v6fnle cxmmr5t8 oygrvhab hcukyx3x c1et5uql\">Stationnement \u00e0 la Mairie<br \/>\nl&rsquo;atelier est au, 286, chemin des Patriotes \u00e0 Saint-Mathias<br \/>\n\u00c0 c\u00f4t\u00e9 du restaurant Chez l&rsquo;artisan en face des Gourmandes.<br \/>\n*** Ne pas se stationner \u00e0 l&rsquo;arri\u00e8re de l&rsquo;immeuble.<\/div>\n<\/div>\n<div><\/div>\n<div dir=\"auto\">\n<div class=\"o9v6fnle cxmmr5t8 oygrvhab hcukyx3x c1et5uql\">N.B.<br \/>\n****** Aucun remboursement sera fait.<br \/>\nIl est de votre responsabilit\u00e9 d&rsquo;\u00eatre pr\u00e9sent \u00e0 votre soir\u00e9e.<\/div>\n<\/div>\n<\/div>\n<\/div>","protected":false},"excerpt":{"rendered":"<div dir=\"auto\">\n<div class=\"o9v6fnle cxmmr5t8 oygrvhab hcukyx3x c1et5uql\">\n<div dir=\"auto\">\n<div class=\"o9v6fnle cxmmr5t8 oygrvhab hcukyx3x c1et5uql\">\n<h4 dir=\"auto\"><strong>19 juin 19h00 \u00c0 22h00 VENDREDI<\/strong><\/h4>\n<div dir=\"auto\">\n<div class=\"o9v6fnle cxmmr5t8 oygrvhab hcukyx3x c1et5uql\">\n<p data-start=\"282\" data-end=\"540\">Tu as aim\u00e9 mon atelier <em data-start=\"305\" data-end=\"326\">\u201cGouache et posca\u201d<\/em> \u00e0 la mani\u00e8re de Morrisseau et Britto?<br data-start=\"359\" data-end=\"362\" \/>Ce nouvel atelier te propose d\u2019aller encore plus loin, en m\u00ealant <strong data-start=\"427\" data-end=\"440\">intuition<\/strong>, <strong data-start=\"442\" data-end=\"467\">expression artistique<\/strong> et <strong data-start=\"471\" data-end=\"490\">connexion \u00e0 soi<\/strong> \u00e0 travers la cr\u00e9ation d\u2019un totem haut en couleur personnalis\u00e9.<\/p>\n<p data-start=\"542\" data-end=\"854\">\ud83c\udccf \u00c0 partir du <strong data-start=\"557\" data-end=\"581\">jeu des cartes totem<\/strong>, chaque participant pigera <strong data-start=\"609\" data-end=\"630\">3 cartes animales<\/strong> accompagn\u00e9es de leurs <strong data-start=\"653\" data-end=\"669\">descriptions<\/strong>.<br \/>\nCes animaux sont l\u00e0 pour t&rsquo;inspirer : ils deviendront les \u00e9l\u00e9ments cl\u00e9s de ton \u0153uvre.<br data-start=\"756\" data-end=\"759\" \/>Avec ce trio symbolique, tu vas <strong data-start=\"791\" data-end=\"820\">composer ton propre totem<\/strong>, reflet de ton \u00e9nergie du moment.<\/p>\n<p data-start=\"856\" data-end=\"1238\">\ud83c\udfa8 Ensuite, tu passeras \u00e0 l&rsquo;action avec la <strong data-start=\"899\" data-end=\"920\">gouache acrylique<\/strong> et les <strong data-start=\"928\" data-end=\"945\">feutres Posca<\/strong>, en t&rsquo;inspirant des styles puissants de <strong data-start=\"986\" data-end=\"1007\">Norval Morrisseau<\/strong>, artiste embl\u00e9matique de l\u2019art autochtone canadien, et de <strong data-start=\"1066\" data-end=\"1083\">Romero Britto<\/strong>, reconnu pour ses \u0153uvres pop \u00e9clatantes et expressives. Ou tout simplement \u00e0 ta mani\u00e8re \u00e0 toi \ud83d\ude09<br data-start=\"1139\" data-end=\"1142\" \/>Tu apprendras \u00e0 styliser, agencer, colorer et illustrer ton totem de mani\u00e8re libre et intuitive.<\/p>\n<p data-start=\"1240\" data-end=\"1368\">\ud83c\udf1f Un atelier vibrant pour l\u00e2cher prise, explorer la symbolique animale et t\u2019amuser avec les formes, les couleurs et les motifs.<\/p>\n<p data-start=\"1370\" data-end=\"1565\">\u2705 Atelier accessible \u00e0 tous \u2013 aucun pr\u00e9requis artistique<br data-start=\"1426\" data-end=\"1429\" \/>\ud83c\udfa8 Tout le mat\u00e9riel est fourni \u2013 tu repars avec ton \u0153uvre sur papier<br data-start=\"1497\" data-end=\"1500\" \/>\ud83e\uddd8\u200d\u2640\ufe0f Un moment unique de cr\u00e9ation, d\u2019introspection et de plaisir<\/p>\n<p data-start=\"1567\" data-end=\"1711\">\ud83d\udccd \u00c7a se passe dans mon atelier \u00e0 Saint-Mathias-sur-Richelieu<br data-start=\"1628\" data-end=\"1631\" \/>\u2728 Les places sont limit\u00e9es \u2013 r\u00e9serve vite ta place pour cette aventure cr\u00e9ative!<\/p>\n<p><span style=\"font-size: 16px;\"> (Pour d\u00e9butant ou avanc\u00e9)<\/span><\/p>\n<\/div>\n<div><\/div>\n<\/div>\n<div dir=\"auto\">\n<div class=\"o9v6fnle cxmmr5t8 oygrvhab hcukyx3x c1et5uql\">MAT\u00c9RIELS FOURNIS<\/div>\n<div class=\"o9v6fnle cxmmr5t8 oygrvhab hcukyx3x c1et5uql\">ATTENTION : ******<br \/>\n12\u00a0 personnes par atelier<\/div>\n<div><\/div>\n<div class=\"o9v6fnle cxmmr5t8 oygrvhab hcukyx3x c1et5uql\">Stationnement \u00e0 la Mairie<br \/>\nl&rsquo;atelier est au, 286, chemin des Patriotes \u00e0 Saint-Mathias<br \/>\n\u00c0 c\u00f4t\u00e9 du restaurant Chez l&rsquo;artisan en face des Gourmandes.<br \/>\n*** Ne pas se stationner \u00e0 l&rsquo;arri\u00e8re de l&rsquo;immeuble.<\/div>\n<\/div>\n<div><\/div>\n<div dir=\"auto\">\n<div class=\"o9v6fnle cxmmr5t8 oygrvhab hcukyx3x c1et5uql\">N.B.<br \/>\n****** Aucun remboursement sera fait.<br \/>\nIl est de votre responsabilit\u00e9 d&rsquo;\u00eatre pr\u00e9sent \u00e0 votre soir\u00e9e.<\/div>\n<\/div>\n<\/div>\n<\/div>\n<\/div>\n<\/div>","protected":false},"featured_media":11006,"comment_status":"open","ping_status":"closed","template":"","meta":{"_uag_custom_page_level_css":""},"class_list":{"0":"post-10769","1":"product","2":"type-product","3":"status-publish","4":"has-post-thumbnail","6":"product_cat-ateliers","8":"first","9":"instock","10":"virtual","11":"taxable","12":"purchasable","13":"product-type-simple"},"yoast_head":"<!-- This site is optimized with the Yoast SEO plugin v26.4 - https:\/\/yoast.com\/wordpress\/plugins\/seo\/ -->\n<title>Viens cr\u00e9er ton totem -  19 juin  - VENDREDI- 19h00 \u00c0 22h00 - Studio Pixels<\/title>\n<meta name=\"robots\" content=\"index, follow, max-snippet:-1, max-image-preview:large, max-video-preview:-1\" \/>\n<link rel=\"canonical\" href=\"https:\/\/studiopixels.net\/en\/product\/viens-creer-ton-totem-27-mars-vendredi-19h00-a-22h00\/\" \/>\n<meta property=\"og:locale\" content=\"en_US\" \/>\n<meta property=\"og:type\" content=\"article\" \/>\n<meta property=\"og:title\" content=\"Viens cr\u00e9er ton totem -  19 juin  - VENDREDI- 19h00 \u00c0 22h00 - Studio Pixels\" \/>\n<meta property=\"og:description\" content=\"19 juin 19h00 \u00c0 22h00 VENDREDI   Tu as aim\u00e9 mon atelier \u201cGouache et posca\u201d \u00e0 la mani\u00e8re de Morrisseau et Britto?Ce nouvel atelier te propose d\u2019aller encore plus loin, en m\u00ealant intuition, expression artistique et connexion \u00e0 soi \u00e0 travers la cr\u00e9ation d\u2019un totem haut en couleur personnalis\u00e9. \ud83c\udccf \u00c0 partir du jeu des cartes totem, chaque participant pigera 3 cartes animales accompagn\u00e9es de leurs descriptions. Ces animaux sont l\u00e0 pour t&#039;inspirer : ils deviendront les \u00e9l\u00e9ments cl\u00e9s de ton \u0153uvre.Avec ce trio symbolique, tu vas composer ton propre totem, reflet de ton \u00e9nergie du moment. \ud83c\udfa8 Ensuite, tu passeras \u00e0 l&#039;action avec la gouache acrylique et les feutres Posca, en t&#039;inspirant des styles puissants de Norval Morrisseau, artiste embl\u00e9matique de l\u2019art autochtone canadien, et de Romero Britto, reconnu pour ses \u0153uvres pop \u00e9clatantes et expressives. Ou tout simplement \u00e0 ta mani\u00e8re \u00e0 toi ;-)Tu apprendras \u00e0 styliser, agencer, colorer et illustrer ton totem de mani\u00e8re libre et intuitive. \ud83c\udf1f Un atelier vibrant pour l\u00e2cher prise, explorer la symbolique animale et t\u2019amuser avec les formes, les couleurs et les motifs. \u2705 Atelier accessible \u00e0 tous \u2013 aucun pr\u00e9requis artistique\ud83c\udfa8 Tout le mat\u00e9riel est fourni \u2013 tu repars avec ton \u0153uvre sur papier\ud83e\uddd8\u200d\u2640\ufe0f Un moment unique de cr\u00e9ation, d\u2019introspection et de plaisir \ud83d\udccd \u00c7a se passe dans mon atelier \u00e0 Saint-Mathias-sur-Richelieu\u2728 Les places sont limit\u00e9es \u2013 r\u00e9serve vite ta place pour cette aventure cr\u00e9ative!  (Pour d\u00e9butant ou avanc\u00e9)      MAT\u00c9RIELS FOURNIS ATTENTION : ****** 12\u00a0 personnes par atelier  Stationnement \u00e0 la Mairie l&#039;atelier est au, 286, chemin des Patriotes \u00e0 Saint-Mathias \u00c0 c\u00f4t\u00e9 du restaurant Chez l&#039;artisan en face des Gourmandes. *** Ne pas se stationner \u00e0 l&#039;arri\u00e8re de l&#039;immeuble.    N.B. ****** Aucun remboursement sera fait. Il est de votre responsabilit\u00e9 d&#039;\u00eatre pr\u00e9sent \u00e0 votre soir\u00e9e.\" \/>\n<meta property=\"og:url\" content=\"https:\/\/studiopixels.net\/en\/product\/viens-creer-ton-totem-27-mars-vendredi-19h00-a-22h00\/\" \/>\n<meta property=\"og:site_name\" content=\"Studio Pixels\" \/>\n<meta property=\"article:publisher\" content=\"https:\/\/www.facebook.com\/Studiopixelsart\" \/>\n<meta property=\"article:modified_time\" content=\"2026-04-20T15:49:14+00:00\" \/>\n<meta property=\"og:image\" content=\"https:\/\/studiopixels.net\/wp-content\/uploads\/2025\/12\/atelier-totem.jpg\" \/>\n\t<meta property=\"og:image:width\" content=\"1080\" \/>\n\t<meta property=\"og:image:height\" content=\"1080\" \/>\n\t<meta property=\"og:image:type\" content=\"image\/jpeg\" \/>\n<meta name=\"twitter:card\" content=\"summary_large_image\" \/>\n<meta name=\"twitter:label1\" content=\"Est. reading time\" \/>\n\t<meta name=\"twitter:data1\" content=\"2 minutes\" \/>\n<script type=\"application\/ld+json\" class=\"yoast-schema-graph\">{\"@context\":\"https:\/\/schema.org\",\"@graph\":[{\"@type\":\"WebPage\",\"@id\":\"https:\/\/studiopixels.net\/produit\/viens-creer-ton-totem-27-mars-vendredi-19h00-a-22h00\/\",\"url\":\"https:\/\/studiopixels.net\/produit\/viens-creer-ton-totem-27-mars-vendredi-19h00-a-22h00\/\",\"name\":\"Viens cr\u00e9er ton totem - 19 juin - VENDREDI- 19h00 \u00c0 22h00 - Studio Pixels\",\"isPartOf\":{\"@id\":\"https:\/\/studiopixels.net\/#website\"},\"primaryImageOfPage\":{\"@id\":\"https:\/\/studiopixels.net\/produit\/viens-creer-ton-totem-27-mars-vendredi-19h00-a-22h00\/#primaryimage\"},\"image\":{\"@id\":\"https:\/\/studiopixels.net\/produit\/viens-creer-ton-totem-27-mars-vendredi-19h00-a-22h00\/#primaryimage\"},\"thumbnailUrl\":\"https:\/\/studiopixels.net\/wp-content\/uploads\/2025\/12\/atelier-totem.jpg\",\"datePublished\":\"2025-12-15T19:55:57+00:00\",\"dateModified\":\"2026-04-20T15:49:14+00:00\",\"breadcrumb\":{\"@id\":\"https:\/\/studiopixels.net\/produit\/viens-creer-ton-totem-27-mars-vendredi-19h00-a-22h00\/#breadcrumb\"},\"inLanguage\":\"en-CA\",\"potentialAction\":[{\"@type\":\"ReadAction\",\"target\":[\"https:\/\/studiopixels.net\/produit\/viens-creer-ton-totem-27-mars-vendredi-19h00-a-22h00\/\"]}]},{\"@type\":\"ImageObject\",\"inLanguage\":\"en-CA\",\"@id\":\"https:\/\/studiopixels.net\/produit\/viens-creer-ton-totem-27-mars-vendredi-19h00-a-22h00\/#primaryimage\",\"url\":\"https:\/\/studiopixels.net\/wp-content\/uploads\/2025\/12\/atelier-totem.jpg\",\"contentUrl\":\"https:\/\/studiopixels.net\/wp-content\/uploads\/2025\/12\/atelier-totem.jpg\",\"width\":1080,\"height\":1080},{\"@type\":\"BreadcrumbList\",\"@id\":\"https:\/\/studiopixels.net\/produit\/viens-creer-ton-totem-27-mars-vendredi-19h00-a-22h00\/#breadcrumb\",\"itemListElement\":[{\"@type\":\"ListItem\",\"position\":1,\"name\":\"Accueil\",\"item\":\"https:\/\/studiopixels.net\/\"},{\"@type\":\"ListItem\",\"position\":2,\"name\":\"Boutique\",\"item\":\"https:\/\/studiopixels.net\/boutique\/\"},{\"@type\":\"ListItem\",\"position\":3,\"name\":\"Viens cr\u00e9er ton totem &#8211; 19 juin &#8211; VENDREDI- 19h00 \u00c0 22h00\"}]},{\"@type\":\"WebSite\",\"@id\":\"https:\/\/studiopixels.net\/#website\",\"url\":\"https:\/\/studiopixels.net\/\",\"name\":\"Studio Pixels\",\"description\":\"\",\"publisher\":{\"@id\":\"https:\/\/studiopixels.net\/#organization\"},\"potentialAction\":[{\"@type\":\"SearchAction\",\"target\":{\"@type\":\"EntryPoint\",\"urlTemplate\":\"https:\/\/studiopixels.net\/?s={search_term_string}\"},\"query-input\":{\"@type\":\"PropertyValueSpecification\",\"valueRequired\":true,\"valueName\":\"search_term_string\"}}],\"inLanguage\":\"en-CA\"},{\"@type\":\"Organization\",\"@id\":\"https:\/\/studiopixels.net\/#organization\",\"name\":\"Studio Pixels\",\"url\":\"https:\/\/studiopixels.net\/\",\"logo\":{\"@type\":\"ImageObject\",\"inLanguage\":\"en-CA\",\"@id\":\"https:\/\/studiopixels.net\/#\/schema\/logo\/image\/\",\"url\":\"https:\/\/studiopixels.net\/wp-content\/uploads\/2020\/04\/cropped-Autocollant-pixels-2.jpg\",\"contentUrl\":\"https:\/\/studiopixels.net\/wp-content\/uploads\/2020\/04\/cropped-Autocollant-pixels-2.jpg\",\"width\":666,\"height\":666,\"caption\":\"Studio Pixels\"},\"image\":{\"@id\":\"https:\/\/studiopixels.net\/#\/schema\/logo\/image\/\"},\"sameAs\":[\"https:\/\/www.facebook.com\/Studiopixelsart\"]}]}<\/script>\n<!-- \/ Yoast SEO plugin. -->","yoast_head_json":{"title":"Viens cr\u00e9er ton totem -  19 juin  - VENDREDI- 19h00 \u00c0 22h00 - Studio Pixels","robots":{"index":"index","follow":"follow","max-snippet":"max-snippet:-1","max-image-preview":"max-image-preview:large","max-video-preview":"max-video-preview:-1"},"canonical":"https:\/\/studiopixels.net\/en\/product\/viens-creer-ton-totem-27-mars-vendredi-19h00-a-22h00\/","og_locale":"en_US","og_type":"article","og_title":"Viens cr\u00e9er ton totem -  19 juin  - VENDREDI- 19h00 \u00c0 22h00 - Studio Pixels","og_description":"19 juin 19h00 \u00c0 22h00 VENDREDI   Tu as aim\u00e9 mon atelier \u201cGouache et posca\u201d \u00e0 la mani\u00e8re de Morrisseau et Britto?Ce nouvel atelier te propose d\u2019aller encore plus loin, en m\u00ealant intuition, expression artistique et connexion \u00e0 soi \u00e0 travers la cr\u00e9ation d\u2019un totem haut en couleur personnalis\u00e9. \ud83c\udccf \u00c0 partir du jeu des cartes totem, chaque participant pigera 3 cartes animales accompagn\u00e9es de leurs descriptions. Ces animaux sont l\u00e0 pour t'inspirer : ils deviendront les \u00e9l\u00e9ments cl\u00e9s de ton \u0153uvre.Avec ce trio symbolique, tu vas composer ton propre totem, reflet de ton \u00e9nergie du moment. \ud83c\udfa8 Ensuite, tu passeras \u00e0 l'action avec la gouache acrylique et les feutres Posca, en t'inspirant des styles puissants de Norval Morrisseau, artiste embl\u00e9matique de l\u2019art autochtone canadien, et de Romero Britto, reconnu pour ses \u0153uvres pop \u00e9clatantes et expressives. Ou tout simplement \u00e0 ta mani\u00e8re \u00e0 toi ;-)Tu apprendras \u00e0 styliser, agencer, colorer et illustrer ton totem de mani\u00e8re libre et intuitive. \ud83c\udf1f Un atelier vibrant pour l\u00e2cher prise, explorer la symbolique animale et t\u2019amuser avec les formes, les couleurs et les motifs. \u2705 Atelier accessible \u00e0 tous \u2013 aucun pr\u00e9requis artistique\ud83c\udfa8 Tout le mat\u00e9riel est fourni \u2013 tu repars avec ton \u0153uvre sur papier\ud83e\uddd8\u200d\u2640\ufe0f Un moment unique de cr\u00e9ation, d\u2019introspection et de plaisir \ud83d\udccd \u00c7a se passe dans mon atelier \u00e0 Saint-Mathias-sur-Richelieu\u2728 Les places sont limit\u00e9es \u2013 r\u00e9serve vite ta place pour cette aventure cr\u00e9ative!  (Pour d\u00e9butant ou avanc\u00e9)      MAT\u00c9RIELS FOURNIS ATTENTION : ****** 12\u00a0 personnes par atelier  Stationnement \u00e0 la Mairie l'atelier est au, 286, chemin des Patriotes \u00e0 Saint-Mathias \u00c0 c\u00f4t\u00e9 du restaurant Chez l'artisan en face des Gourmandes. *** Ne pas se stationner \u00e0 l'arri\u00e8re de l'immeuble.    N.B. ****** Aucun remboursement sera fait. Il est de votre responsabilit\u00e9 d'\u00eatre pr\u00e9sent \u00e0 votre soir\u00e9e.","og_url":"https:\/\/studiopixels.net\/en\/product\/viens-creer-ton-totem-27-mars-vendredi-19h00-a-22h00\/","og_site_name":"Studio Pixels","article_publisher":"https:\/\/www.facebook.com\/Studiopixelsart","article_modified_time":"2026-04-20T15:49:14+00:00","og_image":[{"width":1080,"height":1080,"url":"https:\/\/studiopixels.net\/wp-content\/uploads\/2025\/12\/atelier-totem.jpg","type":"image\/jpeg"}],"twitter_card":"summary_large_image","twitter_misc":{"Est. reading time":"2 minutes"},"schema":{"@context":"https:\/\/schema.org","@graph":[{"@type":"WebPage","@id":"https:\/\/studiopixels.net\/produit\/viens-creer-ton-totem-27-mars-vendredi-19h00-a-22h00\/","url":"https:\/\/studiopixels.net\/produit\/viens-creer-ton-totem-27-mars-vendredi-19h00-a-22h00\/","name":"Viens cr\u00e9er ton totem - 19 juin - VENDREDI- 19h00 \u00c0 22h00 - Studio Pixels","isPartOf":{"@id":"https:\/\/studiopixels.net\/#website"},"primaryImageOfPage":{"@id":"https:\/\/studiopixels.net\/produit\/viens-creer-ton-totem-27-mars-vendredi-19h00-a-22h00\/#primaryimage"},"image":{"@id":"https:\/\/studiopixels.net\/produit\/viens-creer-ton-totem-27-mars-vendredi-19h00-a-22h00\/#primaryimage"},"thumbnailUrl":"https:\/\/studiopixels.net\/wp-content\/uploads\/2025\/12\/atelier-totem.jpg","datePublished":"2025-12-15T19:55:57+00:00","dateModified":"2026-04-20T15:49:14+00:00","breadcrumb":{"@id":"https:\/\/studiopixels.net\/produit\/viens-creer-ton-totem-27-mars-vendredi-19h00-a-22h00\/#breadcrumb"},"inLanguage":"en-CA","potentialAction":[{"@type":"ReadAction","target":["https:\/\/studiopixels.net\/produit\/viens-creer-ton-totem-27-mars-vendredi-19h00-a-22h00\/"]}]},{"@type":"ImageObject","inLanguage":"en-CA","@id":"https:\/\/studiopixels.net\/produit\/viens-creer-ton-totem-27-mars-vendredi-19h00-a-22h00\/#primaryimage","url":"https:\/\/studiopixels.net\/wp-content\/uploads\/2025\/12\/atelier-totem.jpg","contentUrl":"https:\/\/studiopixels.net\/wp-content\/uploads\/2025\/12\/atelier-totem.jpg","width":1080,"height":1080},{"@type":"BreadcrumbList","@id":"https:\/\/studiopixels.net\/produit\/viens-creer-ton-totem-27-mars-vendredi-19h00-a-22h00\/#breadcrumb","itemListElement":[{"@type":"ListItem","position":1,"name":"Accueil","item":"https:\/\/studiopixels.net\/"},{"@type":"ListItem","position":2,"name":"Boutique","item":"https:\/\/studiopixels.net\/boutique\/"},{"@type":"ListItem","position":3,"name":"Viens cr\u00e9er ton totem &#8211; 19 juin &#8211; VENDREDI- 19h00 \u00c0 22h00"}]},{"@type":"WebSite","@id":"https:\/\/studiopixels.net\/#website","url":"https:\/\/studiopixels.net\/","name":"Studio Pixels","description":"","publisher":{"@id":"https:\/\/studiopixels.net\/#organization"},"potentialAction":[{"@type":"SearchAction","target":{"@type":"EntryPoint","urlTemplate":"https:\/\/studiopixels.net\/?s={search_term_string}"},"query-input":{"@type":"PropertyValueSpecification","valueRequired":true,"valueName":"search_term_string"}}],"inLanguage":"en-CA"},{"@type":"Organization","@id":"https:\/\/studiopixels.net\/#organization","name":"Studio Pixels","url":"https:\/\/studiopixels.net\/","logo":{"@type":"ImageObject","inLanguage":"en-CA","@id":"https:\/\/studiopixels.net\/#\/schema\/logo\/image\/","url":"https:\/\/studiopixels.net\/wp-content\/uploads\/2020\/04\/cropped-Autocollant-pixels-2.jpg","contentUrl":"https:\/\/studiopixels.net\/wp-content\/uploads\/2020\/04\/cropped-Autocollant-pixels-2.jpg","width":666,"height":666,"caption":"Studio Pixels"},"image":{"@id":"https:\/\/studiopixels.net\/#\/schema\/logo\/image\/"},"sameAs":["https:\/\/www.facebook.com\/Studiopixelsart"]}]}},"uagb_featured_image_src":{"full":["https:\/\/studiopixels.net\/wp-content\/uploads\/2025\/12\/atelier-totem.jpg",1080,1080,false],"thumbnail":["https:\/\/studiopixels.net\/wp-content\/uploads\/2025\/12\/atelier-totem-150x150.jpg",150,150,true],"medium":["https:\/\/studiopixels.net\/wp-content\/uploads\/2025\/12\/atelier-totem-300x300.jpg",300,300,true],"medium_large":["https:\/\/studiopixels.net\/wp-content\/uploads\/2025\/12\/atelier-totem-768x768.jpg",768,768,true],"large":["https:\/\/studiopixels.net\/wp-content\/uploads\/2025\/12\/atelier-totem-1024x1024.jpg",1024,1024,true],"1536x1536":["https:\/\/studiopixels.net\/wp-content\/uploads\/2025\/12\/atelier-totem.jpg",1080,1080,false],"2048x2048":["https:\/\/studiopixels.net\/wp-content\/uploads\/2025\/12\/atelier-totem.jpg",1080,1080,false],"trp-custom-language-flag":["https:\/\/studiopixels.net\/wp-content\/uploads\/2025\/12\/atelier-totem-12x12.jpg",12,12,true],"woocommerce_thumbnail":["https:\/\/studiopixels.net\/wp-content\/uploads\/2025\/12\/atelier-totem-300x300.jpg",300,300,true],"woocommerce_single":["https:\/\/studiopixels.net\/wp-content\/uploads\/2025\/12\/atelier-totem-600x600.jpg",600,600,true],"woocommerce_gallery_thumbnail":["https:\/\/studiopixels.net\/wp-content\/uploads\/2025\/12\/atelier-totem-100x100.jpg",100,100,true],"shop_catalog":["https:\/\/studiopixels.net\/wp-content\/uploads\/2025\/12\/atelier-totem-300x300.jpg",300,300,true],"shop_single":["https:\/\/studiopixels.net\/wp-content\/uploads\/2025\/12\/atelier-totem-600x600.jpg",600,600,true],"shop_thumbnail":["https:\/\/studiopixels.net\/wp-content\/uploads\/2025\/12\/atelier-totem-100x100.jpg",100,100,true]},"uagb_author_info":{"display_name":"admin","author_link":"https:\/\/studiopixels.net\/en\/author\/"},"uagb_comment_info":0,"uagb_excerpt":"19 juin 19h00 \u00c0 22h00 VENDREDI Tu as aim\u00e9 mon atelier \u201cGouache et posca\u201d \u00e0 la mani\u00e8re de Morrisseau et Britto?Ce nouvel atelier te propose d\u2019aller encore plus loin, en m\u00ealant intuition, expression artistique et connexion \u00e0 soi \u00e0 travers la cr\u00e9ation d\u2019un totem haut en couleur personnalis\u00e9. \ud83c\udccf \u00c0 partir du jeu des cartes&hellip;","_links":{"self":[{"href":"https:\/\/studiopixels.net\/en\/wp-json\/wp\/v2\/product\/10769","targetHints":{"allow":["GET"]}}],"collection":[{"href":"https:\/\/studiopixels.net\/en\/wp-json\/wp\/v2\/product"}],"about":[{"href":"https:\/\/studiopixels.net\/en\/wp-json\/wp\/v2\/types\/product"}],"replies":[{"embeddable":true,"href":"https:\/\/studiopixels.net\/en\/wp-json\/wp\/v2\/comments?post=10769"}],"version-history":[{"count":2,"href":"https:\/\/studiopixels.net\/en\/wp-json\/wp\/v2\/product\/10769\/revisions"}],"predecessor-version":[{"id":11205,"href":"https:\/\/studiopixels.net\/en\/wp-json\/wp\/v2\/product\/10769\/revisions\/11205"}],"wp:featuredmedia":[{"embeddable":true,"href":"https:\/\/studiopixels.net\/en\/wp-json\/wp\/v2\/media\/11006"}],"wp:attachment":[{"href":"https:\/\/studiopixels.net\/en\/wp-json\/wp\/v2\/media?parent=10769"}],"curies":[{"name":"wp","href":"https:\/\/api.w.org\/{rel}","templated":true}]}}