{"id":10771,"date":"2025-12-15T16:06:12","date_gmt":"2025-12-15T21:06:12","guid":{"rendered":"https:\/\/studiopixels.net\/?post_type=product&#038;p=10771"},"modified":"2026-04-20T12:03:11","modified_gmt":"2026-04-20T16:03:11","slug":"bouquets-libres-aquarelle-encres-aquarelle-13-fevrier-vendredi-19h00-a-22h00","status":"publish","type":"product","link":"https:\/\/studiopixels.net\/en\/product\/bouquets-libres-aquarelle-encres-aquarelle-13-fevrier-vendredi-19h00-a-22h00\/","title":{"rendered":"Bouquets libres \u2013 aquarelle &#038; encres aquarelle &#8211; <strong> 12 juin <strong>  &#8211; VENDREDI &#8211; 19h00 \u00c0 22h00"},"content":{"rendered":"<div dir=\"auto\">\n<div class=\"m8h3af8h l7ghb35v kjdc1dyq kmwttqpk gh25dzvf\">\n<h4 dir=\"auto\"><strong>12 juin &#8211;\u00a0 VENDREDI- 19h00 \u00c0 22h00\u00a0<\/strong><\/h4>\n<div dir=\"auto\">\n<div dir=\"auto\">\n<div dir=\"auto\">\n<div class=\"m8h3af8h l7ghb35v kjdc1dyq kmwttqpk gh25dzvf\">\n<p data-start=\"161\" data-end=\"496\">Viens cr\u00e9er des bouquets de fleurs semi-abstraits tout en explorant le m\u00e9lange unique de l\u2019aquarelle et des encres aquarelle!<br data-start=\"286\" data-end=\"289\" \/>Je vais vous montrer la diff\u00e9rence entre les <strong data-start=\"334\" data-end=\"354\">encres aquarelle<\/strong>, les <strong data-start=\"360\" data-end=\"379\">encres \u00e0 dessin<\/strong> et <strong data-start=\"383\" data-end=\"398\">l\u2019aquarelle<\/strong>, puis nous allons <strong data-start=\"417\" data-end=\"437\">m\u00e9langer le tout<\/strong> pour cr\u00e9er un bouquet original et plein de personnalit\u00e9.<\/p>\n<p data-start=\"498\" data-end=\"718\">Pas besoin d\u2019\u00eatre expert \u2014 on y va \u00e9tape par \u00e9tape, dans une ambiance d\u00e9tendue et cr\u00e9ative.<br data-start=\"589\" data-end=\"592\" \/>Tu apprendras \u00e0 jouer avec les couleurs, les transparences et les effets de texture pour donner vie \u00e0 tes fleurs \u00e0 ta fa\u00e7on.<\/p>\n<p data-start=\"720\" data-end=\"818\">\ud83d\udd8c\ufe0f <strong data-start=\"724\" data-end=\"755\">Tout le mat\u00e9riel est fourni<\/strong><br data-start=\"755\" data-end=\"758\" \/>\ud83c\udfa8 <strong data-start=\"761\" data-end=\"781\">Dur\u00e9e : 3 heures<\/strong><br data-start=\"781\" data-end=\"784\" \/>\ud83d\udc90 <strong data-start=\"787\" data-end=\"816\">Ouvert \u00e0 tous les niveaux<\/strong><\/p>\n<p data-start=\"820\" data-end=\"906\">Un atelier pour s\u2019amuser, apprendre et repartir avec une cr\u00e9ation color\u00e9e et unique!<\/p>\n<p>(Pour d\u00e9butant ou avanc\u00e9)<\/p>\n<\/div>\n<div class=\"l7ghb35v kjdc1dyq kmwttqpk gh25dzvf jikcssrz\">Faites de votre intuition un voyage vers l&rsquo;art &#8211; Pixels<\/div>\n<\/div>\n<\/div>\n<div dir=\"auto\"><\/div>\n<\/div>\n<div dir=\"auto\">\n<div class=\"o9v6fnle cxmmr5t8 oygrvhab hcukyx3x c1et5uql\">MAT\u00c9RIELS FOURNIS<\/div>\n<div class=\"o9v6fnle cxmmr5t8 oygrvhab hcukyx3x c1et5uql\">ATTENTION : ******<br \/>\n10\u00a0 personnes par atelier<\/div>\n<div><\/div>\n<div class=\"o9v6fnle cxmmr5t8 oygrvhab hcukyx3x c1et5uql\">Stationnement \u00e0 la Mairie<br \/>\n286, chemin des Patriotes \u00e0 Saint-Mathias<br \/>\n\u00c0 c\u00f4t\u00e9 du restaurant Chez l&rsquo;artisan en face des Gourmandes.<br \/>\n*** Ne pas se stationner \u00e0 l&rsquo;arri\u00e8re de l&rsquo;immeuble.<\/div>\n<\/div>\n<div><\/div>\n<div dir=\"auto\">\n<div class=\"o9v6fnle cxmmr5t8 oygrvhab hcukyx3x c1et5uql\">N.B.<br \/>\n****** Aucun remboursement sera fait.<br \/>\nIl est de votre responsabilit\u00e9 d&rsquo;\u00eatre pr\u00e9sent \u00e0 votre soir\u00e9e.<\/div>\n<\/div>\n<\/div>\n<\/div>","protected":false},"excerpt":{"rendered":"<div dir=\"auto\">\n<div class=\"m8h3af8h l7ghb35v kjdc1dyq kmwttqpk gh25dzvf\">\n<div dir=\"auto\">\n<div class=\"m8h3af8h l7ghb35v kjdc1dyq kmwttqpk gh25dzvf\">\n<h4 dir=\"auto\"><strong>12 juin &#8211;\u00a0 VENDREDI- 19h00 \u00c0 22h00\u00a0<\/strong><\/h4>\n<div dir=\"auto\">\n<div dir=\"auto\">\n<div dir=\"auto\">\n<div class=\"m8h3af8h l7ghb35v kjdc1dyq kmwttqpk gh25dzvf\">\n<p data-start=\"161\" data-end=\"496\">Viens cr\u00e9er des bouquets de fleurs semi-abstraits tout en explorant le m\u00e9lange unique de l\u2019aquarelle et des encres aquarelle!<br data-start=\"286\" data-end=\"289\" \/>Je vais vous montrer la diff\u00e9rence entre les <strong data-start=\"334\" data-end=\"354\">encres aquarelle<\/strong>, les <strong data-start=\"360\" data-end=\"379\">encres \u00e0 dessin<\/strong> et <strong data-start=\"383\" data-end=\"398\">l\u2019aquarelle<\/strong>, puis nous allons <strong data-start=\"417\" data-end=\"437\">m\u00e9langer le tout<\/strong> pour cr\u00e9er un bouquet original et plein de personnalit\u00e9.<\/p>\n<p data-start=\"498\" data-end=\"718\">Pas besoin d\u2019\u00eatre expert \u2014 on y va \u00e9tape par \u00e9tape, dans une ambiance d\u00e9tendue et cr\u00e9ative.<br data-start=\"589\" data-end=\"592\" \/>Tu apprendras \u00e0 jouer avec les couleurs, les transparences et les effets de texture pour donner vie \u00e0 tes fleurs \u00e0 ta fa\u00e7on.<\/p>\n<p data-start=\"720\" data-end=\"818\">\ud83d\udd8c\ufe0f <strong data-start=\"724\" data-end=\"755\">Tout le mat\u00e9riel est fourni<\/strong><br data-start=\"755\" data-end=\"758\" \/>\ud83c\udfa8 <strong data-start=\"761\" data-end=\"781\">Dur\u00e9e : 3 heures<\/strong><br data-start=\"781\" data-end=\"784\" \/>\ud83d\udc90 <strong data-start=\"787\" data-end=\"816\">Ouvert \u00e0 tous les niveaux<\/strong><\/p>\n<p data-start=\"820\" data-end=\"906\">Un atelier pour s\u2019amuser, apprendre et repartir avec une cr\u00e9ation color\u00e9e et unique!<\/p>\n<p>(Pour d\u00e9butant ou avanc\u00e9)<\/p>\n<\/div>\n<div class=\"l7ghb35v kjdc1dyq kmwttqpk gh25dzvf jikcssrz\">Faites de votre intuition un voyage vers l&rsquo;art &#8211; Pixels<\/div>\n<\/div>\n<\/div>\n<div dir=\"auto\"><\/div>\n<\/div>\n<div dir=\"auto\">\n<div class=\"o9v6fnle cxmmr5t8 oygrvhab hcukyx3x c1et5uql\">MAT\u00c9RIELS FOURNIS<\/div>\n<div class=\"o9v6fnle cxmmr5t8 oygrvhab hcukyx3x c1et5uql\">ATTENTION : ******<br \/>\n10\u00a0 personnes par atelier<\/div>\n<div><\/div>\n<div class=\"o9v6fnle cxmmr5t8 oygrvhab hcukyx3x c1et5uql\">Stationnement \u00e0 la Mairie<br \/>\n286, chemin des Patriotes \u00e0 Saint-Mathias<br \/>\n\u00c0 c\u00f4t\u00e9 du restaurant Chez l&rsquo;artisan en face des Gourmandes.<br \/>\n*** Ne pas se stationner \u00e0 l&rsquo;arri\u00e8re de l&rsquo;immeuble.<\/div>\n<\/div>\n<div><\/div>\n<div dir=\"auto\">\n<div class=\"o9v6fnle cxmmr5t8 oygrvhab hcukyx3x c1et5uql\">N.B.<br \/>\n****** Aucun remboursement sera fait.<br \/>\nIl est de votre responsabilit\u00e9 d&rsquo;\u00eatre pr\u00e9sent \u00e0 votre soir\u00e9e.<\/div>\n<\/div>\n<\/div>\n<\/div>\n<\/div>\n<\/div>","protected":false},"featured_media":10533,"comment_status":"open","ping_status":"closed","template":"","meta":{"_uag_custom_page_level_css":""},"class_list":{"0":"post-10771","1":"product","2":"type-product","3":"status-publish","4":"has-post-thumbnail","6":"product_cat-ateliers","8":"first","9":"instock","10":"virtual","11":"taxable","12":"purchasable","13":"product-type-simple"},"yoast_head":"<!-- This site is optimized with the Yoast SEO plugin v26.4 - https:\/\/yoast.com\/wordpress\/plugins\/seo\/ -->\n<title>Bouquets libres \u2013 aquarelle &amp; encres aquarelle -  12 juin  - VENDREDI - 19h00 \u00c0 22h00 - Studio Pixels<\/title>\n<meta name=\"robots\" content=\"index, follow, max-snippet:-1, max-image-preview:large, max-video-preview:-1\" \/>\n<link rel=\"canonical\" href=\"https:\/\/studiopixels.net\/en\/product\/bouquets-libres-aquarelle-encres-aquarelle-13-fevrier-vendredi-19h00-a-22h00\/\" \/>\n<meta property=\"og:locale\" content=\"en_US\" \/>\n<meta property=\"og:type\" content=\"article\" \/>\n<meta property=\"og:title\" content=\"Bouquets libres \u2013 aquarelle &amp; encres aquarelle -  12 juin  - VENDREDI - 19h00 \u00c0 22h00 - Studio Pixels\" \/>\n<meta property=\"og:description\" content=\"12 juin -\u00a0 VENDREDI- 19h00 \u00c0 22h00\u00a0     Viens cr\u00e9er des bouquets de fleurs semi-abstraits tout en explorant le m\u00e9lange unique de l\u2019aquarelle et des encres aquarelle!Je vais vous montrer la diff\u00e9rence entre les encres aquarelle, les encres \u00e0 dessin et l\u2019aquarelle, puis nous allons m\u00e9langer le tout pour cr\u00e9er un bouquet original et plein de personnalit\u00e9. Pas besoin d\u2019\u00eatre expert \u2014 on y va \u00e9tape par \u00e9tape, dans une ambiance d\u00e9tendue et cr\u00e9ative.Tu apprendras \u00e0 jouer avec les couleurs, les transparences et les effets de texture pour donner vie \u00e0 tes fleurs \u00e0 ta fa\u00e7on. \ud83d\udd8c\ufe0f Tout le mat\u00e9riel est fourni\ud83c\udfa8 Dur\u00e9e : 3 heures\ud83d\udc90 Ouvert \u00e0 tous les niveaux Un atelier pour s\u2019amuser, apprendre et repartir avec une cr\u00e9ation color\u00e9e et unique! (Pour d\u00e9butant ou avanc\u00e9)   Faites de votre intuition un voyage vers l&#039;art - Pixels      MAT\u00c9RIELS FOURNIS ATTENTION : ****** 10\u00a0 personnes par atelier  Stationnement \u00e0 la Mairie 286, chemin des Patriotes \u00e0 Saint-Mathias \u00c0 c\u00f4t\u00e9 du restaurant Chez l&#039;artisan en face des Gourmandes. *** Ne pas se stationner \u00e0 l&#039;arri\u00e8re de l&#039;immeuble.    N.B. ****** Aucun remboursement sera fait. Il est de votre responsabilit\u00e9 d&#039;\u00eatre pr\u00e9sent \u00e0 votre soir\u00e9e.\" \/>\n<meta property=\"og:url\" content=\"https:\/\/studiopixels.net\/en\/product\/bouquets-libres-aquarelle-encres-aquarelle-13-fevrier-vendredi-19h00-a-22h00\/\" \/>\n<meta property=\"og:site_name\" content=\"Studio Pixels\" \/>\n<meta property=\"article:publisher\" content=\"https:\/\/www.facebook.com\/Studiopixelsart\" \/>\n<meta property=\"article:modified_time\" content=\"2026-04-20T16:03:11+00:00\" \/>\n<meta property=\"og:image\" content=\"https:\/\/studiopixels.net\/wp-content\/uploads\/2025\/08\/Douceurs-du-matin_low-1024x705.jpg\" \/>\n\t<meta property=\"og:image:width\" content=\"1024\" \/>\n\t<meta property=\"og:image:height\" content=\"705\" \/>\n\t<meta property=\"og:image:type\" content=\"image\/jpeg\" \/>\n<meta name=\"twitter:card\" content=\"summary_large_image\" \/>\n<meta name=\"twitter:label1\" content=\"Est. reading time\" \/>\n\t<meta name=\"twitter:data1\" content=\"2 minutes\" \/>\n<script type=\"application\/ld+json\" class=\"yoast-schema-graph\">{\"@context\":\"https:\/\/schema.org\",\"@graph\":[{\"@type\":\"WebPage\",\"@id\":\"https:\/\/studiopixels.net\/produit\/bouquets-libres-aquarelle-encres-aquarelle-13-fevrier-vendredi-19h00-a-22h00\/\",\"url\":\"https:\/\/studiopixels.net\/produit\/bouquets-libres-aquarelle-encres-aquarelle-13-fevrier-vendredi-19h00-a-22h00\/\",\"name\":\"Bouquets libres \u2013 aquarelle & encres aquarelle - 12 juin - VENDREDI - 19h00 \u00c0 22h00 - Studio Pixels\",\"isPartOf\":{\"@id\":\"https:\/\/studiopixels.net\/#website\"},\"primaryImageOfPage\":{\"@id\":\"https:\/\/studiopixels.net\/produit\/bouquets-libres-aquarelle-encres-aquarelle-13-fevrier-vendredi-19h00-a-22h00\/#primaryimage\"},\"image\":{\"@id\":\"https:\/\/studiopixels.net\/produit\/bouquets-libres-aquarelle-encres-aquarelle-13-fevrier-vendredi-19h00-a-22h00\/#primaryimage\"},\"thumbnailUrl\":\"https:\/\/studiopixels.net\/wp-content\/uploads\/2025\/08\/Douceurs-du-matin_low.jpg\",\"datePublished\":\"2025-12-15T21:06:12+00:00\",\"dateModified\":\"2026-04-20T16:03:11+00:00\",\"breadcrumb\":{\"@id\":\"https:\/\/studiopixels.net\/produit\/bouquets-libres-aquarelle-encres-aquarelle-13-fevrier-vendredi-19h00-a-22h00\/#breadcrumb\"},\"inLanguage\":\"en-CA\",\"potentialAction\":[{\"@type\":\"ReadAction\",\"target\":[\"https:\/\/studiopixels.net\/produit\/bouquets-libres-aquarelle-encres-aquarelle-13-fevrier-vendredi-19h00-a-22h00\/\"]}]},{\"@type\":\"ImageObject\",\"inLanguage\":\"en-CA\",\"@id\":\"https:\/\/studiopixels.net\/produit\/bouquets-libres-aquarelle-encres-aquarelle-13-fevrier-vendredi-19h00-a-22h00\/#primaryimage\",\"url\":\"https:\/\/studiopixels.net\/wp-content\/uploads\/2025\/08\/Douceurs-du-matin_low.jpg\",\"contentUrl\":\"https:\/\/studiopixels.net\/wp-content\/uploads\/2025\/08\/Douceurs-du-matin_low.jpg\",\"width\":2400,\"height\":1652},{\"@type\":\"BreadcrumbList\",\"@id\":\"https:\/\/studiopixels.net\/produit\/bouquets-libres-aquarelle-encres-aquarelle-13-fevrier-vendredi-19h00-a-22h00\/#breadcrumb\",\"itemListElement\":[{\"@type\":\"ListItem\",\"position\":1,\"name\":\"Accueil\",\"item\":\"https:\/\/studiopixels.net\/\"},{\"@type\":\"ListItem\",\"position\":2,\"name\":\"Boutique\",\"item\":\"https:\/\/studiopixels.net\/boutique\/\"},{\"@type\":\"ListItem\",\"position\":3,\"name\":\"Bouquets libres \u2013 aquarelle &#038; encres aquarelle &#8211; 12 juin &#8211; VENDREDI &#8211; 19h00 \u00c0 22h00\"}]},{\"@type\":\"WebSite\",\"@id\":\"https:\/\/studiopixels.net\/#website\",\"url\":\"https:\/\/studiopixels.net\/\",\"name\":\"Studio Pixels\",\"description\":\"\",\"publisher\":{\"@id\":\"https:\/\/studiopixels.net\/#organization\"},\"potentialAction\":[{\"@type\":\"SearchAction\",\"target\":{\"@type\":\"EntryPoint\",\"urlTemplate\":\"https:\/\/studiopixels.net\/?s={search_term_string}\"},\"query-input\":{\"@type\":\"PropertyValueSpecification\",\"valueRequired\":true,\"valueName\":\"search_term_string\"}}],\"inLanguage\":\"en-CA\"},{\"@type\":\"Organization\",\"@id\":\"https:\/\/studiopixels.net\/#organization\",\"name\":\"Studio Pixels\",\"url\":\"https:\/\/studiopixels.net\/\",\"logo\":{\"@type\":\"ImageObject\",\"inLanguage\":\"en-CA\",\"@id\":\"https:\/\/studiopixels.net\/#\/schema\/logo\/image\/\",\"url\":\"https:\/\/studiopixels.net\/wp-content\/uploads\/2020\/04\/cropped-Autocollant-pixels-2.jpg\",\"contentUrl\":\"https:\/\/studiopixels.net\/wp-content\/uploads\/2020\/04\/cropped-Autocollant-pixels-2.jpg\",\"width\":666,\"height\":666,\"caption\":\"Studio Pixels\"},\"image\":{\"@id\":\"https:\/\/studiopixels.net\/#\/schema\/logo\/image\/\"},\"sameAs\":[\"https:\/\/www.facebook.com\/Studiopixelsart\"]}]}<\/script>\n<!-- \/ Yoast SEO plugin. -->","yoast_head_json":{"title":"Bouquets libres \u2013 aquarelle & encres aquarelle -  12 juin  - VENDREDI - 19h00 \u00c0 22h00 - Studio Pixels","robots":{"index":"index","follow":"follow","max-snippet":"max-snippet:-1","max-image-preview":"max-image-preview:large","max-video-preview":"max-video-preview:-1"},"canonical":"https:\/\/studiopixels.net\/en\/product\/bouquets-libres-aquarelle-encres-aquarelle-13-fevrier-vendredi-19h00-a-22h00\/","og_locale":"en_US","og_type":"article","og_title":"Bouquets libres \u2013 aquarelle & encres aquarelle -  12 juin  - VENDREDI - 19h00 \u00c0 22h00 - Studio Pixels","og_description":"12 juin -\u00a0 VENDREDI- 19h00 \u00c0 22h00\u00a0     Viens cr\u00e9er des bouquets de fleurs semi-abstraits tout en explorant le m\u00e9lange unique de l\u2019aquarelle et des encres aquarelle!Je vais vous montrer la diff\u00e9rence entre les encres aquarelle, les encres \u00e0 dessin et l\u2019aquarelle, puis nous allons m\u00e9langer le tout pour cr\u00e9er un bouquet original et plein de personnalit\u00e9. Pas besoin d\u2019\u00eatre expert \u2014 on y va \u00e9tape par \u00e9tape, dans une ambiance d\u00e9tendue et cr\u00e9ative.Tu apprendras \u00e0 jouer avec les couleurs, les transparences et les effets de texture pour donner vie \u00e0 tes fleurs \u00e0 ta fa\u00e7on. \ud83d\udd8c\ufe0f Tout le mat\u00e9riel est fourni\ud83c\udfa8 Dur\u00e9e : 3 heures\ud83d\udc90 Ouvert \u00e0 tous les niveaux Un atelier pour s\u2019amuser, apprendre et repartir avec une cr\u00e9ation color\u00e9e et unique! (Pour d\u00e9butant ou avanc\u00e9)   Faites de votre intuition un voyage vers l'art - Pixels      MAT\u00c9RIELS FOURNIS ATTENTION : ****** 10\u00a0 personnes par atelier  Stationnement \u00e0 la Mairie 286, chemin des Patriotes \u00e0 Saint-Mathias \u00c0 c\u00f4t\u00e9 du restaurant Chez l'artisan en face des Gourmandes. *** Ne pas se stationner \u00e0 l'arri\u00e8re de l'immeuble.    N.B. ****** Aucun remboursement sera fait. Il est de votre responsabilit\u00e9 d'\u00eatre pr\u00e9sent \u00e0 votre soir\u00e9e.","og_url":"https:\/\/studiopixels.net\/en\/product\/bouquets-libres-aquarelle-encres-aquarelle-13-fevrier-vendredi-19h00-a-22h00\/","og_site_name":"Studio Pixels","article_publisher":"https:\/\/www.facebook.com\/Studiopixelsart","article_modified_time":"2026-04-20T16:03:11+00:00","og_image":[{"width":1024,"height":705,"url":"https:\/\/studiopixels.net\/wp-content\/uploads\/2025\/08\/Douceurs-du-matin_low-1024x705.jpg","type":"image\/jpeg"}],"twitter_card":"summary_large_image","twitter_misc":{"Est. reading time":"2 minutes"},"schema":{"@context":"https:\/\/schema.org","@graph":[{"@type":"WebPage","@id":"https:\/\/studiopixels.net\/produit\/bouquets-libres-aquarelle-encres-aquarelle-13-fevrier-vendredi-19h00-a-22h00\/","url":"https:\/\/studiopixels.net\/produit\/bouquets-libres-aquarelle-encres-aquarelle-13-fevrier-vendredi-19h00-a-22h00\/","name":"Bouquets libres \u2013 aquarelle & encres aquarelle - 12 juin - VENDREDI - 19h00 \u00c0 22h00 - Studio Pixels","isPartOf":{"@id":"https:\/\/studiopixels.net\/#website"},"primaryImageOfPage":{"@id":"https:\/\/studiopixels.net\/produit\/bouquets-libres-aquarelle-encres-aquarelle-13-fevrier-vendredi-19h00-a-22h00\/#primaryimage"},"image":{"@id":"https:\/\/studiopixels.net\/produit\/bouquets-libres-aquarelle-encres-aquarelle-13-fevrier-vendredi-19h00-a-22h00\/#primaryimage"},"thumbnailUrl":"https:\/\/studiopixels.net\/wp-content\/uploads\/2025\/08\/Douceurs-du-matin_low.jpg","datePublished":"2025-12-15T21:06:12+00:00","dateModified":"2026-04-20T16:03:11+00:00","breadcrumb":{"@id":"https:\/\/studiopixels.net\/produit\/bouquets-libres-aquarelle-encres-aquarelle-13-fevrier-vendredi-19h00-a-22h00\/#breadcrumb"},"inLanguage":"en-CA","potentialAction":[{"@type":"ReadAction","target":["https:\/\/studiopixels.net\/produit\/bouquets-libres-aquarelle-encres-aquarelle-13-fevrier-vendredi-19h00-a-22h00\/"]}]},{"@type":"ImageObject","inLanguage":"en-CA","@id":"https:\/\/studiopixels.net\/produit\/bouquets-libres-aquarelle-encres-aquarelle-13-fevrier-vendredi-19h00-a-22h00\/#primaryimage","url":"https:\/\/studiopixels.net\/wp-content\/uploads\/2025\/08\/Douceurs-du-matin_low.jpg","contentUrl":"https:\/\/studiopixels.net\/wp-content\/uploads\/2025\/08\/Douceurs-du-matin_low.jpg","width":2400,"height":1652},{"@type":"BreadcrumbList","@id":"https:\/\/studiopixels.net\/produit\/bouquets-libres-aquarelle-encres-aquarelle-13-fevrier-vendredi-19h00-a-22h00\/#breadcrumb","itemListElement":[{"@type":"ListItem","position":1,"name":"Accueil","item":"https:\/\/studiopixels.net\/"},{"@type":"ListItem","position":2,"name":"Boutique","item":"https:\/\/studiopixels.net\/boutique\/"},{"@type":"ListItem","position":3,"name":"Bouquets libres \u2013 aquarelle &#038; encres aquarelle &#8211; 12 juin &#8211; VENDREDI &#8211; 19h00 \u00c0 22h00"}]},{"@type":"WebSite","@id":"https:\/\/studiopixels.net\/#website","url":"https:\/\/studiopixels.net\/","name":"Studio Pixels","description":"","publisher":{"@id":"https:\/\/studiopixels.net\/#organization"},"potentialAction":[{"@type":"SearchAction","target":{"@type":"EntryPoint","urlTemplate":"https:\/\/studiopixels.net\/?s={search_term_string}"},"query-input":{"@type":"PropertyValueSpecification","valueRequired":true,"valueName":"search_term_string"}}],"inLanguage":"en-CA"},{"@type":"Organization","@id":"https:\/\/studiopixels.net\/#organization","name":"Studio Pixels","url":"https:\/\/studiopixels.net\/","logo":{"@type":"ImageObject","inLanguage":"en-CA","@id":"https:\/\/studiopixels.net\/#\/schema\/logo\/image\/","url":"https:\/\/studiopixels.net\/wp-content\/uploads\/2020\/04\/cropped-Autocollant-pixels-2.jpg","contentUrl":"https:\/\/studiopixels.net\/wp-content\/uploads\/2020\/04\/cropped-Autocollant-pixels-2.jpg","width":666,"height":666,"caption":"Studio Pixels"},"image":{"@id":"https:\/\/studiopixels.net\/#\/schema\/logo\/image\/"},"sameAs":["https:\/\/www.facebook.com\/Studiopixelsart"]}]}},"uagb_featured_image_src":{"full":["https:\/\/studiopixels.net\/wp-content\/uploads\/2025\/08\/Douceurs-du-matin_low.jpg",2400,1652,false],"thumbnail":["https:\/\/studiopixels.net\/wp-content\/uploads\/2025\/08\/Douceurs-du-matin_low-150x150.jpg",150,150,true],"medium":["https:\/\/studiopixels.net\/wp-content\/uploads\/2025\/08\/Douceurs-du-matin_low-300x207.jpg",300,207,true],"medium_large":["https:\/\/studiopixels.net\/wp-content\/uploads\/2025\/08\/Douceurs-du-matin_low-768x529.jpg",768,529,true],"large":["https:\/\/studiopixels.net\/wp-content\/uploads\/2025\/08\/Douceurs-du-matin_low-1024x705.jpg",1024,705,true],"1536x1536":["https:\/\/studiopixels.net\/wp-content\/uploads\/2025\/08\/Douceurs-du-matin_low-1536x1057.jpg",1536,1057,true],"2048x2048":["https:\/\/studiopixels.net\/wp-content\/uploads\/2025\/08\/Douceurs-du-matin_low-2048x1410.jpg",2048,1410,true],"trp-custom-language-flag":["https:\/\/studiopixels.net\/wp-content\/uploads\/2025\/08\/Douceurs-du-matin_low.jpg",18,12,false],"woocommerce_thumbnail":["https:\/\/studiopixels.net\/wp-content\/uploads\/2025\/08\/Douceurs-du-matin_low-300x300.jpg",300,300,true],"woocommerce_single":["https:\/\/studiopixels.net\/wp-content\/uploads\/2025\/08\/Douceurs-du-matin_low-600x413.jpg",600,413,true],"woocommerce_gallery_thumbnail":["https:\/\/studiopixels.net\/wp-content\/uploads\/2025\/08\/Douceurs-du-matin_low-100x100.jpg",100,100,true],"shop_catalog":["https:\/\/studiopixels.net\/wp-content\/uploads\/2025\/08\/Douceurs-du-matin_low-300x300.jpg",300,300,true],"shop_single":["https:\/\/studiopixels.net\/wp-content\/uploads\/2025\/08\/Douceurs-du-matin_low-600x413.jpg",600,413,true],"shop_thumbnail":["https:\/\/studiopixels.net\/wp-content\/uploads\/2025\/08\/Douceurs-du-matin_low-100x100.jpg",100,100,true]},"uagb_author_info":{"display_name":"admin","author_link":"https:\/\/studiopixels.net\/en\/author\/"},"uagb_comment_info":0,"uagb_excerpt":"12 juin -\u00a0 VENDREDI- 19h00 \u00c0 22h00\u00a0 Viens cr\u00e9er des bouquets de fleurs semi-abstraits tout en explorant le m\u00e9lange unique de l\u2019aquarelle et des encres aquarelle!Je vais vous montrer la diff\u00e9rence entre les encres aquarelle, les encres \u00e0 dessin et l\u2019aquarelle, puis nous allons m\u00e9langer le tout pour cr\u00e9er un bouquet original et plein de&hellip;","_links":{"self":[{"href":"https:\/\/studiopixels.net\/en\/wp-json\/wp\/v2\/product\/10771","targetHints":{"allow":["GET"]}}],"collection":[{"href":"https:\/\/studiopixels.net\/en\/wp-json\/wp\/v2\/product"}],"about":[{"href":"https:\/\/studiopixels.net\/en\/wp-json\/wp\/v2\/types\/product"}],"replies":[{"embeddable":true,"href":"https:\/\/studiopixels.net\/en\/wp-json\/wp\/v2\/comments?post=10771"}],"version-history":[{"count":4,"href":"https:\/\/studiopixels.net\/en\/wp-json\/wp\/v2\/product\/10771\/revisions"}],"predecessor-version":[{"id":11204,"href":"https:\/\/studiopixels.net\/en\/wp-json\/wp\/v2\/product\/10771\/revisions\/11204"}],"wp:featuredmedia":[{"embeddable":true,"href":"https:\/\/studiopixels.net\/en\/wp-json\/wp\/v2\/media\/10533"}],"wp:attachment":[{"href":"https:\/\/studiopixels.net\/en\/wp-json\/wp\/v2\/media?parent=10771"}],"curies":[{"name":"wp","href":"https:\/\/api.w.org\/{rel}","templated":true}]}}