{"id":11085,"date":"2026-03-02T13:35:18","date_gmt":"2026-03-02T18:35:18","guid":{"rendered":"https:\/\/studiopixels.net\/?post_type=product&#038;p=11085"},"modified":"2026-04-12T18:34:59","modified_gmt":"2026-04-12T22:34:59","slug":"collage-et-acrylique-intuitif-22-mai-vendredi-19h00-a-22h00","status":"publish","type":"product","link":"https:\/\/studiopixels.net\/en\/product\/collage-et-acrylique-intuitif-22-mai-vendredi-19h00-a-22h00\/","title":{"rendered":"COLLAGE ET ACRYLIQUE INTUITIF &#8211; <strong> 22 mai <strong>  &#8211; VENDREDI- 19h00 \u00c0 22h00"},"content":{"rendered":"<div dir=\"auto\">\n<h4 dir=\"auto\"><strong>22 mai VENDREDI &#8211; 19h00 \u00c0 22h00\u00a0<\/strong><\/h4>\n<p>&nbsp;<\/p>\n<div dir=\"auto\">\n<div dir=\"auto\">Vous allez d\u00e9couvrir mon processus pour cr\u00e9er de fa\u00e7on intuitive avec le collage et l&rsquo;acrylique,<br \/>\nde fa\u00e7on \u00e0 cr\u00e9er plusieurs couches de texture avec plusieurs outils, qui donnera une oeuvre remplis de richesses.<\/div>\n<div dir=\"auto\">Une soir\u00e9e toute en douceur, en suivant le flo des couleurs.. (Pour d\u00e9butant ou avanc\u00e9)<\/div>\n<div dir=\"auto\"><\/div>\n<\/div>\n<div dir=\"auto\">\n<div class=\"o9v6fnle cxmmr5t8 oygrvhab hcukyx3x c1et5uql\">MAT\u00c9RIELS FOURNIS<\/div>\n<div class=\"o9v6fnle cxmmr5t8 oygrvhab hcukyx3x c1et5uql\">ATTENTION : ******<br \/>\n10\u00a0 personnes par atelier<\/div>\n<div><\/div>\n<div class=\"o9v6fnle cxmmr5t8 oygrvhab hcukyx3x c1et5uql\">Stationnement \u00e0 la Mairie au 300 chemin des patriotes<br \/>\nAtelier : 286, chemin des Patriotes \u00e0 Saint-Mathias<br \/>\n\u00c0 c\u00f4t\u00e9 du restaurant Chez l&rsquo;artisan en face des Gourmandes.<br \/>\n*** Ne pas se stationner \u00e0 l&rsquo;arri\u00e8re de l&rsquo;immeuble.<\/div>\n<\/div>\n<div><\/div>\n<div dir=\"auto\">\n<div class=\"o9v6fnle cxmmr5t8 oygrvhab hcukyx3x c1et5uql\">N.B.<br \/>\n****** Aucun remboursement sera fait.<br \/>\nIl est de votre responsabilit\u00e9 d&rsquo;\u00eatre pr\u00e9sent \u00e0 votre soir\u00e9e.<\/div>\n<\/div>\n<\/div>","protected":false},"excerpt":{"rendered":"<h4 dir=\"auto\"><strong>22 mai VENDREDI &#8211; 19h00 \u00c0 22h00\u00a0<\/strong><\/h4>\n<p>&nbsp;<\/p>\n<div dir=\"auto\">\n<div dir=\"auto\">Vous allez d\u00e9couvrir mon processus pour cr\u00e9er de fa\u00e7on intuitive avec le collage et l&rsquo;acrylique,<br \/>\nde fa\u00e7on \u00e0 cr\u00e9er plusieurs couches de texture avec plusieurs outils, qui donnera une oeuvre remplis de richesses.<\/div>\n<div dir=\"auto\">Une soir\u00e9e toute en douceur, en suivant le flo des couleurs.. (Pour d\u00e9butant ou avanc\u00e9)<\/div>\n<div dir=\"auto\"><\/div>\n<\/div>\n<div dir=\"auto\">\n<div class=\"o9v6fnle cxmmr5t8 oygrvhab hcukyx3x c1et5uql\">MAT\u00c9RIELS FOURNIS<\/div>\n<div class=\"o9v6fnle cxmmr5t8 oygrvhab hcukyx3x c1et5uql\">ATTENTION : ******<br \/>\n10\u00a0 personnes par atelier<\/div>\n<div><\/div>\n<div class=\"o9v6fnle cxmmr5t8 oygrvhab hcukyx3x c1et5uql\">Stationnement \u00e0 la Mairie au 300 chemin des patriotes<br \/>\nAtelier : 286, chemin des Patriotes \u00e0 Saint-Mathias<br \/>\n\u00c0 c\u00f4t\u00e9 du restaurant Chez l&rsquo;artisan en face des Gourmandes.<br \/>\n*** Ne pas se stationner \u00e0 l&rsquo;arri\u00e8re de l&rsquo;immeuble.<\/div>\n<\/div>\n<div><\/div>\n<div dir=\"auto\">\n<div class=\"o9v6fnle cxmmr5t8 oygrvhab hcukyx3x c1et5uql\">N.B.<br \/>\n****** Aucun remboursement sera fait.<br \/>\nIl est de votre responsabilit\u00e9 d&rsquo;\u00eatre pr\u00e9sent \u00e0 votre soir\u00e9e.<\/div>\n<\/div>","protected":false},"featured_media":10568,"comment_status":"open","ping_status":"closed","template":"","meta":{"_uag_custom_page_level_css":""},"class_list":{"0":"post-11085","1":"product","2":"type-product","3":"status-publish","4":"has-post-thumbnail","6":"product_cat-ateliers","8":"first","9":"instock","10":"virtual","11":"taxable","12":"purchasable","13":"product-type-simple"},"yoast_head":"<!-- This site is optimized with the Yoast SEO plugin v26.4 - https:\/\/yoast.com\/wordpress\/plugins\/seo\/ -->\n<title>COLLAGE ET ACRYLIQUE INTUITIF -  22 mai  - VENDREDI- 19h00 \u00c0 22h00 - Studio Pixels<\/title>\n<meta name=\"robots\" content=\"index, follow, max-snippet:-1, max-image-preview:large, max-video-preview:-1\" \/>\n<link rel=\"canonical\" href=\"https:\/\/studiopixels.net\/en\/product\/collage-et-acrylique-intuitif-22-mai-vendredi-19h00-a-22h00\/\" \/>\n<meta property=\"og:locale\" content=\"en_US\" \/>\n<meta property=\"og:type\" content=\"article\" \/>\n<meta property=\"og:title\" content=\"COLLAGE ET ACRYLIQUE INTUITIF -  22 mai  - VENDREDI- 19h00 \u00c0 22h00 - Studio Pixels\" \/>\n<meta property=\"og:description\" content=\"22 mai VENDREDI - 19h00 \u00c0 22h00\u00a0 &nbsp;  Vous allez d\u00e9couvrir mon processus pour cr\u00e9er de fa\u00e7on intuitive avec le collage et l&#039;acrylique, de fa\u00e7on \u00e0 cr\u00e9er plusieurs couches de texture avec plusieurs outils, qui donnera une oeuvre remplis de richesses. Une soir\u00e9e toute en douceur, en suivant le flo des couleurs.. (Pour d\u00e9butant ou avanc\u00e9)    MAT\u00c9RIELS FOURNIS ATTENTION : ****** 10\u00a0 personnes par atelier  Stationnement \u00e0 la Mairie au 300 chemin des patriotes Atelier : 286, chemin des Patriotes \u00e0 Saint-Mathias \u00c0 c\u00f4t\u00e9 du restaurant Chez l&#039;artisan en face des Gourmandes. *** Ne pas se stationner \u00e0 l&#039;arri\u00e8re de l&#039;immeuble.    N.B. ****** Aucun remboursement sera fait. Il est de votre responsabilit\u00e9 d&#039;\u00eatre pr\u00e9sent \u00e0 votre soir\u00e9e.\" \/>\n<meta property=\"og:url\" content=\"https:\/\/studiopixels.net\/en\/product\/collage-et-acrylique-intuitif-22-mai-vendredi-19h00-a-22h00\/\" \/>\n<meta property=\"og:site_name\" content=\"Studio Pixels\" \/>\n<meta property=\"article:publisher\" content=\"https:\/\/www.facebook.com\/Studiopixelsart\" \/>\n<meta property=\"article:modified_time\" content=\"2026-04-12T22:34:59+00:00\" \/>\n<meta property=\"og:image\" content=\"https:\/\/studiopixels.net\/wp-content\/uploads\/2025\/11\/26579B7A-5F4C-4635-8C57-96FE4E464107_1_105_c.jpeg\" \/>\n\t<meta property=\"og:image:width\" content=\"821\" \/>\n\t<meta property=\"og:image:height\" content=\"959\" \/>\n\t<meta property=\"og:image:type\" content=\"image\/jpeg\" \/>\n<meta name=\"twitter:card\" content=\"summary_large_image\" \/>\n<meta name=\"twitter:label1\" content=\"Est. reading time\" \/>\n\t<meta name=\"twitter:data1\" content=\"1 minute\" \/>\n<script type=\"application\/ld+json\" class=\"yoast-schema-graph\">{\"@context\":\"https:\/\/schema.org\",\"@graph\":[{\"@type\":\"WebPage\",\"@id\":\"https:\/\/studiopixels.net\/produit\/collage-et-acrylique-intuitif-22-mai-vendredi-19h00-a-22h00\/\",\"url\":\"https:\/\/studiopixels.net\/produit\/collage-et-acrylique-intuitif-22-mai-vendredi-19h00-a-22h00\/\",\"name\":\"COLLAGE ET ACRYLIQUE INTUITIF - 22 mai - VENDREDI- 19h00 \u00c0 22h00 - Studio Pixels\",\"isPartOf\":{\"@id\":\"https:\/\/studiopixels.net\/#website\"},\"primaryImageOfPage\":{\"@id\":\"https:\/\/studiopixels.net\/produit\/collage-et-acrylique-intuitif-22-mai-vendredi-19h00-a-22h00\/#primaryimage\"},\"image\":{\"@id\":\"https:\/\/studiopixels.net\/produit\/collage-et-acrylique-intuitif-22-mai-vendredi-19h00-a-22h00\/#primaryimage\"},\"thumbnailUrl\":\"https:\/\/studiopixels.net\/wp-content\/uploads\/2025\/11\/26579B7A-5F4C-4635-8C57-96FE4E464107_1_105_c.jpeg\",\"datePublished\":\"2026-03-02T18:35:18+00:00\",\"dateModified\":\"2026-04-12T22:34:59+00:00\",\"breadcrumb\":{\"@id\":\"https:\/\/studiopixels.net\/produit\/collage-et-acrylique-intuitif-22-mai-vendredi-19h00-a-22h00\/#breadcrumb\"},\"inLanguage\":\"en-CA\",\"potentialAction\":[{\"@type\":\"ReadAction\",\"target\":[\"https:\/\/studiopixels.net\/produit\/collage-et-acrylique-intuitif-22-mai-vendredi-19h00-a-22h00\/\"]}]},{\"@type\":\"ImageObject\",\"inLanguage\":\"en-CA\",\"@id\":\"https:\/\/studiopixels.net\/produit\/collage-et-acrylique-intuitif-22-mai-vendredi-19h00-a-22h00\/#primaryimage\",\"url\":\"https:\/\/studiopixels.net\/wp-content\/uploads\/2025\/11\/26579B7A-5F4C-4635-8C57-96FE4E464107_1_105_c.jpeg\",\"contentUrl\":\"https:\/\/studiopixels.net\/wp-content\/uploads\/2025\/11\/26579B7A-5F4C-4635-8C57-96FE4E464107_1_105_c.jpeg\",\"width\":821,\"height\":959},{\"@type\":\"BreadcrumbList\",\"@id\":\"https:\/\/studiopixels.net\/produit\/collage-et-acrylique-intuitif-22-mai-vendredi-19h00-a-22h00\/#breadcrumb\",\"itemListElement\":[{\"@type\":\"ListItem\",\"position\":1,\"name\":\"Accueil\",\"item\":\"https:\/\/studiopixels.net\/\"},{\"@type\":\"ListItem\",\"position\":2,\"name\":\"Boutique\",\"item\":\"https:\/\/studiopixels.net\/boutique\/\"},{\"@type\":\"ListItem\",\"position\":3,\"name\":\"COLLAGE ET ACRYLIQUE INTUITIF &#8211; 22 mai &#8211; VENDREDI- 19h00 \u00c0 22h00\"}]},{\"@type\":\"WebSite\",\"@id\":\"https:\/\/studiopixels.net\/#website\",\"url\":\"https:\/\/studiopixels.net\/\",\"name\":\"Studio Pixels\",\"description\":\"\",\"publisher\":{\"@id\":\"https:\/\/studiopixels.net\/#organization\"},\"potentialAction\":[{\"@type\":\"SearchAction\",\"target\":{\"@type\":\"EntryPoint\",\"urlTemplate\":\"https:\/\/studiopixels.net\/?s={search_term_string}\"},\"query-input\":{\"@type\":\"PropertyValueSpecification\",\"valueRequired\":true,\"valueName\":\"search_term_string\"}}],\"inLanguage\":\"en-CA\"},{\"@type\":\"Organization\",\"@id\":\"https:\/\/studiopixels.net\/#organization\",\"name\":\"Studio Pixels\",\"url\":\"https:\/\/studiopixels.net\/\",\"logo\":{\"@type\":\"ImageObject\",\"inLanguage\":\"en-CA\",\"@id\":\"https:\/\/studiopixels.net\/#\/schema\/logo\/image\/\",\"url\":\"https:\/\/studiopixels.net\/wp-content\/uploads\/2020\/04\/cropped-Autocollant-pixels-2.jpg\",\"contentUrl\":\"https:\/\/studiopixels.net\/wp-content\/uploads\/2020\/04\/cropped-Autocollant-pixels-2.jpg\",\"width\":666,\"height\":666,\"caption\":\"Studio Pixels\"},\"image\":{\"@id\":\"https:\/\/studiopixels.net\/#\/schema\/logo\/image\/\"},\"sameAs\":[\"https:\/\/www.facebook.com\/Studiopixelsart\"]}]}<\/script>\n<!-- \/ Yoast SEO plugin. -->","yoast_head_json":{"title":"COLLAGE ET ACRYLIQUE INTUITIF -  22 mai  - VENDREDI- 19h00 \u00c0 22h00 - Studio Pixels","robots":{"index":"index","follow":"follow","max-snippet":"max-snippet:-1","max-image-preview":"max-image-preview:large","max-video-preview":"max-video-preview:-1"},"canonical":"https:\/\/studiopixels.net\/en\/product\/collage-et-acrylique-intuitif-22-mai-vendredi-19h00-a-22h00\/","og_locale":"en_US","og_type":"article","og_title":"COLLAGE ET ACRYLIQUE INTUITIF -  22 mai  - VENDREDI- 19h00 \u00c0 22h00 - Studio Pixels","og_description":"22 mai VENDREDI - 19h00 \u00c0 22h00\u00a0 &nbsp;  Vous allez d\u00e9couvrir mon processus pour cr\u00e9er de fa\u00e7on intuitive avec le collage et l'acrylique, de fa\u00e7on \u00e0 cr\u00e9er plusieurs couches de texture avec plusieurs outils, qui donnera une oeuvre remplis de richesses. Une soir\u00e9e toute en douceur, en suivant le flo des couleurs.. (Pour d\u00e9butant ou avanc\u00e9)    MAT\u00c9RIELS FOURNIS ATTENTION : ****** 10\u00a0 personnes par atelier  Stationnement \u00e0 la Mairie au 300 chemin des patriotes Atelier : 286, chemin des Patriotes \u00e0 Saint-Mathias \u00c0 c\u00f4t\u00e9 du restaurant Chez l'artisan en face des Gourmandes. *** Ne pas se stationner \u00e0 l'arri\u00e8re de l'immeuble.    N.B. ****** Aucun remboursement sera fait. Il est de votre responsabilit\u00e9 d'\u00eatre pr\u00e9sent \u00e0 votre soir\u00e9e.","og_url":"https:\/\/studiopixels.net\/en\/product\/collage-et-acrylique-intuitif-22-mai-vendredi-19h00-a-22h00\/","og_site_name":"Studio Pixels","article_publisher":"https:\/\/www.facebook.com\/Studiopixelsart","article_modified_time":"2026-04-12T22:34:59+00:00","og_image":[{"width":821,"height":959,"url":"https:\/\/studiopixels.net\/wp-content\/uploads\/2025\/11\/26579B7A-5F4C-4635-8C57-96FE4E464107_1_105_c.jpeg","type":"image\/jpeg"}],"twitter_card":"summary_large_image","twitter_misc":{"Est. reading time":"1 minute"},"schema":{"@context":"https:\/\/schema.org","@graph":[{"@type":"WebPage","@id":"https:\/\/studiopixels.net\/produit\/collage-et-acrylique-intuitif-22-mai-vendredi-19h00-a-22h00\/","url":"https:\/\/studiopixels.net\/produit\/collage-et-acrylique-intuitif-22-mai-vendredi-19h00-a-22h00\/","name":"COLLAGE ET ACRYLIQUE INTUITIF - 22 mai - VENDREDI- 19h00 \u00c0 22h00 - Studio Pixels","isPartOf":{"@id":"https:\/\/studiopixels.net\/#website"},"primaryImageOfPage":{"@id":"https:\/\/studiopixels.net\/produit\/collage-et-acrylique-intuitif-22-mai-vendredi-19h00-a-22h00\/#primaryimage"},"image":{"@id":"https:\/\/studiopixels.net\/produit\/collage-et-acrylique-intuitif-22-mai-vendredi-19h00-a-22h00\/#primaryimage"},"thumbnailUrl":"https:\/\/studiopixels.net\/wp-content\/uploads\/2025\/11\/26579B7A-5F4C-4635-8C57-96FE4E464107_1_105_c.jpeg","datePublished":"2026-03-02T18:35:18+00:00","dateModified":"2026-04-12T22:34:59+00:00","breadcrumb":{"@id":"https:\/\/studiopixels.net\/produit\/collage-et-acrylique-intuitif-22-mai-vendredi-19h00-a-22h00\/#breadcrumb"},"inLanguage":"en-CA","potentialAction":[{"@type":"ReadAction","target":["https:\/\/studiopixels.net\/produit\/collage-et-acrylique-intuitif-22-mai-vendredi-19h00-a-22h00\/"]}]},{"@type":"ImageObject","inLanguage":"en-CA","@id":"https:\/\/studiopixels.net\/produit\/collage-et-acrylique-intuitif-22-mai-vendredi-19h00-a-22h00\/#primaryimage","url":"https:\/\/studiopixels.net\/wp-content\/uploads\/2025\/11\/26579B7A-5F4C-4635-8C57-96FE4E464107_1_105_c.jpeg","contentUrl":"https:\/\/studiopixels.net\/wp-content\/uploads\/2025\/11\/26579B7A-5F4C-4635-8C57-96FE4E464107_1_105_c.jpeg","width":821,"height":959},{"@type":"BreadcrumbList","@id":"https:\/\/studiopixels.net\/produit\/collage-et-acrylique-intuitif-22-mai-vendredi-19h00-a-22h00\/#breadcrumb","itemListElement":[{"@type":"ListItem","position":1,"name":"Accueil","item":"https:\/\/studiopixels.net\/"},{"@type":"ListItem","position":2,"name":"Boutique","item":"https:\/\/studiopixels.net\/boutique\/"},{"@type":"ListItem","position":3,"name":"COLLAGE ET ACRYLIQUE INTUITIF &#8211; 22 mai &#8211; VENDREDI- 19h00 \u00c0 22h00"}]},{"@type":"WebSite","@id":"https:\/\/studiopixels.net\/#website","url":"https:\/\/studiopixels.net\/","name":"Studio Pixels","description":"","publisher":{"@id":"https:\/\/studiopixels.net\/#organization"},"potentialAction":[{"@type":"SearchAction","target":{"@type":"EntryPoint","urlTemplate":"https:\/\/studiopixels.net\/?s={search_term_string}"},"query-input":{"@type":"PropertyValueSpecification","valueRequired":true,"valueName":"search_term_string"}}],"inLanguage":"en-CA"},{"@type":"Organization","@id":"https:\/\/studiopixels.net\/#organization","name":"Studio Pixels","url":"https:\/\/studiopixels.net\/","logo":{"@type":"ImageObject","inLanguage":"en-CA","@id":"https:\/\/studiopixels.net\/#\/schema\/logo\/image\/","url":"https:\/\/studiopixels.net\/wp-content\/uploads\/2020\/04\/cropped-Autocollant-pixels-2.jpg","contentUrl":"https:\/\/studiopixels.net\/wp-content\/uploads\/2020\/04\/cropped-Autocollant-pixels-2.jpg","width":666,"height":666,"caption":"Studio Pixels"},"image":{"@id":"https:\/\/studiopixels.net\/#\/schema\/logo\/image\/"},"sameAs":["https:\/\/www.facebook.com\/Studiopixelsart"]}]}},"uagb_featured_image_src":{"full":["https:\/\/studiopixels.net\/wp-content\/uploads\/2025\/11\/26579B7A-5F4C-4635-8C57-96FE4E464107_1_105_c.jpeg",821,959,false],"thumbnail":["https:\/\/studiopixels.net\/wp-content\/uploads\/2025\/11\/26579B7A-5F4C-4635-8C57-96FE4E464107_1_105_c-150x150.jpeg",150,150,true],"medium":["https:\/\/studiopixels.net\/wp-content\/uploads\/2025\/11\/26579B7A-5F4C-4635-8C57-96FE4E464107_1_105_c-257x300.jpeg",257,300,true],"medium_large":["https:\/\/studiopixels.net\/wp-content\/uploads\/2025\/11\/26579B7A-5F4C-4635-8C57-96FE4E464107_1_105_c-768x897.jpeg",768,897,true],"large":["https:\/\/studiopixels.net\/wp-content\/uploads\/2025\/11\/26579B7A-5F4C-4635-8C57-96FE4E464107_1_105_c.jpeg",821,959,false],"1536x1536":["https:\/\/studiopixels.net\/wp-content\/uploads\/2025\/11\/26579B7A-5F4C-4635-8C57-96FE4E464107_1_105_c.jpeg",821,959,false],"2048x2048":["https:\/\/studiopixels.net\/wp-content\/uploads\/2025\/11\/26579B7A-5F4C-4635-8C57-96FE4E464107_1_105_c.jpeg",821,959,false],"trp-custom-language-flag":["https:\/\/studiopixels.net\/wp-content\/uploads\/2025\/11\/26579B7A-5F4C-4635-8C57-96FE4E464107_1_105_c.jpeg",10,12,false],"woocommerce_thumbnail":["https:\/\/studiopixels.net\/wp-content\/uploads\/2025\/11\/26579B7A-5F4C-4635-8C57-96FE4E464107_1_105_c-300x300.jpeg",300,300,true],"woocommerce_single":["https:\/\/studiopixels.net\/wp-content\/uploads\/2025\/11\/26579B7A-5F4C-4635-8C57-96FE4E464107_1_105_c-600x701.jpeg",600,701,true],"woocommerce_gallery_thumbnail":["https:\/\/studiopixels.net\/wp-content\/uploads\/2025\/11\/26579B7A-5F4C-4635-8C57-96FE4E464107_1_105_c-100x100.jpeg",100,100,true],"shop_catalog":["https:\/\/studiopixels.net\/wp-content\/uploads\/2025\/11\/26579B7A-5F4C-4635-8C57-96FE4E464107_1_105_c-300x300.jpeg",300,300,true],"shop_single":["https:\/\/studiopixels.net\/wp-content\/uploads\/2025\/11\/26579B7A-5F4C-4635-8C57-96FE4E464107_1_105_c-600x701.jpeg",600,701,true],"shop_thumbnail":["https:\/\/studiopixels.net\/wp-content\/uploads\/2025\/11\/26579B7A-5F4C-4635-8C57-96FE4E464107_1_105_c-100x100.jpeg",100,100,true]},"uagb_author_info":{"display_name":"admin","author_link":"https:\/\/studiopixels.net\/en\/author\/"},"uagb_comment_info":0,"uagb_excerpt":"22 mai VENDREDI - 19h00 \u00c0 22h00\u00a0 &nbsp; Vous allez d\u00e9couvrir mon processus pour cr\u00e9er de fa\u00e7on intuitive avec le collage et l'acrylique, de fa\u00e7on \u00e0 cr\u00e9er plusieurs couches de texture avec plusieurs outils, qui donnera une oeuvre remplis de richesses. Une soir\u00e9e toute en douceur, en suivant le flo des couleurs.. (Pour d\u00e9butant ou&hellip;","_links":{"self":[{"href":"https:\/\/studiopixels.net\/en\/wp-json\/wp\/v2\/product\/11085","targetHints":{"allow":["GET"]}}],"collection":[{"href":"https:\/\/studiopixels.net\/en\/wp-json\/wp\/v2\/product"}],"about":[{"href":"https:\/\/studiopixels.net\/en\/wp-json\/wp\/v2\/types\/product"}],"replies":[{"embeddable":true,"href":"https:\/\/studiopixels.net\/en\/wp-json\/wp\/v2\/comments?post=11085"}],"version-history":[{"count":1,"href":"https:\/\/studiopixels.net\/en\/wp-json\/wp\/v2\/product\/11085\/revisions"}],"predecessor-version":[{"id":11086,"href":"https:\/\/studiopixels.net\/en\/wp-json\/wp\/v2\/product\/11085\/revisions\/11086"}],"wp:featuredmedia":[{"embeddable":true,"href":"https:\/\/studiopixels.net\/en\/wp-json\/wp\/v2\/media\/10568"}],"wp:attachment":[{"href":"https:\/\/studiopixels.net\/en\/wp-json\/wp\/v2\/media?parent=11085"}],"curies":[{"name":"wp","href":"https:\/\/api.w.org\/{rel}","templated":true}]}}