{"id":11256,"date":"2026-05-11T14:13:03","date_gmt":"2026-05-11T18:13:03","guid":{"rendered":"https:\/\/studiopixels.net\/?post_type=product&#038;p=11256"},"modified":"2026-05-11T14:18:16","modified_gmt":"2026-05-11T18:18:16","slug":"exploration-de-la-gelli-plate-10-juillet-vendredi-19-a-22-h","status":"publish","type":"product","link":"https:\/\/studiopixels.net\/en\/product\/exploration-de-la-gelli-plate-10-juillet-vendredi-19-a-22-h\/","title":{"rendered":"Exploration de la Gelli plate!!! &#8211; <strong> 10 juillet <strong>  &#8211; Vendredi 19 \u00c0 22 H"},"content":{"rendered":"<div dir=\"auto\">\n<div class=\"o9v6fnle cxmmr5t8 oygrvhab hcukyx3x c1et5uql\">\n<div class=\"cxmmr5t8 oygrvhab kvgmc6g5 hcukyx3x c1et5uql ii04i59q\">\n<div class=\"\" dir=\"auto\">\n<h4 dir=\"auto\">10 juillet\u00a0 &#8211; Vendredi 19 \u00c0 22 H<\/h4>\n<p>&nbsp;<\/p>\n<div dir=\"auto\">\n<div class=\"o9v6fnle cxmmr5t8 oygrvhab hcukyx3x c1et5uql\">\n<div dir=\"auto\">\n<div class=\"o9v6fnle cxmmr5t8 oygrvhab hcukyx3x c1et5uql\">\n<div class=\"cxmmr5t8 oygrvhab kvgmc6g5 hcukyx3x c1et5uql ii04i59q\">\n<div class=\"\" dir=\"auto\">\n<p data-start=\"170\" data-end=\"240\"><strong data-start=\"170\" data-end=\"240\">Et si tu t\u2019offrais une soir\u00e9e de cr\u00e9ation \u00e0 mon studio ?<\/strong><\/p>\n<p data-start=\"500\" data-end=\"1008\">La <strong data-start=\"503\" data-end=\"518\">Gelli Plate<\/strong> est un outil polyvalent et ludique qui combine peinture, impression, transfert d\u2019images et spontan\u00e9it\u00e9. Elle permet de cr\u00e9er des \u0153uvres uniques, riches en textures et en surprises. Durant la matin\u00e9e, tu d\u00e9couvriras les techniques de base : application de la peinture, superposition des couleurs, cr\u00e9ation de motifs et de textures, ainsi que le transfert d\u2019images. Nous fabriquerons ensemble une vari\u00e9t\u00e9 de papiers imprim\u00e9s \u00e0 l\u2019aide de <strong data-start=\"954\" data-end=\"986\">trois techniques diff\u00e9rentes<\/strong> que je te partagerai.<\/p>\n<p data-start=\"1576\" data-end=\"1772\">Que tu sois <strong data-start=\"1588\" data-end=\"1631\">d\u00e9butant curieux ou artiste exp\u00e9riment\u00e9<\/strong>, cet atelier t\u2019offrira un espace de libert\u00e9 et d\u2019exploration, sans pression de r\u00e9sultat, o\u00f9 le plaisir de cr\u00e9er est au c\u0153ur de l\u2019exp\u00e9rience.<\/p>\n<p data-start=\"1774\" data-end=\"1838\"><strong data-start=\"1774\" data-end=\"1821\">Fais de ton intuition un voyage vers l\u2019art.<\/strong><br data-start=\"1821\" data-end=\"1824\" \/>\u2014 <em data-start=\"1826\" data-end=\"1834\">Pixels<\/em> \ud83c\udfa8\u2728<\/p>\n<\/div>\n<\/div>\n<\/div>\n<\/div>\n<\/div>\n<\/div>\n<div dir=\"auto\">\n<div><\/div>\n<div class=\"o9v6fnle cxmmr5t8 oygrvhab hcukyx3x c1et5uql\">MAT\u00c9RIELS FOURNIS<\/div>\n<div class=\"o9v6fnle cxmmr5t8 oygrvhab hcukyx3x c1et5uql\">ATTENTION : ******<br \/>\n6 personnes par atelier<\/div>\n<div><\/div>\n<div class=\"o9v6fnle cxmmr5t8 oygrvhab hcukyx3x c1et5uql\">Stationnement \u00e0 la Mairie<br \/>\nl&rsquo;atelier est au, 286, chemin des Patriotes \u00e0 Saint-Mathias<br \/>\n\u00c0 c\u00f4t\u00e9 du restaurant Chez l&rsquo;artisan en face des Gourmandes.<br \/>\n*** Ne pas se stationner \u00e0 l&rsquo;arri\u00e8re de l&rsquo;immeuble. Stationnement au 300 chemin des Patriotes \u00e0 la Mairie.<\/div>\n<\/div>\n<div><\/div>\n<div dir=\"auto\">\n<div class=\"o9v6fnle cxmmr5t8 oygrvhab hcukyx3x c1et5uql\">N.B.<br \/>\n****** Aucun remboursement sera fait.<br \/>\nIl est de votre responsabilit\u00e9 d&rsquo;\u00eatre pr\u00e9sent \u00e0 votre atelier.<\/div>\n<div class=\"o9v6fnle cxmmr5t8 oygrvhab hcukyx3x c1et5uql\">\n<div class=\"cxmmr5t8 oygrvhab kvgmc6g5 hcukyx3x c1et5uql ii04i59q\">\n<div class=\"\" dir=\"auto\">\n<p class=\"\">\u26a0\ufe0f <strong class=\"\">Important :<\/strong><br class=\"\" \/>Si vous pr\u00e9sentez des sympt\u00f4mes de rhume, grippe ou COVID, merci de porter un masque.<\/p>\n<div class=\"\"><\/div>\n<\/div>\n<\/div>\n<\/div>\n<\/div>\n<\/div>\n<\/div>\n<\/div>\n<\/div>","protected":false},"excerpt":{"rendered":"<div dir=\"auto\">\n<div class=\"o9v6fnle cxmmr5t8 oygrvhab hcukyx3x c1et5uql\">\n<div class=\"cxmmr5t8 oygrvhab kvgmc6g5 hcukyx3x c1et5uql ii04i59q\">\n<div class=\"\" dir=\"auto\">\n<div dir=\"auto\">\n<div class=\"o9v6fnle cxmmr5t8 oygrvhab hcukyx3x c1et5uql\">\n<div class=\"cxmmr5t8 oygrvhab kvgmc6g5 hcukyx3x c1et5uql ii04i59q\">\n<div class=\"\" dir=\"auto\">\n<div dir=\"auto\">\n<div class=\"o9v6fnle cxmmr5t8 oygrvhab hcukyx3x c1et5uql\">\n<div class=\"cxmmr5t8 oygrvhab kvgmc6g5 hcukyx3x c1et5uql ii04i59q\">\n<div class=\"\" dir=\"auto\">\n<div dir=\"auto\">\n<div class=\"o9v6fnle cxmmr5t8 oygrvhab hcukyx3x c1et5uql\">\n<div class=\"cxmmr5t8 oygrvhab kvgmc6g5 hcukyx3x c1et5uql ii04i59q\">\n<div class=\"\" dir=\"auto\">\n<div dir=\"auto\">\n<div class=\"o9v6fnle cxmmr5t8 oygrvhab hcukyx3x c1et5uql\">\n<div class=\"cxmmr5t8 oygrvhab kvgmc6g5 hcukyx3x c1et5uql ii04i59q\">\n<div class=\"\" dir=\"auto\">\n<h4 dir=\"auto\">10 juillet\u00a0 &#8211; Vendredi 19 \u00c0 22 H<\/h4>\n<p>&nbsp;<\/p>\n<div dir=\"auto\">\n<div class=\"o9v6fnle cxmmr5t8 oygrvhab hcukyx3x c1et5uql\">\n<div dir=\"auto\">\n<div class=\"o9v6fnle cxmmr5t8 oygrvhab hcukyx3x c1et5uql\">\n<div class=\"cxmmr5t8 oygrvhab kvgmc6g5 hcukyx3x c1et5uql ii04i59q\">\n<div class=\"\" dir=\"auto\">\n<p data-start=\"170\" data-end=\"240\"><strong data-start=\"170\" data-end=\"240\">Et si tu t\u2019offrais une soir\u00e9e de cr\u00e9ation \u00e0 mon studio ?<\/strong><\/p>\n<p data-start=\"500\" data-end=\"1008\">La <strong data-start=\"503\" data-end=\"518\">Gelli Plate<\/strong> est un outil polyvalent et ludique qui combine peinture, impression, transfert d\u2019images et spontan\u00e9it\u00e9. Elle permet de cr\u00e9er des \u0153uvres uniques, riches en textures et en surprises. Durant la matin\u00e9e, tu d\u00e9couvriras les techniques de base : application de la peinture, superposition des couleurs, cr\u00e9ation de motifs et de textures, ainsi que le transfert d\u2019images. Nous fabriquerons ensemble une vari\u00e9t\u00e9 de papiers imprim\u00e9s \u00e0 l\u2019aide de <strong data-start=\"954\" data-end=\"986\">trois techniques diff\u00e9rentes<\/strong> que je te partagerai.<\/p>\n<p data-start=\"1576\" data-end=\"1772\">Que tu sois <strong data-start=\"1588\" data-end=\"1631\">d\u00e9butant curieux ou artiste exp\u00e9riment\u00e9<\/strong>, cet atelier t\u2019offrira un espace de libert\u00e9 et d\u2019exploration, sans pression de r\u00e9sultat, o\u00f9 le plaisir de cr\u00e9er est au c\u0153ur de l\u2019exp\u00e9rience.<\/p>\n<p data-start=\"1774\" data-end=\"1838\"><strong data-start=\"1774\" data-end=\"1821\">Fais de ton intuition un voyage vers l\u2019art.<\/strong><br data-start=\"1821\" data-end=\"1824\" \/>\u2014 <em data-start=\"1826\" data-end=\"1834\">Pixels<\/em> \ud83c\udfa8\u2728<\/p>\n<\/div>\n<\/div>\n<\/div>\n<\/div>\n<\/div>\n<\/div>\n<div dir=\"auto\">\n<div><\/div>\n<div class=\"o9v6fnle cxmmr5t8 oygrvhab hcukyx3x c1et5uql\">MAT\u00c9RIELS FOURNIS<\/div>\n<div class=\"o9v6fnle cxmmr5t8 oygrvhab hcukyx3x c1et5uql\">ATTENTION : ******<br \/>\n6 personnes par atelier<\/div>\n<div><\/div>\n<div class=\"o9v6fnle cxmmr5t8 oygrvhab hcukyx3x c1et5uql\">Stationnement \u00e0 la Mairie<br \/>\nl&rsquo;atelier est au, 286, chemin des Patriotes \u00e0 Saint-Mathias<br \/>\n\u00c0 c\u00f4t\u00e9 du restaurant Chez l&rsquo;artisan en face des Gourmandes.<br \/>\n*** Ne pas se stationner \u00e0 l&rsquo;arri\u00e8re de l&rsquo;immeuble. Stationnement au 300 chemin des Patriotes \u00e0 la Mairie.<\/div>\n<\/div>\n<div><\/div>\n<div dir=\"auto\">\n<div class=\"o9v6fnle cxmmr5t8 oygrvhab hcukyx3x c1et5uql\">N.B.<br \/>\n****** Aucun remboursement sera fait.<br \/>\nIl est de votre responsabilit\u00e9 d&rsquo;\u00eatre pr\u00e9sent \u00e0 votre atelier.<\/div>\n<div class=\"o9v6fnle cxmmr5t8 oygrvhab hcukyx3x c1et5uql\">\n<div class=\"cxmmr5t8 oygrvhab kvgmc6g5 hcukyx3x c1et5uql ii04i59q\">\n<div class=\"\" dir=\"auto\">\n<p class=\"\">\u26a0\ufe0f <strong class=\"\">Important :<\/strong><br class=\"\" \/>Si vous pr\u00e9sentez des sympt\u00f4mes de rhume, grippe ou COVID, merci de porter un masque.<\/p>\n<div class=\"\"><\/div>\n<\/div>\n<\/div>\n<\/div>\n<\/div>\n<\/div>\n<\/div>\n<\/div>\n<\/div>\n<\/div>\n<\/div>\n<\/div>\n<\/div>\n<\/div>\n<\/div>\n<\/div>\n<\/div>\n<\/div>\n<\/div>\n<\/div>\n<\/div>\n<\/div>\n<\/div>\n<\/div>\n<\/div>","protected":false},"featured_media":10564,"comment_status":"open","ping_status":"closed","template":"","meta":{"_uag_custom_page_level_css":""},"class_list":{"0":"post-11256","1":"product","2":"type-product","3":"status-publish","4":"has-post-thumbnail","6":"product_cat-ateliers","8":"first","9":"instock","10":"virtual","11":"taxable","12":"purchasable","13":"product-type-simple"},"yoast_head":"<!-- This site is optimized with the Yoast SEO plugin v26.4 - https:\/\/yoast.com\/wordpress\/plugins\/seo\/ -->\n<title>Exploration de la Gelli plate!!! -  10 juillet  - Vendredi 19 \u00c0 22 H - Studio Pixels<\/title>\n<meta name=\"robots\" content=\"index, follow, max-snippet:-1, max-image-preview:large, max-video-preview:-1\" \/>\n<link rel=\"canonical\" href=\"https:\/\/studiopixels.net\/en\/product\/exploration-de-la-gelli-plate-10-juillet-vendredi-19-a-22-h\/\" \/>\n<meta property=\"og:locale\" content=\"en_US\" \/>\n<meta property=\"og:type\" content=\"article\" \/>\n<meta property=\"og:title\" content=\"Exploration de la Gelli plate!!! -  10 juillet  - Vendredi 19 \u00c0 22 H - Studio Pixels\" \/>\n<meta property=\"og:description\" content=\"10 juillet\u00a0 - Vendredi 19 \u00c0 22 H &nbsp;       Et si tu t\u2019offrais une soir\u00e9e de cr\u00e9ation \u00e0 mon studio ? La Gelli Plate est un outil polyvalent et ludique qui combine peinture, impression, transfert d\u2019images et spontan\u00e9it\u00e9. Elle permet de cr\u00e9er des \u0153uvres uniques, riches en textures et en surprises. Durant la matin\u00e9e, tu d\u00e9couvriras les techniques de base : application de la peinture, superposition des couleurs, cr\u00e9ation de motifs et de textures, ainsi que le transfert d\u2019images. Nous fabriquerons ensemble une vari\u00e9t\u00e9 de papiers imprim\u00e9s \u00e0 l\u2019aide de trois techniques diff\u00e9rentes que je te partagerai. Que tu sois d\u00e9butant curieux ou artiste exp\u00e9riment\u00e9, cet atelier t\u2019offrira un espace de libert\u00e9 et d\u2019exploration, sans pression de r\u00e9sultat, o\u00f9 le plaisir de cr\u00e9er est au c\u0153ur de l\u2019exp\u00e9rience. Fais de ton intuition un voyage vers l\u2019art.\u2014 Pixels \ud83c\udfa8\u2728          MAT\u00c9RIELS FOURNIS ATTENTION : ****** 6 personnes par atelier  Stationnement \u00e0 la Mairie l&#039;atelier est au, 286, chemin des Patriotes \u00e0 Saint-Mathias \u00c0 c\u00f4t\u00e9 du restaurant Chez l&#039;artisan en face des Gourmandes. *** Ne pas se stationner \u00e0 l&#039;arri\u00e8re de l&#039;immeuble. Stationnement au 300 chemin des Patriotes \u00e0 la Mairie.    N.B. ****** Aucun remboursement sera fait. Il est de votre responsabilit\u00e9 d&#039;\u00eatre pr\u00e9sent \u00e0 votre atelier.    \u26a0\ufe0f Important :Si vous pr\u00e9sentez des sympt\u00f4mes de rhume, grippe ou COVID, merci de porter un masque.\" \/>\n<meta property=\"og:url\" content=\"https:\/\/studiopixels.net\/en\/product\/exploration-de-la-gelli-plate-10-juillet-vendredi-19-a-22-h\/\" \/>\n<meta property=\"og:site_name\" content=\"Studio Pixels\" \/>\n<meta property=\"article:publisher\" content=\"https:\/\/www.facebook.com\/Studiopixelsart\" \/>\n<meta property=\"article:modified_time\" content=\"2026-05-11T18:18:16+00:00\" \/>\n<meta property=\"og:image\" content=\"https:\/\/studiopixels.net\/wp-content\/uploads\/2025\/11\/54FBCAC5-29EC-4260-BA93-07552C3471AE_1_105_c.jpeg\" \/>\n\t<meta property=\"og:image:width\" content=\"886\" \/>\n\t<meta property=\"og:image:height\" content=\"886\" \/>\n\t<meta property=\"og:image:type\" content=\"image\/jpeg\" \/>\n<meta name=\"twitter:card\" content=\"summary_large_image\" \/>\n<meta name=\"twitter:label1\" content=\"Est. reading time\" \/>\n\t<meta name=\"twitter:data1\" content=\"2 minutes\" \/>\n<script type=\"application\/ld+json\" class=\"yoast-schema-graph\">{\"@context\":\"https:\/\/schema.org\",\"@graph\":[{\"@type\":\"WebPage\",\"@id\":\"https:\/\/studiopixels.net\/produit\/exploration-de-la-gelli-plate-10-juillet-vendredi-19-a-22-h\/\",\"url\":\"https:\/\/studiopixels.net\/produit\/exploration-de-la-gelli-plate-10-juillet-vendredi-19-a-22-h\/\",\"name\":\"Exploration de la Gelli plate!!! - 10 juillet - Vendredi 19 \u00c0 22 H - Studio Pixels\",\"isPartOf\":{\"@id\":\"https:\/\/studiopixels.net\/#website\"},\"primaryImageOfPage\":{\"@id\":\"https:\/\/studiopixels.net\/produit\/exploration-de-la-gelli-plate-10-juillet-vendredi-19-a-22-h\/#primaryimage\"},\"image\":{\"@id\":\"https:\/\/studiopixels.net\/produit\/exploration-de-la-gelli-plate-10-juillet-vendredi-19-a-22-h\/#primaryimage\"},\"thumbnailUrl\":\"https:\/\/studiopixels.net\/wp-content\/uploads\/2025\/11\/54FBCAC5-29EC-4260-BA93-07552C3471AE_1_105_c.jpeg\",\"datePublished\":\"2026-05-11T18:13:03+00:00\",\"dateModified\":\"2026-05-11T18:18:16+00:00\",\"breadcrumb\":{\"@id\":\"https:\/\/studiopixels.net\/produit\/exploration-de-la-gelli-plate-10-juillet-vendredi-19-a-22-h\/#breadcrumb\"},\"inLanguage\":\"en-CA\",\"potentialAction\":[{\"@type\":\"ReadAction\",\"target\":[\"https:\/\/studiopixels.net\/produit\/exploration-de-la-gelli-plate-10-juillet-vendredi-19-a-22-h\/\"]}]},{\"@type\":\"ImageObject\",\"inLanguage\":\"en-CA\",\"@id\":\"https:\/\/studiopixels.net\/produit\/exploration-de-la-gelli-plate-10-juillet-vendredi-19-a-22-h\/#primaryimage\",\"url\":\"https:\/\/studiopixels.net\/wp-content\/uploads\/2025\/11\/54FBCAC5-29EC-4260-BA93-07552C3471AE_1_105_c.jpeg\",\"contentUrl\":\"https:\/\/studiopixels.net\/wp-content\/uploads\/2025\/11\/54FBCAC5-29EC-4260-BA93-07552C3471AE_1_105_c.jpeg\",\"width\":886,\"height\":886},{\"@type\":\"BreadcrumbList\",\"@id\":\"https:\/\/studiopixels.net\/produit\/exploration-de-la-gelli-plate-10-juillet-vendredi-19-a-22-h\/#breadcrumb\",\"itemListElement\":[{\"@type\":\"ListItem\",\"position\":1,\"name\":\"Accueil\",\"item\":\"https:\/\/studiopixels.net\/\"},{\"@type\":\"ListItem\",\"position\":2,\"name\":\"Boutique\",\"item\":\"https:\/\/studiopixels.net\/boutique\/\"},{\"@type\":\"ListItem\",\"position\":3,\"name\":\"Exploration de la Gelli plate!!! &#8211; 10 juillet &#8211; Vendredi 19 \u00c0 22 H\"}]},{\"@type\":\"WebSite\",\"@id\":\"https:\/\/studiopixels.net\/#website\",\"url\":\"https:\/\/studiopixels.net\/\",\"name\":\"Studio Pixels\",\"description\":\"\",\"publisher\":{\"@id\":\"https:\/\/studiopixels.net\/#organization\"},\"potentialAction\":[{\"@type\":\"SearchAction\",\"target\":{\"@type\":\"EntryPoint\",\"urlTemplate\":\"https:\/\/studiopixels.net\/?s={search_term_string}\"},\"query-input\":{\"@type\":\"PropertyValueSpecification\",\"valueRequired\":true,\"valueName\":\"search_term_string\"}}],\"inLanguage\":\"en-CA\"},{\"@type\":\"Organization\",\"@id\":\"https:\/\/studiopixels.net\/#organization\",\"name\":\"Studio Pixels\",\"url\":\"https:\/\/studiopixels.net\/\",\"logo\":{\"@type\":\"ImageObject\",\"inLanguage\":\"en-CA\",\"@id\":\"https:\/\/studiopixels.net\/#\/schema\/logo\/image\/\",\"url\":\"https:\/\/studiopixels.net\/wp-content\/uploads\/2020\/04\/cropped-Autocollant-pixels-2.jpg\",\"contentUrl\":\"https:\/\/studiopixels.net\/wp-content\/uploads\/2020\/04\/cropped-Autocollant-pixels-2.jpg\",\"width\":666,\"height\":666,\"caption\":\"Studio Pixels\"},\"image\":{\"@id\":\"https:\/\/studiopixels.net\/#\/schema\/logo\/image\/\"},\"sameAs\":[\"https:\/\/www.facebook.com\/Studiopixelsart\"]}]}<\/script>\n<!-- \/ Yoast SEO plugin. -->","yoast_head_json":{"title":"Exploration de la Gelli plate!!! -  10 juillet  - Vendredi 19 \u00c0 22 H - Studio Pixels","robots":{"index":"index","follow":"follow","max-snippet":"max-snippet:-1","max-image-preview":"max-image-preview:large","max-video-preview":"max-video-preview:-1"},"canonical":"https:\/\/studiopixels.net\/en\/product\/exploration-de-la-gelli-plate-10-juillet-vendredi-19-a-22-h\/","og_locale":"en_US","og_type":"article","og_title":"Exploration de la Gelli plate!!! -  10 juillet  - Vendredi 19 \u00c0 22 H - Studio Pixels","og_description":"10 juillet\u00a0 - Vendredi 19 \u00c0 22 H &nbsp;       Et si tu t\u2019offrais une soir\u00e9e de cr\u00e9ation \u00e0 mon studio ? La Gelli Plate est un outil polyvalent et ludique qui combine peinture, impression, transfert d\u2019images et spontan\u00e9it\u00e9. Elle permet de cr\u00e9er des \u0153uvres uniques, riches en textures et en surprises. Durant la matin\u00e9e, tu d\u00e9couvriras les techniques de base : application de la peinture, superposition des couleurs, cr\u00e9ation de motifs et de textures, ainsi que le transfert d\u2019images. Nous fabriquerons ensemble une vari\u00e9t\u00e9 de papiers imprim\u00e9s \u00e0 l\u2019aide de trois techniques diff\u00e9rentes que je te partagerai. Que tu sois d\u00e9butant curieux ou artiste exp\u00e9riment\u00e9, cet atelier t\u2019offrira un espace de libert\u00e9 et d\u2019exploration, sans pression de r\u00e9sultat, o\u00f9 le plaisir de cr\u00e9er est au c\u0153ur de l\u2019exp\u00e9rience. Fais de ton intuition un voyage vers l\u2019art.\u2014 Pixels \ud83c\udfa8\u2728          MAT\u00c9RIELS FOURNIS ATTENTION : ****** 6 personnes par atelier  Stationnement \u00e0 la Mairie l'atelier est au, 286, chemin des Patriotes \u00e0 Saint-Mathias \u00c0 c\u00f4t\u00e9 du restaurant Chez l'artisan en face des Gourmandes. *** Ne pas se stationner \u00e0 l'arri\u00e8re de l'immeuble. Stationnement au 300 chemin des Patriotes \u00e0 la Mairie.    N.B. ****** Aucun remboursement sera fait. Il est de votre responsabilit\u00e9 d'\u00eatre pr\u00e9sent \u00e0 votre atelier.    \u26a0\ufe0f Important :Si vous pr\u00e9sentez des sympt\u00f4mes de rhume, grippe ou COVID, merci de porter un masque.","og_url":"https:\/\/studiopixels.net\/en\/product\/exploration-de-la-gelli-plate-10-juillet-vendredi-19-a-22-h\/","og_site_name":"Studio Pixels","article_publisher":"https:\/\/www.facebook.com\/Studiopixelsart","article_modified_time":"2026-05-11T18:18:16+00:00","og_image":[{"width":886,"height":886,"url":"https:\/\/studiopixels.net\/wp-content\/uploads\/2025\/11\/54FBCAC5-29EC-4260-BA93-07552C3471AE_1_105_c.jpeg","type":"image\/jpeg"}],"twitter_card":"summary_large_image","twitter_misc":{"Est. reading time":"2 minutes"},"schema":{"@context":"https:\/\/schema.org","@graph":[{"@type":"WebPage","@id":"https:\/\/studiopixels.net\/produit\/exploration-de-la-gelli-plate-10-juillet-vendredi-19-a-22-h\/","url":"https:\/\/studiopixels.net\/produit\/exploration-de-la-gelli-plate-10-juillet-vendredi-19-a-22-h\/","name":"Exploration de la Gelli plate!!! - 10 juillet - Vendredi 19 \u00c0 22 H - Studio Pixels","isPartOf":{"@id":"https:\/\/studiopixels.net\/#website"},"primaryImageOfPage":{"@id":"https:\/\/studiopixels.net\/produit\/exploration-de-la-gelli-plate-10-juillet-vendredi-19-a-22-h\/#primaryimage"},"image":{"@id":"https:\/\/studiopixels.net\/produit\/exploration-de-la-gelli-plate-10-juillet-vendredi-19-a-22-h\/#primaryimage"},"thumbnailUrl":"https:\/\/studiopixels.net\/wp-content\/uploads\/2025\/11\/54FBCAC5-29EC-4260-BA93-07552C3471AE_1_105_c.jpeg","datePublished":"2026-05-11T18:13:03+00:00","dateModified":"2026-05-11T18:18:16+00:00","breadcrumb":{"@id":"https:\/\/studiopixels.net\/produit\/exploration-de-la-gelli-plate-10-juillet-vendredi-19-a-22-h\/#breadcrumb"},"inLanguage":"en-CA","potentialAction":[{"@type":"ReadAction","target":["https:\/\/studiopixels.net\/produit\/exploration-de-la-gelli-plate-10-juillet-vendredi-19-a-22-h\/"]}]},{"@type":"ImageObject","inLanguage":"en-CA","@id":"https:\/\/studiopixels.net\/produit\/exploration-de-la-gelli-plate-10-juillet-vendredi-19-a-22-h\/#primaryimage","url":"https:\/\/studiopixels.net\/wp-content\/uploads\/2025\/11\/54FBCAC5-29EC-4260-BA93-07552C3471AE_1_105_c.jpeg","contentUrl":"https:\/\/studiopixels.net\/wp-content\/uploads\/2025\/11\/54FBCAC5-29EC-4260-BA93-07552C3471AE_1_105_c.jpeg","width":886,"height":886},{"@type":"BreadcrumbList","@id":"https:\/\/studiopixels.net\/produit\/exploration-de-la-gelli-plate-10-juillet-vendredi-19-a-22-h\/#breadcrumb","itemListElement":[{"@type":"ListItem","position":1,"name":"Accueil","item":"https:\/\/studiopixels.net\/"},{"@type":"ListItem","position":2,"name":"Boutique","item":"https:\/\/studiopixels.net\/boutique\/"},{"@type":"ListItem","position":3,"name":"Exploration de la Gelli plate!!! &#8211; 10 juillet &#8211; Vendredi 19 \u00c0 22 H"}]},{"@type":"WebSite","@id":"https:\/\/studiopixels.net\/#website","url":"https:\/\/studiopixels.net\/","name":"Studio Pixels","description":"","publisher":{"@id":"https:\/\/studiopixels.net\/#organization"},"potentialAction":[{"@type":"SearchAction","target":{"@type":"EntryPoint","urlTemplate":"https:\/\/studiopixels.net\/?s={search_term_string}"},"query-input":{"@type":"PropertyValueSpecification","valueRequired":true,"valueName":"search_term_string"}}],"inLanguage":"en-CA"},{"@type":"Organization","@id":"https:\/\/studiopixels.net\/#organization","name":"Studio Pixels","url":"https:\/\/studiopixels.net\/","logo":{"@type":"ImageObject","inLanguage":"en-CA","@id":"https:\/\/studiopixels.net\/#\/schema\/logo\/image\/","url":"https:\/\/studiopixels.net\/wp-content\/uploads\/2020\/04\/cropped-Autocollant-pixels-2.jpg","contentUrl":"https:\/\/studiopixels.net\/wp-content\/uploads\/2020\/04\/cropped-Autocollant-pixels-2.jpg","width":666,"height":666,"caption":"Studio Pixels"},"image":{"@id":"https:\/\/studiopixels.net\/#\/schema\/logo\/image\/"},"sameAs":["https:\/\/www.facebook.com\/Studiopixelsart"]}]}},"uagb_featured_image_src":{"full":["https:\/\/studiopixels.net\/wp-content\/uploads\/2025\/11\/54FBCAC5-29EC-4260-BA93-07552C3471AE_1_105_c.jpeg",886,886,false],"thumbnail":["https:\/\/studiopixels.net\/wp-content\/uploads\/2025\/11\/54FBCAC5-29EC-4260-BA93-07552C3471AE_1_105_c-150x150.jpeg",150,150,true],"medium":["https:\/\/studiopixels.net\/wp-content\/uploads\/2025\/11\/54FBCAC5-29EC-4260-BA93-07552C3471AE_1_105_c-300x300.jpeg",300,300,true],"medium_large":["https:\/\/studiopixels.net\/wp-content\/uploads\/2025\/11\/54FBCAC5-29EC-4260-BA93-07552C3471AE_1_105_c-768x768.jpeg",768,768,true],"large":["https:\/\/studiopixels.net\/wp-content\/uploads\/2025\/11\/54FBCAC5-29EC-4260-BA93-07552C3471AE_1_105_c.jpeg",886,886,false],"1536x1536":["https:\/\/studiopixels.net\/wp-content\/uploads\/2025\/11\/54FBCAC5-29EC-4260-BA93-07552C3471AE_1_105_c.jpeg",886,886,false],"2048x2048":["https:\/\/studiopixels.net\/wp-content\/uploads\/2025\/11\/54FBCAC5-29EC-4260-BA93-07552C3471AE_1_105_c.jpeg",886,886,false],"trp-custom-language-flag":["https:\/\/studiopixels.net\/wp-content\/uploads\/2025\/11\/54FBCAC5-29EC-4260-BA93-07552C3471AE_1_105_c.jpeg",12,12,false],"woocommerce_thumbnail":["https:\/\/studiopixels.net\/wp-content\/uploads\/2025\/11\/54FBCAC5-29EC-4260-BA93-07552C3471AE_1_105_c-300x300.jpeg",300,300,true],"woocommerce_single":["https:\/\/studiopixels.net\/wp-content\/uploads\/2025\/11\/54FBCAC5-29EC-4260-BA93-07552C3471AE_1_105_c-600x600.jpeg",600,600,true],"woocommerce_gallery_thumbnail":["https:\/\/studiopixels.net\/wp-content\/uploads\/2025\/11\/54FBCAC5-29EC-4260-BA93-07552C3471AE_1_105_c-100x100.jpeg",100,100,true],"shop_catalog":["https:\/\/studiopixels.net\/wp-content\/uploads\/2025\/11\/54FBCAC5-29EC-4260-BA93-07552C3471AE_1_105_c-300x300.jpeg",300,300,true],"shop_single":["https:\/\/studiopixels.net\/wp-content\/uploads\/2025\/11\/54FBCAC5-29EC-4260-BA93-07552C3471AE_1_105_c-600x600.jpeg",600,600,true],"shop_thumbnail":["https:\/\/studiopixels.net\/wp-content\/uploads\/2025\/11\/54FBCAC5-29EC-4260-BA93-07552C3471AE_1_105_c-100x100.jpeg",100,100,true]},"uagb_author_info":{"display_name":"admin","author_link":"https:\/\/studiopixels.net\/en\/author\/"},"uagb_comment_info":0,"uagb_excerpt":"10 juillet\u00a0 - Vendredi 19 \u00c0 22 H &nbsp; Et si tu t\u2019offrais une soir\u00e9e de cr\u00e9ation \u00e0 mon studio ? La Gelli Plate est un outil polyvalent et ludique qui combine peinture, impression, transfert d\u2019images et spontan\u00e9it\u00e9. Elle permet de cr\u00e9er des \u0153uvres uniques, riches en textures et en surprises. Durant la matin\u00e9e, tu&hellip;","_links":{"self":[{"href":"https:\/\/studiopixels.net\/en\/wp-json\/wp\/v2\/product\/11256","targetHints":{"allow":["GET"]}}],"collection":[{"href":"https:\/\/studiopixels.net\/en\/wp-json\/wp\/v2\/product"}],"about":[{"href":"https:\/\/studiopixels.net\/en\/wp-json\/wp\/v2\/types\/product"}],"replies":[{"embeddable":true,"href":"https:\/\/studiopixels.net\/en\/wp-json\/wp\/v2\/comments?post=11256"}],"version-history":[{"count":1,"href":"https:\/\/studiopixels.net\/en\/wp-json\/wp\/v2\/product\/11256\/revisions"}],"predecessor-version":[{"id":11257,"href":"https:\/\/studiopixels.net\/en\/wp-json\/wp\/v2\/product\/11256\/revisions\/11257"}],"wp:featuredmedia":[{"embeddable":true,"href":"https:\/\/studiopixels.net\/en\/wp-json\/wp\/v2\/media\/10564"}],"wp:attachment":[{"href":"https:\/\/studiopixels.net\/en\/wp-json\/wp\/v2\/media?parent=11256"}],"curies":[{"name":"wp","href":"https:\/\/api.w.org\/{rel}","templated":true}]}}