{"id":11267,"date":"2026-05-11T15:02:55","date_gmt":"2026-05-11T19:02:55","guid":{"rendered":"https:\/\/studiopixels.net\/?post_type=product&#038;p=11267"},"modified":"2026-05-11T15:05:30","modified_gmt":"2026-05-11T19:05:30","slug":"mascouche-exploration-encre-a-lalcool-25-octobre-dimanche-11-a-14-h","status":"publish","type":"product","link":"https:\/\/studiopixels.net\/en\/product\/mascouche-exploration-encre-a-lalcool-25-octobre-dimanche-11-a-14-h\/","title":{"rendered":"MASCOUCHE &#8211; Exploration encre \u00e0 l&rsquo;alcool   &#8211; <strong>  25 octobre <strong>  &#8211; Dimanche 11 \u00c0 14 H"},"content":{"rendered":"<div dir=\"auto\">\n<div class=\"o9v6fnle cxmmr5t8 oygrvhab hcukyx3x c1et5uql\">\n<div class=\"cxmmr5t8 oygrvhab kvgmc6g5 hcukyx3x c1et5uql ii04i59q\">\n<div class=\"\" dir=\"auto\">\n<h4 dir=\"auto\">\u00a025 octobre , Dimanche 11 \u00c0 14 H<\/h4>\n<div dir=\"auto\">\n<div class=\"o9v6fnle cxmmr5t8 oygrvhab hcukyx3x c1et5uql\">\n<div dir=\"auto\">\n<div class=\"o9v6fnle cxmmr5t8 oygrvhab hcukyx3x c1et5uql\">\n<div class=\"cxmmr5t8 oygrvhab kvgmc6g5 hcukyx3x c1et5uql ii04i59q\">\n<div class=\"\" dir=\"auto\">\n<div dir=\"auto\">\n<div dir=\"auto\">\n<div dir=\"auto\">\n<div class=\"m8h3af8h l7ghb35v kjdc1dyq kmwttqpk gh25dzvf\">\n<div dir=\"auto\">Vous allez d\u00e9couvrir la diff\u00e9rence entre les marques d&rsquo;encres, les supports, et comment l&rsquo;utiliser.<\/div>\n<div dir=\"auto\">\n<p>Une soir\u00e9e toute en douceur, en suivant le flo des couleurs. (Pour d\u00e9butant ou avanc\u00e9)<\/p>\n<div class=\"o9v6fnle cxmmr5t8 oygrvhab hcukyx3x c1et5uql\">\n<div dir=\"auto\">\n<p><strong>Tout le mat\u00e9riel est fourni.<\/strong><br \/>\nConvient aux d\u00e9butants comme aux artistes avanc\u00e9s.<\/p>\n<\/div>\n<\/div>\n<\/div>\n<p data-start=\"720\" data-end=\"818\">\ud83d\udd8c\ufe0f <strong data-start=\"724\" data-end=\"755\">Tout le mat\u00e9riel est fourni<\/strong><br data-start=\"755\" data-end=\"758\" \/>\ud83c\udfa8 <strong data-start=\"761\" data-end=\"781\">Dur\u00e9e : 3 heures<\/strong><br data-start=\"781\" data-end=\"784\" \/>\ud83d\udc90 <strong data-start=\"787\" data-end=\"816\">Ouvert \u00e0 tous les niveaux<\/strong><\/p>\n<p data-start=\"820\" data-end=\"906\">Un atelier pour s\u2019amuser, apprendre et repartir avec une cr\u00e9ation color\u00e9e et unique!<\/p>\n<p>(Pour d\u00e9butant ou avanc\u00e9)<\/p>\n<\/div>\n<div class=\"l7ghb35v kjdc1dyq kmwttqpk gh25dzvf jikcssrz\">Faites de votre intuition un voyage vers l&rsquo;art &#8211; Pixels<\/div>\n<\/div>\n<\/div>\n<div dir=\"auto\"><\/div>\n<\/div>\n<div dir=\"auto\">\n<div class=\"o9v6fnle cxmmr5t8 oygrvhab hcukyx3x c1et5uql\">MAT\u00c9RIELS FOURNIS<\/div>\n<div class=\"o9v6fnle cxmmr5t8 oygrvhab hcukyx3x c1et5uql\">ATTENTION : ******<br \/>\n12 personnes par atelier<\/div>\n<\/div>\n<\/div>\n<\/div>\n<\/div>\n<\/div>\n<\/div>\n<\/div>\n<div dir=\"auto\">\n<div><\/div>\n<div class=\"o9v6fnle cxmmr5t8 oygrvhab hcukyx3x c1et5uql\"><strong>Adresse<\/strong><br \/>\n1075 Mont\u00e9e Masson , Mascouche, QC, Canada, Quebec<\/div>\n<\/div>\n<div><\/div>\n<div dir=\"auto\">\n<div class=\"o9v6fnle cxmmr5t8 oygrvhab hcukyx3x c1et5uql\">N.B.<br \/>\n****** Aucun remboursement sera fait.<br \/>\nIl est de votre responsabilit\u00e9 d&rsquo;\u00eatre pr\u00e9sent \u00e0 votre soir\u00e9e.<\/div>\n<\/div>\n<\/div>\n<\/div>\n<\/div>\n<\/div>","protected":false},"excerpt":{"rendered":"<div dir=\"auto\">\n<div class=\"o9v6fnle cxmmr5t8 oygrvhab hcukyx3x c1et5uql\">\n<div class=\"cxmmr5t8 oygrvhab kvgmc6g5 hcukyx3x c1et5uql ii04i59q\">\n<div class=\"\" dir=\"auto\">\n<div dir=\"auto\">\n<div class=\"o9v6fnle cxmmr5t8 oygrvhab hcukyx3x c1et5uql\">\n<div class=\"cxmmr5t8 oygrvhab kvgmc6g5 hcukyx3x c1et5uql ii04i59q\">\n<div class=\"\" dir=\"auto\">\n<div dir=\"auto\">\n<div class=\"o9v6fnle cxmmr5t8 oygrvhab hcukyx3x c1et5uql\">\n<div class=\"cxmmr5t8 oygrvhab kvgmc6g5 hcukyx3x c1et5uql ii04i59q\">\n<div class=\"\" dir=\"auto\">\n<div dir=\"auto\">\n<div class=\"o9v6fnle cxmmr5t8 oygrvhab hcukyx3x c1et5uql\">\n<div class=\"cxmmr5t8 oygrvhab kvgmc6g5 hcukyx3x c1et5uql ii04i59q\">\n<div class=\"\" dir=\"auto\">\n<div dir=\"auto\">\n<div class=\"o9v6fnle cxmmr5t8 oygrvhab hcukyx3x c1et5uql\">\n<div class=\"cxmmr5t8 oygrvhab kvgmc6g5 hcukyx3x c1et5uql ii04i59q\">\n<div class=\"\" dir=\"auto\">\n<div dir=\"auto\">\n<div class=\"o9v6fnle cxmmr5t8 oygrvhab hcukyx3x c1et5uql\">\n<div class=\"cxmmr5t8 oygrvhab kvgmc6g5 hcukyx3x c1et5uql ii04i59q\">\n<div class=\"\" dir=\"auto\">\n<h4 dir=\"auto\">\u00a025 octobre , Dimanche 11 \u00c0 14 H<\/h4>\n<div dir=\"auto\">\n<div class=\"o9v6fnle cxmmr5t8 oygrvhab hcukyx3x c1et5uql\">\n<div dir=\"auto\">\n<div class=\"o9v6fnle cxmmr5t8 oygrvhab hcukyx3x c1et5uql\">\n<div class=\"cxmmr5t8 oygrvhab kvgmc6g5 hcukyx3x c1et5uql ii04i59q\">\n<div class=\"\" dir=\"auto\">\n<div dir=\"auto\">\n<div dir=\"auto\">\n<div dir=\"auto\">\n<div class=\"m8h3af8h l7ghb35v kjdc1dyq kmwttqpk gh25dzvf\">\n<div dir=\"auto\">Vous allez d\u00e9couvrir la diff\u00e9rence entre les marques d&rsquo;encres, les supports, et comment l&rsquo;utiliser.<\/div>\n<div dir=\"auto\">\n<p>Une soir\u00e9e toute en douceur, en suivant le flo des couleurs. (Pour d\u00e9butant ou avanc\u00e9)<\/p>\n<div class=\"o9v6fnle cxmmr5t8 oygrvhab hcukyx3x c1et5uql\">\n<div dir=\"auto\">\n<p><strong>Tout le mat\u00e9riel est fourni.<\/strong><br \/>\nConvient aux d\u00e9butants comme aux artistes avanc\u00e9s.<\/p>\n<\/div>\n<\/div>\n<\/div>\n<p data-start=\"720\" data-end=\"818\">\ud83d\udd8c\ufe0f <strong data-start=\"724\" data-end=\"755\">Tout le mat\u00e9riel est fourni<\/strong><br data-start=\"755\" data-end=\"758\" \/>\ud83c\udfa8 <strong data-start=\"761\" data-end=\"781\">Dur\u00e9e : 3 heures<\/strong><br data-start=\"781\" data-end=\"784\" \/>\ud83d\udc90 <strong data-start=\"787\" data-end=\"816\">Ouvert \u00e0 tous les niveaux<\/strong><\/p>\n<p data-start=\"820\" data-end=\"906\">Un atelier pour s\u2019amuser, apprendre et repartir avec une cr\u00e9ation color\u00e9e et unique!<\/p>\n<p>(Pour d\u00e9butant ou avanc\u00e9)<\/p>\n<\/div>\n<div class=\"l7ghb35v kjdc1dyq kmwttqpk gh25dzvf jikcssrz\">Faites de votre intuition un voyage vers l&rsquo;art &#8211; Pixels<\/div>\n<\/div>\n<\/div>\n<div dir=\"auto\"><\/div>\n<\/div>\n<div dir=\"auto\">\n<div class=\"o9v6fnle cxmmr5t8 oygrvhab hcukyx3x c1et5uql\">MAT\u00c9RIELS FOURNIS<\/div>\n<div class=\"o9v6fnle cxmmr5t8 oygrvhab hcukyx3x c1et5uql\">ATTENTION : ******<br \/>\n12 personnes par atelier<\/div>\n<\/div>\n<\/div>\n<\/div>\n<\/div>\n<\/div>\n<\/div>\n<\/div>\n<div dir=\"auto\">\n<div><\/div>\n<div class=\"o9v6fnle cxmmr5t8 oygrvhab hcukyx3x c1et5uql\"><strong>Adresse<\/strong><br \/>\n1075 Mont\u00e9e Masson , Mascouche, QC, Canada, Quebec<\/div>\n<\/div>\n<div><\/div>\n<div dir=\"auto\">\n<div class=\"o9v6fnle cxmmr5t8 oygrvhab hcukyx3x c1et5uql\">N.B.<br \/>\n****** Aucun remboursement sera fait.<br \/>\nIl est de votre responsabilit\u00e9 d&rsquo;\u00eatre pr\u00e9sent \u00e0 votre soir\u00e9e.<\/div>\n<\/div>\n<\/div>\n<\/div>\n<\/div>\n<\/div>\n<\/div>\n<\/div>\n<\/div>\n<\/div>\n<\/div>\n<\/div>\n<\/div>\n<\/div>\n<\/div>\n<\/div>\n<\/div>\n<\/div>\n<\/div>\n<\/div>\n<\/div>\n<\/div>\n<\/div>\n<\/div>\n<\/div>\n<\/div>","protected":false},"featured_media":10947,"comment_status":"open","ping_status":"closed","template":"","meta":{"_uag_custom_page_level_css":""},"class_list":{"0":"post-11267","1":"product","2":"type-product","3":"status-publish","4":"has-post-thumbnail","6":"product_cat-ateliers","8":"first","9":"instock","10":"virtual","11":"taxable","12":"purchasable","13":"product-type-simple"},"yoast_head":"<!-- This site is optimized with the Yoast SEO plugin v26.4 - https:\/\/yoast.com\/wordpress\/plugins\/seo\/ -->\n<title>MASCOUCHE - Exploration encre \u00e0 l&#039;alcool  -  25 octobre  - Dimanche 11 \u00c0 14 H - Studio Pixels<\/title>\n<meta name=\"robots\" content=\"index, follow, max-snippet:-1, max-image-preview:large, max-video-preview:-1\" \/>\n<link rel=\"canonical\" href=\"https:\/\/studiopixels.net\/en\/product\/mascouche-exploration-encre-a-lalcool-25-octobre-dimanche-11-a-14-h\/\" \/>\n<meta property=\"og:locale\" content=\"en_US\" \/>\n<meta property=\"og:type\" content=\"article\" \/>\n<meta property=\"og:title\" content=\"MASCOUCHE - Exploration encre \u00e0 l&#039;alcool  -  25 octobre  - Dimanche 11 \u00c0 14 H - Studio Pixels\" \/>\n<meta property=\"og:description\" content=\"\u00a025 octobre , Dimanche 11 \u00c0 14 H           Vous allez d\u00e9couvrir la diff\u00e9rence entre les marques d&#039;encres, les supports, et comment l&#039;utiliser.   Une soir\u00e9e toute en douceur, en suivant le flo des couleurs. (Pour d\u00e9butant ou avanc\u00e9)    Tout le mat\u00e9riel est fourni. Convient aux d\u00e9butants comme aux artistes avanc\u00e9s.     \ud83d\udd8c\ufe0f Tout le mat\u00e9riel est fourni\ud83c\udfa8 Dur\u00e9e : 3 heures\ud83d\udc90 Ouvert \u00e0 tous les niveaux Un atelier pour s\u2019amuser, apprendre et repartir avec une cr\u00e9ation color\u00e9e et unique! (Pour d\u00e9butant ou avanc\u00e9)   Faites de votre intuition un voyage vers l&#039;art - Pixels      MAT\u00c9RIELS FOURNIS ATTENTION : ****** 12 personnes par atelier          Adresse 1075 Mont\u00e9e Masson , Mascouche, QC, Canada, Quebec    N.B. ****** Aucun remboursement sera fait. Il est de votre responsabilit\u00e9 d&#039;\u00eatre pr\u00e9sent \u00e0 votre soir\u00e9e.\" \/>\n<meta property=\"og:url\" content=\"https:\/\/studiopixels.net\/en\/product\/mascouche-exploration-encre-a-lalcool-25-octobre-dimanche-11-a-14-h\/\" \/>\n<meta property=\"og:site_name\" content=\"Studio Pixels\" \/>\n<meta property=\"article:publisher\" content=\"https:\/\/www.facebook.com\/Studiopixelsart\" \/>\n<meta property=\"article:modified_time\" content=\"2026-05-11T19:05:30+00:00\" \/>\n<meta property=\"og:image\" content=\"https:\/\/studiopixels.net\/wp-content\/uploads\/2025\/08\/atelier-encre-alcool_Pixels_le-garage.jpg\" \/>\n\t<meta property=\"og:image:width\" content=\"1080\" \/>\n\t<meta property=\"og:image:height\" content=\"1080\" \/>\n\t<meta property=\"og:image:type\" content=\"image\/jpeg\" \/>\n<meta name=\"twitter:card\" content=\"summary_large_image\" \/>\n<meta name=\"twitter:label1\" content=\"Est. reading time\" \/>\n\t<meta name=\"twitter:data1\" content=\"1 minute\" \/>\n<script type=\"application\/ld+json\" class=\"yoast-schema-graph\">{\"@context\":\"https:\/\/schema.org\",\"@graph\":[{\"@type\":\"WebPage\",\"@id\":\"https:\/\/studiopixels.net\/produit\/mascouche-exploration-encre-a-lalcool-25-octobre-dimanche-11-a-14-h\/\",\"url\":\"https:\/\/studiopixels.net\/produit\/mascouche-exploration-encre-a-lalcool-25-octobre-dimanche-11-a-14-h\/\",\"name\":\"MASCOUCHE - Exploration encre \u00e0 l'alcool - 25 octobre - Dimanche 11 \u00c0 14 H - Studio Pixels\",\"isPartOf\":{\"@id\":\"https:\/\/studiopixels.net\/#website\"},\"primaryImageOfPage\":{\"@id\":\"https:\/\/studiopixels.net\/produit\/mascouche-exploration-encre-a-lalcool-25-octobre-dimanche-11-a-14-h\/#primaryimage\"},\"image\":{\"@id\":\"https:\/\/studiopixels.net\/produit\/mascouche-exploration-encre-a-lalcool-25-octobre-dimanche-11-a-14-h\/#primaryimage\"},\"thumbnailUrl\":\"https:\/\/studiopixels.net\/wp-content\/uploads\/2025\/08\/atelier-encre-alcool_Pixels_le-garage.jpg\",\"datePublished\":\"2026-05-11T19:02:55+00:00\",\"dateModified\":\"2026-05-11T19:05:30+00:00\",\"breadcrumb\":{\"@id\":\"https:\/\/studiopixels.net\/produit\/mascouche-exploration-encre-a-lalcool-25-octobre-dimanche-11-a-14-h\/#breadcrumb\"},\"inLanguage\":\"en-CA\",\"potentialAction\":[{\"@type\":\"ReadAction\",\"target\":[\"https:\/\/studiopixels.net\/produit\/mascouche-exploration-encre-a-lalcool-25-octobre-dimanche-11-a-14-h\/\"]}]},{\"@type\":\"ImageObject\",\"inLanguage\":\"en-CA\",\"@id\":\"https:\/\/studiopixels.net\/produit\/mascouche-exploration-encre-a-lalcool-25-octobre-dimanche-11-a-14-h\/#primaryimage\",\"url\":\"https:\/\/studiopixels.net\/wp-content\/uploads\/2025\/08\/atelier-encre-alcool_Pixels_le-garage.jpg\",\"contentUrl\":\"https:\/\/studiopixels.net\/wp-content\/uploads\/2025\/08\/atelier-encre-alcool_Pixels_le-garage.jpg\",\"width\":1080,\"height\":1080},{\"@type\":\"BreadcrumbList\",\"@id\":\"https:\/\/studiopixels.net\/produit\/mascouche-exploration-encre-a-lalcool-25-octobre-dimanche-11-a-14-h\/#breadcrumb\",\"itemListElement\":[{\"@type\":\"ListItem\",\"position\":1,\"name\":\"Accueil\",\"item\":\"https:\/\/studiopixels.net\/\"},{\"@type\":\"ListItem\",\"position\":2,\"name\":\"Boutique\",\"item\":\"https:\/\/studiopixels.net\/boutique\/\"},{\"@type\":\"ListItem\",\"position\":3,\"name\":\"MASCOUCHE &#8211; Exploration encre \u00e0 l&rsquo;alcool &#8211; 25 octobre &#8211; Dimanche 11 \u00c0 14 H\"}]},{\"@type\":\"WebSite\",\"@id\":\"https:\/\/studiopixels.net\/#website\",\"url\":\"https:\/\/studiopixels.net\/\",\"name\":\"Studio Pixels\",\"description\":\"\",\"publisher\":{\"@id\":\"https:\/\/studiopixels.net\/#organization\"},\"potentialAction\":[{\"@type\":\"SearchAction\",\"target\":{\"@type\":\"EntryPoint\",\"urlTemplate\":\"https:\/\/studiopixels.net\/?s={search_term_string}\"},\"query-input\":{\"@type\":\"PropertyValueSpecification\",\"valueRequired\":true,\"valueName\":\"search_term_string\"}}],\"inLanguage\":\"en-CA\"},{\"@type\":\"Organization\",\"@id\":\"https:\/\/studiopixels.net\/#organization\",\"name\":\"Studio Pixels\",\"url\":\"https:\/\/studiopixels.net\/\",\"logo\":{\"@type\":\"ImageObject\",\"inLanguage\":\"en-CA\",\"@id\":\"https:\/\/studiopixels.net\/#\/schema\/logo\/image\/\",\"url\":\"https:\/\/studiopixels.net\/wp-content\/uploads\/2020\/04\/cropped-Autocollant-pixels-2.jpg\",\"contentUrl\":\"https:\/\/studiopixels.net\/wp-content\/uploads\/2020\/04\/cropped-Autocollant-pixels-2.jpg\",\"width\":666,\"height\":666,\"caption\":\"Studio Pixels\"},\"image\":{\"@id\":\"https:\/\/studiopixels.net\/#\/schema\/logo\/image\/\"},\"sameAs\":[\"https:\/\/www.facebook.com\/Studiopixelsart\"]}]}<\/script>\n<!-- \/ Yoast SEO plugin. -->","yoast_head_json":{"title":"MASCOUCHE - Exploration encre \u00e0 l'alcool  -  25 octobre  - Dimanche 11 \u00c0 14 H - Studio Pixels","robots":{"index":"index","follow":"follow","max-snippet":"max-snippet:-1","max-image-preview":"max-image-preview:large","max-video-preview":"max-video-preview:-1"},"canonical":"https:\/\/studiopixels.net\/en\/product\/mascouche-exploration-encre-a-lalcool-25-octobre-dimanche-11-a-14-h\/","og_locale":"en_US","og_type":"article","og_title":"MASCOUCHE - Exploration encre \u00e0 l'alcool  -  25 octobre  - Dimanche 11 \u00c0 14 H - Studio Pixels","og_description":"\u00a025 octobre , Dimanche 11 \u00c0 14 H           Vous allez d\u00e9couvrir la diff\u00e9rence entre les marques d'encres, les supports, et comment l'utiliser.   Une soir\u00e9e toute en douceur, en suivant le flo des couleurs. (Pour d\u00e9butant ou avanc\u00e9)    Tout le mat\u00e9riel est fourni. Convient aux d\u00e9butants comme aux artistes avanc\u00e9s.     \ud83d\udd8c\ufe0f Tout le mat\u00e9riel est fourni\ud83c\udfa8 Dur\u00e9e : 3 heures\ud83d\udc90 Ouvert \u00e0 tous les niveaux Un atelier pour s\u2019amuser, apprendre et repartir avec une cr\u00e9ation color\u00e9e et unique! (Pour d\u00e9butant ou avanc\u00e9)   Faites de votre intuition un voyage vers l'art - Pixels      MAT\u00c9RIELS FOURNIS ATTENTION : ****** 12 personnes par atelier          Adresse 1075 Mont\u00e9e Masson , Mascouche, QC, Canada, Quebec    N.B. ****** Aucun remboursement sera fait. Il est de votre responsabilit\u00e9 d'\u00eatre pr\u00e9sent \u00e0 votre soir\u00e9e.","og_url":"https:\/\/studiopixels.net\/en\/product\/mascouche-exploration-encre-a-lalcool-25-octobre-dimanche-11-a-14-h\/","og_site_name":"Studio Pixels","article_publisher":"https:\/\/www.facebook.com\/Studiopixelsart","article_modified_time":"2026-05-11T19:05:30+00:00","og_image":[{"width":1080,"height":1080,"url":"https:\/\/studiopixels.net\/wp-content\/uploads\/2025\/08\/atelier-encre-alcool_Pixels_le-garage.jpg","type":"image\/jpeg"}],"twitter_card":"summary_large_image","twitter_misc":{"Est. reading time":"1 minute"},"schema":{"@context":"https:\/\/schema.org","@graph":[{"@type":"WebPage","@id":"https:\/\/studiopixels.net\/produit\/mascouche-exploration-encre-a-lalcool-25-octobre-dimanche-11-a-14-h\/","url":"https:\/\/studiopixels.net\/produit\/mascouche-exploration-encre-a-lalcool-25-octobre-dimanche-11-a-14-h\/","name":"MASCOUCHE - Exploration encre \u00e0 l'alcool - 25 octobre - Dimanche 11 \u00c0 14 H - Studio Pixels","isPartOf":{"@id":"https:\/\/studiopixels.net\/#website"},"primaryImageOfPage":{"@id":"https:\/\/studiopixels.net\/produit\/mascouche-exploration-encre-a-lalcool-25-octobre-dimanche-11-a-14-h\/#primaryimage"},"image":{"@id":"https:\/\/studiopixels.net\/produit\/mascouche-exploration-encre-a-lalcool-25-octobre-dimanche-11-a-14-h\/#primaryimage"},"thumbnailUrl":"https:\/\/studiopixels.net\/wp-content\/uploads\/2025\/08\/atelier-encre-alcool_Pixels_le-garage.jpg","datePublished":"2026-05-11T19:02:55+00:00","dateModified":"2026-05-11T19:05:30+00:00","breadcrumb":{"@id":"https:\/\/studiopixels.net\/produit\/mascouche-exploration-encre-a-lalcool-25-octobre-dimanche-11-a-14-h\/#breadcrumb"},"inLanguage":"en-CA","potentialAction":[{"@type":"ReadAction","target":["https:\/\/studiopixels.net\/produit\/mascouche-exploration-encre-a-lalcool-25-octobre-dimanche-11-a-14-h\/"]}]},{"@type":"ImageObject","inLanguage":"en-CA","@id":"https:\/\/studiopixels.net\/produit\/mascouche-exploration-encre-a-lalcool-25-octobre-dimanche-11-a-14-h\/#primaryimage","url":"https:\/\/studiopixels.net\/wp-content\/uploads\/2025\/08\/atelier-encre-alcool_Pixels_le-garage.jpg","contentUrl":"https:\/\/studiopixels.net\/wp-content\/uploads\/2025\/08\/atelier-encre-alcool_Pixels_le-garage.jpg","width":1080,"height":1080},{"@type":"BreadcrumbList","@id":"https:\/\/studiopixels.net\/produit\/mascouche-exploration-encre-a-lalcool-25-octobre-dimanche-11-a-14-h\/#breadcrumb","itemListElement":[{"@type":"ListItem","position":1,"name":"Accueil","item":"https:\/\/studiopixels.net\/"},{"@type":"ListItem","position":2,"name":"Boutique","item":"https:\/\/studiopixels.net\/boutique\/"},{"@type":"ListItem","position":3,"name":"MASCOUCHE &#8211; Exploration encre \u00e0 l&rsquo;alcool &#8211; 25 octobre &#8211; Dimanche 11 \u00c0 14 H"}]},{"@type":"WebSite","@id":"https:\/\/studiopixels.net\/#website","url":"https:\/\/studiopixels.net\/","name":"Studio Pixels","description":"","publisher":{"@id":"https:\/\/studiopixels.net\/#organization"},"potentialAction":[{"@type":"SearchAction","target":{"@type":"EntryPoint","urlTemplate":"https:\/\/studiopixels.net\/?s={search_term_string}"},"query-input":{"@type":"PropertyValueSpecification","valueRequired":true,"valueName":"search_term_string"}}],"inLanguage":"en-CA"},{"@type":"Organization","@id":"https:\/\/studiopixels.net\/#organization","name":"Studio Pixels","url":"https:\/\/studiopixels.net\/","logo":{"@type":"ImageObject","inLanguage":"en-CA","@id":"https:\/\/studiopixels.net\/#\/schema\/logo\/image\/","url":"https:\/\/studiopixels.net\/wp-content\/uploads\/2020\/04\/cropped-Autocollant-pixels-2.jpg","contentUrl":"https:\/\/studiopixels.net\/wp-content\/uploads\/2020\/04\/cropped-Autocollant-pixels-2.jpg","width":666,"height":666,"caption":"Studio Pixels"},"image":{"@id":"https:\/\/studiopixels.net\/#\/schema\/logo\/image\/"},"sameAs":["https:\/\/www.facebook.com\/Studiopixelsart"]}]}},"uagb_featured_image_src":{"full":["https:\/\/studiopixels.net\/wp-content\/uploads\/2025\/08\/atelier-encre-alcool_Pixels_le-garage.jpg",1080,1080,false],"thumbnail":["https:\/\/studiopixels.net\/wp-content\/uploads\/2025\/08\/atelier-encre-alcool_Pixels_le-garage-150x150.jpg",150,150,true],"medium":["https:\/\/studiopixels.net\/wp-content\/uploads\/2025\/08\/atelier-encre-alcool_Pixels_le-garage-300x300.jpg",300,300,true],"medium_large":["https:\/\/studiopixels.net\/wp-content\/uploads\/2025\/08\/atelier-encre-alcool_Pixels_le-garage-768x768.jpg",768,768,true],"large":["https:\/\/studiopixels.net\/wp-content\/uploads\/2025\/08\/atelier-encre-alcool_Pixels_le-garage-1024x1024.jpg",1024,1024,true],"1536x1536":["https:\/\/studiopixels.net\/wp-content\/uploads\/2025\/08\/atelier-encre-alcool_Pixels_le-garage.jpg",1080,1080,false],"2048x2048":["https:\/\/studiopixels.net\/wp-content\/uploads\/2025\/08\/atelier-encre-alcool_Pixels_le-garage.jpg",1080,1080,false],"trp-custom-language-flag":["https:\/\/studiopixels.net\/wp-content\/uploads\/2025\/08\/atelier-encre-alcool_Pixels_le-garage-12x12.jpg",12,12,true],"woocommerce_thumbnail":["https:\/\/studiopixels.net\/wp-content\/uploads\/2025\/08\/atelier-encre-alcool_Pixels_le-garage-300x300.jpg",300,300,true],"woocommerce_single":["https:\/\/studiopixels.net\/wp-content\/uploads\/2025\/08\/atelier-encre-alcool_Pixels_le-garage-600x600.jpg",600,600,true],"woocommerce_gallery_thumbnail":["https:\/\/studiopixels.net\/wp-content\/uploads\/2025\/08\/atelier-encre-alcool_Pixels_le-garage-100x100.jpg",100,100,true],"shop_catalog":["https:\/\/studiopixels.net\/wp-content\/uploads\/2025\/08\/atelier-encre-alcool_Pixels_le-garage-300x300.jpg",300,300,true],"shop_single":["https:\/\/studiopixels.net\/wp-content\/uploads\/2025\/08\/atelier-encre-alcool_Pixels_le-garage-600x600.jpg",600,600,true],"shop_thumbnail":["https:\/\/studiopixels.net\/wp-content\/uploads\/2025\/08\/atelier-encre-alcool_Pixels_le-garage-100x100.jpg",100,100,true]},"uagb_author_info":{"display_name":"admin","author_link":"https:\/\/studiopixels.net\/en\/author\/"},"uagb_comment_info":0,"uagb_excerpt":"\u00a025 octobre , Dimanche 11 \u00c0 14 H Vous allez d\u00e9couvrir la diff\u00e9rence entre les marques d'encres, les supports, et comment l'utiliser. Une soir\u00e9e toute en douceur, en suivant le flo des couleurs. (Pour d\u00e9butant ou avanc\u00e9) Tout le mat\u00e9riel est fourni. Convient aux d\u00e9butants comme aux artistes avanc\u00e9s. \ud83d\udd8c\ufe0f Tout le mat\u00e9riel est fourni\ud83c\udfa8&hellip;","_links":{"self":[{"href":"https:\/\/studiopixels.net\/en\/wp-json\/wp\/v2\/product\/11267","targetHints":{"allow":["GET"]}}],"collection":[{"href":"https:\/\/studiopixels.net\/en\/wp-json\/wp\/v2\/product"}],"about":[{"href":"https:\/\/studiopixels.net\/en\/wp-json\/wp\/v2\/types\/product"}],"replies":[{"embeddable":true,"href":"https:\/\/studiopixels.net\/en\/wp-json\/wp\/v2\/comments?post=11267"}],"version-history":[{"count":1,"href":"https:\/\/studiopixels.net\/en\/wp-json\/wp\/v2\/product\/11267\/revisions"}],"predecessor-version":[{"id":11268,"href":"https:\/\/studiopixels.net\/en\/wp-json\/wp\/v2\/product\/11267\/revisions\/11268"}],"wp:featuredmedia":[{"embeddable":true,"href":"https:\/\/studiopixels.net\/en\/wp-json\/wp\/v2\/media\/10947"}],"wp:attachment":[{"href":"https:\/\/studiopixels.net\/en\/wp-json\/wp\/v2\/media?parent=11267"}],"curies":[{"name":"wp","href":"https:\/\/api.w.org\/{rel}","templated":true}]}}