{"id":150,"date":"2019-11-20T19:45:10","date_gmt":"2019-11-20T18:45:10","guid":{"rendered":"http:\/\/localhost\/studiopixels\/index.php\/product\/import-placeholder-for-30792\/"},"modified":"2023-08-04T12:20:56","modified_gmt":"2023-08-04T16:20:56","slug":"robe-flegmatique-ii","status":"publish","type":"product","link":"https:\/\/studiopixels.net\/en\/product\/robe-flegmatique-ii\/","title":{"rendered":"Robe \u00ab\u00a0Flegmatique II\u00a0\u00bb"},"content":{"rendered":"<ul>\n<li>Fabriqu\u00e9s \u00e0 partir de 72% d&rsquo;ecopoly \/ 28% spandex fabriqu\u00e9 au Canada<\/li>\n<li>Jupe bas \u00e9vas\u00e9e qui commence \u00e0 la taille<\/li>\n<li>Impression vive qui ne dispara\u00eetra jamais apr\u00e8s le lavage<br \/>\n2 en 1 style! Portez votre robe \u00e0 l&rsquo;avant ou \u00e0 l&rsquo;arri\u00e8re pour la changer.<br \/>\nCoutures doubl\u00e9es \u00e0 la main<br \/>\nTissu trait\u00e9 pour \u00e9vacuer l&rsquo;humidit\u00e9 pour vous garder \u00e0 l&rsquo;aise<br \/>\nNos tissus sont fabriqu\u00e9s avec EcoPoly, un proc\u00e9d\u00e9 de production qui utilise un tiers moins d&rsquo;\u00e9nergie et d&rsquo;eau que les processus typiques de production de polyester.<\/li>\n<\/ul>\n<p>Facile \u00e0 entretenir. Lavage en machine \u00e0 froid. S\u00e9chage par culbutage r\u00e9gulier ou suspendre pour s\u00e9cher. Le tissu est naturellement \u201cquickdry\u00a0\u00bb ainsi vous ne devrez pas attendre longtemps avant de le porter encore.<\/p>","protected":false},"excerpt":{"rendered":"<p>Fabriqu\u00e9s \u00e0 partir de 72% d&rsquo;ecopoly \/ 28% spandex fabriqu\u00e9 au Canada Jupe bas \u00e9vas\u00e9e qui commence \u00e0 la taille Impression vive qui ne dispara\u00eetra jamais apr\u00e8s le lavage 2 en 1 style! Portez votre robe \u00e0 l&rsquo;avant ou \u00e0 l&rsquo;arri\u00e8re pour la changer. Coutures doubl\u00e9es \u00e0 la main Tissu trait\u00e9 pour \u00e9vacuer l&rsquo;humidit\u00e9 pour &hellip;<\/p>\n<p class=\"read-more\"> <a class=\"\" href=\"https:\/\/studiopixels.net\/en\/product\/robe-flegmatique-ii\/\"> <span class=\"screen-reader-text\">Robe \u00ab\u00a0Flegmatique II\u00a0\u00bb<\/span> Read More &raquo;<\/a><\/p>","protected":false},"featured_media":198,"comment_status":"open","ping_status":"closed","template":"","meta":{"_uag_custom_page_level_css":""},"class_list":{"0":"post-150","1":"product","2":"type-product","3":"status-publish","4":"has-post-thumbnail","6":"product_cat-robes","7":"product_shipping_class-free-shipping","9":"first","10":"instock","11":"sale","12":"taxable","13":"shipping-taxable","14":"purchasable","15":"product-type-variable"},"yoast_head":"<!-- This site is optimized with the Yoast SEO plugin v26.4 - https:\/\/yoast.com\/wordpress\/plugins\/seo\/ -->\n<title>Robe &quot;Flegmatique II&quot; - Studio Pixels<\/title>\n<meta name=\"robots\" content=\"index, follow, max-snippet:-1, max-image-preview:large, max-video-preview:-1\" \/>\n<link rel=\"canonical\" href=\"https:\/\/studiopixels.net\/en\/product\/robe-flegmatique-ii\/\" \/>\n<meta property=\"og:locale\" content=\"en_US\" \/>\n<meta property=\"og:type\" content=\"article\" \/>\n<meta property=\"og:title\" content=\"Robe &quot;Flegmatique II&quot; - Studio Pixels\" \/>\n<meta property=\"og:description\" content=\"Fabriqu\u00e9s \u00e0 partir de 72% d&rsquo;ecopoly \/ 28% spandex fabriqu\u00e9 au Canada Jupe bas \u00e9vas\u00e9e qui commence \u00e0 la taille Impression vive qui ne dispara\u00eetra jamais apr\u00e8s le lavage 2 en 1 style! Portez votre robe \u00e0 l&rsquo;avant ou \u00e0 l&rsquo;arri\u00e8re pour la changer. Coutures doubl\u00e9es \u00e0 la main Tissu trait\u00e9 pour \u00e9vacuer l&rsquo;humidit\u00e9 pour &hellip; Robe \u00ab\u00a0Flegmatique II\u00a0\u00bb Read More &raquo;\" \/>\n<meta property=\"og:url\" content=\"https:\/\/studiopixels.net\/en\/product\/robe-flegmatique-ii\/\" \/>\n<meta property=\"og:site_name\" content=\"Studio Pixels\" \/>\n<meta property=\"article:publisher\" content=\"https:\/\/www.facebook.com\/Studiopixelsart\" \/>\n<meta property=\"article:modified_time\" content=\"2023-08-04T16:20:56+00:00\" \/>\n<meta property=\"og:image\" content=\"https:\/\/studiopixels.net\/wp-content\/uploads\/2019\/11\/Robe-Flegmatique-II_-de-la-collection-Pixels_2.jpg\" \/>\n\t<meta property=\"og:image:width\" content=\"500\" \/>\n\t<meta property=\"og:image:height\" content=\"446\" \/>\n\t<meta property=\"og:image:type\" content=\"image\/jpeg\" \/>\n<meta name=\"twitter:card\" content=\"summary_large_image\" \/>\n<meta name=\"twitter:label1\" content=\"Est. reading time\" \/>\n\t<meta name=\"twitter:data1\" content=\"1 minute\" \/>\n<script type=\"application\/ld+json\" class=\"yoast-schema-graph\">{\"@context\":\"https:\/\/schema.org\",\"@graph\":[{\"@type\":\"WebPage\",\"@id\":\"https:\/\/studiopixels.net\/produit\/robe-flegmatique-ii\/\",\"url\":\"https:\/\/studiopixels.net\/produit\/robe-flegmatique-ii\/\",\"name\":\"Robe \\\"Flegmatique II\\\" - Studio Pixels\",\"isPartOf\":{\"@id\":\"https:\/\/studiopixels.net\/#website\"},\"primaryImageOfPage\":{\"@id\":\"https:\/\/studiopixels.net\/produit\/robe-flegmatique-ii\/#primaryimage\"},\"image\":{\"@id\":\"https:\/\/studiopixels.net\/produit\/robe-flegmatique-ii\/#primaryimage\"},\"thumbnailUrl\":\"https:\/\/studiopixels.net\/wp-content\/uploads\/2019\/11\/Robe-Flegmatique-II_-de-la-collection-Pixels_2.jpg\",\"datePublished\":\"2019-11-20T18:45:10+00:00\",\"dateModified\":\"2023-08-04T16:20:56+00:00\",\"breadcrumb\":{\"@id\":\"https:\/\/studiopixels.net\/produit\/robe-flegmatique-ii\/#breadcrumb\"},\"inLanguage\":\"en-CA\",\"potentialAction\":[{\"@type\":\"ReadAction\",\"target\":[\"https:\/\/studiopixels.net\/produit\/robe-flegmatique-ii\/\"]}]},{\"@type\":\"ImageObject\",\"inLanguage\":\"en-CA\",\"@id\":\"https:\/\/studiopixels.net\/produit\/robe-flegmatique-ii\/#primaryimage\",\"url\":\"https:\/\/studiopixels.net\/wp-content\/uploads\/2019\/11\/Robe-Flegmatique-II_-de-la-collection-Pixels_2.jpg\",\"contentUrl\":\"https:\/\/studiopixels.net\/wp-content\/uploads\/2019\/11\/Robe-Flegmatique-II_-de-la-collection-Pixels_2.jpg\",\"width\":500,\"height\":446},{\"@type\":\"BreadcrumbList\",\"@id\":\"https:\/\/studiopixels.net\/produit\/robe-flegmatique-ii\/#breadcrumb\",\"itemListElement\":[{\"@type\":\"ListItem\",\"position\":1,\"name\":\"Accueil\",\"item\":\"https:\/\/studiopixels.net\/\"},{\"@type\":\"ListItem\",\"position\":2,\"name\":\"Boutique\",\"item\":\"https:\/\/studiopixels.net\/boutique\/\"},{\"@type\":\"ListItem\",\"position\":3,\"name\":\"Robe \u00ab\u00a0Flegmatique II\u00a0\u00bb\"}]},{\"@type\":\"WebSite\",\"@id\":\"https:\/\/studiopixels.net\/#website\",\"url\":\"https:\/\/studiopixels.net\/\",\"name\":\"Studio Pixels\",\"description\":\"\",\"publisher\":{\"@id\":\"https:\/\/studiopixels.net\/#organization\"},\"potentialAction\":[{\"@type\":\"SearchAction\",\"target\":{\"@type\":\"EntryPoint\",\"urlTemplate\":\"https:\/\/studiopixels.net\/?s={search_term_string}\"},\"query-input\":{\"@type\":\"PropertyValueSpecification\",\"valueRequired\":true,\"valueName\":\"search_term_string\"}}],\"inLanguage\":\"en-CA\"},{\"@type\":\"Organization\",\"@id\":\"https:\/\/studiopixels.net\/#organization\",\"name\":\"Studio Pixels\",\"url\":\"https:\/\/studiopixels.net\/\",\"logo\":{\"@type\":\"ImageObject\",\"inLanguage\":\"en-CA\",\"@id\":\"https:\/\/studiopixels.net\/#\/schema\/logo\/image\/\",\"url\":\"https:\/\/studiopixels.net\/wp-content\/uploads\/2020\/04\/cropped-Autocollant-pixels-2.jpg\",\"contentUrl\":\"https:\/\/studiopixels.net\/wp-content\/uploads\/2020\/04\/cropped-Autocollant-pixels-2.jpg\",\"width\":666,\"height\":666,\"caption\":\"Studio Pixels\"},\"image\":{\"@id\":\"https:\/\/studiopixels.net\/#\/schema\/logo\/image\/\"},\"sameAs\":[\"https:\/\/www.facebook.com\/Studiopixelsart\"]}]}<\/script>\n<!-- \/ Yoast SEO plugin. -->","yoast_head_json":{"title":"Robe \"Flegmatique II\" - Studio Pixels","robots":{"index":"index","follow":"follow","max-snippet":"max-snippet:-1","max-image-preview":"max-image-preview:large","max-video-preview":"max-video-preview:-1"},"canonical":"https:\/\/studiopixels.net\/en\/product\/robe-flegmatique-ii\/","og_locale":"en_US","og_type":"article","og_title":"Robe \"Flegmatique II\" - Studio Pixels","og_description":"Fabriqu\u00e9s \u00e0 partir de 72% d&rsquo;ecopoly \/ 28% spandex fabriqu\u00e9 au Canada Jupe bas \u00e9vas\u00e9e qui commence \u00e0 la taille Impression vive qui ne dispara\u00eetra jamais apr\u00e8s le lavage 2 en 1 style! Portez votre robe \u00e0 l&rsquo;avant ou \u00e0 l&rsquo;arri\u00e8re pour la changer. Coutures doubl\u00e9es \u00e0 la main Tissu trait\u00e9 pour \u00e9vacuer l&rsquo;humidit\u00e9 pour &hellip; Robe \u00ab\u00a0Flegmatique II\u00a0\u00bb Read More &raquo;","og_url":"https:\/\/studiopixels.net\/en\/product\/robe-flegmatique-ii\/","og_site_name":"Studio Pixels","article_publisher":"https:\/\/www.facebook.com\/Studiopixelsart","article_modified_time":"2023-08-04T16:20:56+00:00","og_image":[{"width":500,"height":446,"url":"https:\/\/studiopixels.net\/wp-content\/uploads\/2019\/11\/Robe-Flegmatique-II_-de-la-collection-Pixels_2.jpg","type":"image\/jpeg"}],"twitter_card":"summary_large_image","twitter_misc":{"Est. reading time":"1 minute"},"schema":{"@context":"https:\/\/schema.org","@graph":[{"@type":"WebPage","@id":"https:\/\/studiopixels.net\/produit\/robe-flegmatique-ii\/","url":"https:\/\/studiopixels.net\/produit\/robe-flegmatique-ii\/","name":"Robe \"Flegmatique II\" - Studio Pixels","isPartOf":{"@id":"https:\/\/studiopixels.net\/#website"},"primaryImageOfPage":{"@id":"https:\/\/studiopixels.net\/produit\/robe-flegmatique-ii\/#primaryimage"},"image":{"@id":"https:\/\/studiopixels.net\/produit\/robe-flegmatique-ii\/#primaryimage"},"thumbnailUrl":"https:\/\/studiopixels.net\/wp-content\/uploads\/2019\/11\/Robe-Flegmatique-II_-de-la-collection-Pixels_2.jpg","datePublished":"2019-11-20T18:45:10+00:00","dateModified":"2023-08-04T16:20:56+00:00","breadcrumb":{"@id":"https:\/\/studiopixels.net\/produit\/robe-flegmatique-ii\/#breadcrumb"},"inLanguage":"en-CA","potentialAction":[{"@type":"ReadAction","target":["https:\/\/studiopixels.net\/produit\/robe-flegmatique-ii\/"]}]},{"@type":"ImageObject","inLanguage":"en-CA","@id":"https:\/\/studiopixels.net\/produit\/robe-flegmatique-ii\/#primaryimage","url":"https:\/\/studiopixels.net\/wp-content\/uploads\/2019\/11\/Robe-Flegmatique-II_-de-la-collection-Pixels_2.jpg","contentUrl":"https:\/\/studiopixels.net\/wp-content\/uploads\/2019\/11\/Robe-Flegmatique-II_-de-la-collection-Pixels_2.jpg","width":500,"height":446},{"@type":"BreadcrumbList","@id":"https:\/\/studiopixels.net\/produit\/robe-flegmatique-ii\/#breadcrumb","itemListElement":[{"@type":"ListItem","position":1,"name":"Accueil","item":"https:\/\/studiopixels.net\/"},{"@type":"ListItem","position":2,"name":"Boutique","item":"https:\/\/studiopixels.net\/boutique\/"},{"@type":"ListItem","position":3,"name":"Robe \u00ab\u00a0Flegmatique II\u00a0\u00bb"}]},{"@type":"WebSite","@id":"https:\/\/studiopixels.net\/#website","url":"https:\/\/studiopixels.net\/","name":"Studio Pixels","description":"","publisher":{"@id":"https:\/\/studiopixels.net\/#organization"},"potentialAction":[{"@type":"SearchAction","target":{"@type":"EntryPoint","urlTemplate":"https:\/\/studiopixels.net\/?s={search_term_string}"},"query-input":{"@type":"PropertyValueSpecification","valueRequired":true,"valueName":"search_term_string"}}],"inLanguage":"en-CA"},{"@type":"Organization","@id":"https:\/\/studiopixels.net\/#organization","name":"Studio Pixels","url":"https:\/\/studiopixels.net\/","logo":{"@type":"ImageObject","inLanguage":"en-CA","@id":"https:\/\/studiopixels.net\/#\/schema\/logo\/image\/","url":"https:\/\/studiopixels.net\/wp-content\/uploads\/2020\/04\/cropped-Autocollant-pixels-2.jpg","contentUrl":"https:\/\/studiopixels.net\/wp-content\/uploads\/2020\/04\/cropped-Autocollant-pixels-2.jpg","width":666,"height":666,"caption":"Studio Pixels"},"image":{"@id":"https:\/\/studiopixels.net\/#\/schema\/logo\/image\/"},"sameAs":["https:\/\/www.facebook.com\/Studiopixelsart"]}]}},"uagb_featured_image_src":{"full":["https:\/\/studiopixels.net\/wp-content\/uploads\/2019\/11\/Robe-Flegmatique-II_-de-la-collection-Pixels_2.jpg",500,446,false],"thumbnail":["https:\/\/studiopixels.net\/wp-content\/uploads\/2019\/11\/Robe-Flegmatique-II_-de-la-collection-Pixels_2-150x150.jpg",150,150,true],"medium":["https:\/\/studiopixels.net\/wp-content\/uploads\/2019\/11\/Robe-Flegmatique-II_-de-la-collection-Pixels_2-300x268.jpg",300,268,true],"medium_large":["https:\/\/studiopixels.net\/wp-content\/uploads\/2019\/11\/Robe-Flegmatique-II_-de-la-collection-Pixels_2.jpg",500,446,false],"large":["https:\/\/studiopixels.net\/wp-content\/uploads\/2019\/11\/Robe-Flegmatique-II_-de-la-collection-Pixels_2.jpg",500,446,false],"1536x1536":["https:\/\/studiopixels.net\/wp-content\/uploads\/2019\/11\/Robe-Flegmatique-II_-de-la-collection-Pixels_2.jpg",500,446,false],"2048x2048":["https:\/\/studiopixels.net\/wp-content\/uploads\/2019\/11\/Robe-Flegmatique-II_-de-la-collection-Pixels_2.jpg",500,446,false],"trp-custom-language-flag":["https:\/\/studiopixels.net\/wp-content\/uploads\/2019\/11\/Robe-Flegmatique-II_-de-la-collection-Pixels_2.jpg",13,12,false],"woocommerce_thumbnail":["https:\/\/studiopixels.net\/wp-content\/uploads\/2019\/11\/Robe-Flegmatique-II_-de-la-collection-Pixels_2-300x300.jpg",300,300,true],"woocommerce_single":["https:\/\/studiopixels.net\/wp-content\/uploads\/2019\/11\/Robe-Flegmatique-II_-de-la-collection-Pixels_2.jpg",500,446,false],"woocommerce_gallery_thumbnail":["https:\/\/studiopixels.net\/wp-content\/uploads\/2019\/11\/Robe-Flegmatique-II_-de-la-collection-Pixels_2-100x100.jpg",100,100,true],"shop_catalog":["https:\/\/studiopixels.net\/wp-content\/uploads\/2019\/11\/Robe-Flegmatique-II_-de-la-collection-Pixels_2-300x300.jpg",300,300,true],"shop_single":["https:\/\/studiopixels.net\/wp-content\/uploads\/2019\/11\/Robe-Flegmatique-II_-de-la-collection-Pixels_2.jpg",500,446,false],"shop_thumbnail":["https:\/\/studiopixels.net\/wp-content\/uploads\/2019\/11\/Robe-Flegmatique-II_-de-la-collection-Pixels_2-100x100.jpg",100,100,true]},"uagb_author_info":{"display_name":"admin","author_link":"https:\/\/studiopixels.net\/en\/author\/"},"uagb_comment_info":0,"uagb_excerpt":"Fabriqu\u00e9s \u00e0 partir de 72% d&rsquo;ecopoly \/ 28% spandex fabriqu\u00e9 au Canada Jupe bas \u00e9vas\u00e9e qui commence \u00e0 la taille Impression vive qui ne dispara\u00eetra jamais apr\u00e8s le lavage 2 en 1 style! Portez votre robe \u00e0 l&rsquo;avant ou \u00e0 l&rsquo;arri\u00e8re pour la changer. Coutures doubl\u00e9es \u00e0 la main Tissu trait\u00e9 pour \u00e9vacuer l&rsquo;humidit\u00e9 pour&hellip;","_links":{"self":[{"href":"https:\/\/studiopixels.net\/en\/wp-json\/wp\/v2\/product\/150","targetHints":{"allow":["GET"]}}],"collection":[{"href":"https:\/\/studiopixels.net\/en\/wp-json\/wp\/v2\/product"}],"about":[{"href":"https:\/\/studiopixels.net\/en\/wp-json\/wp\/v2\/types\/product"}],"replies":[{"embeddable":true,"href":"https:\/\/studiopixels.net\/en\/wp-json\/wp\/v2\/comments?post=150"}],"version-history":[{"count":1,"href":"https:\/\/studiopixels.net\/en\/wp-json\/wp\/v2\/product\/150\/revisions"}],"predecessor-version":[{"id":2806,"href":"https:\/\/studiopixels.net\/en\/wp-json\/wp\/v2\/product\/150\/revisions\/2806"}],"wp:featuredmedia":[{"embeddable":true,"href":"https:\/\/studiopixels.net\/en\/wp-json\/wp\/v2\/media\/198"}],"wp:attachment":[{"href":"https:\/\/studiopixels.net\/en\/wp-json\/wp\/v2\/media?parent=150"}],"curies":[{"name":"wp","href":"https:\/\/api.w.org\/{rel}","templated":true}]}}