{"id":1696,"date":"2020-04-21T14:02:54","date_gmt":"2020-04-21T18:02:54","guid":{"rendered":"https:\/\/studiopixels.net\/?post_type=product&#038;p=1696"},"modified":"2021-03-18T10:26:05","modified_gmt":"2021-03-18T14:26:05","slug":"nous-sommes-la","status":"publish","type":"product","link":"https:\/\/studiopixels.net\/en\/product\/nous-sommes-la\/","title":{"rendered":"Nous sommes l\u00e0"},"content":{"rendered":"<p>\u00ab\u00a0Nous sommes l\u00e0\u00a0\u00bb<br \/>\nInspir\u00e9e des oeuvres de Norval Morrisseau<br \/>\nGouache et posca sur papier canson aquarelle 140 livres \u00e0 faire encadrer<br \/>\n18&Prime; x 12&Prime;<\/p>","protected":false},"excerpt":{"rendered":"<p>\u00ab\u00a0Nous sommes l\u00e0\u00a0\u00bb<br \/>\nInspir\u00e9e des oeuvres de Norval Morrisseau<br \/>\nGouache et posca sur papier canson aquarelle 140 livres \u00e0 faire encadrer<br \/>\n18&Prime; x 12&Prime;<\/p>","protected":false},"featured_media":1697,"comment_status":"open","ping_status":"closed","template":"","meta":{"_uag_custom_page_level_css":""},"class_list":{"0":"post-1696","1":"product","2":"type-product","3":"status-publish","4":"has-post-thumbnail","6":"product_cat-collection-oeuvres","7":"product_cat-gouache-et-posca","8":"product_shipping_class-free-shipping","10":"first","11":"outofstock","12":"taxable","13":"shipping-taxable","14":"purchasable","15":"product-type-simple"},"yoast_head":"<!-- This site is optimized with the Yoast SEO plugin v26.4 - https:\/\/yoast.com\/wordpress\/plugins\/seo\/ -->\n<title>Nous sommes l\u00e0 - Studio Pixels<\/title>\n<meta name=\"robots\" content=\"index, follow, max-snippet:-1, max-image-preview:large, max-video-preview:-1\" \/>\n<link rel=\"canonical\" href=\"https:\/\/studiopixels.net\/en\/product\/nous-sommes-la\/\" \/>\n<meta property=\"og:locale\" content=\"en_US\" \/>\n<meta property=\"og:type\" content=\"article\" \/>\n<meta property=\"og:title\" content=\"Nous sommes l\u00e0 - Studio Pixels\" \/>\n<meta property=\"og:description\" content=\"&quot;Nous sommes l\u00e0&quot; Inspir\u00e9e des oeuvres de Norval Morrisseau Gouache et posca sur papier canson aquarelle 140 livres \u00e0 faire encadrer 18&quot; x 12&quot;\" \/>\n<meta property=\"og:url\" content=\"https:\/\/studiopixels.net\/en\/product\/nous-sommes-la\/\" \/>\n<meta property=\"og:site_name\" content=\"Studio Pixels\" \/>\n<meta property=\"article:publisher\" content=\"https:\/\/www.facebook.com\/Studiopixelsart\" \/>\n<meta property=\"article:modified_time\" content=\"2021-03-18T14:26:05+00:00\" \/>\n<meta property=\"og:image\" content=\"https:\/\/studiopixels.net\/wp-content\/uploads\/2020\/04\/nous-sommes-la\u0300_low-1024x699.jpg\" \/>\n\t<meta property=\"og:image:width\" content=\"1024\" \/>\n\t<meta property=\"og:image:height\" content=\"699\" \/>\n\t<meta property=\"og:image:type\" content=\"image\/jpeg\" \/>\n<meta name=\"twitter:card\" content=\"summary_large_image\" \/>\n<script type=\"application\/ld+json\" class=\"yoast-schema-graph\">{\"@context\":\"https:\/\/schema.org\",\"@graph\":[{\"@type\":\"WebPage\",\"@id\":\"https:\/\/studiopixels.net\/produit\/nous-sommes-la\/\",\"url\":\"https:\/\/studiopixels.net\/produit\/nous-sommes-la\/\",\"name\":\"Nous sommes l\u00e0 - Studio Pixels\",\"isPartOf\":{\"@id\":\"https:\/\/studiopixels.net\/#website\"},\"primaryImageOfPage\":{\"@id\":\"https:\/\/studiopixels.net\/produit\/nous-sommes-la\/#primaryimage\"},\"image\":{\"@id\":\"https:\/\/studiopixels.net\/produit\/nous-sommes-la\/#primaryimage\"},\"thumbnailUrl\":\"https:\/\/studiopixels.net\/wp-content\/uploads\/2020\/04\/nous-sommes-la\u0300_low.jpg\",\"datePublished\":\"2020-04-21T18:02:54+00:00\",\"dateModified\":\"2021-03-18T14:26:05+00:00\",\"breadcrumb\":{\"@id\":\"https:\/\/studiopixels.net\/produit\/nous-sommes-la\/#breadcrumb\"},\"inLanguage\":\"en-CA\",\"potentialAction\":[{\"@type\":\"ReadAction\",\"target\":[\"https:\/\/studiopixels.net\/produit\/nous-sommes-la\/\"]}]},{\"@type\":\"ImageObject\",\"inLanguage\":\"en-CA\",\"@id\":\"https:\/\/studiopixels.net\/produit\/nous-sommes-la\/#primaryimage\",\"url\":\"https:\/\/studiopixels.net\/wp-content\/uploads\/2020\/04\/nous-sommes-la\u0300_low.jpg\",\"contentUrl\":\"https:\/\/studiopixels.net\/wp-content\/uploads\/2020\/04\/nous-sommes-la\u0300_low.jpg\",\"width\":2400,\"height\":1638,\"caption\":\"nous sommes la\u0300\"},{\"@type\":\"BreadcrumbList\",\"@id\":\"https:\/\/studiopixels.net\/produit\/nous-sommes-la\/#breadcrumb\",\"itemListElement\":[{\"@type\":\"ListItem\",\"position\":1,\"name\":\"Accueil\",\"item\":\"https:\/\/studiopixels.net\/\"},{\"@type\":\"ListItem\",\"position\":2,\"name\":\"Boutique\",\"item\":\"https:\/\/studiopixels.net\/boutique\/\"},{\"@type\":\"ListItem\",\"position\":3,\"name\":\"Nous sommes l\u00e0\"}]},{\"@type\":\"WebSite\",\"@id\":\"https:\/\/studiopixels.net\/#website\",\"url\":\"https:\/\/studiopixels.net\/\",\"name\":\"Studio Pixels\",\"description\":\"\",\"publisher\":{\"@id\":\"https:\/\/studiopixels.net\/#organization\"},\"potentialAction\":[{\"@type\":\"SearchAction\",\"target\":{\"@type\":\"EntryPoint\",\"urlTemplate\":\"https:\/\/studiopixels.net\/?s={search_term_string}\"},\"query-input\":{\"@type\":\"PropertyValueSpecification\",\"valueRequired\":true,\"valueName\":\"search_term_string\"}}],\"inLanguage\":\"en-CA\"},{\"@type\":\"Organization\",\"@id\":\"https:\/\/studiopixels.net\/#organization\",\"name\":\"Studio Pixels\",\"url\":\"https:\/\/studiopixels.net\/\",\"logo\":{\"@type\":\"ImageObject\",\"inLanguage\":\"en-CA\",\"@id\":\"https:\/\/studiopixels.net\/#\/schema\/logo\/image\/\",\"url\":\"https:\/\/studiopixels.net\/wp-content\/uploads\/2020\/04\/cropped-Autocollant-pixels-2.jpg\",\"contentUrl\":\"https:\/\/studiopixels.net\/wp-content\/uploads\/2020\/04\/cropped-Autocollant-pixels-2.jpg\",\"width\":666,\"height\":666,\"caption\":\"Studio Pixels\"},\"image\":{\"@id\":\"https:\/\/studiopixels.net\/#\/schema\/logo\/image\/\"},\"sameAs\":[\"https:\/\/www.facebook.com\/Studiopixelsart\"]}]}<\/script>\n<!-- \/ Yoast SEO plugin. -->","yoast_head_json":{"title":"Nous sommes l\u00e0 - Studio Pixels","robots":{"index":"index","follow":"follow","max-snippet":"max-snippet:-1","max-image-preview":"max-image-preview:large","max-video-preview":"max-video-preview:-1"},"canonical":"https:\/\/studiopixels.net\/en\/product\/nous-sommes-la\/","og_locale":"en_US","og_type":"article","og_title":"Nous sommes l\u00e0 - Studio Pixels","og_description":"\"Nous sommes l\u00e0\" Inspir\u00e9e des oeuvres de Norval Morrisseau Gouache et posca sur papier canson aquarelle 140 livres \u00e0 faire encadrer 18\" x 12\"","og_url":"https:\/\/studiopixels.net\/en\/product\/nous-sommes-la\/","og_site_name":"Studio Pixels","article_publisher":"https:\/\/www.facebook.com\/Studiopixelsart","article_modified_time":"2021-03-18T14:26:05+00:00","og_image":[{"width":1024,"height":699,"url":"https:\/\/studiopixels.net\/wp-content\/uploads\/2020\/04\/nous-sommes-la\u0300_low-1024x699.jpg","type":"image\/jpeg"}],"twitter_card":"summary_large_image","schema":{"@context":"https:\/\/schema.org","@graph":[{"@type":"WebPage","@id":"https:\/\/studiopixels.net\/produit\/nous-sommes-la\/","url":"https:\/\/studiopixels.net\/produit\/nous-sommes-la\/","name":"Nous sommes l\u00e0 - Studio Pixels","isPartOf":{"@id":"https:\/\/studiopixels.net\/#website"},"primaryImageOfPage":{"@id":"https:\/\/studiopixels.net\/produit\/nous-sommes-la\/#primaryimage"},"image":{"@id":"https:\/\/studiopixels.net\/produit\/nous-sommes-la\/#primaryimage"},"thumbnailUrl":"https:\/\/studiopixels.net\/wp-content\/uploads\/2020\/04\/nous-sommes-la\u0300_low.jpg","datePublished":"2020-04-21T18:02:54+00:00","dateModified":"2021-03-18T14:26:05+00:00","breadcrumb":{"@id":"https:\/\/studiopixels.net\/produit\/nous-sommes-la\/#breadcrumb"},"inLanguage":"en-CA","potentialAction":[{"@type":"ReadAction","target":["https:\/\/studiopixels.net\/produit\/nous-sommes-la\/"]}]},{"@type":"ImageObject","inLanguage":"en-CA","@id":"https:\/\/studiopixels.net\/produit\/nous-sommes-la\/#primaryimage","url":"https:\/\/studiopixels.net\/wp-content\/uploads\/2020\/04\/nous-sommes-la\u0300_low.jpg","contentUrl":"https:\/\/studiopixels.net\/wp-content\/uploads\/2020\/04\/nous-sommes-la\u0300_low.jpg","width":2400,"height":1638,"caption":"nous sommes la\u0300"},{"@type":"BreadcrumbList","@id":"https:\/\/studiopixels.net\/produit\/nous-sommes-la\/#breadcrumb","itemListElement":[{"@type":"ListItem","position":1,"name":"Accueil","item":"https:\/\/studiopixels.net\/"},{"@type":"ListItem","position":2,"name":"Boutique","item":"https:\/\/studiopixels.net\/boutique\/"},{"@type":"ListItem","position":3,"name":"Nous sommes l\u00e0"}]},{"@type":"WebSite","@id":"https:\/\/studiopixels.net\/#website","url":"https:\/\/studiopixels.net\/","name":"Studio Pixels","description":"","publisher":{"@id":"https:\/\/studiopixels.net\/#organization"},"potentialAction":[{"@type":"SearchAction","target":{"@type":"EntryPoint","urlTemplate":"https:\/\/studiopixels.net\/?s={search_term_string}"},"query-input":{"@type":"PropertyValueSpecification","valueRequired":true,"valueName":"search_term_string"}}],"inLanguage":"en-CA"},{"@type":"Organization","@id":"https:\/\/studiopixels.net\/#organization","name":"Studio Pixels","url":"https:\/\/studiopixels.net\/","logo":{"@type":"ImageObject","inLanguage":"en-CA","@id":"https:\/\/studiopixels.net\/#\/schema\/logo\/image\/","url":"https:\/\/studiopixels.net\/wp-content\/uploads\/2020\/04\/cropped-Autocollant-pixels-2.jpg","contentUrl":"https:\/\/studiopixels.net\/wp-content\/uploads\/2020\/04\/cropped-Autocollant-pixels-2.jpg","width":666,"height":666,"caption":"Studio Pixels"},"image":{"@id":"https:\/\/studiopixels.net\/#\/schema\/logo\/image\/"},"sameAs":["https:\/\/www.facebook.com\/Studiopixelsart"]}]}},"uagb_featured_image_src":{"full":["https:\/\/studiopixels.net\/wp-content\/uploads\/2020\/04\/nous-sommes-la\u0300_low.jpg",2400,1638,false],"thumbnail":["https:\/\/studiopixels.net\/wp-content\/uploads\/2020\/04\/nous-sommes-la\u0300_low-150x150.jpg",150,150,true],"medium":["https:\/\/studiopixels.net\/wp-content\/uploads\/2020\/04\/nous-sommes-la\u0300_low-300x205.jpg",300,205,true],"medium_large":["https:\/\/studiopixels.net\/wp-content\/uploads\/2020\/04\/nous-sommes-la\u0300_low-768x524.jpg",768,524,true],"large":["https:\/\/studiopixels.net\/wp-content\/uploads\/2020\/04\/nous-sommes-la\u0300_low-1024x699.jpg",1024,699,true],"1536x1536":["https:\/\/studiopixels.net\/wp-content\/uploads\/2020\/04\/nous-sommes-la\u0300_low-1536x1048.jpg",1536,1048,true],"2048x2048":["https:\/\/studiopixels.net\/wp-content\/uploads\/2020\/04\/nous-sommes-la\u0300_low-2048x1398.jpg",2048,1398,true],"trp-custom-language-flag":["https:\/\/studiopixels.net\/wp-content\/uploads\/2020\/04\/nous-sommes-la\u0300_low.jpg",18,12,false],"woocommerce_thumbnail":["https:\/\/studiopixels.net\/wp-content\/uploads\/2020\/04\/nous-sommes-la\u0300_low-300x300.jpg",300,300,true],"woocommerce_single":["https:\/\/studiopixels.net\/wp-content\/uploads\/2020\/04\/nous-sommes-la\u0300_low-600x410.jpg",600,410,true],"woocommerce_gallery_thumbnail":["https:\/\/studiopixels.net\/wp-content\/uploads\/2020\/04\/nous-sommes-la\u0300_low-100x100.jpg",100,100,true],"shop_catalog":["https:\/\/studiopixels.net\/wp-content\/uploads\/2020\/04\/nous-sommes-la\u0300_low-300x300.jpg",300,300,true],"shop_single":["https:\/\/studiopixels.net\/wp-content\/uploads\/2020\/04\/nous-sommes-la\u0300_low-600x410.jpg",600,410,true],"shop_thumbnail":["https:\/\/studiopixels.net\/wp-content\/uploads\/2020\/04\/nous-sommes-la\u0300_low-100x100.jpg",100,100,true]},"uagb_author_info":{"display_name":"admin","author_link":"https:\/\/studiopixels.net\/en\/author\/"},"uagb_comment_info":0,"uagb_excerpt":"\"Nous sommes l\u00e0\" Inspir\u00e9e des oeuvres de Norval Morrisseau Gouache et posca sur papier canson aquarelle 140 livres \u00e0 faire encadrer 18\" x 12\"","_links":{"self":[{"href":"https:\/\/studiopixels.net\/en\/wp-json\/wp\/v2\/product\/1696","targetHints":{"allow":["GET"]}}],"collection":[{"href":"https:\/\/studiopixels.net\/en\/wp-json\/wp\/v2\/product"}],"about":[{"href":"https:\/\/studiopixels.net\/en\/wp-json\/wp\/v2\/types\/product"}],"replies":[{"embeddable":true,"href":"https:\/\/studiopixels.net\/en\/wp-json\/wp\/v2\/comments?post=1696"}],"version-history":[{"count":3,"href":"https:\/\/studiopixels.net\/en\/wp-json\/wp\/v2\/product\/1696\/revisions"}],"predecessor-version":[{"id":1700,"href":"https:\/\/studiopixels.net\/en\/wp-json\/wp\/v2\/product\/1696\/revisions\/1700"}],"wp:featuredmedia":[{"embeddable":true,"href":"https:\/\/studiopixels.net\/en\/wp-json\/wp\/v2\/media\/1697"}],"wp:attachment":[{"href":"https:\/\/studiopixels.net\/en\/wp-json\/wp\/v2\/media?parent=1696"}],"curies":[{"name":"wp","href":"https:\/\/api.w.org\/{rel}","templated":true}]}}