{"id":1836,"date":"2020-05-05T11:34:13","date_gmt":"2020-05-05T15:34:13","guid":{"rendered":"https:\/\/studiopixels.net\/?post_type=product&#038;p=1836"},"modified":"2020-10-27T16:43:57","modified_gmt":"2020-10-27T20:43:57","slug":"le-diamant-2019","status":"publish","type":"product","link":"https:\/\/studiopixels.net\/en\/product\/le-diamant-2019\/","title":{"rendered":"\u00abLe Diamant\u00bb\u00a0 2019"},"content":{"rendered":"<p>\u00abLe Diamant\u00bb<br \/>\nCollaboration avec l&rsquo;artiste\u00a0<a href=\"https:\/\/www.facebook.com\/Berubey1\/?__tn__=%2CdK%2AF-R&amp;eid=ARB3l5_l_xmQLJYQQTb5NpYGeuuVNCZiZoAPoYuMpeh49tvQVDtewHHoIuOK1It8gE_uR-5zwHhZe4Su\" data-hovercard=\"\/ajax\/hovercard\/page.php?id=145957429145112&amp;extragetparams=%7B%22__tn__%22%3A%22%2CdK%2AF-R%22%2C%22eid%22%3A%22ARB3l5_l_xmQLJYQQTb5NpYGeuuVNCZiZoAPoYuMpeh49tvQVDtewHHoIuOK1It8gE_uR-5zwHhZe4Su%22%2C%22directed_target_id%22%3Anull%2C%22groups_location%22%3Anull%7D\" data-hovercard-prefer-more-content-show=\"1\">Berubey<\/a>\u00a0pour le projet<br \/>\nDes \u0152uvres Qui Donnent Des Ailes<br \/>\npr\u00e9sentement disponible \u00e0 la\u00a0<a href=\"https:\/\/www.facebook.com\/arturbania.ca\/?__tn__=%2CdK%2AF-R&amp;eid=ARD5lqsIRtICjuSdHZXTMFFZPyqu9j6_mf6P06HLECFRkdUvIm4bCg65RhB6GfMGD8o-e7iVP8cj85Ku\" data-hovercard=\"\/ajax\/hovercard\/page.php?id=1331261570305965&amp;extragetparams=%7B%22__tn__%22%3A%22%2CdK%2AF-R%22%2C%22eid%22%3A%22ARD5lqsIRtICjuSdHZXTMFFZPyqu9j6_mf6P06HLECFRkdUvIm4bCg65RhB6GfMGD8o-e7iVP8cj85Ku%22%2C%22directed_target_id%22%3Anull%2C%22groups_location%22%3Anull%7D\" data-hovercard-prefer-more-content-show=\"1\">Galerie d&rsquo;art Urbania<\/a><br \/>\n40\u201dx 60\u201c<br \/>\nEncre \u00e0 l\u2019alcool et acrylique<br \/>\nsur toile galerie, encadr\u00e9e (42\u201dx62\u201d)<\/p>","protected":false},"excerpt":{"rendered":"<p>\u00abLe Diamant\u00bb<br \/>\nCollaboration avec l&rsquo;artiste\u00a0<a href=\"https:\/\/www.facebook.com\/Berubey1\/?__tn__=%2CdK%2AF-R&amp;eid=ARB3l5_l_xmQLJYQQTb5NpYGeuuVNCZiZoAPoYuMpeh49tvQVDtewHHoIuOK1It8gE_uR-5zwHhZe4Su\" data-hovercard=\"\/ajax\/hovercard\/page.php?id=145957429145112&amp;extragetparams=%7B%22__tn__%22%3A%22%2CdK%2AF-R%22%2C%22eid%22%3A%22ARB3l5_l_xmQLJYQQTb5NpYGeuuVNCZiZoAPoYuMpeh49tvQVDtewHHoIuOK1It8gE_uR-5zwHhZe4Su%22%2C%22directed_target_id%22%3Anull%2C%22groups_location%22%3Anull%7D\" data-hovercard-prefer-more-content-show=\"1\">Berubey<\/a>\u00a0pour le projet<br \/>\nDes \u0152uvres Qui Donnent Des Ailes<br \/>\npr\u00e9sentement disponible \u00e0 la\u00a0<a href=\"https:\/\/www.facebook.com\/arturbania.ca\/?__tn__=%2CdK%2AF-R&amp;eid=ARD5lqsIRtICjuSdHZXTMFFZPyqu9j6_mf6P06HLECFRkdUvIm4bCg65RhB6GfMGD8o-e7iVP8cj85Ku\" data-hovercard=\"\/ajax\/hovercard\/page.php?id=1331261570305965&amp;extragetparams=%7B%22__tn__%22%3A%22%2CdK%2AF-R%22%2C%22eid%22%3A%22ARD5lqsIRtICjuSdHZXTMFFZPyqu9j6_mf6P06HLECFRkdUvIm4bCg65RhB6GfMGD8o-e7iVP8cj85Ku%22%2C%22directed_target_id%22%3Anull%2C%22groups_location%22%3Anull%7D\" data-hovercard-prefer-more-content-show=\"1\">Galerie d&rsquo;art Urbania<\/a><br \/>\n40\u201dx 60\u201c<br \/>\nEncre \u00e0 l\u2019alcool et acrylique<br \/>\nsur toile galerie, encadr\u00e9e (42\u201dx62\u201d)<\/p>","protected":false},"featured_media":1839,"comment_status":"open","ping_status":"closed","template":"","meta":{"_uag_custom_page_level_css":""},"class_list":{"0":"post-1836","1":"product","2":"type-product","3":"status-publish","4":"has-post-thumbnail","6":"product_cat-collection-oeuvres","7":"product_cat-encre-a-lalcool","8":"product_shipping_class-free-shipping","10":"first","11":"outofstock","12":"taxable","13":"shipping-taxable","14":"product-type-simple"},"yoast_head":"<!-- This site is optimized with the Yoast SEO plugin v26.4 - https:\/\/yoast.com\/wordpress\/plugins\/seo\/ -->\n<title>\u00abLe Diamant\u00bb\u00a0 2019 - Studio Pixels<\/title>\n<meta name=\"robots\" content=\"index, follow, max-snippet:-1, max-image-preview:large, max-video-preview:-1\" \/>\n<link rel=\"canonical\" href=\"https:\/\/studiopixels.net\/en\/product\/le-diamant-2019\/\" \/>\n<meta property=\"og:locale\" content=\"en_US\" \/>\n<meta property=\"og:type\" content=\"article\" \/>\n<meta property=\"og:title\" content=\"\u00abLe Diamant\u00bb\u00a0 2019 - Studio Pixels\" \/>\n<meta property=\"og:description\" content=\"\u00abLe Diamant\u00bb Collaboration avec l&#039;artiste\u00a0Berubey\u00a0pour le projet Des \u0152uvres Qui Donnent Des Ailes pr\u00e9sentement disponible \u00e0 la\u00a0Galerie d&#039;art Urbania 40\u201dx 60\u201c Encre \u00e0 l\u2019alcool et acrylique sur toile galerie, encadr\u00e9e (42\u201dx62\u201d)\" \/>\n<meta property=\"og:url\" content=\"https:\/\/studiopixels.net\/en\/product\/le-diamant-2019\/\" \/>\n<meta property=\"og:site_name\" content=\"Studio Pixels\" \/>\n<meta property=\"article:publisher\" content=\"https:\/\/www.facebook.com\/Studiopixelsart\" \/>\n<meta property=\"article:modified_time\" content=\"2020-10-27T20:43:57+00:00\" \/>\n<meta property=\"og:image\" content=\"https:\/\/studiopixels.net\/wp-content\/uploads\/2020\/05\/90790021_10158399231940854_2026917460665434112_o.jpg\" \/>\n\t<meta property=\"og:image:width\" content=\"1018\" \/>\n\t<meta property=\"og:image:height\" content=\"1552\" \/>\n\t<meta property=\"og:image:type\" content=\"image\/jpeg\" \/>\n<meta name=\"twitter:card\" content=\"summary_large_image\" \/>\n<script type=\"application\/ld+json\" class=\"yoast-schema-graph\">{\"@context\":\"https:\/\/schema.org\",\"@graph\":[{\"@type\":\"WebPage\",\"@id\":\"https:\/\/studiopixels.net\/produit\/le-diamant-2019\/\",\"url\":\"https:\/\/studiopixels.net\/produit\/le-diamant-2019\/\",\"name\":\"\u00abLe Diamant\u00bb\u00a0 2019 - Studio Pixels\",\"isPartOf\":{\"@id\":\"https:\/\/studiopixels.net\/#website\"},\"primaryImageOfPage\":{\"@id\":\"https:\/\/studiopixels.net\/produit\/le-diamant-2019\/#primaryimage\"},\"image\":{\"@id\":\"https:\/\/studiopixels.net\/produit\/le-diamant-2019\/#primaryimage\"},\"thumbnailUrl\":\"https:\/\/studiopixels.net\/wp-content\/uploads\/2020\/05\/90790021_10158399231940854_2026917460665434112_o.jpg\",\"datePublished\":\"2020-05-05T15:34:13+00:00\",\"dateModified\":\"2020-10-27T20:43:57+00:00\",\"breadcrumb\":{\"@id\":\"https:\/\/studiopixels.net\/produit\/le-diamant-2019\/#breadcrumb\"},\"inLanguage\":\"en-CA\",\"potentialAction\":[{\"@type\":\"ReadAction\",\"target\":[\"https:\/\/studiopixels.net\/produit\/le-diamant-2019\/\"]}]},{\"@type\":\"ImageObject\",\"inLanguage\":\"en-CA\",\"@id\":\"https:\/\/studiopixels.net\/produit\/le-diamant-2019\/#primaryimage\",\"url\":\"https:\/\/studiopixels.net\/wp-content\/uploads\/2020\/05\/90790021_10158399231940854_2026917460665434112_o.jpg\",\"contentUrl\":\"https:\/\/studiopixels.net\/wp-content\/uploads\/2020\/05\/90790021_10158399231940854_2026917460665434112_o.jpg\",\"width\":1018,\"height\":1552,\"caption\":\"Diamant\"},{\"@type\":\"BreadcrumbList\",\"@id\":\"https:\/\/studiopixels.net\/produit\/le-diamant-2019\/#breadcrumb\",\"itemListElement\":[{\"@type\":\"ListItem\",\"position\":1,\"name\":\"Accueil\",\"item\":\"https:\/\/studiopixels.net\/\"},{\"@type\":\"ListItem\",\"position\":2,\"name\":\"Boutique\",\"item\":\"https:\/\/studiopixels.net\/boutique\/\"},{\"@type\":\"ListItem\",\"position\":3,\"name\":\"\u00abLe Diamant\u00bb\u00a0 2019\"}]},{\"@type\":\"WebSite\",\"@id\":\"https:\/\/studiopixels.net\/#website\",\"url\":\"https:\/\/studiopixels.net\/\",\"name\":\"Studio Pixels\",\"description\":\"\",\"publisher\":{\"@id\":\"https:\/\/studiopixels.net\/#organization\"},\"potentialAction\":[{\"@type\":\"SearchAction\",\"target\":{\"@type\":\"EntryPoint\",\"urlTemplate\":\"https:\/\/studiopixels.net\/?s={search_term_string}\"},\"query-input\":{\"@type\":\"PropertyValueSpecification\",\"valueRequired\":true,\"valueName\":\"search_term_string\"}}],\"inLanguage\":\"en-CA\"},{\"@type\":\"Organization\",\"@id\":\"https:\/\/studiopixels.net\/#organization\",\"name\":\"Studio Pixels\",\"url\":\"https:\/\/studiopixels.net\/\",\"logo\":{\"@type\":\"ImageObject\",\"inLanguage\":\"en-CA\",\"@id\":\"https:\/\/studiopixels.net\/#\/schema\/logo\/image\/\",\"url\":\"https:\/\/studiopixels.net\/wp-content\/uploads\/2020\/04\/cropped-Autocollant-pixels-2.jpg\",\"contentUrl\":\"https:\/\/studiopixels.net\/wp-content\/uploads\/2020\/04\/cropped-Autocollant-pixels-2.jpg\",\"width\":666,\"height\":666,\"caption\":\"Studio Pixels\"},\"image\":{\"@id\":\"https:\/\/studiopixels.net\/#\/schema\/logo\/image\/\"},\"sameAs\":[\"https:\/\/www.facebook.com\/Studiopixelsart\"]}]}<\/script>\n<!-- \/ Yoast SEO plugin. -->","yoast_head_json":{"title":"\u00abLe Diamant\u00bb\u00a0 2019 - Studio Pixels","robots":{"index":"index","follow":"follow","max-snippet":"max-snippet:-1","max-image-preview":"max-image-preview:large","max-video-preview":"max-video-preview:-1"},"canonical":"https:\/\/studiopixels.net\/en\/product\/le-diamant-2019\/","og_locale":"en_US","og_type":"article","og_title":"\u00abLe Diamant\u00bb\u00a0 2019 - Studio Pixels","og_description":"\u00abLe Diamant\u00bb Collaboration avec l'artiste\u00a0Berubey\u00a0pour le projet Des \u0152uvres Qui Donnent Des Ailes pr\u00e9sentement disponible \u00e0 la\u00a0Galerie d'art Urbania 40\u201dx 60\u201c Encre \u00e0 l\u2019alcool et acrylique sur toile galerie, encadr\u00e9e (42\u201dx62\u201d)","og_url":"https:\/\/studiopixels.net\/en\/product\/le-diamant-2019\/","og_site_name":"Studio Pixels","article_publisher":"https:\/\/www.facebook.com\/Studiopixelsart","article_modified_time":"2020-10-27T20:43:57+00:00","og_image":[{"width":1018,"height":1552,"url":"https:\/\/studiopixels.net\/wp-content\/uploads\/2020\/05\/90790021_10158399231940854_2026917460665434112_o.jpg","type":"image\/jpeg"}],"twitter_card":"summary_large_image","schema":{"@context":"https:\/\/schema.org","@graph":[{"@type":"WebPage","@id":"https:\/\/studiopixels.net\/produit\/le-diamant-2019\/","url":"https:\/\/studiopixels.net\/produit\/le-diamant-2019\/","name":"\u00abLe Diamant\u00bb\u00a0 2019 - Studio Pixels","isPartOf":{"@id":"https:\/\/studiopixels.net\/#website"},"primaryImageOfPage":{"@id":"https:\/\/studiopixels.net\/produit\/le-diamant-2019\/#primaryimage"},"image":{"@id":"https:\/\/studiopixels.net\/produit\/le-diamant-2019\/#primaryimage"},"thumbnailUrl":"https:\/\/studiopixels.net\/wp-content\/uploads\/2020\/05\/90790021_10158399231940854_2026917460665434112_o.jpg","datePublished":"2020-05-05T15:34:13+00:00","dateModified":"2020-10-27T20:43:57+00:00","breadcrumb":{"@id":"https:\/\/studiopixels.net\/produit\/le-diamant-2019\/#breadcrumb"},"inLanguage":"en-CA","potentialAction":[{"@type":"ReadAction","target":["https:\/\/studiopixels.net\/produit\/le-diamant-2019\/"]}]},{"@type":"ImageObject","inLanguage":"en-CA","@id":"https:\/\/studiopixels.net\/produit\/le-diamant-2019\/#primaryimage","url":"https:\/\/studiopixels.net\/wp-content\/uploads\/2020\/05\/90790021_10158399231940854_2026917460665434112_o.jpg","contentUrl":"https:\/\/studiopixels.net\/wp-content\/uploads\/2020\/05\/90790021_10158399231940854_2026917460665434112_o.jpg","width":1018,"height":1552,"caption":"Diamant"},{"@type":"BreadcrumbList","@id":"https:\/\/studiopixels.net\/produit\/le-diamant-2019\/#breadcrumb","itemListElement":[{"@type":"ListItem","position":1,"name":"Accueil","item":"https:\/\/studiopixels.net\/"},{"@type":"ListItem","position":2,"name":"Boutique","item":"https:\/\/studiopixels.net\/boutique\/"},{"@type":"ListItem","position":3,"name":"\u00abLe Diamant\u00bb\u00a0 2019"}]},{"@type":"WebSite","@id":"https:\/\/studiopixels.net\/#website","url":"https:\/\/studiopixels.net\/","name":"Studio Pixels","description":"","publisher":{"@id":"https:\/\/studiopixels.net\/#organization"},"potentialAction":[{"@type":"SearchAction","target":{"@type":"EntryPoint","urlTemplate":"https:\/\/studiopixels.net\/?s={search_term_string}"},"query-input":{"@type":"PropertyValueSpecification","valueRequired":true,"valueName":"search_term_string"}}],"inLanguage":"en-CA"},{"@type":"Organization","@id":"https:\/\/studiopixels.net\/#organization","name":"Studio Pixels","url":"https:\/\/studiopixels.net\/","logo":{"@type":"ImageObject","inLanguage":"en-CA","@id":"https:\/\/studiopixels.net\/#\/schema\/logo\/image\/","url":"https:\/\/studiopixels.net\/wp-content\/uploads\/2020\/04\/cropped-Autocollant-pixels-2.jpg","contentUrl":"https:\/\/studiopixels.net\/wp-content\/uploads\/2020\/04\/cropped-Autocollant-pixels-2.jpg","width":666,"height":666,"caption":"Studio Pixels"},"image":{"@id":"https:\/\/studiopixels.net\/#\/schema\/logo\/image\/"},"sameAs":["https:\/\/www.facebook.com\/Studiopixelsart"]}]}},"uagb_featured_image_src":{"full":["https:\/\/studiopixels.net\/wp-content\/uploads\/2020\/05\/90790021_10158399231940854_2026917460665434112_o.jpg",1018,1552,false],"thumbnail":["https:\/\/studiopixels.net\/wp-content\/uploads\/2020\/05\/90790021_10158399231940854_2026917460665434112_o-150x150.jpg",150,150,true],"medium":["https:\/\/studiopixels.net\/wp-content\/uploads\/2020\/05\/90790021_10158399231940854_2026917460665434112_o-197x300.jpg",197,300,true],"medium_large":["https:\/\/studiopixels.net\/wp-content\/uploads\/2020\/05\/90790021_10158399231940854_2026917460665434112_o-768x1171.jpg",768,1171,true],"large":["https:\/\/studiopixels.net\/wp-content\/uploads\/2020\/05\/90790021_10158399231940854_2026917460665434112_o-672x1024.jpg",672,1024,true],"1536x1536":["https:\/\/studiopixels.net\/wp-content\/uploads\/2020\/05\/90790021_10158399231940854_2026917460665434112_o-1008x1536.jpg",1008,1536,true],"2048x2048":["https:\/\/studiopixels.net\/wp-content\/uploads\/2020\/05\/90790021_10158399231940854_2026917460665434112_o.jpg",1018,1552,false],"trp-custom-language-flag":["https:\/\/studiopixels.net\/wp-content\/uploads\/2020\/05\/90790021_10158399231940854_2026917460665434112_o.jpg",8,12,false],"woocommerce_thumbnail":["https:\/\/studiopixels.net\/wp-content\/uploads\/2020\/05\/90790021_10158399231940854_2026917460665434112_o-300x300.jpg",300,300,true],"woocommerce_single":["https:\/\/studiopixels.net\/wp-content\/uploads\/2020\/05\/90790021_10158399231940854_2026917460665434112_o-600x915.jpg",600,915,true],"woocommerce_gallery_thumbnail":["https:\/\/studiopixels.net\/wp-content\/uploads\/2020\/05\/90790021_10158399231940854_2026917460665434112_o-100x100.jpg",100,100,true],"shop_catalog":["https:\/\/studiopixels.net\/wp-content\/uploads\/2020\/05\/90790021_10158399231940854_2026917460665434112_o-300x300.jpg",300,300,true],"shop_single":["https:\/\/studiopixels.net\/wp-content\/uploads\/2020\/05\/90790021_10158399231940854_2026917460665434112_o-600x915.jpg",600,915,true],"shop_thumbnail":["https:\/\/studiopixels.net\/wp-content\/uploads\/2020\/05\/90790021_10158399231940854_2026917460665434112_o-100x100.jpg",100,100,true]},"uagb_author_info":{"display_name":"admin","author_link":"https:\/\/studiopixels.net\/en\/author\/"},"uagb_comment_info":0,"uagb_excerpt":"\u00abLe Diamant\u00bb Collaboration avec l'artiste\u00a0Berubey\u00a0pour le projet Des \u0152uvres Qui Donnent Des Ailes pr\u00e9sentement disponible \u00e0 la\u00a0Galerie d'art Urbania 40\u201dx 60\u201c Encre \u00e0 l\u2019alcool et acrylique sur toile galerie, encadr\u00e9e (42\u201dx62\u201d)","_links":{"self":[{"href":"https:\/\/studiopixels.net\/en\/wp-json\/wp\/v2\/product\/1836","targetHints":{"allow":["GET"]}}],"collection":[{"href":"https:\/\/studiopixels.net\/en\/wp-json\/wp\/v2\/product"}],"about":[{"href":"https:\/\/studiopixels.net\/en\/wp-json\/wp\/v2\/types\/product"}],"replies":[{"embeddable":true,"href":"https:\/\/studiopixels.net\/en\/wp-json\/wp\/v2\/comments?post=1836"}],"version-history":[{"count":1,"href":"https:\/\/studiopixels.net\/en\/wp-json\/wp\/v2\/product\/1836\/revisions"}],"predecessor-version":[{"id":1840,"href":"https:\/\/studiopixels.net\/en\/wp-json\/wp\/v2\/product\/1836\/revisions\/1840"}],"wp:featuredmedia":[{"embeddable":true,"href":"https:\/\/studiopixels.net\/en\/wp-json\/wp\/v2\/media\/1839"}],"wp:attachment":[{"href":"https:\/\/studiopixels.net\/en\/wp-json\/wp\/v2\/media?parent=1836"}],"curies":[{"name":"wp","href":"https:\/\/api.w.org\/{rel}","templated":true}]}}