{"id":262,"date":"2019-11-20T19:46:44","date_gmt":"2019-11-20T18:46:44","guid":{"rendered":"http:\/\/localhost\/studiopixels\/index.php\/product\/import-placeholder-for-34821\/"},"modified":"2020-10-21T20:22:34","modified_gmt":"2020-10-22T00:22:34","slug":"capri-sous-leau","status":"publish","type":"product","link":"https:\/\/studiopixels.net\/en\/product\/capri-sous-leau\/","title":{"rendered":"Capri | Sous l\u2019eau"},"content":{"rendered":"<p>Fabriqu\u00e9 et produit au Canada<br \/>\n88 % polyester, 12 % \u00e9lasthanne technique<\/p>\n<p>Les leggings sont imprim\u00e9s \u00e0 l&rsquo;aide de solvants, des encres de sublimation libres. Cette m\u00e9thode d&rsquo;impression donne belle gamme de couleurs vibrantes. Vos leggings imprim\u00e9s ne se d\u00e9coloreront pas \u00e0 l\u2019usure ou au lavage! Ils sont \u00e9galement faciles d&rsquo;entretien. Ces leggings de yoga \u00ab Pixels \u00bb\u00a0sont comme un tatouage:<br \/>\nune fois que vous en aurez un, vous aurez envie d&rsquo;en avoir beaucoup plus!<\/p>","protected":false},"excerpt":{"rendered":"<p>Fabriqu\u00e9 et produit au Canada 88 % polyester, 12 % \u00e9lasthanne technique Les leggings sont imprim\u00e9s \u00e0 l&rsquo;aide de solvants, des encres de sublimation libres. Cette m\u00e9thode d&rsquo;impression donne belle gamme de couleurs vibrantes. Vos leggings imprim\u00e9s ne se d\u00e9coloreront pas \u00e0 l\u2019usure ou au lavage! Ils sont \u00e9galement faciles d&rsquo;entretien. Ces leggings de yoga &hellip;<\/p>\n<p class=\"read-more\"> <a class=\"\" href=\"https:\/\/studiopixels.net\/en\/product\/capri-sous-leau\/\"> <span class=\"screen-reader-text\">Capri | Sous l\u2019eau<\/span> Read More &raquo;<\/a><\/p>","protected":false},"featured_media":298,"comment_status":"open","ping_status":"closed","template":"","meta":{"_uag_custom_page_level_css":""},"class_list":{"0":"post-262","1":"product","2":"type-product","3":"status-publish","4":"has-post-thumbnail","6":"product_cat-capris","7":"product_shipping_class-free-shipping","9":"first","10":"instock","11":"taxable","12":"shipping-taxable","13":"purchasable","14":"product-type-variable"},"yoast_head":"<!-- This site is optimized with the Yoast SEO plugin v26.4 - https:\/\/yoast.com\/wordpress\/plugins\/seo\/ -->\n<title>Capri | Sous l\u2019eau - Studio Pixels<\/title>\n<meta name=\"robots\" content=\"index, follow, max-snippet:-1, max-image-preview:large, max-video-preview:-1\" \/>\n<link rel=\"canonical\" href=\"https:\/\/studiopixels.net\/en\/product\/capri-sous-leau\/\" \/>\n<meta property=\"og:locale\" content=\"en_US\" \/>\n<meta property=\"og:type\" content=\"article\" \/>\n<meta property=\"og:title\" content=\"Capri | Sous l\u2019eau - Studio Pixels\" \/>\n<meta property=\"og:description\" content=\"Fabriqu\u00e9 et produit au Canada 88 % polyester, 12 % \u00e9lasthanne technique Les leggings sont imprim\u00e9s \u00e0 l&rsquo;aide de solvants, des encres de sublimation libres. Cette m\u00e9thode d&rsquo;impression donne belle gamme de couleurs vibrantes. Vos leggings imprim\u00e9s ne se d\u00e9coloreront pas \u00e0 l\u2019usure ou au lavage! Ils sont \u00e9galement faciles d&rsquo;entretien. Ces leggings de yoga &hellip; Capri | Sous l\u2019eau Read More &raquo;\" \/>\n<meta property=\"og:url\" content=\"https:\/\/studiopixels.net\/en\/product\/capri-sous-leau\/\" \/>\n<meta property=\"og:site_name\" content=\"Studio Pixels\" \/>\n<meta property=\"article:publisher\" content=\"https:\/\/www.facebook.com\/Studiopixelsart\" \/>\n<meta property=\"article:modified_time\" content=\"2020-10-22T00:22:34+00:00\" \/>\n<meta property=\"og:image\" content=\"https:\/\/studiopixels.net\/wp-content\/uploads\/2019\/11\/capris-sous-leau_2.jpg\" \/>\n\t<meta property=\"og:image:width\" content=\"1120\" \/>\n\t<meta property=\"og:image:height\" content=\"1000\" \/>\n\t<meta property=\"og:image:type\" content=\"image\/jpeg\" \/>\n<meta name=\"twitter:card\" content=\"summary_large_image\" \/>\n<script type=\"application\/ld+json\" class=\"yoast-schema-graph\">{\"@context\":\"https:\/\/schema.org\",\"@graph\":[{\"@type\":\"WebPage\",\"@id\":\"https:\/\/studiopixels.net\/produit\/capri-sous-leau\/\",\"url\":\"https:\/\/studiopixels.net\/produit\/capri-sous-leau\/\",\"name\":\"Capri | Sous l\u2019eau - Studio Pixels\",\"isPartOf\":{\"@id\":\"https:\/\/studiopixels.net\/#website\"},\"primaryImageOfPage\":{\"@id\":\"https:\/\/studiopixels.net\/produit\/capri-sous-leau\/#primaryimage\"},\"image\":{\"@id\":\"https:\/\/studiopixels.net\/produit\/capri-sous-leau\/#primaryimage\"},\"thumbnailUrl\":\"https:\/\/studiopixels.net\/wp-content\/uploads\/2019\/11\/capris-sous-leau_2.jpg\",\"datePublished\":\"2019-11-20T18:46:44+00:00\",\"dateModified\":\"2020-10-22T00:22:34+00:00\",\"breadcrumb\":{\"@id\":\"https:\/\/studiopixels.net\/produit\/capri-sous-leau\/#breadcrumb\"},\"inLanguage\":\"en-CA\",\"potentialAction\":[{\"@type\":\"ReadAction\",\"target\":[\"https:\/\/studiopixels.net\/produit\/capri-sous-leau\/\"]}]},{\"@type\":\"ImageObject\",\"inLanguage\":\"en-CA\",\"@id\":\"https:\/\/studiopixels.net\/produit\/capri-sous-leau\/#primaryimage\",\"url\":\"https:\/\/studiopixels.net\/wp-content\/uploads\/2019\/11\/capris-sous-leau_2.jpg\",\"contentUrl\":\"https:\/\/studiopixels.net\/wp-content\/uploads\/2019\/11\/capris-sous-leau_2.jpg\",\"width\":1120,\"height\":1000},{\"@type\":\"BreadcrumbList\",\"@id\":\"https:\/\/studiopixels.net\/produit\/capri-sous-leau\/#breadcrumb\",\"itemListElement\":[{\"@type\":\"ListItem\",\"position\":1,\"name\":\"Accueil\",\"item\":\"https:\/\/studiopixels.net\/\"},{\"@type\":\"ListItem\",\"position\":2,\"name\":\"Boutique\",\"item\":\"https:\/\/studiopixels.net\/boutique\/\"},{\"@type\":\"ListItem\",\"position\":3,\"name\":\"Capri | Sous l\u2019eau\"}]},{\"@type\":\"WebSite\",\"@id\":\"https:\/\/studiopixels.net\/#website\",\"url\":\"https:\/\/studiopixels.net\/\",\"name\":\"Studio Pixels\",\"description\":\"\",\"publisher\":{\"@id\":\"https:\/\/studiopixels.net\/#organization\"},\"potentialAction\":[{\"@type\":\"SearchAction\",\"target\":{\"@type\":\"EntryPoint\",\"urlTemplate\":\"https:\/\/studiopixels.net\/?s={search_term_string}\"},\"query-input\":{\"@type\":\"PropertyValueSpecification\",\"valueRequired\":true,\"valueName\":\"search_term_string\"}}],\"inLanguage\":\"en-CA\"},{\"@type\":\"Organization\",\"@id\":\"https:\/\/studiopixels.net\/#organization\",\"name\":\"Studio Pixels\",\"url\":\"https:\/\/studiopixels.net\/\",\"logo\":{\"@type\":\"ImageObject\",\"inLanguage\":\"en-CA\",\"@id\":\"https:\/\/studiopixels.net\/#\/schema\/logo\/image\/\",\"url\":\"https:\/\/studiopixels.net\/wp-content\/uploads\/2020\/04\/cropped-Autocollant-pixels-2.jpg\",\"contentUrl\":\"https:\/\/studiopixels.net\/wp-content\/uploads\/2020\/04\/cropped-Autocollant-pixels-2.jpg\",\"width\":666,\"height\":666,\"caption\":\"Studio Pixels\"},\"image\":{\"@id\":\"https:\/\/studiopixels.net\/#\/schema\/logo\/image\/\"},\"sameAs\":[\"https:\/\/www.facebook.com\/Studiopixelsart\"]}]}<\/script>\n<!-- \/ Yoast SEO plugin. -->","yoast_head_json":{"title":"Capri | Sous l\u2019eau - Studio Pixels","robots":{"index":"index","follow":"follow","max-snippet":"max-snippet:-1","max-image-preview":"max-image-preview:large","max-video-preview":"max-video-preview:-1"},"canonical":"https:\/\/studiopixels.net\/en\/product\/capri-sous-leau\/","og_locale":"en_US","og_type":"article","og_title":"Capri | Sous l\u2019eau - Studio Pixels","og_description":"Fabriqu\u00e9 et produit au Canada 88 % polyester, 12 % \u00e9lasthanne technique Les leggings sont imprim\u00e9s \u00e0 l&rsquo;aide de solvants, des encres de sublimation libres. Cette m\u00e9thode d&rsquo;impression donne belle gamme de couleurs vibrantes. Vos leggings imprim\u00e9s ne se d\u00e9coloreront pas \u00e0 l\u2019usure ou au lavage! Ils sont \u00e9galement faciles d&rsquo;entretien. Ces leggings de yoga &hellip; Capri | Sous l\u2019eau Read More &raquo;","og_url":"https:\/\/studiopixels.net\/en\/product\/capri-sous-leau\/","og_site_name":"Studio Pixels","article_publisher":"https:\/\/www.facebook.com\/Studiopixelsart","article_modified_time":"2020-10-22T00:22:34+00:00","og_image":[{"width":1120,"height":1000,"url":"https:\/\/studiopixels.net\/wp-content\/uploads\/2019\/11\/capris-sous-leau_2.jpg","type":"image\/jpeg"}],"twitter_card":"summary_large_image","schema":{"@context":"https:\/\/schema.org","@graph":[{"@type":"WebPage","@id":"https:\/\/studiopixels.net\/produit\/capri-sous-leau\/","url":"https:\/\/studiopixels.net\/produit\/capri-sous-leau\/","name":"Capri | Sous l\u2019eau - Studio Pixels","isPartOf":{"@id":"https:\/\/studiopixels.net\/#website"},"primaryImageOfPage":{"@id":"https:\/\/studiopixels.net\/produit\/capri-sous-leau\/#primaryimage"},"image":{"@id":"https:\/\/studiopixels.net\/produit\/capri-sous-leau\/#primaryimage"},"thumbnailUrl":"https:\/\/studiopixels.net\/wp-content\/uploads\/2019\/11\/capris-sous-leau_2.jpg","datePublished":"2019-11-20T18:46:44+00:00","dateModified":"2020-10-22T00:22:34+00:00","breadcrumb":{"@id":"https:\/\/studiopixels.net\/produit\/capri-sous-leau\/#breadcrumb"},"inLanguage":"en-CA","potentialAction":[{"@type":"ReadAction","target":["https:\/\/studiopixels.net\/produit\/capri-sous-leau\/"]}]},{"@type":"ImageObject","inLanguage":"en-CA","@id":"https:\/\/studiopixels.net\/produit\/capri-sous-leau\/#primaryimage","url":"https:\/\/studiopixels.net\/wp-content\/uploads\/2019\/11\/capris-sous-leau_2.jpg","contentUrl":"https:\/\/studiopixels.net\/wp-content\/uploads\/2019\/11\/capris-sous-leau_2.jpg","width":1120,"height":1000},{"@type":"BreadcrumbList","@id":"https:\/\/studiopixels.net\/produit\/capri-sous-leau\/#breadcrumb","itemListElement":[{"@type":"ListItem","position":1,"name":"Accueil","item":"https:\/\/studiopixels.net\/"},{"@type":"ListItem","position":2,"name":"Boutique","item":"https:\/\/studiopixels.net\/boutique\/"},{"@type":"ListItem","position":3,"name":"Capri | Sous l\u2019eau"}]},{"@type":"WebSite","@id":"https:\/\/studiopixels.net\/#website","url":"https:\/\/studiopixels.net\/","name":"Studio Pixels","description":"","publisher":{"@id":"https:\/\/studiopixels.net\/#organization"},"potentialAction":[{"@type":"SearchAction","target":{"@type":"EntryPoint","urlTemplate":"https:\/\/studiopixels.net\/?s={search_term_string}"},"query-input":{"@type":"PropertyValueSpecification","valueRequired":true,"valueName":"search_term_string"}}],"inLanguage":"en-CA"},{"@type":"Organization","@id":"https:\/\/studiopixels.net\/#organization","name":"Studio Pixels","url":"https:\/\/studiopixels.net\/","logo":{"@type":"ImageObject","inLanguage":"en-CA","@id":"https:\/\/studiopixels.net\/#\/schema\/logo\/image\/","url":"https:\/\/studiopixels.net\/wp-content\/uploads\/2020\/04\/cropped-Autocollant-pixels-2.jpg","contentUrl":"https:\/\/studiopixels.net\/wp-content\/uploads\/2020\/04\/cropped-Autocollant-pixels-2.jpg","width":666,"height":666,"caption":"Studio Pixels"},"image":{"@id":"https:\/\/studiopixels.net\/#\/schema\/logo\/image\/"},"sameAs":["https:\/\/www.facebook.com\/Studiopixelsart"]}]}},"uagb_featured_image_src":{"full":["https:\/\/studiopixels.net\/wp-content\/uploads\/2019\/11\/capris-sous-leau_2.jpg",1120,1000,false],"thumbnail":["https:\/\/studiopixels.net\/wp-content\/uploads\/2019\/11\/capris-sous-leau_2-150x150.jpg",150,150,true],"medium":["https:\/\/studiopixels.net\/wp-content\/uploads\/2019\/11\/capris-sous-leau_2-300x268.jpg",300,268,true],"medium_large":["https:\/\/studiopixels.net\/wp-content\/uploads\/2019\/11\/capris-sous-leau_2-768x686.jpg",768,686,true],"large":["https:\/\/studiopixels.net\/wp-content\/uploads\/2019\/11\/capris-sous-leau_2-1024x914.jpg",1024,914,true],"1536x1536":["https:\/\/studiopixels.net\/wp-content\/uploads\/2019\/11\/capris-sous-leau_2.jpg",1120,1000,false],"2048x2048":["https:\/\/studiopixels.net\/wp-content\/uploads\/2019\/11\/capris-sous-leau_2.jpg",1120,1000,false],"trp-custom-language-flag":["https:\/\/studiopixels.net\/wp-content\/uploads\/2019\/11\/capris-sous-leau_2.jpg",13,12,false],"woocommerce_thumbnail":["https:\/\/studiopixels.net\/wp-content\/uploads\/2019\/11\/capris-sous-leau_2-300x300.jpg",300,300,true],"woocommerce_single":["https:\/\/studiopixels.net\/wp-content\/uploads\/2019\/11\/capris-sous-leau_2-600x536.jpg",600,536,true],"woocommerce_gallery_thumbnail":["https:\/\/studiopixels.net\/wp-content\/uploads\/2019\/11\/capris-sous-leau_2-100x100.jpg",100,100,true],"shop_catalog":["https:\/\/studiopixels.net\/wp-content\/uploads\/2019\/11\/capris-sous-leau_2-300x300.jpg",300,300,true],"shop_single":["https:\/\/studiopixels.net\/wp-content\/uploads\/2019\/11\/capris-sous-leau_2-600x536.jpg",600,536,true],"shop_thumbnail":["https:\/\/studiopixels.net\/wp-content\/uploads\/2019\/11\/capris-sous-leau_2-100x100.jpg",100,100,true]},"uagb_author_info":{"display_name":"admin","author_link":"https:\/\/studiopixels.net\/en\/author\/"},"uagb_comment_info":0,"uagb_excerpt":"Fabriqu\u00e9 et produit au Canada 88 % polyester, 12 % \u00e9lasthanne technique Les leggings sont imprim\u00e9s \u00e0 l&rsquo;aide de solvants, des encres de sublimation libres. Cette m\u00e9thode d&rsquo;impression donne belle gamme de couleurs vibrantes. Vos leggings imprim\u00e9s ne se d\u00e9coloreront pas \u00e0 l\u2019usure ou au lavage! Ils sont \u00e9galement faciles d&rsquo;entretien. Ces leggings de yoga&hellip;","_links":{"self":[{"href":"https:\/\/studiopixels.net\/en\/wp-json\/wp\/v2\/product\/262","targetHints":{"allow":["GET"]}}],"collection":[{"href":"https:\/\/studiopixels.net\/en\/wp-json\/wp\/v2\/product"}],"about":[{"href":"https:\/\/studiopixels.net\/en\/wp-json\/wp\/v2\/types\/product"}],"replies":[{"embeddable":true,"href":"https:\/\/studiopixels.net\/en\/wp-json\/wp\/v2\/comments?post=262"}],"version-history":[{"count":1,"href":"https:\/\/studiopixels.net\/en\/wp-json\/wp\/v2\/product\/262\/revisions"}],"predecessor-version":[{"id":2796,"href":"https:\/\/studiopixels.net\/en\/wp-json\/wp\/v2\/product\/262\/revisions\/2796"}],"wp:featuredmedia":[{"embeddable":true,"href":"https:\/\/studiopixels.net\/en\/wp-json\/wp\/v2\/media\/298"}],"wp:attachment":[{"href":"https:\/\/studiopixels.net\/en\/wp-json\/wp\/v2\/media?parent=262"}],"curies":[{"name":"wp","href":"https:\/\/api.w.org\/{rel}","templated":true}]}}