{"id":2660,"date":"2020-09-30T13:49:17","date_gmt":"2020-09-30T17:49:17","guid":{"rendered":"https:\/\/studiopixels.net\/?post_type=product&#038;p=2660"},"modified":"2021-08-16T11:31:13","modified_gmt":"2021-08-16T15:31:13","slug":"larbre-guerisseur-2020","status":"publish","type":"product","link":"https:\/\/studiopixels.net\/en\/product\/larbre-guerisseur-2020\/","title":{"rendered":"\u00ab\u00a0L&rsquo;arbre gu\u00e9risseur\u00a0\u00bb 2020"},"content":{"rendered":"<p>\u00ab L\u2019arbre gu\u00e9risseur \u00bb 2020<br \/>\nMon interpr\u00e9tation d\u2019une \u00e9corce<br \/>\nEncre aquarelle et encre<br \/>\nsur Papier Arches 140 livres 100% coton<br \/>\nIllustration 12\u2033 x 13\u2033<br \/>\nOeuvre : 235$<\/p>\n<p>Encadrement:<br \/>\n15,5 po x 16,5 po<br \/>\nMoulure 4424 noir<br \/>\nPasse-partout blanc (fond de l&rsquo;oeuvre)<br \/>\nCarton mousse sans acide<br \/>\nSysteme de Suspension<br \/>\nMontage en suspension d\u00e9pos\u00e9<br \/>\nPrix de d\u00e9tail: 240$<\/p>","protected":false},"excerpt":{"rendered":"<p>\u00ab L\u2019arbre gu\u00e9risseur \u00bb 2020<br \/>\nMon interpr\u00e9tation d\u2019une \u00e9corce<br \/>\nEncre aquarelle et encre<br \/>\nsur Papier Arches 140 livres 100% coton<br \/>\nIllustration 12\u2033 x 13\u2033<br \/>\nOeuvre : 235$<\/p>\n<p>Encadrement:<br \/>\n15,5 po x 16,5 po<br \/>\nMoulure 4424 noir<br \/>\nPasse-partout blanc (fond de l&rsquo;oeuvre)<br \/>\nCarton mousse sans acide<br \/>\nSysteme de Suspension<br \/>\nMontage en suspension d\u00e9pos\u00e9<br \/>\nPrix de d\u00e9tail: 240$<\/p>","protected":false},"featured_media":2664,"comment_status":"open","ping_status":"closed","template":"","meta":{"_uag_custom_page_level_css":""},"class_list":{"0":"post-2660","1":"product","2":"type-product","3":"status-publish","4":"has-post-thumbnail","6":"product_cat-aquarelle-ecoline-encre-walnut","7":"product_cat-collection-oeuvres","8":"product_shipping_class-free-shipping","10":"first","11":"instock","12":"sold-individually","13":"taxable","14":"shipping-taxable","15":"purchasable","16":"product-type-simple"},"yoast_head":"<!-- This site is optimized with the Yoast SEO plugin v26.4 - https:\/\/yoast.com\/wordpress\/plugins\/seo\/ -->\n<title>&quot;L&#039;arbre gu\u00e9risseur&quot; 2020 - Studio Pixels<\/title>\n<meta name=\"robots\" content=\"index, follow, max-snippet:-1, max-image-preview:large, max-video-preview:-1\" \/>\n<link rel=\"canonical\" href=\"https:\/\/studiopixels.net\/en\/product\/larbre-guerisseur-2020\/\" \/>\n<meta property=\"og:locale\" content=\"en_US\" \/>\n<meta property=\"og:type\" content=\"article\" \/>\n<meta property=\"og:title\" content=\"&quot;L&#039;arbre gu\u00e9risseur&quot; 2020 - Studio Pixels\" \/>\n<meta property=\"og:description\" content=\"\u00ab L\u2019arbre gu\u00e9risseur \u00bb 2020 Mon interpr\u00e9tation d\u2019une \u00e9corce Encre aquarelle et encre sur Papier Arches 140 livres 100% coton Illustration 12\u2033 x 13\u2033 Oeuvre : 235$  Encadrement: 15,5 po x 16,5 po  Moulure 4424 noir Passe-partout blanc (fond de l&#039;oeuvre) Carton mousse sans acide Systeme de Suspension Montage en suspension d\u00e9pos\u00e9 Prix de d\u00e9tail: 240$\" \/>\n<meta property=\"og:url\" content=\"https:\/\/studiopixels.net\/en\/product\/larbre-guerisseur-2020\/\" \/>\n<meta property=\"og:site_name\" content=\"Studio Pixels\" \/>\n<meta property=\"article:publisher\" content=\"https:\/\/www.facebook.com\/Studiopixelsart\" \/>\n<meta property=\"article:modified_time\" content=\"2021-08-16T15:31:13+00:00\" \/>\n<meta property=\"og:image\" content=\"https:\/\/studiopixels.net\/wp-content\/uploads\/2020\/09\/Larbre-guerisseur-scaled.jpg\" \/>\n\t<meta property=\"og:image:width\" content=\"2388\" \/>\n\t<meta property=\"og:image:height\" content=\"2560\" \/>\n\t<meta property=\"og:image:type\" content=\"image\/jpeg\" \/>\n<meta name=\"twitter:card\" content=\"summary_large_image\" \/>\n<script type=\"application\/ld+json\" class=\"yoast-schema-graph\">{\"@context\":\"https:\/\/schema.org\",\"@graph\":[{\"@type\":\"WebPage\",\"@id\":\"https:\/\/studiopixels.net\/produit\/larbre-guerisseur-2020\/\",\"url\":\"https:\/\/studiopixels.net\/produit\/larbre-guerisseur-2020\/\",\"name\":\"\\\"L'arbre gu\u00e9risseur\\\" 2020 - Studio Pixels\",\"isPartOf\":{\"@id\":\"https:\/\/studiopixels.net\/#website\"},\"primaryImageOfPage\":{\"@id\":\"https:\/\/studiopixels.net\/produit\/larbre-guerisseur-2020\/#primaryimage\"},\"image\":{\"@id\":\"https:\/\/studiopixels.net\/produit\/larbre-guerisseur-2020\/#primaryimage\"},\"thumbnailUrl\":\"https:\/\/studiopixels.net\/wp-content\/uploads\/2020\/09\/Larbre-guerisseur-scaled.jpg\",\"datePublished\":\"2020-09-30T17:49:17+00:00\",\"dateModified\":\"2021-08-16T15:31:13+00:00\",\"breadcrumb\":{\"@id\":\"https:\/\/studiopixels.net\/produit\/larbre-guerisseur-2020\/#breadcrumb\"},\"inLanguage\":\"en-CA\",\"potentialAction\":[{\"@type\":\"ReadAction\",\"target\":[\"https:\/\/studiopixels.net\/produit\/larbre-guerisseur-2020\/\"]}]},{\"@type\":\"ImageObject\",\"inLanguage\":\"en-CA\",\"@id\":\"https:\/\/studiopixels.net\/produit\/larbre-guerisseur-2020\/#primaryimage\",\"url\":\"https:\/\/studiopixels.net\/wp-content\/uploads\/2020\/09\/Larbre-guerisseur-scaled.jpg\",\"contentUrl\":\"https:\/\/studiopixels.net\/wp-content\/uploads\/2020\/09\/Larbre-guerisseur-scaled.jpg\",\"width\":2388,\"height\":2560,\"caption\":\"\\\"L'arbre gu\u00e9risseur\\\" 2020 Mon interpr\u00e9tation d'une \u00e9corce Encre aquarelle et encre sur Papier Arches 140 livres 100% coton Illustration 12\\\" x 13\\\" (Encadrement \u00e0 titre indicatif, montage photo) mais j'ai bien l'intention de la faire encadrer en noyer, flottant, par atelier 27x27 d'une grandeur d'environ 19,25\u201d x 20,25\u201d qui serait d'une valeur de 230$ environ\"},{\"@type\":\"BreadcrumbList\",\"@id\":\"https:\/\/studiopixels.net\/produit\/larbre-guerisseur-2020\/#breadcrumb\",\"itemListElement\":[{\"@type\":\"ListItem\",\"position\":1,\"name\":\"Accueil\",\"item\":\"https:\/\/studiopixels.net\/\"},{\"@type\":\"ListItem\",\"position\":2,\"name\":\"Boutique\",\"item\":\"https:\/\/studiopixels.net\/boutique\/\"},{\"@type\":\"ListItem\",\"position\":3,\"name\":\"\u00ab\u00a0L&rsquo;arbre gu\u00e9risseur\u00a0\u00bb 2020\"}]},{\"@type\":\"WebSite\",\"@id\":\"https:\/\/studiopixels.net\/#website\",\"url\":\"https:\/\/studiopixels.net\/\",\"name\":\"Studio Pixels\",\"description\":\"\",\"publisher\":{\"@id\":\"https:\/\/studiopixels.net\/#organization\"},\"potentialAction\":[{\"@type\":\"SearchAction\",\"target\":{\"@type\":\"EntryPoint\",\"urlTemplate\":\"https:\/\/studiopixels.net\/?s={search_term_string}\"},\"query-input\":{\"@type\":\"PropertyValueSpecification\",\"valueRequired\":true,\"valueName\":\"search_term_string\"}}],\"inLanguage\":\"en-CA\"},{\"@type\":\"Organization\",\"@id\":\"https:\/\/studiopixels.net\/#organization\",\"name\":\"Studio Pixels\",\"url\":\"https:\/\/studiopixels.net\/\",\"logo\":{\"@type\":\"ImageObject\",\"inLanguage\":\"en-CA\",\"@id\":\"https:\/\/studiopixels.net\/#\/schema\/logo\/image\/\",\"url\":\"https:\/\/studiopixels.net\/wp-content\/uploads\/2020\/04\/cropped-Autocollant-pixels-2.jpg\",\"contentUrl\":\"https:\/\/studiopixels.net\/wp-content\/uploads\/2020\/04\/cropped-Autocollant-pixels-2.jpg\",\"width\":666,\"height\":666,\"caption\":\"Studio Pixels\"},\"image\":{\"@id\":\"https:\/\/studiopixels.net\/#\/schema\/logo\/image\/\"},\"sameAs\":[\"https:\/\/www.facebook.com\/Studiopixelsart\"]}]}<\/script>\n<!-- \/ Yoast SEO plugin. -->","yoast_head_json":{"title":"\"L'arbre gu\u00e9risseur\" 2020 - Studio Pixels","robots":{"index":"index","follow":"follow","max-snippet":"max-snippet:-1","max-image-preview":"max-image-preview:large","max-video-preview":"max-video-preview:-1"},"canonical":"https:\/\/studiopixels.net\/en\/product\/larbre-guerisseur-2020\/","og_locale":"en_US","og_type":"article","og_title":"\"L'arbre gu\u00e9risseur\" 2020 - Studio Pixels","og_description":"\u00ab L\u2019arbre gu\u00e9risseur \u00bb 2020 Mon interpr\u00e9tation d\u2019une \u00e9corce Encre aquarelle et encre sur Papier Arches 140 livres 100% coton Illustration 12\u2033 x 13\u2033 Oeuvre : 235$  Encadrement: 15,5 po x 16,5 po  Moulure 4424 noir Passe-partout blanc (fond de l'oeuvre) Carton mousse sans acide Systeme de Suspension Montage en suspension d\u00e9pos\u00e9 Prix de d\u00e9tail: 240$","og_url":"https:\/\/studiopixels.net\/en\/product\/larbre-guerisseur-2020\/","og_site_name":"Studio Pixels","article_publisher":"https:\/\/www.facebook.com\/Studiopixelsart","article_modified_time":"2021-08-16T15:31:13+00:00","og_image":[{"width":2388,"height":2560,"url":"https:\/\/studiopixels.net\/wp-content\/uploads\/2020\/09\/Larbre-guerisseur-scaled.jpg","type":"image\/jpeg"}],"twitter_card":"summary_large_image","schema":{"@context":"https:\/\/schema.org","@graph":[{"@type":"WebPage","@id":"https:\/\/studiopixels.net\/produit\/larbre-guerisseur-2020\/","url":"https:\/\/studiopixels.net\/produit\/larbre-guerisseur-2020\/","name":"\"L'arbre gu\u00e9risseur\" 2020 - Studio Pixels","isPartOf":{"@id":"https:\/\/studiopixels.net\/#website"},"primaryImageOfPage":{"@id":"https:\/\/studiopixels.net\/produit\/larbre-guerisseur-2020\/#primaryimage"},"image":{"@id":"https:\/\/studiopixels.net\/produit\/larbre-guerisseur-2020\/#primaryimage"},"thumbnailUrl":"https:\/\/studiopixels.net\/wp-content\/uploads\/2020\/09\/Larbre-guerisseur-scaled.jpg","datePublished":"2020-09-30T17:49:17+00:00","dateModified":"2021-08-16T15:31:13+00:00","breadcrumb":{"@id":"https:\/\/studiopixels.net\/produit\/larbre-guerisseur-2020\/#breadcrumb"},"inLanguage":"en-CA","potentialAction":[{"@type":"ReadAction","target":["https:\/\/studiopixels.net\/produit\/larbre-guerisseur-2020\/"]}]},{"@type":"ImageObject","inLanguage":"en-CA","@id":"https:\/\/studiopixels.net\/produit\/larbre-guerisseur-2020\/#primaryimage","url":"https:\/\/studiopixels.net\/wp-content\/uploads\/2020\/09\/Larbre-guerisseur-scaled.jpg","contentUrl":"https:\/\/studiopixels.net\/wp-content\/uploads\/2020\/09\/Larbre-guerisseur-scaled.jpg","width":2388,"height":2560,"caption":"\"L'arbre gu\u00e9risseur\" 2020 Mon interpr\u00e9tation d'une \u00e9corce Encre aquarelle et encre sur Papier Arches 140 livres 100% coton Illustration 12\" x 13\" (Encadrement \u00e0 titre indicatif, montage photo) mais j'ai bien l'intention de la faire encadrer en noyer, flottant, par atelier 27x27 d'une grandeur d'environ 19,25\u201d x 20,25\u201d qui serait d'une valeur de 230$ environ"},{"@type":"BreadcrumbList","@id":"https:\/\/studiopixels.net\/produit\/larbre-guerisseur-2020\/#breadcrumb","itemListElement":[{"@type":"ListItem","position":1,"name":"Accueil","item":"https:\/\/studiopixels.net\/"},{"@type":"ListItem","position":2,"name":"Boutique","item":"https:\/\/studiopixels.net\/boutique\/"},{"@type":"ListItem","position":3,"name":"\u00ab\u00a0L&rsquo;arbre gu\u00e9risseur\u00a0\u00bb 2020"}]},{"@type":"WebSite","@id":"https:\/\/studiopixels.net\/#website","url":"https:\/\/studiopixels.net\/","name":"Studio Pixels","description":"","publisher":{"@id":"https:\/\/studiopixels.net\/#organization"},"potentialAction":[{"@type":"SearchAction","target":{"@type":"EntryPoint","urlTemplate":"https:\/\/studiopixels.net\/?s={search_term_string}"},"query-input":{"@type":"PropertyValueSpecification","valueRequired":true,"valueName":"search_term_string"}}],"inLanguage":"en-CA"},{"@type":"Organization","@id":"https:\/\/studiopixels.net\/#organization","name":"Studio Pixels","url":"https:\/\/studiopixels.net\/","logo":{"@type":"ImageObject","inLanguage":"en-CA","@id":"https:\/\/studiopixels.net\/#\/schema\/logo\/image\/","url":"https:\/\/studiopixels.net\/wp-content\/uploads\/2020\/04\/cropped-Autocollant-pixels-2.jpg","contentUrl":"https:\/\/studiopixels.net\/wp-content\/uploads\/2020\/04\/cropped-Autocollant-pixels-2.jpg","width":666,"height":666,"caption":"Studio Pixels"},"image":{"@id":"https:\/\/studiopixels.net\/#\/schema\/logo\/image\/"},"sameAs":["https:\/\/www.facebook.com\/Studiopixelsart"]}]}},"uagb_featured_image_src":{"full":["https:\/\/studiopixels.net\/wp-content\/uploads\/2020\/09\/Larbre-guerisseur-scaled.jpg",2388,2560,false],"thumbnail":["https:\/\/studiopixels.net\/wp-content\/uploads\/2020\/09\/Larbre-guerisseur-150x150.jpg",150,150,true],"medium":["https:\/\/studiopixels.net\/wp-content\/uploads\/2020\/09\/Larbre-guerisseur-280x300.jpg",280,300,true],"medium_large":["https:\/\/studiopixels.net\/wp-content\/uploads\/2020\/09\/Larbre-guerisseur-768x823.jpg",768,823,true],"large":["https:\/\/studiopixels.net\/wp-content\/uploads\/2020\/09\/Larbre-guerisseur-955x1024.jpg",955,1024,true],"1536x1536":["https:\/\/studiopixels.net\/wp-content\/uploads\/2020\/09\/Larbre-guerisseur-1433x1536.jpg",1433,1536,true],"2048x2048":["https:\/\/studiopixels.net\/wp-content\/uploads\/2020\/09\/Larbre-guerisseur-1911x2048.jpg",1911,2048,true],"trp-custom-language-flag":["https:\/\/studiopixels.net\/wp-content\/uploads\/2020\/09\/Larbre-guerisseur-scaled.jpg",11,12,false],"woocommerce_thumbnail":["https:\/\/studiopixels.net\/wp-content\/uploads\/2020\/09\/Larbre-guerisseur-300x300.jpg",300,300,true],"woocommerce_single":["https:\/\/studiopixels.net\/wp-content\/uploads\/2020\/09\/Larbre-guerisseur-600x643.jpg",600,643,true],"woocommerce_gallery_thumbnail":["https:\/\/studiopixels.net\/wp-content\/uploads\/2020\/09\/Larbre-guerisseur-100x100.jpg",100,100,true],"shop_catalog":["https:\/\/studiopixels.net\/wp-content\/uploads\/2020\/09\/Larbre-guerisseur-300x300.jpg",300,300,true],"shop_single":["https:\/\/studiopixels.net\/wp-content\/uploads\/2020\/09\/Larbre-guerisseur-600x643.jpg",600,643,true],"shop_thumbnail":["https:\/\/studiopixels.net\/wp-content\/uploads\/2020\/09\/Larbre-guerisseur-100x100.jpg",100,100,true]},"uagb_author_info":{"display_name":"admin","author_link":"https:\/\/studiopixels.net\/en\/author\/"},"uagb_comment_info":0,"uagb_excerpt":"\u00ab L\u2019arbre gu\u00e9risseur \u00bb 2020 Mon interpr\u00e9tation d\u2019une \u00e9corce Encre aquarelle et encre sur Papier Arches 140 livres 100% coton Illustration 12\u2033 x 13\u2033 Oeuvre : 235$ Encadrement: 15,5 po x 16,5 po Moulure 4424 noir Passe-partout blanc (fond de l'oeuvre) Carton mousse sans acide Systeme de Suspension Montage en suspension d\u00e9pos\u00e9 Prix de d\u00e9tail:&hellip;","_links":{"self":[{"href":"https:\/\/studiopixels.net\/en\/wp-json\/wp\/v2\/product\/2660","targetHints":{"allow":["GET"]}}],"collection":[{"href":"https:\/\/studiopixels.net\/en\/wp-json\/wp\/v2\/product"}],"about":[{"href":"https:\/\/studiopixels.net\/en\/wp-json\/wp\/v2\/types\/product"}],"replies":[{"embeddable":true,"href":"https:\/\/studiopixels.net\/en\/wp-json\/wp\/v2\/comments?post=2660"}],"version-history":[{"count":2,"href":"https:\/\/studiopixels.net\/en\/wp-json\/wp\/v2\/product\/2660\/revisions"}],"predecessor-version":[{"id":4132,"href":"https:\/\/studiopixels.net\/en\/wp-json\/wp\/v2\/product\/2660\/revisions\/4132"}],"wp:featuredmedia":[{"embeddable":true,"href":"https:\/\/studiopixels.net\/en\/wp-json\/wp\/v2\/media\/2664"}],"wp:attachment":[{"href":"https:\/\/studiopixels.net\/en\/wp-json\/wp\/v2\/media?parent=2660"}],"curies":[{"name":"wp","href":"https:\/\/api.w.org\/{rel}","templated":true}]}}