{"id":268,"date":"2019-11-20T19:46:46","date_gmt":"2019-11-20T18:46:46","guid":{"rendered":"http:\/\/localhost\/studiopixels\/index.php\/product\/import-placeholder-for-34827\/"},"modified":"2022-10-11T14:43:19","modified_gmt":"2022-10-11T18:43:19","slug":"sac-aurore-boreal","status":"publish","type":"product","link":"https:\/\/studiopixels.net\/en\/product\/sac-aurore-boreal\/","title":{"rendered":"Sac Aurore Bor\u00e9al"},"content":{"rendered":"<div>\n<div>\n<div>92 % de polyester, 8 % d\u2019\u00e9lasthanne<br \/>\nUn n\u00e9opr\u00e8ne doux et souple \u00e0 double tissage, qui s\u2019\u00e9tire et qui tient pendant le remplissage.<\/div>\n<\/div>\n<\/div>\n<div>\n<div>\n<div><\/div>\n<div>Dimension :<\/div>\n<\/div>\n<\/div>\n<div>\n<div>\n<div>largeur: 18&Prime;<br \/>\nhauteur: 14&Prime;<br \/>\nbase: 7&Prime;<br \/>\nDes pi\u00e8ces en m\u00e9tal solides et des coutures d\u2019arr\u00eat \u00e0 finition professionnelle qui permettent \u00e0 votre sac de r\u00e9sister \u00e0 la vie de tous les jours.100% QU\u00c9BECOIS<\/div>\n<\/div>\n<\/div>","protected":false},"excerpt":{"rendered":"<p>92 % de polyester, 8 % d\u2019\u00e9lasthanne Un n\u00e9opr\u00e8ne doux et souple \u00e0 double tissage, qui s\u2019\u00e9tire et qui tient pendant le remplissage. Dimension : largeur: 18&Prime; hauteur: 14&Prime; base: 7&Prime; Des pi\u00e8ces en m\u00e9tal solides et des coutures d\u2019arr\u00eat \u00e0 finition professionnelle qui permettent \u00e0 votre sac de r\u00e9sister \u00e0 la vie de tous &hellip;<\/p>\n<p class=\"read-more\"> <a class=\"\" href=\"https:\/\/studiopixels.net\/en\/product\/sac-aurore-boreal\/\"> <span class=\"screen-reader-text\">Sac Aurore Bor\u00e9al<\/span> Read More &raquo;<\/a><\/p>","protected":false},"featured_media":301,"comment_status":"open","ping_status":"closed","template":"","meta":{"_uag_custom_page_level_css":""},"class_list":{"0":"post-268","1":"product","2":"type-product","3":"status-publish","4":"has-post-thumbnail","6":"product_cat-sac","7":"product_shipping_class-free-shipping","9":"first","10":"instock","11":"taxable","12":"shipping-taxable","13":"purchasable","14":"product-type-simple"},"yoast_head":"<!-- This site is optimized with the Yoast SEO plugin v26.4 - https:\/\/yoast.com\/wordpress\/plugins\/seo\/ -->\n<title>Sac Aurore Bor\u00e9al - Studio Pixels<\/title>\n<meta name=\"robots\" content=\"index, follow, max-snippet:-1, max-image-preview:large, max-video-preview:-1\" \/>\n<link rel=\"canonical\" href=\"https:\/\/studiopixels.net\/en\/product\/sac-aurore-boreal\/\" \/>\n<meta property=\"og:locale\" content=\"en_US\" \/>\n<meta property=\"og:type\" content=\"article\" \/>\n<meta property=\"og:title\" content=\"Sac Aurore Bor\u00e9al - Studio Pixels\" \/>\n<meta property=\"og:description\" content=\"92 % de polyester, 8 % d\u2019\u00e9lasthanne Un n\u00e9opr\u00e8ne doux et souple \u00e0 double tissage, qui s\u2019\u00e9tire et qui tient pendant le remplissage. Dimension : largeur: 18&Prime; hauteur: 14&Prime; base: 7&Prime; Des pi\u00e8ces en m\u00e9tal solides et des coutures d\u2019arr\u00eat \u00e0 finition professionnelle qui permettent \u00e0 votre sac de r\u00e9sister \u00e0 la vie de tous &hellip; Sac Aurore Bor\u00e9al Read More &raquo;\" \/>\n<meta property=\"og:url\" content=\"https:\/\/studiopixels.net\/en\/product\/sac-aurore-boreal\/\" \/>\n<meta property=\"og:site_name\" content=\"Studio Pixels\" \/>\n<meta property=\"article:publisher\" content=\"https:\/\/www.facebook.com\/Studiopixelsart\" \/>\n<meta property=\"article:modified_time\" content=\"2022-10-11T18:43:19+00:00\" \/>\n<meta property=\"og:image\" content=\"https:\/\/studiopixels.net\/wp-content\/uploads\/2019\/11\/sac-aurore_1.jpg\" \/>\n\t<meta property=\"og:image:width\" content=\"1120\" \/>\n\t<meta property=\"og:image:height\" content=\"1000\" \/>\n\t<meta property=\"og:image:type\" content=\"image\/jpeg\" \/>\n<meta name=\"twitter:card\" content=\"summary_large_image\" \/>\n<script type=\"application\/ld+json\" class=\"yoast-schema-graph\">{\"@context\":\"https:\/\/schema.org\",\"@graph\":[{\"@type\":\"WebPage\",\"@id\":\"https:\/\/studiopixels.net\/produit\/sac-aurore-boreal\/\",\"url\":\"https:\/\/studiopixels.net\/produit\/sac-aurore-boreal\/\",\"name\":\"Sac Aurore Bor\u00e9al - Studio Pixels\",\"isPartOf\":{\"@id\":\"https:\/\/studiopixels.net\/#website\"},\"primaryImageOfPage\":{\"@id\":\"https:\/\/studiopixels.net\/produit\/sac-aurore-boreal\/#primaryimage\"},\"image\":{\"@id\":\"https:\/\/studiopixels.net\/produit\/sac-aurore-boreal\/#primaryimage\"},\"thumbnailUrl\":\"https:\/\/studiopixels.net\/wp-content\/uploads\/2019\/11\/sac-aurore_1.jpg\",\"datePublished\":\"2019-11-20T18:46:46+00:00\",\"dateModified\":\"2022-10-11T18:43:19+00:00\",\"breadcrumb\":{\"@id\":\"https:\/\/studiopixels.net\/produit\/sac-aurore-boreal\/#breadcrumb\"},\"inLanguage\":\"en-CA\",\"potentialAction\":[{\"@type\":\"ReadAction\",\"target\":[\"https:\/\/studiopixels.net\/produit\/sac-aurore-boreal\/\"]}]},{\"@type\":\"ImageObject\",\"inLanguage\":\"en-CA\",\"@id\":\"https:\/\/studiopixels.net\/produit\/sac-aurore-boreal\/#primaryimage\",\"url\":\"https:\/\/studiopixels.net\/wp-content\/uploads\/2019\/11\/sac-aurore_1.jpg\",\"contentUrl\":\"https:\/\/studiopixels.net\/wp-content\/uploads\/2019\/11\/sac-aurore_1.jpg\",\"width\":1120,\"height\":1000},{\"@type\":\"BreadcrumbList\",\"@id\":\"https:\/\/studiopixels.net\/produit\/sac-aurore-boreal\/#breadcrumb\",\"itemListElement\":[{\"@type\":\"ListItem\",\"position\":1,\"name\":\"Accueil\",\"item\":\"https:\/\/studiopixels.net\/\"},{\"@type\":\"ListItem\",\"position\":2,\"name\":\"Boutique\",\"item\":\"https:\/\/studiopixels.net\/boutique\/\"},{\"@type\":\"ListItem\",\"position\":3,\"name\":\"Sac Aurore Bor\u00e9al\"}]},{\"@type\":\"WebSite\",\"@id\":\"https:\/\/studiopixels.net\/#website\",\"url\":\"https:\/\/studiopixels.net\/\",\"name\":\"Studio Pixels\",\"description\":\"\",\"publisher\":{\"@id\":\"https:\/\/studiopixels.net\/#organization\"},\"potentialAction\":[{\"@type\":\"SearchAction\",\"target\":{\"@type\":\"EntryPoint\",\"urlTemplate\":\"https:\/\/studiopixels.net\/?s={search_term_string}\"},\"query-input\":{\"@type\":\"PropertyValueSpecification\",\"valueRequired\":true,\"valueName\":\"search_term_string\"}}],\"inLanguage\":\"en-CA\"},{\"@type\":\"Organization\",\"@id\":\"https:\/\/studiopixels.net\/#organization\",\"name\":\"Studio Pixels\",\"url\":\"https:\/\/studiopixels.net\/\",\"logo\":{\"@type\":\"ImageObject\",\"inLanguage\":\"en-CA\",\"@id\":\"https:\/\/studiopixels.net\/#\/schema\/logo\/image\/\",\"url\":\"https:\/\/studiopixels.net\/wp-content\/uploads\/2020\/04\/cropped-Autocollant-pixels-2.jpg\",\"contentUrl\":\"https:\/\/studiopixels.net\/wp-content\/uploads\/2020\/04\/cropped-Autocollant-pixels-2.jpg\",\"width\":666,\"height\":666,\"caption\":\"Studio Pixels\"},\"image\":{\"@id\":\"https:\/\/studiopixels.net\/#\/schema\/logo\/image\/\"},\"sameAs\":[\"https:\/\/www.facebook.com\/Studiopixelsart\"]}]}<\/script>\n<!-- \/ Yoast SEO plugin. -->","yoast_head_json":{"title":"Sac Aurore Bor\u00e9al - Studio Pixels","robots":{"index":"index","follow":"follow","max-snippet":"max-snippet:-1","max-image-preview":"max-image-preview:large","max-video-preview":"max-video-preview:-1"},"canonical":"https:\/\/studiopixels.net\/en\/product\/sac-aurore-boreal\/","og_locale":"en_US","og_type":"article","og_title":"Sac Aurore Bor\u00e9al - Studio Pixels","og_description":"92 % de polyester, 8 % d\u2019\u00e9lasthanne Un n\u00e9opr\u00e8ne doux et souple \u00e0 double tissage, qui s\u2019\u00e9tire et qui tient pendant le remplissage. Dimension : largeur: 18&Prime; hauteur: 14&Prime; base: 7&Prime; Des pi\u00e8ces en m\u00e9tal solides et des coutures d\u2019arr\u00eat \u00e0 finition professionnelle qui permettent \u00e0 votre sac de r\u00e9sister \u00e0 la vie de tous &hellip; Sac Aurore Bor\u00e9al Read More &raquo;","og_url":"https:\/\/studiopixels.net\/en\/product\/sac-aurore-boreal\/","og_site_name":"Studio Pixels","article_publisher":"https:\/\/www.facebook.com\/Studiopixelsart","article_modified_time":"2022-10-11T18:43:19+00:00","og_image":[{"width":1120,"height":1000,"url":"https:\/\/studiopixels.net\/wp-content\/uploads\/2019\/11\/sac-aurore_1.jpg","type":"image\/jpeg"}],"twitter_card":"summary_large_image","schema":{"@context":"https:\/\/schema.org","@graph":[{"@type":"WebPage","@id":"https:\/\/studiopixels.net\/produit\/sac-aurore-boreal\/","url":"https:\/\/studiopixels.net\/produit\/sac-aurore-boreal\/","name":"Sac Aurore Bor\u00e9al - Studio Pixels","isPartOf":{"@id":"https:\/\/studiopixels.net\/#website"},"primaryImageOfPage":{"@id":"https:\/\/studiopixels.net\/produit\/sac-aurore-boreal\/#primaryimage"},"image":{"@id":"https:\/\/studiopixels.net\/produit\/sac-aurore-boreal\/#primaryimage"},"thumbnailUrl":"https:\/\/studiopixels.net\/wp-content\/uploads\/2019\/11\/sac-aurore_1.jpg","datePublished":"2019-11-20T18:46:46+00:00","dateModified":"2022-10-11T18:43:19+00:00","breadcrumb":{"@id":"https:\/\/studiopixels.net\/produit\/sac-aurore-boreal\/#breadcrumb"},"inLanguage":"en-CA","potentialAction":[{"@type":"ReadAction","target":["https:\/\/studiopixels.net\/produit\/sac-aurore-boreal\/"]}]},{"@type":"ImageObject","inLanguage":"en-CA","@id":"https:\/\/studiopixels.net\/produit\/sac-aurore-boreal\/#primaryimage","url":"https:\/\/studiopixels.net\/wp-content\/uploads\/2019\/11\/sac-aurore_1.jpg","contentUrl":"https:\/\/studiopixels.net\/wp-content\/uploads\/2019\/11\/sac-aurore_1.jpg","width":1120,"height":1000},{"@type":"BreadcrumbList","@id":"https:\/\/studiopixels.net\/produit\/sac-aurore-boreal\/#breadcrumb","itemListElement":[{"@type":"ListItem","position":1,"name":"Accueil","item":"https:\/\/studiopixels.net\/"},{"@type":"ListItem","position":2,"name":"Boutique","item":"https:\/\/studiopixels.net\/boutique\/"},{"@type":"ListItem","position":3,"name":"Sac Aurore Bor\u00e9al"}]},{"@type":"WebSite","@id":"https:\/\/studiopixels.net\/#website","url":"https:\/\/studiopixels.net\/","name":"Studio Pixels","description":"","publisher":{"@id":"https:\/\/studiopixels.net\/#organization"},"potentialAction":[{"@type":"SearchAction","target":{"@type":"EntryPoint","urlTemplate":"https:\/\/studiopixels.net\/?s={search_term_string}"},"query-input":{"@type":"PropertyValueSpecification","valueRequired":true,"valueName":"search_term_string"}}],"inLanguage":"en-CA"},{"@type":"Organization","@id":"https:\/\/studiopixels.net\/#organization","name":"Studio Pixels","url":"https:\/\/studiopixels.net\/","logo":{"@type":"ImageObject","inLanguage":"en-CA","@id":"https:\/\/studiopixels.net\/#\/schema\/logo\/image\/","url":"https:\/\/studiopixels.net\/wp-content\/uploads\/2020\/04\/cropped-Autocollant-pixels-2.jpg","contentUrl":"https:\/\/studiopixels.net\/wp-content\/uploads\/2020\/04\/cropped-Autocollant-pixels-2.jpg","width":666,"height":666,"caption":"Studio Pixels"},"image":{"@id":"https:\/\/studiopixels.net\/#\/schema\/logo\/image\/"},"sameAs":["https:\/\/www.facebook.com\/Studiopixelsart"]}]}},"uagb_featured_image_src":{"full":["https:\/\/studiopixels.net\/wp-content\/uploads\/2019\/11\/sac-aurore_1.jpg",1120,1000,false],"thumbnail":["https:\/\/studiopixels.net\/wp-content\/uploads\/2019\/11\/sac-aurore_1-150x150.jpg",150,150,true],"medium":["https:\/\/studiopixels.net\/wp-content\/uploads\/2019\/11\/sac-aurore_1-300x268.jpg",300,268,true],"medium_large":["https:\/\/studiopixels.net\/wp-content\/uploads\/2019\/11\/sac-aurore_1-768x686.jpg",768,686,true],"large":["https:\/\/studiopixels.net\/wp-content\/uploads\/2019\/11\/sac-aurore_1-1024x914.jpg",1024,914,true],"1536x1536":["https:\/\/studiopixels.net\/wp-content\/uploads\/2019\/11\/sac-aurore_1.jpg",1120,1000,false],"2048x2048":["https:\/\/studiopixels.net\/wp-content\/uploads\/2019\/11\/sac-aurore_1.jpg",1120,1000,false],"trp-custom-language-flag":["https:\/\/studiopixels.net\/wp-content\/uploads\/2019\/11\/sac-aurore_1.jpg",13,12,false],"woocommerce_thumbnail":["https:\/\/studiopixels.net\/wp-content\/uploads\/2019\/11\/sac-aurore_1-300x300.jpg",300,300,true],"woocommerce_single":["https:\/\/studiopixels.net\/wp-content\/uploads\/2019\/11\/sac-aurore_1-600x536.jpg",600,536,true],"woocommerce_gallery_thumbnail":["https:\/\/studiopixels.net\/wp-content\/uploads\/2019\/11\/sac-aurore_1-100x100.jpg",100,100,true],"shop_catalog":["https:\/\/studiopixels.net\/wp-content\/uploads\/2019\/11\/sac-aurore_1-300x300.jpg",300,300,true],"shop_single":["https:\/\/studiopixels.net\/wp-content\/uploads\/2019\/11\/sac-aurore_1-600x536.jpg",600,536,true],"shop_thumbnail":["https:\/\/studiopixels.net\/wp-content\/uploads\/2019\/11\/sac-aurore_1-100x100.jpg",100,100,true]},"uagb_author_info":{"display_name":"admin","author_link":"https:\/\/studiopixels.net\/en\/author\/"},"uagb_comment_info":0,"uagb_excerpt":"92 % de polyester, 8 % d\u2019\u00e9lasthanne Un n\u00e9opr\u00e8ne doux et souple \u00e0 double tissage, qui s\u2019\u00e9tire et qui tient pendant le remplissage. Dimension : largeur: 18&Prime; hauteur: 14&Prime; base: 7&Prime; Des pi\u00e8ces en m\u00e9tal solides et des coutures d\u2019arr\u00eat \u00e0 finition professionnelle qui permettent \u00e0 votre sac de r\u00e9sister \u00e0 la vie de tous&hellip;","_links":{"self":[{"href":"https:\/\/studiopixels.net\/en\/wp-json\/wp\/v2\/product\/268","targetHints":{"allow":["GET"]}}],"collection":[{"href":"https:\/\/studiopixels.net\/en\/wp-json\/wp\/v2\/product"}],"about":[{"href":"https:\/\/studiopixels.net\/en\/wp-json\/wp\/v2\/types\/product"}],"replies":[{"embeddable":true,"href":"https:\/\/studiopixels.net\/en\/wp-json\/wp\/v2\/comments?post=268"}],"version-history":[{"count":1,"href":"https:\/\/studiopixels.net\/en\/wp-json\/wp\/v2\/product\/268\/revisions"}],"predecessor-version":[{"id":2795,"href":"https:\/\/studiopixels.net\/en\/wp-json\/wp\/v2\/product\/268\/revisions\/2795"}],"wp:featuredmedia":[{"embeddable":true,"href":"https:\/\/studiopixels.net\/en\/wp-json\/wp\/v2\/media\/301"}],"wp:attachment":[{"href":"https:\/\/studiopixels.net\/en\/wp-json\/wp\/v2\/media?parent=268"}],"curies":[{"name":"wp","href":"https:\/\/api.w.org\/{rel}","templated":true}]}}