{"id":2709,"date":"2020-10-21T16:29:51","date_gmt":"2020-10-21T20:29:51","guid":{"rendered":"https:\/\/studiopixels.net\/?post_type=product&#038;p=2709"},"modified":"2024-11-07T16:04:18","modified_gmt":"2024-11-07T21:04:18","slug":"calendrier-des-louves-creatives","status":"publish","type":"product","link":"https:\/\/studiopixels.net\/en\/product\/calendrier-des-louves-creatives\/","title":{"rendered":"Calendrier des Louves Cr\u00e9atives 2022"},"content":{"rendered":"<p>Cette ann\u00e9e encore, les Louves Cr\u00e9atives vous offrent leur magnifique calendrier artistique sous le th\u00e8me BOTANIK. Ces six artistes de talent : Nancy Pixels L\u00e9tourneau, Susana Antunes, Sylvie Demers, Marielle Robichaud, Catherine Plante et Melissa Wilcox ont uni leurs talents afin de vous proposer un produit \u00e0 la fois beau et pratique. Chaque page du calendrier est une impression de qualit\u00e9 sup\u00e9rieure. de plus, la section calendrier est d\u00e9tachable facilement et l\u2019\u0153uvre de format 8 x 10 pouces est pr\u00eate \u00e0 \u00eatre encadr\u00e9e. Vous y trouverez \u00e9galement un calendrier lunaire, une pr\u00e9sentation de chaque artiste ainsi qu&rsquo;un signet \u00e0 colorier. Vivement 2022!<\/p>\n<p>\u00ab La LOUVE est une grande amie, loyale et protectrice. Elle est aussi tr\u00e8s spirituelle : elle oriente sa vie vers des valeurs universelles et non pas vers des buts de fin de mois. Elle aime l\u2019art, car c\u2019est la meilleure voie pour l\u2019exp\u00e9rience. Elle s\u2019aime elle-m\u00eame, sans tomber dans le narcissisme ou l\u2019\u00e9gocentrisme. \u00bb<\/p>\n<p>Papier : NumC2C Couvert Soie\/Dull\/ Supreme soie Blanc<br \/>\n160 M \u2013 8.0 pts<br \/>\nCertification: FSC Mixte<br \/>\nReliure : spirale<br \/>\nFormat : 8\u2033 x 14\u2033<br \/>\nFormat des oeuvres \u00e0 encadrer : 8\u2033 x 10\u2033<br \/>\nUn signet \u00e0 colorier en bonus<\/p>\n<p>Design graphique : Misswilcox<\/p>\n<p>Livraison: Chaque calendrier sera prot\u00e9g\u00e9 par une enveloppe de plastique et envoy\u00e9 dans une enveloppe de carton rigide.<\/p>\n<p>Les droits de reproductions demeurent la propri\u00e9t\u00e9 exclusive des artistes selon la loi sur les droits d\u2019auteurs. Les couleurs telles que vues \u00e0 l&rsquo;\u00e9cran d\u00e9pendent du calibrage de votre moniteur, elles peuvent ne pas correspondre exactement au produit.<\/p>","protected":false},"excerpt":{"rendered":"<p>Cette ann\u00e9e encore, les Louves Cr\u00e9atives vous offrent leur magnifique calendrier artistique sous le th\u00e8me BOTANIK. Ces six artistes de talent : Nancy Pixels L\u00e9tourneau, Susana Antunes, Sylvie Demers, Marielle Robichaud, Catherine Plante et Melissa Wilcox ont uni leurs talents afin de vous proposer un produit \u00e0 la fois beau et pratique. Chaque page du calendrier est une impression de qualit\u00e9 sup\u00e9rieure. de plus, la section calendrier est d\u00e9tachable facilement et l\u2019\u0153uvre de format 8 x 10 pouces est pr\u00eate \u00e0 \u00eatre encadr\u00e9e. Vous y trouverez \u00e9galement un calendrier lunaire, une pr\u00e9sentation de chaque artiste ainsi qu&rsquo;un signet \u00e0 colorier. Vivement 2022!<\/p>\n<p>\u00ab La LOUVE est une grande amie, loyale et protectrice. Elle est aussi tr\u00e8s spirituelle : elle oriente sa vie vers des valeurs universelles et non pas vers des buts de fin de mois. Elle aime l\u2019art, car c\u2019est la meilleure voie pour l\u2019exp\u00e9rience. Elle s\u2019aime elle-m\u00eame, sans tomber dans le narcissisme ou l\u2019\u00e9gocentrisme. \u00bb<\/p>\n<p>Papier : NumC2C Couvert Soie\/Dull\/ Supreme soie Blanc<br \/>\n160 M \u2013 8.0 pts<br \/>\nCertification: FSC Mixte<br \/>\nReliure : spirale<br \/>\nFormat : 8\u2033 x 14\u2033<br \/>\nFormat des oeuvres \u00e0 encadrer : 8\u2033 x 10\u2033<br \/>\nUn signet \u00e0 colorier en bonus<\/p>\n<p>Design graphique : Misswilcox<\/p>\n<p>Livraison: Chaque calendrier sera prot\u00e9g\u00e9 par une enveloppe de plastique et envoy\u00e9 dans une enveloppe de carton rigide.<\/p>\n<p>Les droits de reproductions demeurent la propri\u00e9t\u00e9 exclusive des artistes selon la loi sur les droits d\u2019auteurs. Les couleurs telles que vues \u00e0 l&rsquo;\u00e9cran d\u00e9pendent du calibrage de votre moniteur, elles peuvent ne pas correspondre exactement au produit.<\/p>","protected":false},"featured_media":4299,"comment_status":"open","ping_status":"closed","template":"","meta":{"_uag_custom_page_level_css":""},"class_list":{"0":"post-2709","1":"product","2":"type-product","3":"status-publish","4":"has-post-thumbnail","6":"product_cat-calendrier","8":"first","9":"outofstock","10":"taxable","11":"shipping-taxable","12":"purchasable","13":"product-type-simple"},"yoast_head":"<!-- This site is optimized with the Yoast SEO plugin v26.4 - https:\/\/yoast.com\/wordpress\/plugins\/seo\/ -->\n<title>Calendrier des Louves Cr\u00e9atives 2022 - Studio Pixels<\/title>\n<meta name=\"robots\" content=\"index, follow, max-snippet:-1, max-image-preview:large, max-video-preview:-1\" \/>\n<link rel=\"canonical\" href=\"https:\/\/studiopixels.net\/en\/product\/calendrier-des-louves-creatives\/\" \/>\n<meta property=\"og:locale\" content=\"en_US\" \/>\n<meta property=\"og:type\" content=\"article\" \/>\n<meta property=\"og:title\" content=\"Calendrier des Louves Cr\u00e9atives 2022 - Studio Pixels\" \/>\n<meta property=\"og:description\" content=\"Cette ann\u00e9e encore, les Louves Cr\u00e9atives vous offrent leur magnifique calendrier artistique sous le th\u00e8me BOTANIK. Ces six artistes de talent : Nancy Pixels L\u00e9tourneau, Susana Antunes, Sylvie Demers, Marielle Robichaud, Catherine Plante et Melissa Wilcox ont uni leurs talents afin de vous proposer un produit \u00e0 la fois beau et pratique. Chaque page du calendrier est une impression de qualit\u00e9 sup\u00e9rieure. de plus, la section calendrier est d\u00e9tachable facilement et l\u2019\u0153uvre de format 8 x 10 pouces est pr\u00eate \u00e0 \u00eatre encadr\u00e9e. Vous y trouverez \u00e9galement un calendrier lunaire, une pr\u00e9sentation de chaque artiste ainsi qu&#039;un signet \u00e0 colorier. Vivement 2022!  \u00ab La LOUVE est une grande amie, loyale et protectrice. Elle est aussi tr\u00e8s spirituelle : elle oriente sa vie vers des valeurs universelles et non pas vers des buts de fin de mois. Elle aime l\u2019art, car c\u2019est la meilleure voie pour l\u2019exp\u00e9rience. Elle s\u2019aime elle-m\u00eame, sans tomber dans le narcissisme ou l\u2019\u00e9gocentrisme. \u00bb  Papier : NumC2C Couvert Soie\/Dull\/ Supreme soie Blanc 160 M \u2013 8.0 pts Certification: FSC Mixte Reliure : spirale Format : 8\u2033 x 14\u2033 Format des oeuvres \u00e0 encadrer : 8\u2033 x 10\u2033 Un signet \u00e0 colorier en bonus  Design graphique : Misswilcox  Livraison: Chaque calendrier sera prot\u00e9g\u00e9 par une enveloppe de plastique et envoy\u00e9 dans une enveloppe de carton rigide.  Les droits de reproductions demeurent la propri\u00e9t\u00e9 exclusive des artistes selon la loi sur les droits d\u2019auteurs. Les couleurs telles que vues \u00e0 l&#039;\u00e9cran d\u00e9pendent du calibrage de votre moniteur, elles peuvent ne pas correspondre exactement au produit.\" \/>\n<meta property=\"og:url\" content=\"https:\/\/studiopixels.net\/en\/product\/calendrier-des-louves-creatives\/\" \/>\n<meta property=\"og:site_name\" content=\"Studio Pixels\" \/>\n<meta property=\"article:publisher\" content=\"https:\/\/www.facebook.com\/Studiopixelsart\" \/>\n<meta property=\"article:modified_time\" content=\"2024-11-07T21:04:18+00:00\" \/>\n<meta property=\"og:image\" content=\"https:\/\/studiopixels.net\/wp-content\/uploads\/2020\/10\/calendrier_2022_8x14_web-scaled.jpg\" \/>\n\t<meta property=\"og:image:width\" content=\"1463\" \/>\n\t<meta property=\"og:image:height\" content=\"2560\" \/>\n\t<meta property=\"og:image:type\" content=\"image\/jpeg\" \/>\n<meta name=\"twitter:card\" content=\"summary_large_image\" \/>\n<meta name=\"twitter:label1\" content=\"Est. reading time\" \/>\n\t<meta name=\"twitter:data1\" content=\"1 minute\" \/>\n<script type=\"application\/ld+json\" class=\"yoast-schema-graph\">{\"@context\":\"https:\/\/schema.org\",\"@graph\":[{\"@type\":\"WebPage\",\"@id\":\"https:\/\/studiopixels.net\/produit\/calendrier-des-louves-creatives\/\",\"url\":\"https:\/\/studiopixels.net\/produit\/calendrier-des-louves-creatives\/\",\"name\":\"Calendrier des Louves Cr\u00e9atives 2022 - Studio Pixels\",\"isPartOf\":{\"@id\":\"https:\/\/studiopixels.net\/#website\"},\"primaryImageOfPage\":{\"@id\":\"https:\/\/studiopixels.net\/produit\/calendrier-des-louves-creatives\/#primaryimage\"},\"image\":{\"@id\":\"https:\/\/studiopixels.net\/produit\/calendrier-des-louves-creatives\/#primaryimage\"},\"thumbnailUrl\":\"https:\/\/studiopixels.net\/wp-content\/uploads\/2020\/10\/calendrier_2022_8x14_web-scaled.jpg\",\"datePublished\":\"2020-10-21T20:29:51+00:00\",\"dateModified\":\"2024-11-07T21:04:18+00:00\",\"breadcrumb\":{\"@id\":\"https:\/\/studiopixels.net\/produit\/calendrier-des-louves-creatives\/#breadcrumb\"},\"inLanguage\":\"en-CA\",\"potentialAction\":[{\"@type\":\"ReadAction\",\"target\":[\"https:\/\/studiopixels.net\/produit\/calendrier-des-louves-creatives\/\"]}]},{\"@type\":\"ImageObject\",\"inLanguage\":\"en-CA\",\"@id\":\"https:\/\/studiopixels.net\/produit\/calendrier-des-louves-creatives\/#primaryimage\",\"url\":\"https:\/\/studiopixels.net\/wp-content\/uploads\/2020\/10\/calendrier_2022_8x14_web-scaled.jpg\",\"contentUrl\":\"https:\/\/studiopixels.net\/wp-content\/uploads\/2020\/10\/calendrier_2022_8x14_web-scaled.jpg\",\"width\":1463,\"height\":2560},{\"@type\":\"BreadcrumbList\",\"@id\":\"https:\/\/studiopixels.net\/produit\/calendrier-des-louves-creatives\/#breadcrumb\",\"itemListElement\":[{\"@type\":\"ListItem\",\"position\":1,\"name\":\"Accueil\",\"item\":\"https:\/\/studiopixels.net\/\"},{\"@type\":\"ListItem\",\"position\":2,\"name\":\"Boutique\",\"item\":\"https:\/\/studiopixels.net\/boutique\/\"},{\"@type\":\"ListItem\",\"position\":3,\"name\":\"Calendrier des Louves Cr\u00e9atives 2022\"}]},{\"@type\":\"WebSite\",\"@id\":\"https:\/\/studiopixels.net\/#website\",\"url\":\"https:\/\/studiopixels.net\/\",\"name\":\"Studio Pixels\",\"description\":\"\",\"publisher\":{\"@id\":\"https:\/\/studiopixels.net\/#organization\"},\"potentialAction\":[{\"@type\":\"SearchAction\",\"target\":{\"@type\":\"EntryPoint\",\"urlTemplate\":\"https:\/\/studiopixels.net\/?s={search_term_string}\"},\"query-input\":{\"@type\":\"PropertyValueSpecification\",\"valueRequired\":true,\"valueName\":\"search_term_string\"}}],\"inLanguage\":\"en-CA\"},{\"@type\":\"Organization\",\"@id\":\"https:\/\/studiopixels.net\/#organization\",\"name\":\"Studio Pixels\",\"url\":\"https:\/\/studiopixels.net\/\",\"logo\":{\"@type\":\"ImageObject\",\"inLanguage\":\"en-CA\",\"@id\":\"https:\/\/studiopixels.net\/#\/schema\/logo\/image\/\",\"url\":\"https:\/\/studiopixels.net\/wp-content\/uploads\/2020\/04\/cropped-Autocollant-pixels-2.jpg\",\"contentUrl\":\"https:\/\/studiopixels.net\/wp-content\/uploads\/2020\/04\/cropped-Autocollant-pixels-2.jpg\",\"width\":666,\"height\":666,\"caption\":\"Studio Pixels\"},\"image\":{\"@id\":\"https:\/\/studiopixels.net\/#\/schema\/logo\/image\/\"},\"sameAs\":[\"https:\/\/www.facebook.com\/Studiopixelsart\"]}]}<\/script>\n<!-- \/ Yoast SEO plugin. -->","yoast_head_json":{"title":"Calendrier des Louves Cr\u00e9atives 2022 - Studio Pixels","robots":{"index":"index","follow":"follow","max-snippet":"max-snippet:-1","max-image-preview":"max-image-preview:large","max-video-preview":"max-video-preview:-1"},"canonical":"https:\/\/studiopixels.net\/en\/product\/calendrier-des-louves-creatives\/","og_locale":"en_US","og_type":"article","og_title":"Calendrier des Louves Cr\u00e9atives 2022 - Studio Pixels","og_description":"Cette ann\u00e9e encore, les Louves Cr\u00e9atives vous offrent leur magnifique calendrier artistique sous le th\u00e8me BOTANIK. Ces six artistes de talent : Nancy Pixels L\u00e9tourneau, Susana Antunes, Sylvie Demers, Marielle Robichaud, Catherine Plante et Melissa Wilcox ont uni leurs talents afin de vous proposer un produit \u00e0 la fois beau et pratique. Chaque page du calendrier est une impression de qualit\u00e9 sup\u00e9rieure. de plus, la section calendrier est d\u00e9tachable facilement et l\u2019\u0153uvre de format 8 x 10 pouces est pr\u00eate \u00e0 \u00eatre encadr\u00e9e. Vous y trouverez \u00e9galement un calendrier lunaire, une pr\u00e9sentation de chaque artiste ainsi qu'un signet \u00e0 colorier. Vivement 2022!  \u00ab La LOUVE est une grande amie, loyale et protectrice. Elle est aussi tr\u00e8s spirituelle : elle oriente sa vie vers des valeurs universelles et non pas vers des buts de fin de mois. Elle aime l\u2019art, car c\u2019est la meilleure voie pour l\u2019exp\u00e9rience. Elle s\u2019aime elle-m\u00eame, sans tomber dans le narcissisme ou l\u2019\u00e9gocentrisme. \u00bb  Papier : NumC2C Couvert Soie\/Dull\/ Supreme soie Blanc 160 M \u2013 8.0 pts Certification: FSC Mixte Reliure : spirale Format : 8\u2033 x 14\u2033 Format des oeuvres \u00e0 encadrer : 8\u2033 x 10\u2033 Un signet \u00e0 colorier en bonus  Design graphique : Misswilcox  Livraison: Chaque calendrier sera prot\u00e9g\u00e9 par une enveloppe de plastique et envoy\u00e9 dans une enveloppe de carton rigide.  Les droits de reproductions demeurent la propri\u00e9t\u00e9 exclusive des artistes selon la loi sur les droits d\u2019auteurs. Les couleurs telles que vues \u00e0 l'\u00e9cran d\u00e9pendent du calibrage de votre moniteur, elles peuvent ne pas correspondre exactement au produit.","og_url":"https:\/\/studiopixels.net\/en\/product\/calendrier-des-louves-creatives\/","og_site_name":"Studio Pixels","article_publisher":"https:\/\/www.facebook.com\/Studiopixelsart","article_modified_time":"2024-11-07T21:04:18+00:00","og_image":[{"width":1463,"height":2560,"url":"https:\/\/studiopixels.net\/wp-content\/uploads\/2020\/10\/calendrier_2022_8x14_web-scaled.jpg","type":"image\/jpeg"}],"twitter_card":"summary_large_image","twitter_misc":{"Est. reading time":"1 minute"},"schema":{"@context":"https:\/\/schema.org","@graph":[{"@type":"WebPage","@id":"https:\/\/studiopixels.net\/produit\/calendrier-des-louves-creatives\/","url":"https:\/\/studiopixels.net\/produit\/calendrier-des-louves-creatives\/","name":"Calendrier des Louves Cr\u00e9atives 2022 - Studio Pixels","isPartOf":{"@id":"https:\/\/studiopixels.net\/#website"},"primaryImageOfPage":{"@id":"https:\/\/studiopixels.net\/produit\/calendrier-des-louves-creatives\/#primaryimage"},"image":{"@id":"https:\/\/studiopixels.net\/produit\/calendrier-des-louves-creatives\/#primaryimage"},"thumbnailUrl":"https:\/\/studiopixels.net\/wp-content\/uploads\/2020\/10\/calendrier_2022_8x14_web-scaled.jpg","datePublished":"2020-10-21T20:29:51+00:00","dateModified":"2024-11-07T21:04:18+00:00","breadcrumb":{"@id":"https:\/\/studiopixels.net\/produit\/calendrier-des-louves-creatives\/#breadcrumb"},"inLanguage":"en-CA","potentialAction":[{"@type":"ReadAction","target":["https:\/\/studiopixels.net\/produit\/calendrier-des-louves-creatives\/"]}]},{"@type":"ImageObject","inLanguage":"en-CA","@id":"https:\/\/studiopixels.net\/produit\/calendrier-des-louves-creatives\/#primaryimage","url":"https:\/\/studiopixels.net\/wp-content\/uploads\/2020\/10\/calendrier_2022_8x14_web-scaled.jpg","contentUrl":"https:\/\/studiopixels.net\/wp-content\/uploads\/2020\/10\/calendrier_2022_8x14_web-scaled.jpg","width":1463,"height":2560},{"@type":"BreadcrumbList","@id":"https:\/\/studiopixels.net\/produit\/calendrier-des-louves-creatives\/#breadcrumb","itemListElement":[{"@type":"ListItem","position":1,"name":"Accueil","item":"https:\/\/studiopixels.net\/"},{"@type":"ListItem","position":2,"name":"Boutique","item":"https:\/\/studiopixels.net\/boutique\/"},{"@type":"ListItem","position":3,"name":"Calendrier des Louves Cr\u00e9atives 2022"}]},{"@type":"WebSite","@id":"https:\/\/studiopixels.net\/#website","url":"https:\/\/studiopixels.net\/","name":"Studio Pixels","description":"","publisher":{"@id":"https:\/\/studiopixels.net\/#organization"},"potentialAction":[{"@type":"SearchAction","target":{"@type":"EntryPoint","urlTemplate":"https:\/\/studiopixels.net\/?s={search_term_string}"},"query-input":{"@type":"PropertyValueSpecification","valueRequired":true,"valueName":"search_term_string"}}],"inLanguage":"en-CA"},{"@type":"Organization","@id":"https:\/\/studiopixels.net\/#organization","name":"Studio Pixels","url":"https:\/\/studiopixels.net\/","logo":{"@type":"ImageObject","inLanguage":"en-CA","@id":"https:\/\/studiopixels.net\/#\/schema\/logo\/image\/","url":"https:\/\/studiopixels.net\/wp-content\/uploads\/2020\/04\/cropped-Autocollant-pixels-2.jpg","contentUrl":"https:\/\/studiopixels.net\/wp-content\/uploads\/2020\/04\/cropped-Autocollant-pixels-2.jpg","width":666,"height":666,"caption":"Studio Pixels"},"image":{"@id":"https:\/\/studiopixels.net\/#\/schema\/logo\/image\/"},"sameAs":["https:\/\/www.facebook.com\/Studiopixelsart"]}]}},"uagb_featured_image_src":{"full":["https:\/\/studiopixels.net\/wp-content\/uploads\/2020\/10\/calendrier_2022_8x14_web-scaled.jpg",1463,2560,false],"thumbnail":["https:\/\/studiopixels.net\/wp-content\/uploads\/2020\/10\/calendrier_2022_8x14_web-150x150.jpg",150,150,true],"medium":["https:\/\/studiopixels.net\/wp-content\/uploads\/2020\/10\/calendrier_2022_8x14_web-171x300.jpg",171,300,true],"medium_large":["https:\/\/studiopixels.net\/wp-content\/uploads\/2020\/10\/calendrier_2022_8x14_web-768x1344.jpg",768,1344,true],"large":["https:\/\/studiopixels.net\/wp-content\/uploads\/2020\/10\/calendrier_2022_8x14_web-585x1024.jpg",585,1024,true],"1536x1536":["https:\/\/studiopixels.net\/wp-content\/uploads\/2020\/10\/calendrier_2022_8x14_web-878x1536.jpg",878,1536,true],"2048x2048":["https:\/\/studiopixels.net\/wp-content\/uploads\/2020\/10\/calendrier_2022_8x14_web-1170x2048.jpg",1170,2048,true],"trp-custom-language-flag":["https:\/\/studiopixels.net\/wp-content\/uploads\/2020\/10\/calendrier_2022_8x14_web-scaled.jpg",7,12,false],"woocommerce_thumbnail":["https:\/\/studiopixels.net\/wp-content\/uploads\/2020\/10\/calendrier_2022_8x14_web-300x300.jpg",300,300,true],"woocommerce_single":["https:\/\/studiopixels.net\/wp-content\/uploads\/2020\/10\/calendrier_2022_8x14_web-600x1050.jpg",600,1050,true],"woocommerce_gallery_thumbnail":["https:\/\/studiopixels.net\/wp-content\/uploads\/2020\/10\/calendrier_2022_8x14_web-100x100.jpg",100,100,true],"shop_catalog":["https:\/\/studiopixels.net\/wp-content\/uploads\/2020\/10\/calendrier_2022_8x14_web-300x300.jpg",300,300,true],"shop_single":["https:\/\/studiopixels.net\/wp-content\/uploads\/2020\/10\/calendrier_2022_8x14_web-600x1050.jpg",600,1050,true],"shop_thumbnail":["https:\/\/studiopixels.net\/wp-content\/uploads\/2020\/10\/calendrier_2022_8x14_web-100x100.jpg",100,100,true]},"uagb_author_info":{"display_name":"admin","author_link":"https:\/\/studiopixels.net\/en\/author\/"},"uagb_comment_info":1,"uagb_excerpt":"Cette ann\u00e9e encore, les Louves Cr\u00e9atives vous offrent leur magnifique calendrier artistique sous le th\u00e8me BOTANIK. Ces six artistes de talent : Nancy Pixels L\u00e9tourneau, Susana Antunes, Sylvie Demers, Marielle Robichaud, Catherine Plante et Melissa Wilcox ont uni leurs talents afin de vous proposer un produit \u00e0 la fois beau et pratique. Chaque page du&hellip;","_links":{"self":[{"href":"https:\/\/studiopixels.net\/en\/wp-json\/wp\/v2\/product\/2709","targetHints":{"allow":["GET"]}}],"collection":[{"href":"https:\/\/studiopixels.net\/en\/wp-json\/wp\/v2\/product"}],"about":[{"href":"https:\/\/studiopixels.net\/en\/wp-json\/wp\/v2\/types\/product"}],"replies":[{"embeddable":true,"href":"https:\/\/studiopixels.net\/en\/wp-json\/wp\/v2\/comments?post=2709"}],"version-history":[{"count":9,"href":"https:\/\/studiopixels.net\/en\/wp-json\/wp\/v2\/product\/2709\/revisions"}],"predecessor-version":[{"id":7409,"href":"https:\/\/studiopixels.net\/en\/wp-json\/wp\/v2\/product\/2709\/revisions\/7409"}],"wp:featuredmedia":[{"embeddable":true,"href":"https:\/\/studiopixels.net\/en\/wp-json\/wp\/v2\/media\/4299"}],"wp:attachment":[{"href":"https:\/\/studiopixels.net\/en\/wp-json\/wp\/v2\/media?parent=2709"}],"curies":[{"name":"wp","href":"https:\/\/api.w.org\/{rel}","templated":true}]}}