{"id":347,"date":"2019-11-20T19:48:16","date_gmt":"2019-11-20T18:48:16","guid":{"rendered":"http:\/\/localhost\/studiopixels\/index.php\/product\/import-placeholder-for-35010\/"},"modified":"2023-04-02T14:48:35","modified_gmt":"2023-04-02T18:48:35","slug":"leggings-pour-enfant-aurore-boreal","status":"publish","type":"product","link":"https:\/\/studiopixels.net\/en\/product\/leggings-pour-enfant-aurore-boreal\/","title":{"rendered":"Leggings pour enfant &lsquo;Aurore Bor\u00e9al&rsquo;"},"content":{"rendered":"<p>Fabriqu\u00e9 et produit au Qu\u00e9bec<br \/>\nFaits avec notre tissu signature, fait \u00e0 88% d\u2019EcoPoly et 12% d\u2019\u00e9lasthanne, fabriqu\u00e9 \u00e0 Montr\u00e9al<br \/>\nFabriqu\u00e9 avec beaucoup moins d&rsquo;eau que les autres proc\u00e9d\u00e9s de production de polyester.<\/p>\n<p>Toutes nos paires de Legging enfants sont imprim\u00e9es et cousues \u00e0 Montr\u00e9al, Canada. Le tissu que nous utilisons a \u00e9t\u00e9 d\u00e9velopp\u00e9 sp\u00e9cialement pour nous, et est aussi fait \u00e0 Montr\u00e9al.<\/p>\n<p>Imprim\u00e9 sur mesure vibrant qui ne d\u00e9lave pas, ni en machine, ni au fil des utilisations.<br \/>\nUn confort absolu que ce soit pour faire du sport, ou \u00a0jouer avec ses amis.<\/p>","protected":false},"excerpt":{"rendered":"<p>Fabriqu\u00e9 et produit au Qu\u00e9bec<br \/>\nFaits avec notre tissu signature, fait \u00e0 88% d\u2019EcoPoly et 12% d\u2019\u00e9lasthanne, fabriqu\u00e9 \u00e0 Montr\u00e9al<br \/>\nFabriqu\u00e9 avec beaucoup moins d&rsquo;eau que les autres proc\u00e9d\u00e9s de production de polyester.<br \/>\nToutes nos paires de Legging enfants sont imprim\u00e9es et cousues \u00e0 Montr\u00e9al, Canada. Le tissu que nous utilisons a \u00e9t\u00e9 d\u00e9velopp\u00e9 sp\u00e9cialement pour nous, et est aussi fait \u00e0 Montr\u00e9al.<br \/>\nImprim\u00e9 sur mesure vibrant qui ne d\u00e9lave pas, ni en machine, ni au fil des utilisations.<br \/>\nUn confort absolu que ce soit pour faire du sport, ou \u00a0jouer avec ses amis.<\/p>","protected":false},"featured_media":380,"comment_status":"open","ping_status":"closed","template":"","meta":{"_uag_custom_page_level_css":""},"class_list":{"0":"post-347","1":"product","2":"type-product","3":"status-publish","4":"has-post-thumbnail","6":"product_cat-leggings-enfants","7":"product_shipping_class-free-shipping","9":"first","10":"instock","11":"sale","12":"taxable","13":"shipping-taxable","14":"purchasable","15":"product-type-variable"},"yoast_head":"<!-- This site is optimized with the Yoast SEO plugin v26.4 - https:\/\/yoast.com\/wordpress\/plugins\/seo\/ -->\n<title>Leggings pour enfant &#039;Aurore Bor\u00e9al&#039; - Studio Pixels<\/title>\n<meta name=\"robots\" content=\"index, follow, max-snippet:-1, max-image-preview:large, max-video-preview:-1\" \/>\n<link rel=\"canonical\" href=\"https:\/\/studiopixels.net\/en\/product\/leggings-pour-enfant-aurore-boreal\/\" \/>\n<meta property=\"og:locale\" content=\"en_US\" \/>\n<meta property=\"og:type\" content=\"article\" \/>\n<meta property=\"og:title\" content=\"Leggings pour enfant &#039;Aurore Bor\u00e9al&#039; - Studio Pixels\" \/>\n<meta property=\"og:description\" content=\"Fabriqu\u00e9 et produit au Qu\u00e9bec Faits avec notre tissu signature, fait \u00e0 88% d\u2019EcoPoly et 12% d\u2019\u00e9lasthanne, fabriqu\u00e9 \u00e0 Montr\u00e9al Fabriqu\u00e9 avec beaucoup moins d&#039;eau que les autres proc\u00e9d\u00e9s de production de polyester. Toutes nos paires de Legging enfants sont imprim\u00e9es et cousues \u00e0 Montr\u00e9al, Canada. Le tissu que nous utilisons a \u00e9t\u00e9 d\u00e9velopp\u00e9 sp\u00e9cialement pour nous, et est aussi fait \u00e0 Montr\u00e9al. Imprim\u00e9 sur mesure vibrant qui ne d\u00e9lave pas, ni en machine, ni au fil des utilisations. Un confort absolu que ce soit pour faire du sport, ou \u00a0jouer avec ses amis.\" \/>\n<meta property=\"og:url\" content=\"https:\/\/studiopixels.net\/en\/product\/leggings-pour-enfant-aurore-boreal\/\" \/>\n<meta property=\"og:site_name\" content=\"Studio Pixels\" \/>\n<meta property=\"article:publisher\" content=\"https:\/\/www.facebook.com\/Studiopixelsart\" \/>\n<meta property=\"article:modified_time\" content=\"2023-04-02T18:48:35+00:00\" \/>\n<meta property=\"og:image\" content=\"https:\/\/studiopixels.net\/wp-content\/uploads\/2019\/11\/aurore-front.png\" \/>\n\t<meta property=\"og:image:width\" content=\"1120\" \/>\n\t<meta property=\"og:image:height\" content=\"1000\" \/>\n\t<meta property=\"og:image:type\" content=\"image\/png\" \/>\n<meta name=\"twitter:card\" content=\"summary_large_image\" \/>\n<meta name=\"twitter:label1\" content=\"Est. reading time\" \/>\n\t<meta name=\"twitter:data1\" content=\"1 minute\" \/>\n<script type=\"application\/ld+json\" class=\"yoast-schema-graph\">{\"@context\":\"https:\/\/schema.org\",\"@graph\":[{\"@type\":\"WebPage\",\"@id\":\"https:\/\/studiopixels.net\/produit\/leggings-pour-enfant-aurore-boreal\/\",\"url\":\"https:\/\/studiopixels.net\/produit\/leggings-pour-enfant-aurore-boreal\/\",\"name\":\"Leggings pour enfant 'Aurore Bor\u00e9al' - Studio Pixels\",\"isPartOf\":{\"@id\":\"https:\/\/studiopixels.net\/#website\"},\"primaryImageOfPage\":{\"@id\":\"https:\/\/studiopixels.net\/produit\/leggings-pour-enfant-aurore-boreal\/#primaryimage\"},\"image\":{\"@id\":\"https:\/\/studiopixels.net\/produit\/leggings-pour-enfant-aurore-boreal\/#primaryimage\"},\"thumbnailUrl\":\"https:\/\/studiopixels.net\/wp-content\/uploads\/2019\/11\/aurore-front.png\",\"datePublished\":\"2019-11-20T18:48:16+00:00\",\"dateModified\":\"2023-04-02T18:48:35+00:00\",\"breadcrumb\":{\"@id\":\"https:\/\/studiopixels.net\/produit\/leggings-pour-enfant-aurore-boreal\/#breadcrumb\"},\"inLanguage\":\"en-CA\",\"potentialAction\":[{\"@type\":\"ReadAction\",\"target\":[\"https:\/\/studiopixels.net\/produit\/leggings-pour-enfant-aurore-boreal\/\"]}]},{\"@type\":\"ImageObject\",\"inLanguage\":\"en-CA\",\"@id\":\"https:\/\/studiopixels.net\/produit\/leggings-pour-enfant-aurore-boreal\/#primaryimage\",\"url\":\"https:\/\/studiopixels.net\/wp-content\/uploads\/2019\/11\/aurore-front.png\",\"contentUrl\":\"https:\/\/studiopixels.net\/wp-content\/uploads\/2019\/11\/aurore-front.png\",\"width\":1120,\"height\":1000},{\"@type\":\"BreadcrumbList\",\"@id\":\"https:\/\/studiopixels.net\/produit\/leggings-pour-enfant-aurore-boreal\/#breadcrumb\",\"itemListElement\":[{\"@type\":\"ListItem\",\"position\":1,\"name\":\"Accueil\",\"item\":\"https:\/\/studiopixels.net\/\"},{\"@type\":\"ListItem\",\"position\":2,\"name\":\"Boutique\",\"item\":\"https:\/\/studiopixels.net\/boutique\/\"},{\"@type\":\"ListItem\",\"position\":3,\"name\":\"Leggings pour enfant &lsquo;Aurore Bor\u00e9al&rsquo;\"}]},{\"@type\":\"WebSite\",\"@id\":\"https:\/\/studiopixels.net\/#website\",\"url\":\"https:\/\/studiopixels.net\/\",\"name\":\"Studio Pixels\",\"description\":\"\",\"publisher\":{\"@id\":\"https:\/\/studiopixels.net\/#organization\"},\"potentialAction\":[{\"@type\":\"SearchAction\",\"target\":{\"@type\":\"EntryPoint\",\"urlTemplate\":\"https:\/\/studiopixels.net\/?s={search_term_string}\"},\"query-input\":{\"@type\":\"PropertyValueSpecification\",\"valueRequired\":true,\"valueName\":\"search_term_string\"}}],\"inLanguage\":\"en-CA\"},{\"@type\":\"Organization\",\"@id\":\"https:\/\/studiopixels.net\/#organization\",\"name\":\"Studio Pixels\",\"url\":\"https:\/\/studiopixels.net\/\",\"logo\":{\"@type\":\"ImageObject\",\"inLanguage\":\"en-CA\",\"@id\":\"https:\/\/studiopixels.net\/#\/schema\/logo\/image\/\",\"url\":\"https:\/\/studiopixels.net\/wp-content\/uploads\/2020\/04\/cropped-Autocollant-pixels-2.jpg\",\"contentUrl\":\"https:\/\/studiopixels.net\/wp-content\/uploads\/2020\/04\/cropped-Autocollant-pixels-2.jpg\",\"width\":666,\"height\":666,\"caption\":\"Studio Pixels\"},\"image\":{\"@id\":\"https:\/\/studiopixels.net\/#\/schema\/logo\/image\/\"},\"sameAs\":[\"https:\/\/www.facebook.com\/Studiopixelsart\"]}]}<\/script>\n<!-- \/ Yoast SEO plugin. -->","yoast_head_json":{"title":"Leggings pour enfant 'Aurore Bor\u00e9al' - Studio Pixels","robots":{"index":"index","follow":"follow","max-snippet":"max-snippet:-1","max-image-preview":"max-image-preview:large","max-video-preview":"max-video-preview:-1"},"canonical":"https:\/\/studiopixels.net\/en\/product\/leggings-pour-enfant-aurore-boreal\/","og_locale":"en_US","og_type":"article","og_title":"Leggings pour enfant 'Aurore Bor\u00e9al' - Studio Pixels","og_description":"Fabriqu\u00e9 et produit au Qu\u00e9bec Faits avec notre tissu signature, fait \u00e0 88% d\u2019EcoPoly et 12% d\u2019\u00e9lasthanne, fabriqu\u00e9 \u00e0 Montr\u00e9al Fabriqu\u00e9 avec beaucoup moins d'eau que les autres proc\u00e9d\u00e9s de production de polyester. Toutes nos paires de Legging enfants sont imprim\u00e9es et cousues \u00e0 Montr\u00e9al, Canada. Le tissu que nous utilisons a \u00e9t\u00e9 d\u00e9velopp\u00e9 sp\u00e9cialement pour nous, et est aussi fait \u00e0 Montr\u00e9al. Imprim\u00e9 sur mesure vibrant qui ne d\u00e9lave pas, ni en machine, ni au fil des utilisations. Un confort absolu que ce soit pour faire du sport, ou \u00a0jouer avec ses amis.","og_url":"https:\/\/studiopixels.net\/en\/product\/leggings-pour-enfant-aurore-boreal\/","og_site_name":"Studio Pixels","article_publisher":"https:\/\/www.facebook.com\/Studiopixelsart","article_modified_time":"2023-04-02T18:48:35+00:00","og_image":[{"width":1120,"height":1000,"url":"https:\/\/studiopixels.net\/wp-content\/uploads\/2019\/11\/aurore-front.png","type":"image\/png"}],"twitter_card":"summary_large_image","twitter_misc":{"Est. reading time":"1 minute"},"schema":{"@context":"https:\/\/schema.org","@graph":[{"@type":"WebPage","@id":"https:\/\/studiopixels.net\/produit\/leggings-pour-enfant-aurore-boreal\/","url":"https:\/\/studiopixels.net\/produit\/leggings-pour-enfant-aurore-boreal\/","name":"Leggings pour enfant 'Aurore Bor\u00e9al' - Studio Pixels","isPartOf":{"@id":"https:\/\/studiopixels.net\/#website"},"primaryImageOfPage":{"@id":"https:\/\/studiopixels.net\/produit\/leggings-pour-enfant-aurore-boreal\/#primaryimage"},"image":{"@id":"https:\/\/studiopixels.net\/produit\/leggings-pour-enfant-aurore-boreal\/#primaryimage"},"thumbnailUrl":"https:\/\/studiopixels.net\/wp-content\/uploads\/2019\/11\/aurore-front.png","datePublished":"2019-11-20T18:48:16+00:00","dateModified":"2023-04-02T18:48:35+00:00","breadcrumb":{"@id":"https:\/\/studiopixels.net\/produit\/leggings-pour-enfant-aurore-boreal\/#breadcrumb"},"inLanguage":"en-CA","potentialAction":[{"@type":"ReadAction","target":["https:\/\/studiopixels.net\/produit\/leggings-pour-enfant-aurore-boreal\/"]}]},{"@type":"ImageObject","inLanguage":"en-CA","@id":"https:\/\/studiopixels.net\/produit\/leggings-pour-enfant-aurore-boreal\/#primaryimage","url":"https:\/\/studiopixels.net\/wp-content\/uploads\/2019\/11\/aurore-front.png","contentUrl":"https:\/\/studiopixels.net\/wp-content\/uploads\/2019\/11\/aurore-front.png","width":1120,"height":1000},{"@type":"BreadcrumbList","@id":"https:\/\/studiopixels.net\/produit\/leggings-pour-enfant-aurore-boreal\/#breadcrumb","itemListElement":[{"@type":"ListItem","position":1,"name":"Accueil","item":"https:\/\/studiopixels.net\/"},{"@type":"ListItem","position":2,"name":"Boutique","item":"https:\/\/studiopixels.net\/boutique\/"},{"@type":"ListItem","position":3,"name":"Leggings pour enfant &lsquo;Aurore Bor\u00e9al&rsquo;"}]},{"@type":"WebSite","@id":"https:\/\/studiopixels.net\/#website","url":"https:\/\/studiopixels.net\/","name":"Studio Pixels","description":"","publisher":{"@id":"https:\/\/studiopixels.net\/#organization"},"potentialAction":[{"@type":"SearchAction","target":{"@type":"EntryPoint","urlTemplate":"https:\/\/studiopixels.net\/?s={search_term_string}"},"query-input":{"@type":"PropertyValueSpecification","valueRequired":true,"valueName":"search_term_string"}}],"inLanguage":"en-CA"},{"@type":"Organization","@id":"https:\/\/studiopixels.net\/#organization","name":"Studio Pixels","url":"https:\/\/studiopixels.net\/","logo":{"@type":"ImageObject","inLanguage":"en-CA","@id":"https:\/\/studiopixels.net\/#\/schema\/logo\/image\/","url":"https:\/\/studiopixels.net\/wp-content\/uploads\/2020\/04\/cropped-Autocollant-pixels-2.jpg","contentUrl":"https:\/\/studiopixels.net\/wp-content\/uploads\/2020\/04\/cropped-Autocollant-pixels-2.jpg","width":666,"height":666,"caption":"Studio Pixels"},"image":{"@id":"https:\/\/studiopixels.net\/#\/schema\/logo\/image\/"},"sameAs":["https:\/\/www.facebook.com\/Studiopixelsart"]}]}},"uagb_featured_image_src":{"full":["https:\/\/studiopixels.net\/wp-content\/uploads\/2019\/11\/aurore-front.png",1120,1000,false],"thumbnail":["https:\/\/studiopixels.net\/wp-content\/uploads\/2019\/11\/aurore-front-150x150.png",150,150,true],"medium":["https:\/\/studiopixels.net\/wp-content\/uploads\/2019\/11\/aurore-front-300x268.png",300,268,true],"medium_large":["https:\/\/studiopixels.net\/wp-content\/uploads\/2019\/11\/aurore-front-768x686.png",768,686,true],"large":["https:\/\/studiopixels.net\/wp-content\/uploads\/2019\/11\/aurore-front-1024x914.png",1024,914,true],"1536x1536":["https:\/\/studiopixels.net\/wp-content\/uploads\/2019\/11\/aurore-front.png",1120,1000,false],"2048x2048":["https:\/\/studiopixels.net\/wp-content\/uploads\/2019\/11\/aurore-front.png",1120,1000,false],"trp-custom-language-flag":["https:\/\/studiopixels.net\/wp-content\/uploads\/2019\/11\/aurore-front.png",13,12,false],"woocommerce_thumbnail":["https:\/\/studiopixels.net\/wp-content\/uploads\/2019\/11\/aurore-front-300x300.png",300,300,true],"woocommerce_single":["https:\/\/studiopixels.net\/wp-content\/uploads\/2019\/11\/aurore-front-600x536.png",600,536,true],"woocommerce_gallery_thumbnail":["https:\/\/studiopixels.net\/wp-content\/uploads\/2019\/11\/aurore-front-100x100.png",100,100,true],"shop_catalog":["https:\/\/studiopixels.net\/wp-content\/uploads\/2019\/11\/aurore-front-300x300.png",300,300,true],"shop_single":["https:\/\/studiopixels.net\/wp-content\/uploads\/2019\/11\/aurore-front-600x536.png",600,536,true],"shop_thumbnail":["https:\/\/studiopixels.net\/wp-content\/uploads\/2019\/11\/aurore-front-100x100.png",100,100,true]},"uagb_author_info":{"display_name":"admin","author_link":"https:\/\/studiopixels.net\/en\/author\/"},"uagb_comment_info":0,"uagb_excerpt":"Fabriqu\u00e9 et produit au Qu\u00e9bec Faits avec notre tissu signature, fait \u00e0 88% d\u2019EcoPoly et 12% d\u2019\u00e9lasthanne, fabriqu\u00e9 \u00e0 Montr\u00e9al Fabriqu\u00e9 avec beaucoup moins d'eau que les autres proc\u00e9d\u00e9s de production de polyester. Toutes nos paires de Legging enfants sont imprim\u00e9es et cousues \u00e0 Montr\u00e9al, Canada. Le tissu que nous utilisons a \u00e9t\u00e9 d\u00e9velopp\u00e9 sp\u00e9cialement&hellip;","_links":{"self":[{"href":"https:\/\/studiopixels.net\/en\/wp-json\/wp\/v2\/product\/347","targetHints":{"allow":["GET"]}}],"collection":[{"href":"https:\/\/studiopixels.net\/en\/wp-json\/wp\/v2\/product"}],"about":[{"href":"https:\/\/studiopixels.net\/en\/wp-json\/wp\/v2\/types\/product"}],"replies":[{"embeddable":true,"href":"https:\/\/studiopixels.net\/en\/wp-json\/wp\/v2\/comments?post=347"}],"version-history":[{"count":1,"href":"https:\/\/studiopixels.net\/en\/wp-json\/wp\/v2\/product\/347\/revisions"}],"predecessor-version":[{"id":2782,"href":"https:\/\/studiopixels.net\/en\/wp-json\/wp\/v2\/product\/347\/revisions\/2782"}],"wp:featuredmedia":[{"embeddable":true,"href":"https:\/\/studiopixels.net\/en\/wp-json\/wp\/v2\/media\/380"}],"wp:attachment":[{"href":"https:\/\/studiopixels.net\/en\/wp-json\/wp\/v2\/media?parent=347"}],"curies":[{"name":"wp","href":"https:\/\/api.w.org\/{rel}","templated":true}]}}