{"id":363,"date":"2019-11-20T19:48:44","date_gmt":"2019-11-20T18:48:44","guid":{"rendered":"http:\/\/localhost\/studiopixels\/index.php\/product\/import-placeholder-for-35060\/"},"modified":"2022-02-18T11:14:11","modified_gmt":"2022-02-18T16:14:11","slug":"livre-tdha-serie-tdah","status":"publish","type":"product","link":"https:\/\/studiopixels.net\/en\/product\/livre-tdha-serie-tdah\/","title":{"rendered":"Livre \u00ab\u00a0TDHA\u00a0\u00bb S\u00e9rie TDAH"},"content":{"rendered":"<p>Fabriqu\u00e9 et produit au Qu\u00e9bec<br \/>\nNous savons qu\u2019il existe des tas de carnets dans le monde, alors le n\u00f4tre se devait d\u2019\u00eatre exceptionnel! De notre papier blanc cr\u00e8me riche, 70lb, 48 pages et sans acides, \u00e0 notre couverture lamin\u00e9e en velours ultra mat r\u00e9sistant aux \u00e9gratignures, et \u00e0 nos gammes de couleur compl\u00e8tes, nous avons mis beaucoup d\u2019amour dans ce carnet, afin que vous transformiez ses pages blanches en une v\u00e9ritable source d\u2019inspiration.<\/p>","protected":false},"excerpt":{"rendered":"<p>Fabriqu\u00e9 et produit au Qu\u00e9bec<br \/>\nNous savons qu\u2019il existe des tas de carnets dans le monde, alors le n\u00f4tre se devait d\u2019\u00eatre exceptionnel! De notre papier blanc cr\u00e8me riche, 70lb, 48 pages et sans acides, \u00e0 notre couverture lamin\u00e9e en velours ultra mat r\u00e9sistant aux \u00e9gratignures, et \u00e0 nos gammes de couleur compl\u00e8tes, nous avons mis beaucoup d\u2019amour dans ce carnet, afin que vous transformiez ses pages blanches en une v\u00e9ritable source d\u2019inspiration.<\/p>","protected":false},"featured_media":388,"comment_status":"open","ping_status":"closed","template":"","meta":{"_uag_custom_page_level_css":""},"class_list":{"0":"post-363","1":"product","2":"type-product","3":"status-publish","4":"has-post-thumbnail","6":"product_cat-livres-et-carnets","7":"product_shipping_class-free-shipping","9":"first","10":"instock","11":"taxable","12":"shipping-taxable","13":"purchasable","14":"product-type-variable"},"yoast_head":"<!-- This site is optimized with the Yoast SEO plugin v26.4 - https:\/\/yoast.com\/wordpress\/plugins\/seo\/ -->\n<title>Livre &quot;TDHA&quot; S\u00e9rie TDAH - Studio Pixels<\/title>\n<meta name=\"robots\" content=\"index, follow, max-snippet:-1, max-image-preview:large, max-video-preview:-1\" \/>\n<link rel=\"canonical\" href=\"https:\/\/studiopixels.net\/en\/product\/livre-tdha-serie-tdah\/\" \/>\n<meta property=\"og:locale\" content=\"en_US\" \/>\n<meta property=\"og:type\" content=\"article\" \/>\n<meta property=\"og:title\" content=\"Livre &quot;TDHA&quot; S\u00e9rie TDAH - Studio Pixels\" \/>\n<meta property=\"og:description\" content=\"Fabriqu\u00e9 et produit au Qu\u00e9bec Nous savons qu\u2019il existe des tas de carnets dans le monde, alors le n\u00f4tre se devait d\u2019\u00eatre exceptionnel! De notre papier blanc cr\u00e8me riche, 70lb, 48 pages et sans acides, \u00e0 notre couverture lamin\u00e9e en velours ultra mat r\u00e9sistant aux \u00e9gratignures, et \u00e0 nos gammes de couleur compl\u00e8tes, nous avons mis beaucoup d\u2019amour dans ce carnet, afin que vous transformiez ses pages blanches en une v\u00e9ritable source d\u2019inspiration.\" \/>\n<meta property=\"og:url\" content=\"https:\/\/studiopixels.net\/en\/product\/livre-tdha-serie-tdah\/\" \/>\n<meta property=\"og:site_name\" content=\"Studio Pixels\" \/>\n<meta property=\"article:publisher\" content=\"https:\/\/www.facebook.com\/Studiopixelsart\" \/>\n<meta property=\"article:modified_time\" content=\"2022-02-18T16:14:11+00:00\" \/>\n<meta property=\"og:image\" content=\"https:\/\/studiopixels.net\/wp-content\/uploads\/2019\/11\/tdah_front.png\" \/>\n\t<meta property=\"og:image:width\" content=\"1120\" \/>\n\t<meta property=\"og:image:height\" content=\"1000\" \/>\n\t<meta property=\"og:image:type\" content=\"image\/png\" \/>\n<meta name=\"twitter:card\" content=\"summary_large_image\" \/>\n<script type=\"application\/ld+json\" class=\"yoast-schema-graph\">{\"@context\":\"https:\/\/schema.org\",\"@graph\":[{\"@type\":\"WebPage\",\"@id\":\"https:\/\/studiopixels.net\/produit\/livre-tdha-serie-tdah\/\",\"url\":\"https:\/\/studiopixels.net\/produit\/livre-tdha-serie-tdah\/\",\"name\":\"Livre \\\"TDHA\\\" S\u00e9rie TDAH - Studio Pixels\",\"isPartOf\":{\"@id\":\"https:\/\/studiopixels.net\/#website\"},\"primaryImageOfPage\":{\"@id\":\"https:\/\/studiopixels.net\/produit\/livre-tdha-serie-tdah\/#primaryimage\"},\"image\":{\"@id\":\"https:\/\/studiopixels.net\/produit\/livre-tdha-serie-tdah\/#primaryimage\"},\"thumbnailUrl\":\"https:\/\/studiopixels.net\/wp-content\/uploads\/2019\/11\/tdah_front.png\",\"datePublished\":\"2019-11-20T18:48:44+00:00\",\"dateModified\":\"2022-02-18T16:14:11+00:00\",\"breadcrumb\":{\"@id\":\"https:\/\/studiopixels.net\/produit\/livre-tdha-serie-tdah\/#breadcrumb\"},\"inLanguage\":\"en-CA\",\"potentialAction\":[{\"@type\":\"ReadAction\",\"target\":[\"https:\/\/studiopixels.net\/produit\/livre-tdha-serie-tdah\/\"]}]},{\"@type\":\"ImageObject\",\"inLanguage\":\"en-CA\",\"@id\":\"https:\/\/studiopixels.net\/produit\/livre-tdha-serie-tdah\/#primaryimage\",\"url\":\"https:\/\/studiopixels.net\/wp-content\/uploads\/2019\/11\/tdah_front.png\",\"contentUrl\":\"https:\/\/studiopixels.net\/wp-content\/uploads\/2019\/11\/tdah_front.png\",\"width\":1120,\"height\":1000},{\"@type\":\"BreadcrumbList\",\"@id\":\"https:\/\/studiopixels.net\/produit\/livre-tdha-serie-tdah\/#breadcrumb\",\"itemListElement\":[{\"@type\":\"ListItem\",\"position\":1,\"name\":\"Accueil\",\"item\":\"https:\/\/studiopixels.net\/\"},{\"@type\":\"ListItem\",\"position\":2,\"name\":\"Boutique\",\"item\":\"https:\/\/studiopixels.net\/boutique\/\"},{\"@type\":\"ListItem\",\"position\":3,\"name\":\"Livre \u00ab\u00a0TDHA\u00a0\u00bb S\u00e9rie TDAH\"}]},{\"@type\":\"WebSite\",\"@id\":\"https:\/\/studiopixels.net\/#website\",\"url\":\"https:\/\/studiopixels.net\/\",\"name\":\"Studio Pixels\",\"description\":\"\",\"publisher\":{\"@id\":\"https:\/\/studiopixels.net\/#organization\"},\"potentialAction\":[{\"@type\":\"SearchAction\",\"target\":{\"@type\":\"EntryPoint\",\"urlTemplate\":\"https:\/\/studiopixels.net\/?s={search_term_string}\"},\"query-input\":{\"@type\":\"PropertyValueSpecification\",\"valueRequired\":true,\"valueName\":\"search_term_string\"}}],\"inLanguage\":\"en-CA\"},{\"@type\":\"Organization\",\"@id\":\"https:\/\/studiopixels.net\/#organization\",\"name\":\"Studio Pixels\",\"url\":\"https:\/\/studiopixels.net\/\",\"logo\":{\"@type\":\"ImageObject\",\"inLanguage\":\"en-CA\",\"@id\":\"https:\/\/studiopixels.net\/#\/schema\/logo\/image\/\",\"url\":\"https:\/\/studiopixels.net\/wp-content\/uploads\/2020\/04\/cropped-Autocollant-pixels-2.jpg\",\"contentUrl\":\"https:\/\/studiopixels.net\/wp-content\/uploads\/2020\/04\/cropped-Autocollant-pixels-2.jpg\",\"width\":666,\"height\":666,\"caption\":\"Studio Pixels\"},\"image\":{\"@id\":\"https:\/\/studiopixels.net\/#\/schema\/logo\/image\/\"},\"sameAs\":[\"https:\/\/www.facebook.com\/Studiopixelsart\"]}]}<\/script>\n<!-- \/ Yoast SEO plugin. -->","yoast_head_json":{"title":"Livre \"TDHA\" S\u00e9rie TDAH - Studio Pixels","robots":{"index":"index","follow":"follow","max-snippet":"max-snippet:-1","max-image-preview":"max-image-preview:large","max-video-preview":"max-video-preview:-1"},"canonical":"https:\/\/studiopixels.net\/en\/product\/livre-tdha-serie-tdah\/","og_locale":"en_US","og_type":"article","og_title":"Livre \"TDHA\" S\u00e9rie TDAH - Studio Pixels","og_description":"Fabriqu\u00e9 et produit au Qu\u00e9bec Nous savons qu\u2019il existe des tas de carnets dans le monde, alors le n\u00f4tre se devait d\u2019\u00eatre exceptionnel! De notre papier blanc cr\u00e8me riche, 70lb, 48 pages et sans acides, \u00e0 notre couverture lamin\u00e9e en velours ultra mat r\u00e9sistant aux \u00e9gratignures, et \u00e0 nos gammes de couleur compl\u00e8tes, nous avons mis beaucoup d\u2019amour dans ce carnet, afin que vous transformiez ses pages blanches en une v\u00e9ritable source d\u2019inspiration.","og_url":"https:\/\/studiopixels.net\/en\/product\/livre-tdha-serie-tdah\/","og_site_name":"Studio Pixels","article_publisher":"https:\/\/www.facebook.com\/Studiopixelsart","article_modified_time":"2022-02-18T16:14:11+00:00","og_image":[{"width":1120,"height":1000,"url":"https:\/\/studiopixels.net\/wp-content\/uploads\/2019\/11\/tdah_front.png","type":"image\/png"}],"twitter_card":"summary_large_image","schema":{"@context":"https:\/\/schema.org","@graph":[{"@type":"WebPage","@id":"https:\/\/studiopixels.net\/produit\/livre-tdha-serie-tdah\/","url":"https:\/\/studiopixels.net\/produit\/livre-tdha-serie-tdah\/","name":"Livre \"TDHA\" S\u00e9rie TDAH - Studio Pixels","isPartOf":{"@id":"https:\/\/studiopixels.net\/#website"},"primaryImageOfPage":{"@id":"https:\/\/studiopixels.net\/produit\/livre-tdha-serie-tdah\/#primaryimage"},"image":{"@id":"https:\/\/studiopixels.net\/produit\/livre-tdha-serie-tdah\/#primaryimage"},"thumbnailUrl":"https:\/\/studiopixels.net\/wp-content\/uploads\/2019\/11\/tdah_front.png","datePublished":"2019-11-20T18:48:44+00:00","dateModified":"2022-02-18T16:14:11+00:00","breadcrumb":{"@id":"https:\/\/studiopixels.net\/produit\/livre-tdha-serie-tdah\/#breadcrumb"},"inLanguage":"en-CA","potentialAction":[{"@type":"ReadAction","target":["https:\/\/studiopixels.net\/produit\/livre-tdha-serie-tdah\/"]}]},{"@type":"ImageObject","inLanguage":"en-CA","@id":"https:\/\/studiopixels.net\/produit\/livre-tdha-serie-tdah\/#primaryimage","url":"https:\/\/studiopixels.net\/wp-content\/uploads\/2019\/11\/tdah_front.png","contentUrl":"https:\/\/studiopixels.net\/wp-content\/uploads\/2019\/11\/tdah_front.png","width":1120,"height":1000},{"@type":"BreadcrumbList","@id":"https:\/\/studiopixels.net\/produit\/livre-tdha-serie-tdah\/#breadcrumb","itemListElement":[{"@type":"ListItem","position":1,"name":"Accueil","item":"https:\/\/studiopixels.net\/"},{"@type":"ListItem","position":2,"name":"Boutique","item":"https:\/\/studiopixels.net\/boutique\/"},{"@type":"ListItem","position":3,"name":"Livre \u00ab\u00a0TDHA\u00a0\u00bb S\u00e9rie TDAH"}]},{"@type":"WebSite","@id":"https:\/\/studiopixels.net\/#website","url":"https:\/\/studiopixels.net\/","name":"Studio Pixels","description":"","publisher":{"@id":"https:\/\/studiopixels.net\/#organization"},"potentialAction":[{"@type":"SearchAction","target":{"@type":"EntryPoint","urlTemplate":"https:\/\/studiopixels.net\/?s={search_term_string}"},"query-input":{"@type":"PropertyValueSpecification","valueRequired":true,"valueName":"search_term_string"}}],"inLanguage":"en-CA"},{"@type":"Organization","@id":"https:\/\/studiopixels.net\/#organization","name":"Studio Pixels","url":"https:\/\/studiopixels.net\/","logo":{"@type":"ImageObject","inLanguage":"en-CA","@id":"https:\/\/studiopixels.net\/#\/schema\/logo\/image\/","url":"https:\/\/studiopixels.net\/wp-content\/uploads\/2020\/04\/cropped-Autocollant-pixels-2.jpg","contentUrl":"https:\/\/studiopixels.net\/wp-content\/uploads\/2020\/04\/cropped-Autocollant-pixels-2.jpg","width":666,"height":666,"caption":"Studio Pixels"},"image":{"@id":"https:\/\/studiopixels.net\/#\/schema\/logo\/image\/"},"sameAs":["https:\/\/www.facebook.com\/Studiopixelsart"]}]}},"uagb_featured_image_src":{"full":["https:\/\/studiopixels.net\/wp-content\/uploads\/2019\/11\/tdah_front.png",1120,1000,false],"thumbnail":["https:\/\/studiopixels.net\/wp-content\/uploads\/2019\/11\/tdah_front-150x150.png",150,150,true],"medium":["https:\/\/studiopixels.net\/wp-content\/uploads\/2019\/11\/tdah_front-300x268.png",300,268,true],"medium_large":["https:\/\/studiopixels.net\/wp-content\/uploads\/2019\/11\/tdah_front-768x686.png",768,686,true],"large":["https:\/\/studiopixels.net\/wp-content\/uploads\/2019\/11\/tdah_front-1024x914.png",1024,914,true],"1536x1536":["https:\/\/studiopixels.net\/wp-content\/uploads\/2019\/11\/tdah_front.png",1120,1000,false],"2048x2048":["https:\/\/studiopixels.net\/wp-content\/uploads\/2019\/11\/tdah_front.png",1120,1000,false],"trp-custom-language-flag":["https:\/\/studiopixels.net\/wp-content\/uploads\/2019\/11\/tdah_front.png",13,12,false],"woocommerce_thumbnail":["https:\/\/studiopixels.net\/wp-content\/uploads\/2019\/11\/tdah_front-300x300.png",300,300,true],"woocommerce_single":["https:\/\/studiopixels.net\/wp-content\/uploads\/2019\/11\/tdah_front-600x536.png",600,536,true],"woocommerce_gallery_thumbnail":["https:\/\/studiopixels.net\/wp-content\/uploads\/2019\/11\/tdah_front-100x100.png",100,100,true],"shop_catalog":["https:\/\/studiopixels.net\/wp-content\/uploads\/2019\/11\/tdah_front-300x300.png",300,300,true],"shop_single":["https:\/\/studiopixels.net\/wp-content\/uploads\/2019\/11\/tdah_front-600x536.png",600,536,true],"shop_thumbnail":["https:\/\/studiopixels.net\/wp-content\/uploads\/2019\/11\/tdah_front-100x100.png",100,100,true]},"uagb_author_info":{"display_name":"admin","author_link":"https:\/\/studiopixels.net\/en\/author\/"},"uagb_comment_info":0,"uagb_excerpt":"Fabriqu\u00e9 et produit au Qu\u00e9bec Nous savons qu\u2019il existe des tas de carnets dans le monde, alors le n\u00f4tre se devait d\u2019\u00eatre exceptionnel! De notre papier blanc cr\u00e8me riche, 70lb, 48 pages et sans acides, \u00e0 notre couverture lamin\u00e9e en velours ultra mat r\u00e9sistant aux \u00e9gratignures, et \u00e0 nos gammes de couleur compl\u00e8tes, nous avons&hellip;","_links":{"self":[{"href":"https:\/\/studiopixels.net\/en\/wp-json\/wp\/v2\/product\/363","targetHints":{"allow":["GET"]}}],"collection":[{"href":"https:\/\/studiopixels.net\/en\/wp-json\/wp\/v2\/product"}],"about":[{"href":"https:\/\/studiopixels.net\/en\/wp-json\/wp\/v2\/types\/product"}],"replies":[{"embeddable":true,"href":"https:\/\/studiopixels.net\/en\/wp-json\/wp\/v2\/comments?post=363"}],"version-history":[{"count":1,"href":"https:\/\/studiopixels.net\/en\/wp-json\/wp\/v2\/product\/363\/revisions"}],"predecessor-version":[{"id":2779,"href":"https:\/\/studiopixels.net\/en\/wp-json\/wp\/v2\/product\/363\/revisions\/2779"}],"wp:featuredmedia":[{"embeddable":true,"href":"https:\/\/studiopixels.net\/en\/wp-json\/wp\/v2\/media\/388"}],"wp:attachment":[{"href":"https:\/\/studiopixels.net\/en\/wp-json\/wp\/v2\/media?parent=363"}],"curies":[{"name":"wp","href":"https:\/\/api.w.org\/{rel}","templated":true}]}}