{"id":3768,"date":"2021-03-29T14:37:18","date_gmt":"2021-03-29T18:37:18","guid":{"rendered":"https:\/\/studiopixels.net\/?post_type=product&#038;p=3768"},"modified":"2021-07-07T16:43:11","modified_gmt":"2021-07-07T20:43:11","slug":"la-danse-des-profondeurs-2021-reproduction","status":"publish","type":"product","link":"https:\/\/studiopixels.net\/en\/product\/la-danse-des-profondeurs-2021-reproduction\/","title":{"rendered":"\u00abLa danse des profondeurs\u00bb 2021 (Reproduction Limit\u00e9es)"},"content":{"rendered":"<p>Artiste : Pixels<br \/>\nAnn\u00e9e : 2021<br \/>\nGrandeur (L x H) : 18 x 12 OU 30 x 24 pouces<br \/>\nPapier: Fine ARt Hahnem\u00fcehle<br \/>\nIl produit des impressions FineArt impressionnantes avec des couleurs vives, des noirs profonds.<\/p>\n<p>Chaque impression limit\u00e9e \u00e0 25 est sign\u00e9e.<br \/>\nToutes les impressions sont exp\u00e9di\u00e9es sans encadrement.<\/p>\n<p>Caract\u00e9ristiques :<br \/>\n310 g\/m2<br \/>\nISO9706 qualit\u00e9 mus\u00e9ale<br \/>\nSans acide<br \/>\nSans lignine<br \/>\nLivraison partout dans le monde.<\/p>\n<p>Oeuvre originale : Disponible<\/p>","protected":false},"excerpt":{"rendered":"<p>Artiste : Pixels<br \/>\nAnn\u00e9e : 2021<br \/>\nGrandeur (L x H) : 18 x 12 OU 30 x 24 pouces<br \/>\nPapier: Fine ARt Hahnem\u00fcehle<br \/>\nIl produit des impressions FineArt impressionnantes avec des couleurs vives, des noirs profonds.<\/p>\n<p>Chaque impression limit\u00e9e \u00e0 25 est sign\u00e9e.<br \/>\nToutes les impressions sont exp\u00e9di\u00e9es sans encadrement.<\/p>\n<p>Caract\u00e9ristiques :<br \/>\n310 g\/m2<br \/>\nISO9706 qualit\u00e9 mus\u00e9ale<br \/>\nSans acide<br \/>\nSans lignine<br \/>\nLivraison partout dans le monde.<\/p>\n<p>Oeuvre originale : Disponible<\/p>","protected":false},"featured_media":3541,"comment_status":"open","ping_status":"closed","template":"","meta":{"_uag_custom_page_level_css":""},"class_list":{"0":"post-3768","1":"product","2":"type-product","3":"status-publish","4":"has-post-thumbnail","6":"product_cat-art-prints-reproductions","8":"first","9":"instock","10":"taxable","11":"shipping-taxable","12":"purchasable","13":"product-type-variable"},"yoast_head":"<!-- This site is optimized with the Yoast SEO plugin v26.4 - https:\/\/yoast.com\/wordpress\/plugins\/seo\/ -->\n<title>\u00abLa danse des profondeurs\u00bb 2021 (Reproduction Limit\u00e9es) - Studio Pixels<\/title>\n<meta name=\"robots\" content=\"index, follow, max-snippet:-1, max-image-preview:large, max-video-preview:-1\" \/>\n<link rel=\"canonical\" href=\"https:\/\/studiopixels.net\/en\/product\/la-danse-des-profondeurs-2021-reproduction\/\" \/>\n<meta property=\"og:locale\" content=\"en_US\" \/>\n<meta property=\"og:type\" content=\"article\" \/>\n<meta property=\"og:title\" content=\"\u00abLa danse des profondeurs\u00bb 2021 (Reproduction Limit\u00e9es) - Studio Pixels\" \/>\n<meta property=\"og:description\" content=\"Artiste : Pixels Ann\u00e9e : 2021 Grandeur (L x H) : 18 x 12 OU 30 x 24 pouces Papier: Fine ARt Hahnem\u00fcehle Il produit des impressions FineArt impressionnantes avec des couleurs vives, des noirs profonds.  Chaque impression limit\u00e9e \u00e0 25 est sign\u00e9e. Toutes les impressions sont exp\u00e9di\u00e9es sans encadrement.  Caract\u00e9ristiques : 310 g\/m2 ISO9706 qualit\u00e9 mus\u00e9ale Sans acide Sans lignine Livraison partout dans le monde.  Oeuvre originale : Disponible\" \/>\n<meta property=\"og:url\" content=\"https:\/\/studiopixels.net\/en\/product\/la-danse-des-profondeurs-2021-reproduction\/\" \/>\n<meta property=\"og:site_name\" content=\"Studio Pixels\" \/>\n<meta property=\"article:publisher\" content=\"https:\/\/www.facebook.com\/Studiopixelsart\" \/>\n<meta property=\"article:modified_time\" content=\"2021-07-07T20:43:11+00:00\" \/>\n<meta property=\"og:image\" content=\"https:\/\/studiopixels.net\/wp-content\/uploads\/2021\/01\/la-danse-des-profondeurs_low.jpg\" \/>\n\t<meta property=\"og:image:width\" content=\"720\" \/>\n\t<meta property=\"og:image:height\" content=\"551\" \/>\n\t<meta property=\"og:image:type\" content=\"image\/jpeg\" \/>\n<meta name=\"twitter:card\" content=\"summary_large_image\" \/>\n<script type=\"application\/ld+json\" class=\"yoast-schema-graph\">{\"@context\":\"https:\/\/schema.org\",\"@graph\":[{\"@type\":\"WebPage\",\"@id\":\"https:\/\/studiopixels.net\/produit\/la-danse-des-profondeurs-2021-reproduction\/\",\"url\":\"https:\/\/studiopixels.net\/produit\/la-danse-des-profondeurs-2021-reproduction\/\",\"name\":\"\u00abLa danse des profondeurs\u00bb 2021 (Reproduction Limit\u00e9es) - Studio Pixels\",\"isPartOf\":{\"@id\":\"https:\/\/studiopixels.net\/#website\"},\"primaryImageOfPage\":{\"@id\":\"https:\/\/studiopixels.net\/produit\/la-danse-des-profondeurs-2021-reproduction\/#primaryimage\"},\"image\":{\"@id\":\"https:\/\/studiopixels.net\/produit\/la-danse-des-profondeurs-2021-reproduction\/#primaryimage\"},\"thumbnailUrl\":\"https:\/\/studiopixels.net\/wp-content\/uploads\/2021\/01\/la-danse-des-profondeurs_low.jpg\",\"datePublished\":\"2021-03-29T18:37:18+00:00\",\"dateModified\":\"2021-07-07T20:43:11+00:00\",\"breadcrumb\":{\"@id\":\"https:\/\/studiopixels.net\/produit\/la-danse-des-profondeurs-2021-reproduction\/#breadcrumb\"},\"inLanguage\":\"en-CA\",\"potentialAction\":[{\"@type\":\"ReadAction\",\"target\":[\"https:\/\/studiopixels.net\/produit\/la-danse-des-profondeurs-2021-reproduction\/\"]}]},{\"@type\":\"ImageObject\",\"inLanguage\":\"en-CA\",\"@id\":\"https:\/\/studiopixels.net\/produit\/la-danse-des-profondeurs-2021-reproduction\/#primaryimage\",\"url\":\"https:\/\/studiopixels.net\/wp-content\/uploads\/2021\/01\/la-danse-des-profondeurs_low.jpg\",\"contentUrl\":\"https:\/\/studiopixels.net\/wp-content\/uploads\/2021\/01\/la-danse-des-profondeurs_low.jpg\",\"width\":720,\"height\":551,\"caption\":\"\u00abExprimez votre v\u00e9rit\u00e9\u00bb 2021 20 \u201cx 13\u201c Encre \u00e0 l\u2019alcool et acrylique sur papier yupo 80 livres \u00e0 faire encadrer\"},{\"@type\":\"BreadcrumbList\",\"@id\":\"https:\/\/studiopixels.net\/produit\/la-danse-des-profondeurs-2021-reproduction\/#breadcrumb\",\"itemListElement\":[{\"@type\":\"ListItem\",\"position\":1,\"name\":\"Accueil\",\"item\":\"https:\/\/studiopixels.net\/\"},{\"@type\":\"ListItem\",\"position\":2,\"name\":\"Boutique\",\"item\":\"https:\/\/studiopixels.net\/boutique\/\"},{\"@type\":\"ListItem\",\"position\":3,\"name\":\"\u00abLa danse des profondeurs\u00bb 2021 (Reproduction Limit\u00e9es)\"}]},{\"@type\":\"WebSite\",\"@id\":\"https:\/\/studiopixels.net\/#website\",\"url\":\"https:\/\/studiopixels.net\/\",\"name\":\"Studio Pixels\",\"description\":\"\",\"publisher\":{\"@id\":\"https:\/\/studiopixels.net\/#organization\"},\"potentialAction\":[{\"@type\":\"SearchAction\",\"target\":{\"@type\":\"EntryPoint\",\"urlTemplate\":\"https:\/\/studiopixels.net\/?s={search_term_string}\"},\"query-input\":{\"@type\":\"PropertyValueSpecification\",\"valueRequired\":true,\"valueName\":\"search_term_string\"}}],\"inLanguage\":\"en-CA\"},{\"@type\":\"Organization\",\"@id\":\"https:\/\/studiopixels.net\/#organization\",\"name\":\"Studio Pixels\",\"url\":\"https:\/\/studiopixels.net\/\",\"logo\":{\"@type\":\"ImageObject\",\"inLanguage\":\"en-CA\",\"@id\":\"https:\/\/studiopixels.net\/#\/schema\/logo\/image\/\",\"url\":\"https:\/\/studiopixels.net\/wp-content\/uploads\/2020\/04\/cropped-Autocollant-pixels-2.jpg\",\"contentUrl\":\"https:\/\/studiopixels.net\/wp-content\/uploads\/2020\/04\/cropped-Autocollant-pixels-2.jpg\",\"width\":666,\"height\":666,\"caption\":\"Studio Pixels\"},\"image\":{\"@id\":\"https:\/\/studiopixels.net\/#\/schema\/logo\/image\/\"},\"sameAs\":[\"https:\/\/www.facebook.com\/Studiopixelsart\"]}]}<\/script>\n<!-- \/ Yoast SEO plugin. -->","yoast_head_json":{"title":"\u00abLa danse des profondeurs\u00bb 2021 (Reproduction Limit\u00e9es) - Studio Pixels","robots":{"index":"index","follow":"follow","max-snippet":"max-snippet:-1","max-image-preview":"max-image-preview:large","max-video-preview":"max-video-preview:-1"},"canonical":"https:\/\/studiopixels.net\/en\/product\/la-danse-des-profondeurs-2021-reproduction\/","og_locale":"en_US","og_type":"article","og_title":"\u00abLa danse des profondeurs\u00bb 2021 (Reproduction Limit\u00e9es) - Studio Pixels","og_description":"Artiste : Pixels Ann\u00e9e : 2021 Grandeur (L x H) : 18 x 12 OU 30 x 24 pouces Papier: Fine ARt Hahnem\u00fcehle Il produit des impressions FineArt impressionnantes avec des couleurs vives, des noirs profonds.  Chaque impression limit\u00e9e \u00e0 25 est sign\u00e9e. Toutes les impressions sont exp\u00e9di\u00e9es sans encadrement.  Caract\u00e9ristiques : 310 g\/m2 ISO9706 qualit\u00e9 mus\u00e9ale Sans acide Sans lignine Livraison partout dans le monde.  Oeuvre originale : Disponible","og_url":"https:\/\/studiopixels.net\/en\/product\/la-danse-des-profondeurs-2021-reproduction\/","og_site_name":"Studio Pixels","article_publisher":"https:\/\/www.facebook.com\/Studiopixelsart","article_modified_time":"2021-07-07T20:43:11+00:00","og_image":[{"width":720,"height":551,"url":"https:\/\/studiopixels.net\/wp-content\/uploads\/2021\/01\/la-danse-des-profondeurs_low.jpg","type":"image\/jpeg"}],"twitter_card":"summary_large_image","schema":{"@context":"https:\/\/schema.org","@graph":[{"@type":"WebPage","@id":"https:\/\/studiopixels.net\/produit\/la-danse-des-profondeurs-2021-reproduction\/","url":"https:\/\/studiopixels.net\/produit\/la-danse-des-profondeurs-2021-reproduction\/","name":"\u00abLa danse des profondeurs\u00bb 2021 (Reproduction Limit\u00e9es) - Studio Pixels","isPartOf":{"@id":"https:\/\/studiopixels.net\/#website"},"primaryImageOfPage":{"@id":"https:\/\/studiopixels.net\/produit\/la-danse-des-profondeurs-2021-reproduction\/#primaryimage"},"image":{"@id":"https:\/\/studiopixels.net\/produit\/la-danse-des-profondeurs-2021-reproduction\/#primaryimage"},"thumbnailUrl":"https:\/\/studiopixels.net\/wp-content\/uploads\/2021\/01\/la-danse-des-profondeurs_low.jpg","datePublished":"2021-03-29T18:37:18+00:00","dateModified":"2021-07-07T20:43:11+00:00","breadcrumb":{"@id":"https:\/\/studiopixels.net\/produit\/la-danse-des-profondeurs-2021-reproduction\/#breadcrumb"},"inLanguage":"en-CA","potentialAction":[{"@type":"ReadAction","target":["https:\/\/studiopixels.net\/produit\/la-danse-des-profondeurs-2021-reproduction\/"]}]},{"@type":"ImageObject","inLanguage":"en-CA","@id":"https:\/\/studiopixels.net\/produit\/la-danse-des-profondeurs-2021-reproduction\/#primaryimage","url":"https:\/\/studiopixels.net\/wp-content\/uploads\/2021\/01\/la-danse-des-profondeurs_low.jpg","contentUrl":"https:\/\/studiopixels.net\/wp-content\/uploads\/2021\/01\/la-danse-des-profondeurs_low.jpg","width":720,"height":551,"caption":"\u00abExprimez votre v\u00e9rit\u00e9\u00bb 2021 20 \u201cx 13\u201c Encre \u00e0 l\u2019alcool et acrylique sur papier yupo 80 livres \u00e0 faire encadrer"},{"@type":"BreadcrumbList","@id":"https:\/\/studiopixels.net\/produit\/la-danse-des-profondeurs-2021-reproduction\/#breadcrumb","itemListElement":[{"@type":"ListItem","position":1,"name":"Accueil","item":"https:\/\/studiopixels.net\/"},{"@type":"ListItem","position":2,"name":"Boutique","item":"https:\/\/studiopixels.net\/boutique\/"},{"@type":"ListItem","position":3,"name":"\u00abLa danse des profondeurs\u00bb 2021 (Reproduction Limit\u00e9es)"}]},{"@type":"WebSite","@id":"https:\/\/studiopixels.net\/#website","url":"https:\/\/studiopixels.net\/","name":"Studio Pixels","description":"","publisher":{"@id":"https:\/\/studiopixels.net\/#organization"},"potentialAction":[{"@type":"SearchAction","target":{"@type":"EntryPoint","urlTemplate":"https:\/\/studiopixels.net\/?s={search_term_string}"},"query-input":{"@type":"PropertyValueSpecification","valueRequired":true,"valueName":"search_term_string"}}],"inLanguage":"en-CA"},{"@type":"Organization","@id":"https:\/\/studiopixels.net\/#organization","name":"Studio Pixels","url":"https:\/\/studiopixels.net\/","logo":{"@type":"ImageObject","inLanguage":"en-CA","@id":"https:\/\/studiopixels.net\/#\/schema\/logo\/image\/","url":"https:\/\/studiopixels.net\/wp-content\/uploads\/2020\/04\/cropped-Autocollant-pixels-2.jpg","contentUrl":"https:\/\/studiopixels.net\/wp-content\/uploads\/2020\/04\/cropped-Autocollant-pixels-2.jpg","width":666,"height":666,"caption":"Studio Pixels"},"image":{"@id":"https:\/\/studiopixels.net\/#\/schema\/logo\/image\/"},"sameAs":["https:\/\/www.facebook.com\/Studiopixelsart"]}]}},"uagb_featured_image_src":{"full":["https:\/\/studiopixels.net\/wp-content\/uploads\/2021\/01\/la-danse-des-profondeurs_low.jpg",720,551,false],"thumbnail":["https:\/\/studiopixels.net\/wp-content\/uploads\/2021\/01\/la-danse-des-profondeurs_low-150x150.jpg",150,150,true],"medium":["https:\/\/studiopixels.net\/wp-content\/uploads\/2021\/01\/la-danse-des-profondeurs_low-300x230.jpg",300,230,true],"medium_large":["https:\/\/studiopixels.net\/wp-content\/uploads\/2021\/01\/la-danse-des-profondeurs_low.jpg",720,551,false],"large":["https:\/\/studiopixels.net\/wp-content\/uploads\/2021\/01\/la-danse-des-profondeurs_low.jpg",720,551,false],"1536x1536":["https:\/\/studiopixels.net\/wp-content\/uploads\/2021\/01\/la-danse-des-profondeurs_low.jpg",720,551,false],"2048x2048":["https:\/\/studiopixels.net\/wp-content\/uploads\/2021\/01\/la-danse-des-profondeurs_low.jpg",720,551,false],"trp-custom-language-flag":["https:\/\/studiopixels.net\/wp-content\/uploads\/2021\/01\/la-danse-des-profondeurs_low.jpg",16,12,false],"woocommerce_thumbnail":["https:\/\/studiopixels.net\/wp-content\/uploads\/2021\/01\/la-danse-des-profondeurs_low-300x300.jpg",300,300,true],"woocommerce_single":["https:\/\/studiopixels.net\/wp-content\/uploads\/2021\/01\/la-danse-des-profondeurs_low-600x459.jpg",600,459,true],"woocommerce_gallery_thumbnail":["https:\/\/studiopixels.net\/wp-content\/uploads\/2021\/01\/la-danse-des-profondeurs_low-100x100.jpg",100,100,true],"shop_catalog":["https:\/\/studiopixels.net\/wp-content\/uploads\/2021\/01\/la-danse-des-profondeurs_low-300x300.jpg",300,300,true],"shop_single":["https:\/\/studiopixels.net\/wp-content\/uploads\/2021\/01\/la-danse-des-profondeurs_low-600x459.jpg",600,459,true],"shop_thumbnail":["https:\/\/studiopixels.net\/wp-content\/uploads\/2021\/01\/la-danse-des-profondeurs_low-100x100.jpg",100,100,true]},"uagb_author_info":{"display_name":"admin","author_link":"https:\/\/studiopixels.net\/en\/author\/"},"uagb_comment_info":0,"uagb_excerpt":"Artiste : Pixels Ann\u00e9e : 2021 Grandeur (L x H) : 18 x 12 OU 30 x 24 pouces Papier: Fine ARt Hahnem\u00fcehle Il produit des impressions FineArt impressionnantes avec des couleurs vives, des noirs profonds. Chaque impression limit\u00e9e \u00e0 25 est sign\u00e9e. Toutes les impressions sont exp\u00e9di\u00e9es sans encadrement. Caract\u00e9ristiques : 310 g\/m2 ISO9706&hellip;","_links":{"self":[{"href":"https:\/\/studiopixels.net\/en\/wp-json\/wp\/v2\/product\/3768","targetHints":{"allow":["GET"]}}],"collection":[{"href":"https:\/\/studiopixels.net\/en\/wp-json\/wp\/v2\/product"}],"about":[{"href":"https:\/\/studiopixels.net\/en\/wp-json\/wp\/v2\/types\/product"}],"replies":[{"embeddable":true,"href":"https:\/\/studiopixels.net\/en\/wp-json\/wp\/v2\/comments?post=3768"}],"version-history":[{"count":2,"href":"https:\/\/studiopixels.net\/en\/wp-json\/wp\/v2\/product\/3768\/revisions"}],"predecessor-version":[{"id":4014,"href":"https:\/\/studiopixels.net\/en\/wp-json\/wp\/v2\/product\/3768\/revisions\/4014"}],"wp:featuredmedia":[{"embeddable":true,"href":"https:\/\/studiopixels.net\/en\/wp-json\/wp\/v2\/media\/3541"}],"wp:attachment":[{"href":"https:\/\/studiopixels.net\/en\/wp-json\/wp\/v2\/media?parent=3768"}],"curies":[{"name":"wp","href":"https:\/\/api.w.org\/{rel}","templated":true}]}}