{"id":4259,"date":"2021-10-08T13:49:48","date_gmt":"2021-10-08T17:49:48","guid":{"rendered":"https:\/\/studiopixels.net\/?post_type=product&#038;p=4259"},"modified":"2023-03-01T14:23:26","modified_gmt":"2023-03-01T19:23:26","slug":"sancrer-a-soi-meme-2021","status":"publish","type":"product","link":"https:\/\/studiopixels.net\/en\/product\/sancrer-a-soi-meme-2021\/","title":{"rendered":"\u00ab\u00a0S&rsquo;ancrer \u00e0 soi-m\u00eame\u00a0\u00bb 2021"},"content":{"rendered":"<p>\u00ab\u00a0S&rsquo;ancrer \u00e0 soi-m\u00eame\u00a0\u00bb 2021<br \/>\n40&Prime; x 48&Prime;<br \/>\nEncre \u00e0 l\u2019alcool, acrylique et collage sur<br \/>\npapier terraskin 140 livres maroufl\u00e9 sur bois profil<\/p>\n<p>Pour commander :<br \/>\nhttps:\/\/www.nivunicornu.com\/boutique\/les-artistes-ni-vu-ni-cornu\/nancy-letourneau-artiste-ni-vu-ni-cornu\/s-ancrer-a-soi-meme-de-l-artiste-nancy-letourneau.html<\/p>","protected":false},"excerpt":{"rendered":"<p>\u00ab\u00a0S&rsquo;ancrer \u00e0 soi-m\u00eame\u00a0\u00bb 2021<br \/>\n40&Prime; x 48&Prime;<br \/>\nEncre \u00e0 l\u2019alcool, acrylique et collage sur<br \/>\npapier terraskin 140 livres maroufl\u00e9 sur bois profil<\/p>\n<p>Pour commander :<br \/>\nhttps:\/\/www.nivunicornu.com\/boutique\/les-artistes-ni-vu-ni-cornu\/nancy-letourneau-artiste-ni-vu-ni-cornu\/s-ancrer-a-soi-meme-de-l-artiste-nancy-letourneau.html<\/p>","protected":false},"featured_media":4265,"comment_status":"open","ping_status":"closed","template":"","meta":{"_uag_custom_page_level_css":""},"class_list":{"0":"post-4259","1":"product","2":"type-product","3":"status-publish","4":"has-post-thumbnail","6":"product_cat-collection-oeuvres","7":"product_cat-encre-a-lalcool","9":"first","10":"outofstock","11":"sold-individually","12":"taxable","13":"shipping-taxable","14":"product-type-simple"},"yoast_head":"<!-- This site is optimized with the Yoast SEO plugin v26.4 - https:\/\/yoast.com\/wordpress\/plugins\/seo\/ -->\n<title>&quot;S&#039;ancrer \u00e0 soi-m\u00eame&quot; 2021 - Studio Pixels<\/title>\n<meta name=\"robots\" content=\"index, follow, max-snippet:-1, max-image-preview:large, max-video-preview:-1\" \/>\n<link rel=\"canonical\" href=\"https:\/\/studiopixels.net\/en\/product\/sancrer-a-soi-meme-2021\/\" \/>\n<meta property=\"og:locale\" content=\"en_US\" \/>\n<meta property=\"og:type\" content=\"article\" \/>\n<meta property=\"og:title\" content=\"&quot;S&#039;ancrer \u00e0 soi-m\u00eame&quot; 2021 - Studio Pixels\" \/>\n<meta property=\"og:description\" content=\"&quot;S&#039;ancrer \u00e0 soi-m\u00eame&quot; 2021 40&quot; x 48&quot; Encre \u00e0 l\u2019alcool, acrylique et collage sur papier terraskin 140 livres maroufl\u00e9 sur bois profil  Pour commander : https:\/\/www.nivunicornu.com\/boutique\/les-artistes-ni-vu-ni-cornu\/nancy-letourneau-artiste-ni-vu-ni-cornu\/s-ancrer-a-soi-meme-de-l-artiste-nancy-letourneau.html\" \/>\n<meta property=\"og:url\" content=\"https:\/\/studiopixels.net\/en\/product\/sancrer-a-soi-meme-2021\/\" \/>\n<meta property=\"og:site_name\" content=\"Studio Pixels\" \/>\n<meta property=\"article:publisher\" content=\"https:\/\/www.facebook.com\/Studiopixelsart\" \/>\n<meta property=\"article:modified_time\" content=\"2023-03-01T19:23:26+00:00\" \/>\n<meta property=\"og:image\" content=\"https:\/\/studiopixels.net\/wp-content\/uploads\/2021\/10\/sancrer-a-soi2-scaled.jpg\" \/>\n\t<meta property=\"og:image:width\" content=\"2133\" \/>\n\t<meta property=\"og:image:height\" content=\"2560\" \/>\n\t<meta property=\"og:image:type\" content=\"image\/jpeg\" \/>\n<meta name=\"twitter:card\" content=\"summary_large_image\" \/>\n<script type=\"application\/ld+json\" class=\"yoast-schema-graph\">{\"@context\":\"https:\/\/schema.org\",\"@graph\":[{\"@type\":\"WebPage\",\"@id\":\"https:\/\/studiopixels.net\/produit\/sancrer-a-soi-meme-2021\/\",\"url\":\"https:\/\/studiopixels.net\/produit\/sancrer-a-soi-meme-2021\/\",\"name\":\"\\\"S'ancrer \u00e0 soi-m\u00eame\\\" 2021 - Studio Pixels\",\"isPartOf\":{\"@id\":\"https:\/\/studiopixels.net\/#website\"},\"primaryImageOfPage\":{\"@id\":\"https:\/\/studiopixels.net\/produit\/sancrer-a-soi-meme-2021\/#primaryimage\"},\"image\":{\"@id\":\"https:\/\/studiopixels.net\/produit\/sancrer-a-soi-meme-2021\/#primaryimage\"},\"thumbnailUrl\":\"https:\/\/studiopixels.net\/wp-content\/uploads\/2021\/10\/sancrer-a-soi2-scaled.jpg\",\"datePublished\":\"2021-10-08T17:49:48+00:00\",\"dateModified\":\"2023-03-01T19:23:26+00:00\",\"breadcrumb\":{\"@id\":\"https:\/\/studiopixels.net\/produit\/sancrer-a-soi-meme-2021\/#breadcrumb\"},\"inLanguage\":\"en-CA\",\"potentialAction\":[{\"@type\":\"ReadAction\",\"target\":[\"https:\/\/studiopixels.net\/produit\/sancrer-a-soi-meme-2021\/\"]}]},{\"@type\":\"ImageObject\",\"inLanguage\":\"en-CA\",\"@id\":\"https:\/\/studiopixels.net\/produit\/sancrer-a-soi-meme-2021\/#primaryimage\",\"url\":\"https:\/\/studiopixels.net\/wp-content\/uploads\/2021\/10\/sancrer-a-soi2-scaled.jpg\",\"contentUrl\":\"https:\/\/studiopixels.net\/wp-content\/uploads\/2021\/10\/sancrer-a-soi2-scaled.jpg\",\"width\":2133,\"height\":2560},{\"@type\":\"BreadcrumbList\",\"@id\":\"https:\/\/studiopixels.net\/produit\/sancrer-a-soi-meme-2021\/#breadcrumb\",\"itemListElement\":[{\"@type\":\"ListItem\",\"position\":1,\"name\":\"Accueil\",\"item\":\"https:\/\/studiopixels.net\/\"},{\"@type\":\"ListItem\",\"position\":2,\"name\":\"Boutique\",\"item\":\"https:\/\/studiopixels.net\/boutique\/\"},{\"@type\":\"ListItem\",\"position\":3,\"name\":\"\u00ab\u00a0S&rsquo;ancrer \u00e0 soi-m\u00eame\u00a0\u00bb 2021\"}]},{\"@type\":\"WebSite\",\"@id\":\"https:\/\/studiopixels.net\/#website\",\"url\":\"https:\/\/studiopixels.net\/\",\"name\":\"Studio Pixels\",\"description\":\"\",\"publisher\":{\"@id\":\"https:\/\/studiopixels.net\/#organization\"},\"potentialAction\":[{\"@type\":\"SearchAction\",\"target\":{\"@type\":\"EntryPoint\",\"urlTemplate\":\"https:\/\/studiopixels.net\/?s={search_term_string}\"},\"query-input\":{\"@type\":\"PropertyValueSpecification\",\"valueRequired\":true,\"valueName\":\"search_term_string\"}}],\"inLanguage\":\"en-CA\"},{\"@type\":\"Organization\",\"@id\":\"https:\/\/studiopixels.net\/#organization\",\"name\":\"Studio Pixels\",\"url\":\"https:\/\/studiopixels.net\/\",\"logo\":{\"@type\":\"ImageObject\",\"inLanguage\":\"en-CA\",\"@id\":\"https:\/\/studiopixels.net\/#\/schema\/logo\/image\/\",\"url\":\"https:\/\/studiopixels.net\/wp-content\/uploads\/2020\/04\/cropped-Autocollant-pixels-2.jpg\",\"contentUrl\":\"https:\/\/studiopixels.net\/wp-content\/uploads\/2020\/04\/cropped-Autocollant-pixels-2.jpg\",\"width\":666,\"height\":666,\"caption\":\"Studio Pixels\"},\"image\":{\"@id\":\"https:\/\/studiopixels.net\/#\/schema\/logo\/image\/\"},\"sameAs\":[\"https:\/\/www.facebook.com\/Studiopixelsart\"]}]}<\/script>\n<!-- \/ Yoast SEO plugin. -->","yoast_head_json":{"title":"\"S'ancrer \u00e0 soi-m\u00eame\" 2021 - Studio Pixels","robots":{"index":"index","follow":"follow","max-snippet":"max-snippet:-1","max-image-preview":"max-image-preview:large","max-video-preview":"max-video-preview:-1"},"canonical":"https:\/\/studiopixels.net\/en\/product\/sancrer-a-soi-meme-2021\/","og_locale":"en_US","og_type":"article","og_title":"\"S'ancrer \u00e0 soi-m\u00eame\" 2021 - Studio Pixels","og_description":"\"S'ancrer \u00e0 soi-m\u00eame\" 2021 40\" x 48\" Encre \u00e0 l\u2019alcool, acrylique et collage sur papier terraskin 140 livres maroufl\u00e9 sur bois profil  Pour commander : https:\/\/www.nivunicornu.com\/boutique\/les-artistes-ni-vu-ni-cornu\/nancy-letourneau-artiste-ni-vu-ni-cornu\/s-ancrer-a-soi-meme-de-l-artiste-nancy-letourneau.html","og_url":"https:\/\/studiopixels.net\/en\/product\/sancrer-a-soi-meme-2021\/","og_site_name":"Studio Pixels","article_publisher":"https:\/\/www.facebook.com\/Studiopixelsart","article_modified_time":"2023-03-01T19:23:26+00:00","og_image":[{"width":2133,"height":2560,"url":"https:\/\/studiopixels.net\/wp-content\/uploads\/2021\/10\/sancrer-a-soi2-scaled.jpg","type":"image\/jpeg"}],"twitter_card":"summary_large_image","schema":{"@context":"https:\/\/schema.org","@graph":[{"@type":"WebPage","@id":"https:\/\/studiopixels.net\/produit\/sancrer-a-soi-meme-2021\/","url":"https:\/\/studiopixels.net\/produit\/sancrer-a-soi-meme-2021\/","name":"\"S'ancrer \u00e0 soi-m\u00eame\" 2021 - Studio Pixels","isPartOf":{"@id":"https:\/\/studiopixels.net\/#website"},"primaryImageOfPage":{"@id":"https:\/\/studiopixels.net\/produit\/sancrer-a-soi-meme-2021\/#primaryimage"},"image":{"@id":"https:\/\/studiopixels.net\/produit\/sancrer-a-soi-meme-2021\/#primaryimage"},"thumbnailUrl":"https:\/\/studiopixels.net\/wp-content\/uploads\/2021\/10\/sancrer-a-soi2-scaled.jpg","datePublished":"2021-10-08T17:49:48+00:00","dateModified":"2023-03-01T19:23:26+00:00","breadcrumb":{"@id":"https:\/\/studiopixels.net\/produit\/sancrer-a-soi-meme-2021\/#breadcrumb"},"inLanguage":"en-CA","potentialAction":[{"@type":"ReadAction","target":["https:\/\/studiopixels.net\/produit\/sancrer-a-soi-meme-2021\/"]}]},{"@type":"ImageObject","inLanguage":"en-CA","@id":"https:\/\/studiopixels.net\/produit\/sancrer-a-soi-meme-2021\/#primaryimage","url":"https:\/\/studiopixels.net\/wp-content\/uploads\/2021\/10\/sancrer-a-soi2-scaled.jpg","contentUrl":"https:\/\/studiopixels.net\/wp-content\/uploads\/2021\/10\/sancrer-a-soi2-scaled.jpg","width":2133,"height":2560},{"@type":"BreadcrumbList","@id":"https:\/\/studiopixels.net\/produit\/sancrer-a-soi-meme-2021\/#breadcrumb","itemListElement":[{"@type":"ListItem","position":1,"name":"Accueil","item":"https:\/\/studiopixels.net\/"},{"@type":"ListItem","position":2,"name":"Boutique","item":"https:\/\/studiopixels.net\/boutique\/"},{"@type":"ListItem","position":3,"name":"\u00ab\u00a0S&rsquo;ancrer \u00e0 soi-m\u00eame\u00a0\u00bb 2021"}]},{"@type":"WebSite","@id":"https:\/\/studiopixels.net\/#website","url":"https:\/\/studiopixels.net\/","name":"Studio Pixels","description":"","publisher":{"@id":"https:\/\/studiopixels.net\/#organization"},"potentialAction":[{"@type":"SearchAction","target":{"@type":"EntryPoint","urlTemplate":"https:\/\/studiopixels.net\/?s={search_term_string}"},"query-input":{"@type":"PropertyValueSpecification","valueRequired":true,"valueName":"search_term_string"}}],"inLanguage":"en-CA"},{"@type":"Organization","@id":"https:\/\/studiopixels.net\/#organization","name":"Studio Pixels","url":"https:\/\/studiopixels.net\/","logo":{"@type":"ImageObject","inLanguage":"en-CA","@id":"https:\/\/studiopixels.net\/#\/schema\/logo\/image\/","url":"https:\/\/studiopixels.net\/wp-content\/uploads\/2020\/04\/cropped-Autocollant-pixels-2.jpg","contentUrl":"https:\/\/studiopixels.net\/wp-content\/uploads\/2020\/04\/cropped-Autocollant-pixels-2.jpg","width":666,"height":666,"caption":"Studio Pixels"},"image":{"@id":"https:\/\/studiopixels.net\/#\/schema\/logo\/image\/"},"sameAs":["https:\/\/www.facebook.com\/Studiopixelsart"]}]}},"uagb_featured_image_src":{"full":["https:\/\/studiopixels.net\/wp-content\/uploads\/2021\/10\/sancrer-a-soi2-scaled.jpg",2133,2560,false],"thumbnail":["https:\/\/studiopixels.net\/wp-content\/uploads\/2021\/10\/sancrer-a-soi2-150x150.jpg",150,150,true],"medium":["https:\/\/studiopixels.net\/wp-content\/uploads\/2021\/10\/sancrer-a-soi2-250x300.jpg",250,300,true],"medium_large":["https:\/\/studiopixels.net\/wp-content\/uploads\/2021\/10\/sancrer-a-soi2-768x922.jpg",768,922,true],"large":["https:\/\/studiopixels.net\/wp-content\/uploads\/2021\/10\/sancrer-a-soi2-853x1024.jpg",853,1024,true],"1536x1536":["https:\/\/studiopixels.net\/wp-content\/uploads\/2021\/10\/sancrer-a-soi2-1280x1536.jpg",1280,1536,true],"2048x2048":["https:\/\/studiopixels.net\/wp-content\/uploads\/2021\/10\/sancrer-a-soi2-1706x2048.jpg",1706,2048,true],"trp-custom-language-flag":["https:\/\/studiopixels.net\/wp-content\/uploads\/2021\/10\/sancrer-a-soi2-scaled.jpg",10,12,false],"woocommerce_thumbnail":["https:\/\/studiopixels.net\/wp-content\/uploads\/2021\/10\/sancrer-a-soi2-300x300.jpg",300,300,true],"woocommerce_single":["https:\/\/studiopixels.net\/wp-content\/uploads\/2021\/10\/sancrer-a-soi2-600x720.jpg",600,720,true],"woocommerce_gallery_thumbnail":["https:\/\/studiopixels.net\/wp-content\/uploads\/2021\/10\/sancrer-a-soi2-100x100.jpg",100,100,true],"shop_catalog":["https:\/\/studiopixels.net\/wp-content\/uploads\/2021\/10\/sancrer-a-soi2-300x300.jpg",300,300,true],"shop_single":["https:\/\/studiopixels.net\/wp-content\/uploads\/2021\/10\/sancrer-a-soi2-600x720.jpg",600,720,true],"shop_thumbnail":["https:\/\/studiopixels.net\/wp-content\/uploads\/2021\/10\/sancrer-a-soi2-100x100.jpg",100,100,true]},"uagb_author_info":{"display_name":"admin","author_link":"https:\/\/studiopixels.net\/en\/author\/"},"uagb_comment_info":0,"uagb_excerpt":"\"S'ancrer \u00e0 soi-m\u00eame\" 2021 40\" x 48\" Encre \u00e0 l\u2019alcool, acrylique et collage sur papier terraskin 140 livres maroufl\u00e9 sur bois profil Pour commander : https:\/\/www.nivunicornu.com\/boutique\/les-artistes-ni-vu-ni-cornu\/nancy-letourneau-artiste-ni-vu-ni-cornu\/s-ancrer-a-soi-meme-de-l-artiste-nancy-letourneau.html","_links":{"self":[{"href":"https:\/\/studiopixels.net\/en\/wp-json\/wp\/v2\/product\/4259","targetHints":{"allow":["GET"]}}],"collection":[{"href":"https:\/\/studiopixels.net\/en\/wp-json\/wp\/v2\/product"}],"about":[{"href":"https:\/\/studiopixels.net\/en\/wp-json\/wp\/v2\/types\/product"}],"replies":[{"embeddable":true,"href":"https:\/\/studiopixels.net\/en\/wp-json\/wp\/v2\/comments?post=4259"}],"version-history":[{"count":3,"href":"https:\/\/studiopixels.net\/en\/wp-json\/wp\/v2\/product\/4259\/revisions"}],"predecessor-version":[{"id":6494,"href":"https:\/\/studiopixels.net\/en\/wp-json\/wp\/v2\/product\/4259\/revisions\/6494"}],"wp:featuredmedia":[{"embeddable":true,"href":"https:\/\/studiopixels.net\/en\/wp-json\/wp\/v2\/media\/4265"}],"wp:attachment":[{"href":"https:\/\/studiopixels.net\/en\/wp-json\/wp\/v2\/media?parent=4259"}],"curies":[{"name":"wp","href":"https:\/\/api.w.org\/{rel}","templated":true}]}}