{"id":484,"date":"2019-11-20T19:51:09","date_gmt":"2019-11-20T18:51:09","guid":{"rendered":"http:\/\/localhost\/studiopixels\/index.php\/product\/import-placeholder-for-35714\/"},"modified":"2020-10-21T20:21:50","modified_gmt":"2020-10-22T00:21:50","slug":"poche-fourre-tout-hope","status":"publish","type":"product","link":"https:\/\/studiopixels.net\/en\/product\/poche-fourre-tout-hope\/","title":{"rendered":"Poche fourre-tout &#8211; Hope"},"content":{"rendered":"<p>10 po large x 8 po de haut<br \/>\nDe vos fournitures artistiques \u00e0 vos souvenirs, en passant par les affaires de b\u00e9b\u00e9, votre mat\u00e9riel de voyage et vos gadgets, ces poches fourre-tout peuvent vraiment tout faire. Allant de 10\u201d \u00e0 16\u201d de longueur, avec un ext\u00e9rieur en toile durable, un imprim\u00e9 vibrant et une doublure en denim, rien n\u2019est impossible avec ces poches zipp\u00e9es tr\u00e8s versatiles.<br \/>\n\u2022 Conception 100% qu\u00e9b\u00e9coise, \u0153uvre de Pixels, \u2022 Fabriqu\u00e9 \u00e0 Montr\u00e9al, Canada<br \/>\n\u2022 Doublure en denim : sa doublure en denim indigo offre une structure douce \u00e0 votre sac fourre-tout.<br \/>\n\u2022 Toile avec imprim\u00e9 vibrant : Toile textur\u00e9e, 100% polyester, qui r\u00e9siste \u00e0 une utilisation quotidienne.<br \/>\n\u2022 Fermeture \u00e9clair en m\u00e9tal<\/p>","protected":false},"excerpt":{"rendered":"<p>10 po large x 8 po de haut De vos fournitures artistiques \u00e0 vos souvenirs, en passant par les affaires de b\u00e9b\u00e9, votre mat\u00e9riel de voyage et vos gadgets, ces poches fourre-tout peuvent vraiment tout faire. Allant de 10\u201d \u00e0 16\u201d de longueur, avec un ext\u00e9rieur en toile durable, un imprim\u00e9 vibrant et une doublure &hellip;<\/p>\n<p class=\"read-more\"> <a class=\"\" href=\"https:\/\/studiopixels.net\/en\/product\/poche-fourre-tout-hope\/\"> <span class=\"screen-reader-text\">Poche fourre-tout &#8211; Hope<\/span> Read More &raquo;<\/a><\/p>","protected":false},"featured_media":521,"comment_status":"open","ping_status":"closed","template":"","meta":{"_uag_custom_page_level_css":""},"class_list":{"0":"post-484","1":"product","2":"type-product","3":"status-publish","4":"has-post-thumbnail","6":"product_cat-poche-fourre-tout","7":"product_shipping_class-free-shipping","9":"first","10":"instock","11":"taxable","12":"shipping-taxable","13":"purchasable","14":"product-type-simple"},"yoast_head":"<!-- This site is optimized with the Yoast SEO plugin v26.4 - https:\/\/yoast.com\/wordpress\/plugins\/seo\/ -->\n<title>Poche fourre-tout - Hope - Studio Pixels<\/title>\n<meta name=\"robots\" content=\"index, follow, max-snippet:-1, max-image-preview:large, max-video-preview:-1\" \/>\n<link rel=\"canonical\" href=\"https:\/\/studiopixels.net\/en\/product\/poche-fourre-tout-hope\/\" \/>\n<meta property=\"og:locale\" content=\"en_US\" \/>\n<meta property=\"og:type\" content=\"article\" \/>\n<meta property=\"og:title\" content=\"Poche fourre-tout - Hope - Studio Pixels\" \/>\n<meta property=\"og:description\" content=\"10 po large x 8 po de haut De vos fournitures artistiques \u00e0 vos souvenirs, en passant par les affaires de b\u00e9b\u00e9, votre mat\u00e9riel de voyage et vos gadgets, ces poches fourre-tout peuvent vraiment tout faire. Allant de 10\u201d \u00e0 16\u201d de longueur, avec un ext\u00e9rieur en toile durable, un imprim\u00e9 vibrant et une doublure &hellip; Poche fourre-tout &#8211; Hope Read More &raquo;\" \/>\n<meta property=\"og:url\" content=\"https:\/\/studiopixels.net\/en\/product\/poche-fourre-tout-hope\/\" \/>\n<meta property=\"og:site_name\" content=\"Studio Pixels\" \/>\n<meta property=\"article:publisher\" content=\"https:\/\/www.facebook.com\/Studiopixelsart\" \/>\n<meta property=\"article:modified_time\" content=\"2020-10-22T00:21:50+00:00\" \/>\n<meta property=\"og:image\" content=\"https:\/\/studiopixels.net\/wp-content\/uploads\/2019\/11\/Hope_10.png\" \/>\n\t<meta property=\"og:image:width\" content=\"1120\" \/>\n\t<meta property=\"og:image:height\" content=\"1000\" \/>\n\t<meta property=\"og:image:type\" content=\"image\/png\" \/>\n<meta name=\"twitter:card\" content=\"summary_large_image\" \/>\n<meta name=\"twitter:label1\" content=\"Est. reading time\" \/>\n\t<meta name=\"twitter:data1\" content=\"1 minute\" \/>\n<script type=\"application\/ld+json\" class=\"yoast-schema-graph\">{\"@context\":\"https:\/\/schema.org\",\"@graph\":[{\"@type\":\"WebPage\",\"@id\":\"https:\/\/studiopixels.net\/produit\/poche-fourre-tout-hope\/\",\"url\":\"https:\/\/studiopixels.net\/produit\/poche-fourre-tout-hope\/\",\"name\":\"Poche fourre-tout - Hope - Studio Pixels\",\"isPartOf\":{\"@id\":\"https:\/\/studiopixels.net\/#website\"},\"primaryImageOfPage\":{\"@id\":\"https:\/\/studiopixels.net\/produit\/poche-fourre-tout-hope\/#primaryimage\"},\"image\":{\"@id\":\"https:\/\/studiopixels.net\/produit\/poche-fourre-tout-hope\/#primaryimage\"},\"thumbnailUrl\":\"https:\/\/studiopixels.net\/wp-content\/uploads\/2019\/11\/Hope_10.png\",\"datePublished\":\"2019-11-20T18:51:09+00:00\",\"dateModified\":\"2020-10-22T00:21:50+00:00\",\"breadcrumb\":{\"@id\":\"https:\/\/studiopixels.net\/produit\/poche-fourre-tout-hope\/#breadcrumb\"},\"inLanguage\":\"en-CA\",\"potentialAction\":[{\"@type\":\"ReadAction\",\"target\":[\"https:\/\/studiopixels.net\/produit\/poche-fourre-tout-hope\/\"]}]},{\"@type\":\"ImageObject\",\"inLanguage\":\"en-CA\",\"@id\":\"https:\/\/studiopixels.net\/produit\/poche-fourre-tout-hope\/#primaryimage\",\"url\":\"https:\/\/studiopixels.net\/wp-content\/uploads\/2019\/11\/Hope_10.png\",\"contentUrl\":\"https:\/\/studiopixels.net\/wp-content\/uploads\/2019\/11\/Hope_10.png\",\"width\":1120,\"height\":1000},{\"@type\":\"BreadcrumbList\",\"@id\":\"https:\/\/studiopixels.net\/produit\/poche-fourre-tout-hope\/#breadcrumb\",\"itemListElement\":[{\"@type\":\"ListItem\",\"position\":1,\"name\":\"Accueil\",\"item\":\"https:\/\/studiopixels.net\/\"},{\"@type\":\"ListItem\",\"position\":2,\"name\":\"Boutique\",\"item\":\"https:\/\/studiopixels.net\/boutique\/\"},{\"@type\":\"ListItem\",\"position\":3,\"name\":\"Poche fourre-tout &#8211; Hope\"}]},{\"@type\":\"WebSite\",\"@id\":\"https:\/\/studiopixels.net\/#website\",\"url\":\"https:\/\/studiopixels.net\/\",\"name\":\"Studio Pixels\",\"description\":\"\",\"publisher\":{\"@id\":\"https:\/\/studiopixels.net\/#organization\"},\"potentialAction\":[{\"@type\":\"SearchAction\",\"target\":{\"@type\":\"EntryPoint\",\"urlTemplate\":\"https:\/\/studiopixels.net\/?s={search_term_string}\"},\"query-input\":{\"@type\":\"PropertyValueSpecification\",\"valueRequired\":true,\"valueName\":\"search_term_string\"}}],\"inLanguage\":\"en-CA\"},{\"@type\":\"Organization\",\"@id\":\"https:\/\/studiopixels.net\/#organization\",\"name\":\"Studio Pixels\",\"url\":\"https:\/\/studiopixels.net\/\",\"logo\":{\"@type\":\"ImageObject\",\"inLanguage\":\"en-CA\",\"@id\":\"https:\/\/studiopixels.net\/#\/schema\/logo\/image\/\",\"url\":\"https:\/\/studiopixels.net\/wp-content\/uploads\/2020\/04\/cropped-Autocollant-pixels-2.jpg\",\"contentUrl\":\"https:\/\/studiopixels.net\/wp-content\/uploads\/2020\/04\/cropped-Autocollant-pixels-2.jpg\",\"width\":666,\"height\":666,\"caption\":\"Studio Pixels\"},\"image\":{\"@id\":\"https:\/\/studiopixels.net\/#\/schema\/logo\/image\/\"},\"sameAs\":[\"https:\/\/www.facebook.com\/Studiopixelsart\"]}]}<\/script>\n<!-- \/ Yoast SEO plugin. -->","yoast_head_json":{"title":"Poche fourre-tout - Hope - Studio Pixels","robots":{"index":"index","follow":"follow","max-snippet":"max-snippet:-1","max-image-preview":"max-image-preview:large","max-video-preview":"max-video-preview:-1"},"canonical":"https:\/\/studiopixels.net\/en\/product\/poche-fourre-tout-hope\/","og_locale":"en_US","og_type":"article","og_title":"Poche fourre-tout - Hope - Studio Pixels","og_description":"10 po large x 8 po de haut De vos fournitures artistiques \u00e0 vos souvenirs, en passant par les affaires de b\u00e9b\u00e9, votre mat\u00e9riel de voyage et vos gadgets, ces poches fourre-tout peuvent vraiment tout faire. Allant de 10\u201d \u00e0 16\u201d de longueur, avec un ext\u00e9rieur en toile durable, un imprim\u00e9 vibrant et une doublure &hellip; Poche fourre-tout &#8211; Hope Read More &raquo;","og_url":"https:\/\/studiopixels.net\/en\/product\/poche-fourre-tout-hope\/","og_site_name":"Studio Pixels","article_publisher":"https:\/\/www.facebook.com\/Studiopixelsart","article_modified_time":"2020-10-22T00:21:50+00:00","og_image":[{"width":1120,"height":1000,"url":"https:\/\/studiopixels.net\/wp-content\/uploads\/2019\/11\/Hope_10.png","type":"image\/png"}],"twitter_card":"summary_large_image","twitter_misc":{"Est. reading time":"1 minute"},"schema":{"@context":"https:\/\/schema.org","@graph":[{"@type":"WebPage","@id":"https:\/\/studiopixels.net\/produit\/poche-fourre-tout-hope\/","url":"https:\/\/studiopixels.net\/produit\/poche-fourre-tout-hope\/","name":"Poche fourre-tout - Hope - Studio Pixels","isPartOf":{"@id":"https:\/\/studiopixels.net\/#website"},"primaryImageOfPage":{"@id":"https:\/\/studiopixels.net\/produit\/poche-fourre-tout-hope\/#primaryimage"},"image":{"@id":"https:\/\/studiopixels.net\/produit\/poche-fourre-tout-hope\/#primaryimage"},"thumbnailUrl":"https:\/\/studiopixels.net\/wp-content\/uploads\/2019\/11\/Hope_10.png","datePublished":"2019-11-20T18:51:09+00:00","dateModified":"2020-10-22T00:21:50+00:00","breadcrumb":{"@id":"https:\/\/studiopixels.net\/produit\/poche-fourre-tout-hope\/#breadcrumb"},"inLanguage":"en-CA","potentialAction":[{"@type":"ReadAction","target":["https:\/\/studiopixels.net\/produit\/poche-fourre-tout-hope\/"]}]},{"@type":"ImageObject","inLanguage":"en-CA","@id":"https:\/\/studiopixels.net\/produit\/poche-fourre-tout-hope\/#primaryimage","url":"https:\/\/studiopixels.net\/wp-content\/uploads\/2019\/11\/Hope_10.png","contentUrl":"https:\/\/studiopixels.net\/wp-content\/uploads\/2019\/11\/Hope_10.png","width":1120,"height":1000},{"@type":"BreadcrumbList","@id":"https:\/\/studiopixels.net\/produit\/poche-fourre-tout-hope\/#breadcrumb","itemListElement":[{"@type":"ListItem","position":1,"name":"Accueil","item":"https:\/\/studiopixels.net\/"},{"@type":"ListItem","position":2,"name":"Boutique","item":"https:\/\/studiopixels.net\/boutique\/"},{"@type":"ListItem","position":3,"name":"Poche fourre-tout &#8211; Hope"}]},{"@type":"WebSite","@id":"https:\/\/studiopixels.net\/#website","url":"https:\/\/studiopixels.net\/","name":"Studio Pixels","description":"","publisher":{"@id":"https:\/\/studiopixels.net\/#organization"},"potentialAction":[{"@type":"SearchAction","target":{"@type":"EntryPoint","urlTemplate":"https:\/\/studiopixels.net\/?s={search_term_string}"},"query-input":{"@type":"PropertyValueSpecification","valueRequired":true,"valueName":"search_term_string"}}],"inLanguage":"en-CA"},{"@type":"Organization","@id":"https:\/\/studiopixels.net\/#organization","name":"Studio Pixels","url":"https:\/\/studiopixels.net\/","logo":{"@type":"ImageObject","inLanguage":"en-CA","@id":"https:\/\/studiopixels.net\/#\/schema\/logo\/image\/","url":"https:\/\/studiopixels.net\/wp-content\/uploads\/2020\/04\/cropped-Autocollant-pixels-2.jpg","contentUrl":"https:\/\/studiopixels.net\/wp-content\/uploads\/2020\/04\/cropped-Autocollant-pixels-2.jpg","width":666,"height":666,"caption":"Studio Pixels"},"image":{"@id":"https:\/\/studiopixels.net\/#\/schema\/logo\/image\/"},"sameAs":["https:\/\/www.facebook.com\/Studiopixelsart"]}]}},"uagb_featured_image_src":{"full":["https:\/\/studiopixels.net\/wp-content\/uploads\/2019\/11\/Hope_10.png",1120,1000,false],"thumbnail":["https:\/\/studiopixels.net\/wp-content\/uploads\/2019\/11\/Hope_10-150x150.png",150,150,true],"medium":["https:\/\/studiopixels.net\/wp-content\/uploads\/2019\/11\/Hope_10-300x268.png",300,268,true],"medium_large":["https:\/\/studiopixels.net\/wp-content\/uploads\/2019\/11\/Hope_10-768x686.png",768,686,true],"large":["https:\/\/studiopixels.net\/wp-content\/uploads\/2019\/11\/Hope_10-1024x914.png",1024,914,true],"1536x1536":["https:\/\/studiopixels.net\/wp-content\/uploads\/2019\/11\/Hope_10.png",1120,1000,false],"2048x2048":["https:\/\/studiopixels.net\/wp-content\/uploads\/2019\/11\/Hope_10.png",1120,1000,false],"trp-custom-language-flag":["https:\/\/studiopixels.net\/wp-content\/uploads\/2019\/11\/Hope_10.png",13,12,false],"woocommerce_thumbnail":["https:\/\/studiopixels.net\/wp-content\/uploads\/2019\/11\/Hope_10-300x300.png",300,300,true],"woocommerce_single":["https:\/\/studiopixels.net\/wp-content\/uploads\/2019\/11\/Hope_10-600x536.png",600,536,true],"woocommerce_gallery_thumbnail":["https:\/\/studiopixels.net\/wp-content\/uploads\/2019\/11\/Hope_10-100x100.png",100,100,true],"shop_catalog":["https:\/\/studiopixels.net\/wp-content\/uploads\/2019\/11\/Hope_10-300x300.png",300,300,true],"shop_single":["https:\/\/studiopixels.net\/wp-content\/uploads\/2019\/11\/Hope_10-600x536.png",600,536,true],"shop_thumbnail":["https:\/\/studiopixels.net\/wp-content\/uploads\/2019\/11\/Hope_10-100x100.png",100,100,true]},"uagb_author_info":{"display_name":"admin","author_link":"https:\/\/studiopixels.net\/en\/author\/"},"uagb_comment_info":0,"uagb_excerpt":"10 po large x 8 po de haut De vos fournitures artistiques \u00e0 vos souvenirs, en passant par les affaires de b\u00e9b\u00e9, votre mat\u00e9riel de voyage et vos gadgets, ces poches fourre-tout peuvent vraiment tout faire. Allant de 10\u201d \u00e0 16\u201d de longueur, avec un ext\u00e9rieur en toile durable, un imprim\u00e9 vibrant et une doublure&hellip;","_links":{"self":[{"href":"https:\/\/studiopixels.net\/en\/wp-json\/wp\/v2\/product\/484","targetHints":{"allow":["GET"]}}],"collection":[{"href":"https:\/\/studiopixels.net\/en\/wp-json\/wp\/v2\/product"}],"about":[{"href":"https:\/\/studiopixels.net\/en\/wp-json\/wp\/v2\/types\/product"}],"replies":[{"embeddable":true,"href":"https:\/\/studiopixels.net\/en\/wp-json\/wp\/v2\/comments?post=484"}],"version-history":[{"count":1,"href":"https:\/\/studiopixels.net\/en\/wp-json\/wp\/v2\/product\/484\/revisions"}],"predecessor-version":[{"id":2766,"href":"https:\/\/studiopixels.net\/en\/wp-json\/wp\/v2\/product\/484\/revisions\/2766"}],"wp:featuredmedia":[{"embeddable":true,"href":"https:\/\/studiopixels.net\/en\/wp-json\/wp\/v2\/media\/521"}],"wp:attachment":[{"href":"https:\/\/studiopixels.net\/en\/wp-json\/wp\/v2\/media?parent=484"}],"curies":[{"name":"wp","href":"https:\/\/api.w.org\/{rel}","templated":true}]}}