{"id":489,"date":"2019-11-20T19:51:11","date_gmt":"2019-11-20T18:51:11","guid":{"rendered":"http:\/\/localhost\/studiopixels\/index.php\/product\/import-placeholder-for-36128\/"},"modified":"2021-03-18T10:25:40","modified_gmt":"2021-03-18T14:25:40","slug":"short-grisant","status":"publish","type":"product","link":"https:\/\/studiopixels.net\/en\/product\/short-grisant\/","title":{"rendered":"Short | Grisant"},"content":{"rendered":"<p>Fabriqu\u00e9 et produit au Canada<\/p>\n<ul class=\"staggered-list\">\n<li class=\"detail-block vertical-block\">88% d\u2019Eco poly et 12% d\u2019\u00e9lasthanne<br \/>\nFaits avec notre tissu signature, fait \u00e0 88% d\u2019Eco poly et 12% d\u2019\u00e9lasthanne, fabriqu\u00e9 \u00e0 Montr\u00e9al<\/li>\n<li class=\"detail-block vertical-block\">Suivent vos mouvements!<br \/>\nNotre tissu super \u00e9lastique ne perdra pas sa forme au fil des utilisations.<\/li>\n<li class=\"detail-block vertical-block\">S\u00e9chage rapide<br \/>\nNotre tissu ultra performant s\u00e8che naturellement vite et \u00e9limine l\u2019humidit\u00e9 au fur et \u00e0 mesure de vos entrainements<\/li>\n<li class=\"detail-block vertical-block\">Facile \u00e0 entretenir<br \/>\nImprim\u00e9 personnalis\u00e9 vibrant qui ne d\u00e9lave ni en machine ni au fil des utilisations.<\/li>\n<\/ul>","protected":false},"excerpt":{"rendered":"<p>Performance et imprim\u00e9s en version mini! Nos shorts et mini shorts sont compatibles avec le sport et l\u2019exercice, alors n\u2019h\u00e9sitez pas \u00e0 les porter pendant vos s\u00e9ances de yoga, \u00e0 la plage, ou pour danser.<\/p>","protected":false},"featured_media":537,"comment_status":"open","ping_status":"closed","template":"","meta":{"_uag_custom_page_level_css":""},"class_list":{"0":"post-489","1":"product","2":"type-product","3":"status-publish","4":"has-post-thumbnail","6":"product_cat-short","7":"product_tag-short","8":"product_shipping_class-free-shipping","10":"first","11":"instock","12":"taxable","13":"shipping-taxable","14":"purchasable","15":"product-type-variable"},"yoast_head":"<!-- This site is optimized with the Yoast SEO plugin v26.4 - https:\/\/yoast.com\/wordpress\/plugins\/seo\/ -->\n<title>Short | Grisant - Studio Pixels<\/title>\n<meta name=\"robots\" content=\"index, follow, max-snippet:-1, max-image-preview:large, max-video-preview:-1\" \/>\n<link rel=\"canonical\" href=\"https:\/\/studiopixels.net\/en\/product\/short-grisant\/\" \/>\n<meta property=\"og:locale\" content=\"en_US\" \/>\n<meta property=\"og:type\" content=\"article\" \/>\n<meta property=\"og:title\" content=\"Short | Grisant - Studio Pixels\" \/>\n<meta property=\"og:description\" content=\"Performance et imprim\u00e9s en version mini! Nos shorts et mini shorts sont compatibles avec le sport et l\u2019exercice, alors n\u2019h\u00e9sitez pas \u00e0 les porter pendant vos s\u00e9ances de yoga, \u00e0 la plage, ou pour danser.\" \/>\n<meta property=\"og:url\" content=\"https:\/\/studiopixels.net\/en\/product\/short-grisant\/\" \/>\n<meta property=\"og:site_name\" content=\"Studio Pixels\" \/>\n<meta property=\"article:publisher\" content=\"https:\/\/www.facebook.com\/Studiopixelsart\" \/>\n<meta property=\"article:modified_time\" content=\"2021-03-18T14:25:40+00:00\" \/>\n<meta property=\"og:image\" content=\"https:\/\/studiopixels.net\/wp-content\/uploads\/2019\/11\/grisant-shorts-front.png\" \/>\n\t<meta property=\"og:image:width\" content=\"1120\" \/>\n\t<meta property=\"og:image:height\" content=\"1000\" \/>\n\t<meta property=\"og:image:type\" content=\"image\/png\" \/>\n<meta name=\"twitter:card\" content=\"summary_large_image\" \/>\n<script type=\"application\/ld+json\" class=\"yoast-schema-graph\">{\"@context\":\"https:\/\/schema.org\",\"@graph\":[{\"@type\":\"WebPage\",\"@id\":\"https:\/\/studiopixels.net\/produit\/short-grisant\/\",\"url\":\"https:\/\/studiopixels.net\/produit\/short-grisant\/\",\"name\":\"Short | Grisant - Studio Pixels\",\"isPartOf\":{\"@id\":\"https:\/\/studiopixels.net\/#website\"},\"primaryImageOfPage\":{\"@id\":\"https:\/\/studiopixels.net\/produit\/short-grisant\/#primaryimage\"},\"image\":{\"@id\":\"https:\/\/studiopixels.net\/produit\/short-grisant\/#primaryimage\"},\"thumbnailUrl\":\"https:\/\/studiopixels.net\/wp-content\/uploads\/2019\/11\/grisant-shorts-front.png\",\"datePublished\":\"2019-11-20T18:51:11+00:00\",\"dateModified\":\"2021-03-18T14:25:40+00:00\",\"breadcrumb\":{\"@id\":\"https:\/\/studiopixels.net\/produit\/short-grisant\/#breadcrumb\"},\"inLanguage\":\"en-CA\",\"potentialAction\":[{\"@type\":\"ReadAction\",\"target\":[\"https:\/\/studiopixels.net\/produit\/short-grisant\/\"]}]},{\"@type\":\"ImageObject\",\"inLanguage\":\"en-CA\",\"@id\":\"https:\/\/studiopixels.net\/produit\/short-grisant\/#primaryimage\",\"url\":\"https:\/\/studiopixels.net\/wp-content\/uploads\/2019\/11\/grisant-shorts-front.png\",\"contentUrl\":\"https:\/\/studiopixels.net\/wp-content\/uploads\/2019\/11\/grisant-shorts-front.png\",\"width\":1120,\"height\":1000},{\"@type\":\"BreadcrumbList\",\"@id\":\"https:\/\/studiopixels.net\/produit\/short-grisant\/#breadcrumb\",\"itemListElement\":[{\"@type\":\"ListItem\",\"position\":1,\"name\":\"Accueil\",\"item\":\"https:\/\/studiopixels.net\/\"},{\"@type\":\"ListItem\",\"position\":2,\"name\":\"Boutique\",\"item\":\"https:\/\/studiopixels.net\/boutique\/\"},{\"@type\":\"ListItem\",\"position\":3,\"name\":\"Short | Grisant\"}]},{\"@type\":\"WebSite\",\"@id\":\"https:\/\/studiopixels.net\/#website\",\"url\":\"https:\/\/studiopixels.net\/\",\"name\":\"Studio Pixels\",\"description\":\"\",\"publisher\":{\"@id\":\"https:\/\/studiopixels.net\/#organization\"},\"potentialAction\":[{\"@type\":\"SearchAction\",\"target\":{\"@type\":\"EntryPoint\",\"urlTemplate\":\"https:\/\/studiopixels.net\/?s={search_term_string}\"},\"query-input\":{\"@type\":\"PropertyValueSpecification\",\"valueRequired\":true,\"valueName\":\"search_term_string\"}}],\"inLanguage\":\"en-CA\"},{\"@type\":\"Organization\",\"@id\":\"https:\/\/studiopixels.net\/#organization\",\"name\":\"Studio Pixels\",\"url\":\"https:\/\/studiopixels.net\/\",\"logo\":{\"@type\":\"ImageObject\",\"inLanguage\":\"en-CA\",\"@id\":\"https:\/\/studiopixels.net\/#\/schema\/logo\/image\/\",\"url\":\"https:\/\/studiopixels.net\/wp-content\/uploads\/2020\/04\/cropped-Autocollant-pixels-2.jpg\",\"contentUrl\":\"https:\/\/studiopixels.net\/wp-content\/uploads\/2020\/04\/cropped-Autocollant-pixels-2.jpg\",\"width\":666,\"height\":666,\"caption\":\"Studio Pixels\"},\"image\":{\"@id\":\"https:\/\/studiopixels.net\/#\/schema\/logo\/image\/\"},\"sameAs\":[\"https:\/\/www.facebook.com\/Studiopixelsart\"]}]}<\/script>\n<!-- \/ Yoast SEO plugin. -->","yoast_head_json":{"title":"Short | Grisant - Studio Pixels","robots":{"index":"index","follow":"follow","max-snippet":"max-snippet:-1","max-image-preview":"max-image-preview:large","max-video-preview":"max-video-preview:-1"},"canonical":"https:\/\/studiopixels.net\/en\/product\/short-grisant\/","og_locale":"en_US","og_type":"article","og_title":"Short | Grisant - Studio Pixels","og_description":"Performance et imprim\u00e9s en version mini! Nos shorts et mini shorts sont compatibles avec le sport et l\u2019exercice, alors n\u2019h\u00e9sitez pas \u00e0 les porter pendant vos s\u00e9ances de yoga, \u00e0 la plage, ou pour danser.","og_url":"https:\/\/studiopixels.net\/en\/product\/short-grisant\/","og_site_name":"Studio Pixels","article_publisher":"https:\/\/www.facebook.com\/Studiopixelsart","article_modified_time":"2021-03-18T14:25:40+00:00","og_image":[{"width":1120,"height":1000,"url":"https:\/\/studiopixels.net\/wp-content\/uploads\/2019\/11\/grisant-shorts-front.png","type":"image\/png"}],"twitter_card":"summary_large_image","schema":{"@context":"https:\/\/schema.org","@graph":[{"@type":"WebPage","@id":"https:\/\/studiopixels.net\/produit\/short-grisant\/","url":"https:\/\/studiopixels.net\/produit\/short-grisant\/","name":"Short | Grisant - Studio Pixels","isPartOf":{"@id":"https:\/\/studiopixels.net\/#website"},"primaryImageOfPage":{"@id":"https:\/\/studiopixels.net\/produit\/short-grisant\/#primaryimage"},"image":{"@id":"https:\/\/studiopixels.net\/produit\/short-grisant\/#primaryimage"},"thumbnailUrl":"https:\/\/studiopixels.net\/wp-content\/uploads\/2019\/11\/grisant-shorts-front.png","datePublished":"2019-11-20T18:51:11+00:00","dateModified":"2021-03-18T14:25:40+00:00","breadcrumb":{"@id":"https:\/\/studiopixels.net\/produit\/short-grisant\/#breadcrumb"},"inLanguage":"en-CA","potentialAction":[{"@type":"ReadAction","target":["https:\/\/studiopixels.net\/produit\/short-grisant\/"]}]},{"@type":"ImageObject","inLanguage":"en-CA","@id":"https:\/\/studiopixels.net\/produit\/short-grisant\/#primaryimage","url":"https:\/\/studiopixels.net\/wp-content\/uploads\/2019\/11\/grisant-shorts-front.png","contentUrl":"https:\/\/studiopixels.net\/wp-content\/uploads\/2019\/11\/grisant-shorts-front.png","width":1120,"height":1000},{"@type":"BreadcrumbList","@id":"https:\/\/studiopixels.net\/produit\/short-grisant\/#breadcrumb","itemListElement":[{"@type":"ListItem","position":1,"name":"Accueil","item":"https:\/\/studiopixels.net\/"},{"@type":"ListItem","position":2,"name":"Boutique","item":"https:\/\/studiopixels.net\/boutique\/"},{"@type":"ListItem","position":3,"name":"Short | Grisant"}]},{"@type":"WebSite","@id":"https:\/\/studiopixels.net\/#website","url":"https:\/\/studiopixels.net\/","name":"Studio Pixels","description":"","publisher":{"@id":"https:\/\/studiopixels.net\/#organization"},"potentialAction":[{"@type":"SearchAction","target":{"@type":"EntryPoint","urlTemplate":"https:\/\/studiopixels.net\/?s={search_term_string}"},"query-input":{"@type":"PropertyValueSpecification","valueRequired":true,"valueName":"search_term_string"}}],"inLanguage":"en-CA"},{"@type":"Organization","@id":"https:\/\/studiopixels.net\/#organization","name":"Studio Pixels","url":"https:\/\/studiopixels.net\/","logo":{"@type":"ImageObject","inLanguage":"en-CA","@id":"https:\/\/studiopixels.net\/#\/schema\/logo\/image\/","url":"https:\/\/studiopixels.net\/wp-content\/uploads\/2020\/04\/cropped-Autocollant-pixels-2.jpg","contentUrl":"https:\/\/studiopixels.net\/wp-content\/uploads\/2020\/04\/cropped-Autocollant-pixels-2.jpg","width":666,"height":666,"caption":"Studio Pixels"},"image":{"@id":"https:\/\/studiopixels.net\/#\/schema\/logo\/image\/"},"sameAs":["https:\/\/www.facebook.com\/Studiopixelsart"]}]}},"uagb_featured_image_src":{"full":["https:\/\/studiopixels.net\/wp-content\/uploads\/2019\/11\/grisant-shorts-front.png",1120,1000,false],"thumbnail":["https:\/\/studiopixels.net\/wp-content\/uploads\/2019\/11\/grisant-shorts-front-150x150.png",150,150,true],"medium":["https:\/\/studiopixels.net\/wp-content\/uploads\/2019\/11\/grisant-shorts-front-300x268.png",300,268,true],"medium_large":["https:\/\/studiopixels.net\/wp-content\/uploads\/2019\/11\/grisant-shorts-front-768x686.png",768,686,true],"large":["https:\/\/studiopixels.net\/wp-content\/uploads\/2019\/11\/grisant-shorts-front-1024x914.png",1024,914,true],"1536x1536":["https:\/\/studiopixels.net\/wp-content\/uploads\/2019\/11\/grisant-shorts-front.png",1120,1000,false],"2048x2048":["https:\/\/studiopixels.net\/wp-content\/uploads\/2019\/11\/grisant-shorts-front.png",1120,1000,false],"trp-custom-language-flag":["https:\/\/studiopixels.net\/wp-content\/uploads\/2019\/11\/grisant-shorts-front.png",13,12,false],"woocommerce_thumbnail":["https:\/\/studiopixels.net\/wp-content\/uploads\/2019\/11\/grisant-shorts-front-300x300.png",300,300,true],"woocommerce_single":["https:\/\/studiopixels.net\/wp-content\/uploads\/2019\/11\/grisant-shorts-front-600x536.png",600,536,true],"woocommerce_gallery_thumbnail":["https:\/\/studiopixels.net\/wp-content\/uploads\/2019\/11\/grisant-shorts-front-100x100.png",100,100,true],"shop_catalog":["https:\/\/studiopixels.net\/wp-content\/uploads\/2019\/11\/grisant-shorts-front-300x300.png",300,300,true],"shop_single":["https:\/\/studiopixels.net\/wp-content\/uploads\/2019\/11\/grisant-shorts-front-600x536.png",600,536,true],"shop_thumbnail":["https:\/\/studiopixels.net\/wp-content\/uploads\/2019\/11\/grisant-shorts-front-100x100.png",100,100,true]},"uagb_author_info":{"display_name":"admin","author_link":"https:\/\/studiopixels.net\/en\/author\/"},"uagb_comment_info":0,"uagb_excerpt":"Performance et imprim\u00e9s en version mini! Nos shorts et mini shorts sont compatibles avec le sport et l\u2019exercice, alors n\u2019h\u00e9sitez pas \u00e0 les porter pendant vos s\u00e9ances de yoga, \u00e0 la plage, ou pour danser.","_links":{"self":[{"href":"https:\/\/studiopixels.net\/en\/wp-json\/wp\/v2\/product\/489","targetHints":{"allow":["GET"]}}],"collection":[{"href":"https:\/\/studiopixels.net\/en\/wp-json\/wp\/v2\/product"}],"about":[{"href":"https:\/\/studiopixels.net\/en\/wp-json\/wp\/v2\/types\/product"}],"replies":[{"embeddable":true,"href":"https:\/\/studiopixels.net\/en\/wp-json\/wp\/v2\/comments?post=489"}],"version-history":[{"count":1,"href":"https:\/\/studiopixels.net\/en\/wp-json\/wp\/v2\/product\/489\/revisions"}],"predecessor-version":[{"id":2765,"href":"https:\/\/studiopixels.net\/en\/wp-json\/wp\/v2\/product\/489\/revisions\/2765"}],"wp:featuredmedia":[{"embeddable":true,"href":"https:\/\/studiopixels.net\/en\/wp-json\/wp\/v2\/media\/537"}],"wp:attachment":[{"href":"https:\/\/studiopixels.net\/en\/wp-json\/wp\/v2\/media?parent=489"}],"curies":[{"name":"wp","href":"https:\/\/api.w.org\/{rel}","templated":true}]}}