{"id":4901,"date":"2022-02-22T14:45:19","date_gmt":"2022-02-22T19:45:19","guid":{"rendered":"https:\/\/studiopixels.net\/?post_type=product&#038;p=4901"},"modified":"2022-03-08T10:05:31","modified_gmt":"2022-03-08T15:05:31","slug":"ne-sais-plus-ou-donner-de-la-tete-2022-reproductions-limitees","status":"publish","type":"product","link":"https:\/\/studiopixels.net\/en\/product\/ne-sais-plus-ou-donner-de-la-tete-2022-reproductions-limitees\/","title":{"rendered":"\u00ab\u00a0Ne sais plus ou donner de la t\u00eate\u00a0\u00bb 2022 (Reproductions Limit\u00e9es)"},"content":{"rendered":"<p>\u00ab\u00a0Ne sais plus ou donner de la t\u00eate\u00a0\u00bb 2022<br \/>\nGrandeur (L x H) : 8.5 x 11<br \/>\nPapier: Aurora Art White 300<br \/>\nIl produit des impressions FineArt impressionnantes avec des couleurs vives, des noirs profonds.<\/p>\n<p>Chaque impression limit\u00e9e \u00e0 50 est sign\u00e9e.<br \/>\nToutes les impressions sont exp\u00e9di\u00e9es sans encadrement.<\/p>\n<p>Caract\u00e9ristiques :<br \/>\nImprim\u00e9e avec des encres \u00e0 pigments sur du papier d&rsquo;art blanc 100% coton et sans acide.<\/p>\n<p>Livraison partout dans le monde.<\/p>\n<p>\u0152uvre originale : disponible<\/p>","protected":false},"excerpt":{"rendered":"<p>\u00ab\u00a0Ne sais plus ou donner de la t\u00eate\u00a0\u00bb 2022<br \/>\nGrandeur (L x H) : 8.5 x 11<br \/>\nPapier: Aurora Art White 300<br \/>\nIl produit des impressions FineArt impressionnantes avec des couleurs vives, des noirs profonds.<\/p>\n<p>Chaque impression limit\u00e9e \u00e0 50 est sign\u00e9e.<br \/>\nToutes les impressions sont exp\u00e9di\u00e9es sans encadrement.<\/p>\n<p>Caract\u00e9ristiques :<br \/>\nImprim\u00e9e avec des encres \u00e0 pigments sur du papier d&rsquo;art blanc 100% coton et sans acide.<\/p>\n<p>Livraison partout dans le monde.<\/p>\n<p>\u0152uvre originale : disponible<\/p>","protected":false},"featured_media":4897,"comment_status":"open","ping_status":"closed","template":"","meta":{"_uag_custom_page_level_css":""},"class_list":{"0":"post-4901","1":"product","2":"type-product","3":"status-publish","4":"has-post-thumbnail","6":"product_cat-reproductions-petit-format","8":"first","9":"instock","10":"taxable","11":"shipping-taxable","12":"purchasable","13":"product-type-simple"},"yoast_head":"<!-- This site is optimized with the Yoast SEO plugin v26.4 - https:\/\/yoast.com\/wordpress\/plugins\/seo\/ -->\n<title>&quot;Ne sais plus ou donner de la t\u00eate&quot; 2022 (Reproductions Limit\u00e9es) - Studio Pixels<\/title>\n<meta name=\"robots\" content=\"index, follow, max-snippet:-1, max-image-preview:large, max-video-preview:-1\" \/>\n<link rel=\"canonical\" href=\"https:\/\/studiopixels.net\/en\/product\/ne-sais-plus-ou-donner-de-la-tete-2022-reproductions-limitees\/\" \/>\n<meta property=\"og:locale\" content=\"en_US\" \/>\n<meta property=\"og:type\" content=\"article\" \/>\n<meta property=\"og:title\" content=\"&quot;Ne sais plus ou donner de la t\u00eate&quot; 2022 (Reproductions Limit\u00e9es) - Studio Pixels\" \/>\n<meta property=\"og:description\" content=\"&quot;Ne sais plus ou donner de la t\u00eate&quot; 2022 Grandeur (L x H) : 8.5 x 11 Papier: Aurora Art White 300 Il produit des impressions FineArt impressionnantes avec des couleurs vives, des noirs profonds.  Chaque impression limit\u00e9e \u00e0 50 est sign\u00e9e. Toutes les impressions sont exp\u00e9di\u00e9es sans encadrement.  Caract\u00e9ristiques : Imprim\u00e9e avec des encres \u00e0 pigments sur du papier d&#039;art blanc 100% coton et sans acide.  Livraison partout dans le monde.  \u0152uvre originale : disponible\" \/>\n<meta property=\"og:url\" content=\"https:\/\/studiopixels.net\/en\/product\/ne-sais-plus-ou-donner-de-la-tete-2022-reproductions-limitees\/\" \/>\n<meta property=\"og:site_name\" content=\"Studio Pixels\" \/>\n<meta property=\"article:publisher\" content=\"https:\/\/www.facebook.com\/Studiopixelsart\" \/>\n<meta property=\"article:modified_time\" content=\"2022-03-08T15:05:31+00:00\" \/>\n<meta property=\"og:image\" content=\"https:\/\/studiopixels.net\/wp-content\/uploads\/2022\/02\/ne-sais-plus-ou-donner-de-la-te\u0302te-scaled.jpg\" \/>\n\t<meta property=\"og:image:width\" content=\"1888\" \/>\n\t<meta property=\"og:image:height\" content=\"2560\" \/>\n\t<meta property=\"og:image:type\" content=\"image\/jpeg\" \/>\n<meta name=\"twitter:card\" content=\"summary_large_image\" \/>\n<script type=\"application\/ld+json\" class=\"yoast-schema-graph\">{\"@context\":\"https:\/\/schema.org\",\"@graph\":[{\"@type\":\"WebPage\",\"@id\":\"https:\/\/studiopixels.net\/produit\/ne-sais-plus-ou-donner-de-la-tete-2022-reproductions-limitees\/\",\"url\":\"https:\/\/studiopixels.net\/produit\/ne-sais-plus-ou-donner-de-la-tete-2022-reproductions-limitees\/\",\"name\":\"\\\"Ne sais plus ou donner de la t\u00eate\\\" 2022 (Reproductions Limit\u00e9es) - Studio Pixels\",\"isPartOf\":{\"@id\":\"https:\/\/studiopixels.net\/#website\"},\"primaryImageOfPage\":{\"@id\":\"https:\/\/studiopixels.net\/produit\/ne-sais-plus-ou-donner-de-la-tete-2022-reproductions-limitees\/#primaryimage\"},\"image\":{\"@id\":\"https:\/\/studiopixels.net\/produit\/ne-sais-plus-ou-donner-de-la-tete-2022-reproductions-limitees\/#primaryimage\"},\"thumbnailUrl\":\"https:\/\/studiopixels.net\/wp-content\/uploads\/2022\/02\/ne-sais-plus-ou-donner-de-la-te\u0302te-scaled.jpg\",\"datePublished\":\"2022-02-22T19:45:19+00:00\",\"dateModified\":\"2022-03-08T15:05:31+00:00\",\"breadcrumb\":{\"@id\":\"https:\/\/studiopixels.net\/produit\/ne-sais-plus-ou-donner-de-la-tete-2022-reproductions-limitees\/#breadcrumb\"},\"inLanguage\":\"en-CA\",\"potentialAction\":[{\"@type\":\"ReadAction\",\"target\":[\"https:\/\/studiopixels.net\/produit\/ne-sais-plus-ou-donner-de-la-tete-2022-reproductions-limitees\/\"]}]},{\"@type\":\"ImageObject\",\"inLanguage\":\"en-CA\",\"@id\":\"https:\/\/studiopixels.net\/produit\/ne-sais-plus-ou-donner-de-la-tete-2022-reproductions-limitees\/#primaryimage\",\"url\":\"https:\/\/studiopixels.net\/wp-content\/uploads\/2022\/02\/ne-sais-plus-ou-donner-de-la-te\u0302te-scaled.jpg\",\"contentUrl\":\"https:\/\/studiopixels.net\/wp-content\/uploads\/2022\/02\/ne-sais-plus-ou-donner-de-la-te\u0302te-scaled.jpg\",\"width\":1888,\"height\":2560},{\"@type\":\"BreadcrumbList\",\"@id\":\"https:\/\/studiopixels.net\/produit\/ne-sais-plus-ou-donner-de-la-tete-2022-reproductions-limitees\/#breadcrumb\",\"itemListElement\":[{\"@type\":\"ListItem\",\"position\":1,\"name\":\"Accueil\",\"item\":\"https:\/\/studiopixels.net\/\"},{\"@type\":\"ListItem\",\"position\":2,\"name\":\"Boutique\",\"item\":\"https:\/\/studiopixels.net\/boutique\/\"},{\"@type\":\"ListItem\",\"position\":3,\"name\":\"\u00ab\u00a0Ne sais plus ou donner de la t\u00eate\u00a0\u00bb 2022 (Reproductions Limit\u00e9es)\"}]},{\"@type\":\"WebSite\",\"@id\":\"https:\/\/studiopixels.net\/#website\",\"url\":\"https:\/\/studiopixels.net\/\",\"name\":\"Studio Pixels\",\"description\":\"\",\"publisher\":{\"@id\":\"https:\/\/studiopixels.net\/#organization\"},\"potentialAction\":[{\"@type\":\"SearchAction\",\"target\":{\"@type\":\"EntryPoint\",\"urlTemplate\":\"https:\/\/studiopixels.net\/?s={search_term_string}\"},\"query-input\":{\"@type\":\"PropertyValueSpecification\",\"valueRequired\":true,\"valueName\":\"search_term_string\"}}],\"inLanguage\":\"en-CA\"},{\"@type\":\"Organization\",\"@id\":\"https:\/\/studiopixels.net\/#organization\",\"name\":\"Studio Pixels\",\"url\":\"https:\/\/studiopixels.net\/\",\"logo\":{\"@type\":\"ImageObject\",\"inLanguage\":\"en-CA\",\"@id\":\"https:\/\/studiopixels.net\/#\/schema\/logo\/image\/\",\"url\":\"https:\/\/studiopixels.net\/wp-content\/uploads\/2020\/04\/cropped-Autocollant-pixels-2.jpg\",\"contentUrl\":\"https:\/\/studiopixels.net\/wp-content\/uploads\/2020\/04\/cropped-Autocollant-pixels-2.jpg\",\"width\":666,\"height\":666,\"caption\":\"Studio Pixels\"},\"image\":{\"@id\":\"https:\/\/studiopixels.net\/#\/schema\/logo\/image\/\"},\"sameAs\":[\"https:\/\/www.facebook.com\/Studiopixelsart\"]}]}<\/script>\n<!-- \/ Yoast SEO plugin. -->","yoast_head_json":{"title":"\"Ne sais plus ou donner de la t\u00eate\" 2022 (Reproductions Limit\u00e9es) - Studio Pixels","robots":{"index":"index","follow":"follow","max-snippet":"max-snippet:-1","max-image-preview":"max-image-preview:large","max-video-preview":"max-video-preview:-1"},"canonical":"https:\/\/studiopixels.net\/en\/product\/ne-sais-plus-ou-donner-de-la-tete-2022-reproductions-limitees\/","og_locale":"en_US","og_type":"article","og_title":"\"Ne sais plus ou donner de la t\u00eate\" 2022 (Reproductions Limit\u00e9es) - Studio Pixels","og_description":"\"Ne sais plus ou donner de la t\u00eate\" 2022 Grandeur (L x H) : 8.5 x 11 Papier: Aurora Art White 300 Il produit des impressions FineArt impressionnantes avec des couleurs vives, des noirs profonds.  Chaque impression limit\u00e9e \u00e0 50 est sign\u00e9e. Toutes les impressions sont exp\u00e9di\u00e9es sans encadrement.  Caract\u00e9ristiques : Imprim\u00e9e avec des encres \u00e0 pigments sur du papier d'art blanc 100% coton et sans acide.  Livraison partout dans le monde.  \u0152uvre originale : disponible","og_url":"https:\/\/studiopixels.net\/en\/product\/ne-sais-plus-ou-donner-de-la-tete-2022-reproductions-limitees\/","og_site_name":"Studio Pixels","article_publisher":"https:\/\/www.facebook.com\/Studiopixelsart","article_modified_time":"2022-03-08T15:05:31+00:00","og_image":[{"width":1888,"height":2560,"url":"https:\/\/studiopixels.net\/wp-content\/uploads\/2022\/02\/ne-sais-plus-ou-donner-de-la-te\u0302te-scaled.jpg","type":"image\/jpeg"}],"twitter_card":"summary_large_image","schema":{"@context":"https:\/\/schema.org","@graph":[{"@type":"WebPage","@id":"https:\/\/studiopixels.net\/produit\/ne-sais-plus-ou-donner-de-la-tete-2022-reproductions-limitees\/","url":"https:\/\/studiopixels.net\/produit\/ne-sais-plus-ou-donner-de-la-tete-2022-reproductions-limitees\/","name":"\"Ne sais plus ou donner de la t\u00eate\" 2022 (Reproductions Limit\u00e9es) - Studio Pixels","isPartOf":{"@id":"https:\/\/studiopixels.net\/#website"},"primaryImageOfPage":{"@id":"https:\/\/studiopixels.net\/produit\/ne-sais-plus-ou-donner-de-la-tete-2022-reproductions-limitees\/#primaryimage"},"image":{"@id":"https:\/\/studiopixels.net\/produit\/ne-sais-plus-ou-donner-de-la-tete-2022-reproductions-limitees\/#primaryimage"},"thumbnailUrl":"https:\/\/studiopixels.net\/wp-content\/uploads\/2022\/02\/ne-sais-plus-ou-donner-de-la-te\u0302te-scaled.jpg","datePublished":"2022-02-22T19:45:19+00:00","dateModified":"2022-03-08T15:05:31+00:00","breadcrumb":{"@id":"https:\/\/studiopixels.net\/produit\/ne-sais-plus-ou-donner-de-la-tete-2022-reproductions-limitees\/#breadcrumb"},"inLanguage":"en-CA","potentialAction":[{"@type":"ReadAction","target":["https:\/\/studiopixels.net\/produit\/ne-sais-plus-ou-donner-de-la-tete-2022-reproductions-limitees\/"]}]},{"@type":"ImageObject","inLanguage":"en-CA","@id":"https:\/\/studiopixels.net\/produit\/ne-sais-plus-ou-donner-de-la-tete-2022-reproductions-limitees\/#primaryimage","url":"https:\/\/studiopixels.net\/wp-content\/uploads\/2022\/02\/ne-sais-plus-ou-donner-de-la-te\u0302te-scaled.jpg","contentUrl":"https:\/\/studiopixels.net\/wp-content\/uploads\/2022\/02\/ne-sais-plus-ou-donner-de-la-te\u0302te-scaled.jpg","width":1888,"height":2560},{"@type":"BreadcrumbList","@id":"https:\/\/studiopixels.net\/produit\/ne-sais-plus-ou-donner-de-la-tete-2022-reproductions-limitees\/#breadcrumb","itemListElement":[{"@type":"ListItem","position":1,"name":"Accueil","item":"https:\/\/studiopixels.net\/"},{"@type":"ListItem","position":2,"name":"Boutique","item":"https:\/\/studiopixels.net\/boutique\/"},{"@type":"ListItem","position":3,"name":"\u00ab\u00a0Ne sais plus ou donner de la t\u00eate\u00a0\u00bb 2022 (Reproductions Limit\u00e9es)"}]},{"@type":"WebSite","@id":"https:\/\/studiopixels.net\/#website","url":"https:\/\/studiopixels.net\/","name":"Studio Pixels","description":"","publisher":{"@id":"https:\/\/studiopixels.net\/#organization"},"potentialAction":[{"@type":"SearchAction","target":{"@type":"EntryPoint","urlTemplate":"https:\/\/studiopixels.net\/?s={search_term_string}"},"query-input":{"@type":"PropertyValueSpecification","valueRequired":true,"valueName":"search_term_string"}}],"inLanguage":"en-CA"},{"@type":"Organization","@id":"https:\/\/studiopixels.net\/#organization","name":"Studio Pixels","url":"https:\/\/studiopixels.net\/","logo":{"@type":"ImageObject","inLanguage":"en-CA","@id":"https:\/\/studiopixels.net\/#\/schema\/logo\/image\/","url":"https:\/\/studiopixels.net\/wp-content\/uploads\/2020\/04\/cropped-Autocollant-pixels-2.jpg","contentUrl":"https:\/\/studiopixels.net\/wp-content\/uploads\/2020\/04\/cropped-Autocollant-pixels-2.jpg","width":666,"height":666,"caption":"Studio Pixels"},"image":{"@id":"https:\/\/studiopixels.net\/#\/schema\/logo\/image\/"},"sameAs":["https:\/\/www.facebook.com\/Studiopixelsart"]}]}},"uagb_featured_image_src":{"full":["https:\/\/studiopixels.net\/wp-content\/uploads\/2022\/02\/ne-sais-plus-ou-donner-de-la-te\u0302te-scaled.jpg",1888,2560,false],"thumbnail":["https:\/\/studiopixels.net\/wp-content\/uploads\/2022\/02\/ne-sais-plus-ou-donner-de-la-te\u0302te-150x150.jpg",150,150,true],"medium":["https:\/\/studiopixels.net\/wp-content\/uploads\/2022\/02\/ne-sais-plus-ou-donner-de-la-te\u0302te-221x300.jpg",221,300,true],"medium_large":["https:\/\/studiopixels.net\/wp-content\/uploads\/2022\/02\/ne-sais-plus-ou-donner-de-la-te\u0302te-768x1042.jpg",768,1042,true],"large":["https:\/\/studiopixels.net\/wp-content\/uploads\/2022\/02\/ne-sais-plus-ou-donner-de-la-te\u0302te-755x1024.jpg",755,1024,true],"1536x1536":["https:\/\/studiopixels.net\/wp-content\/uploads\/2022\/02\/ne-sais-plus-ou-donner-de-la-te\u0302te-1133x1536.jpg",1133,1536,true],"2048x2048":["https:\/\/studiopixels.net\/wp-content\/uploads\/2022\/02\/ne-sais-plus-ou-donner-de-la-te\u0302te-1510x2048.jpg",1510,2048,true],"trp-custom-language-flag":["https:\/\/studiopixels.net\/wp-content\/uploads\/2022\/02\/ne-sais-plus-ou-donner-de-la-te\u0302te-scaled.jpg",9,12,false],"woocommerce_thumbnail":["https:\/\/studiopixels.net\/wp-content\/uploads\/2022\/02\/ne-sais-plus-ou-donner-de-la-te\u0302te-300x300.jpg",300,300,true],"woocommerce_single":["https:\/\/studiopixels.net\/wp-content\/uploads\/2022\/02\/ne-sais-plus-ou-donner-de-la-te\u0302te-600x814.jpg",600,814,true],"woocommerce_gallery_thumbnail":["https:\/\/studiopixels.net\/wp-content\/uploads\/2022\/02\/ne-sais-plus-ou-donner-de-la-te\u0302te-100x100.jpg",100,100,true],"shop_catalog":["https:\/\/studiopixels.net\/wp-content\/uploads\/2022\/02\/ne-sais-plus-ou-donner-de-la-te\u0302te-300x300.jpg",300,300,true],"shop_single":["https:\/\/studiopixels.net\/wp-content\/uploads\/2022\/02\/ne-sais-plus-ou-donner-de-la-te\u0302te-600x814.jpg",600,814,true],"shop_thumbnail":["https:\/\/studiopixels.net\/wp-content\/uploads\/2022\/02\/ne-sais-plus-ou-donner-de-la-te\u0302te-100x100.jpg",100,100,true]},"uagb_author_info":{"display_name":"admin","author_link":"https:\/\/studiopixels.net\/en\/author\/"},"uagb_comment_info":0,"uagb_excerpt":"\"Ne sais plus ou donner de la t\u00eate\" 2022 Grandeur (L x H) : 8.5 x 11 Papier: Aurora Art White 300 Il produit des impressions FineArt impressionnantes avec des couleurs vives, des noirs profonds. Chaque impression limit\u00e9e \u00e0 50 est sign\u00e9e. Toutes les impressions sont exp\u00e9di\u00e9es sans encadrement. Caract\u00e9ristiques : Imprim\u00e9e avec des encres&hellip;","_links":{"self":[{"href":"https:\/\/studiopixels.net\/en\/wp-json\/wp\/v2\/product\/4901","targetHints":{"allow":["GET"]}}],"collection":[{"href":"https:\/\/studiopixels.net\/en\/wp-json\/wp\/v2\/product"}],"about":[{"href":"https:\/\/studiopixels.net\/en\/wp-json\/wp\/v2\/types\/product"}],"replies":[{"embeddable":true,"href":"https:\/\/studiopixels.net\/en\/wp-json\/wp\/v2\/comments?post=4901"}],"version-history":[{"count":1,"href":"https:\/\/studiopixels.net\/en\/wp-json\/wp\/v2\/product\/4901\/revisions"}],"predecessor-version":[{"id":4902,"href":"https:\/\/studiopixels.net\/en\/wp-json\/wp\/v2\/product\/4901\/revisions\/4902"}],"wp:featuredmedia":[{"embeddable":true,"href":"https:\/\/studiopixels.net\/en\/wp-json\/wp\/v2\/media\/4897"}],"wp:attachment":[{"href":"https:\/\/studiopixels.net\/en\/wp-json\/wp\/v2\/media?parent=4901"}],"curies":[{"name":"wp","href":"https:\/\/api.w.org\/{rel}","templated":true}]}}