{"id":5205,"date":"2022-05-18T17:14:24","date_gmt":"2022-05-18T21:14:24","guid":{"rendered":"https:\/\/studiopixels.net\/?post_type=product&#038;p=5205"},"modified":"2025-01-19T08:50:19","modified_gmt":"2025-01-19T13:50:19","slug":"urgence-de-vivre-2022","status":"publish","type":"product","link":"https:\/\/studiopixels.net\/en\/product\/urgence-de-vivre-2022\/","title":{"rendered":"\u00ab\u00a0Urgence de vivre\u00a0\u00bb 2022"},"content":{"rendered":"<div class=\"\" data-block=\"true\" data-editor=\"4vn0c\" data-offset-key=\"3hu4n-0-0\"><\/div>\n<div class=\"\" data-block=\"true\" data-editor=\"4vn0c\" data-offset-key=\"emu4m-0-0\">\n<div class=\"_1mf _1mj\" data-offset-key=\"emu4m-0-0\"><\/div>\n<\/div>\n<div class=\"\" data-block=\"true\" data-editor=\"4vn0c\" data-offset-key=\"1a93u-0-0\">\n<div class=\"_1mf _1mj\" data-offset-key=\"1a93u-0-0\"><span data-offset-key=\"1a93u-0-0\">\u00ab\u00a0Urgence de vivre\u00a0\u00bb 2022<\/span><\/div>\n<\/div>\n<div class=\"\" data-block=\"true\" data-editor=\"4vn0c\" data-offset-key=\"1koop-0-0\">\n<div class=\"_1mf _1mj\" data-offset-key=\"1koop-0-0\"><span data-offset-key=\"1koop-0-0\">60&Prime; x 30&Prime;<\/span><\/div>\n<\/div>\n<div class=\"\" data-block=\"true\" data-editor=\"4vn0c\" data-offset-key=\"bvach-0-0\">\n<div class=\"_1mf _1mj\" data-offset-key=\"bvach-0-0\"><span data-offset-key=\"bvach-0-0\">Encre \u00e0 alcool et acrylique sur toile r\u00e9guli\u00e8re<\/span><\/div>\n<\/div>\n<div class=\"\" data-block=\"true\" data-editor=\"4vn0c\" data-offset-key=\"458gf-0-0\">\n<div class=\"_1mf _1mj\" data-offset-key=\"458gf-0-0\"><span data-offset-key=\"458gf-0-0\">Possibilit\u00e9 d&rsquo;encadrement blanc encastr\u00e9 (photo \u00e0 titre d&rsquo;exemple seulement)<br \/>\nPour commander communiquer avec la Galerie Ni vu ni cornu<br \/>\nhttps:\/\/www.nivunicornu.com\/boutique\/les-artistes-ni-vu-ni-cornu\/nancy-letourneau-artiste-ni-vu-ni-cornu\/urgence-de-vivre-de-l-artiste-nancy-letourneau.html<br \/>\n<\/span><\/div>\n<\/div>","protected":false},"excerpt":{"rendered":"<div class=\"\" data-block=\"true\" data-editor=\"4vn0c\" data-offset-key=\"3hu4n-0-0\">\n<div class=\"\" data-block=\"true\" data-editor=\"4vn0c\" data-offset-key=\"3hu4n-0-0\"><\/div>\n<div class=\"\" data-block=\"true\" data-editor=\"4vn0c\" data-offset-key=\"emu4m-0-0\">\n<div class=\"_1mf _1mj\" data-offset-key=\"emu4m-0-0\"><\/div>\n<\/div>\n<div class=\"\" data-block=\"true\" data-editor=\"4vn0c\" data-offset-key=\"1a93u-0-0\">\n<div class=\"_1mf _1mj\" data-offset-key=\"1a93u-0-0\"><span data-offset-key=\"1a93u-0-0\">\u00ab\u00a0Urgence de vivre\u00a0\u00bb 2022<\/span><\/div>\n<\/div>\n<div class=\"\" data-block=\"true\" data-editor=\"4vn0c\" data-offset-key=\"1koop-0-0\">\n<div class=\"_1mf _1mj\" data-offset-key=\"1koop-0-0\"><span data-offset-key=\"1koop-0-0\">60&Prime; x 30&Prime;<\/span><\/div>\n<\/div>\n<div class=\"\" data-block=\"true\" data-editor=\"4vn0c\" data-offset-key=\"bvach-0-0\">\n<div class=\"_1mf _1mj\" data-offset-key=\"bvach-0-0\"><span data-offset-key=\"bvach-0-0\">Encre \u00e0 alcool et acrylique sur toile r\u00e9guli\u00e8re<\/span><\/div>\n<\/div>\n<div class=\"\" data-block=\"true\" data-editor=\"4vn0c\" data-offset-key=\"458gf-0-0\">\n<div class=\"_1mf _1mj\" data-offset-key=\"458gf-0-0\"><span data-offset-key=\"458gf-0-0\">Possibilit\u00e9 d&rsquo;encadrement blanc encastr\u00e9 (photo \u00e0 titre d&rsquo;exemple seulement)<br \/>\nPour commander communiquer avec la Galerie Ni vu ni cornu<br \/>\nhttps:\/\/www.nivunicornu.com\/boutique\/les-artistes-ni-vu-ni-cornu\/nancy-letourneau-artiste-ni-vu-ni-cornu\/urgence-de-vivre-de-l-artiste-nancy-letourneau.html<br \/>\n<\/span><\/div>\n<\/div>\n<\/div>","protected":false},"featured_media":5206,"comment_status":"open","ping_status":"closed","template":"","meta":{"_uag_custom_page_level_css":""},"class_list":{"0":"post-5205","1":"product","2":"type-product","3":"status-publish","4":"has-post-thumbnail","6":"product_cat-collection-oeuvres","7":"product_cat-encre-a-lalcool","9":"first","10":"outofstock","11":"taxable","12":"shipping-taxable","13":"product-type-simple"},"yoast_head":"<!-- This site is optimized with the Yoast SEO plugin v26.4 - https:\/\/yoast.com\/wordpress\/plugins\/seo\/ -->\n<title>&quot;Urgence de vivre&quot; 2022 - Studio Pixels<\/title>\n<meta name=\"robots\" content=\"index, follow, max-snippet:-1, max-image-preview:large, max-video-preview:-1\" \/>\n<link rel=\"canonical\" href=\"https:\/\/studiopixels.net\/en\/product\/urgence-de-vivre-2022\/\" \/>\n<meta property=\"og:locale\" content=\"en_US\" \/>\n<meta property=\"og:type\" content=\"article\" \/>\n<meta property=\"og:title\" content=\"&quot;Urgence de vivre&quot; 2022 - Studio Pixels\" \/>\n<meta property=\"og:description\" content=\"&quot;Urgence de vivre&quot; 2022   60&quot; x 30&quot;   Encre \u00e0 alcool et acrylique sur toile r\u00e9guli\u00e8re   Possibilit\u00e9 d&#039;encadrement blanc encastr\u00e9 (photo \u00e0 titre d&#039;exemple seulement) Pour commander communiquer avec la Galerie Ni vu ni cornu https:\/\/www.nivunicornu.com\/boutique\/les-artistes-ni-vu-ni-cornu\/nancy-letourneau-artiste-ni-vu-ni-cornu\/urgence-de-vivre-de-l-artiste-nancy-letourneau.html\" \/>\n<meta property=\"og:url\" content=\"https:\/\/studiopixels.net\/en\/product\/urgence-de-vivre-2022\/\" \/>\n<meta property=\"og:site_name\" content=\"Studio Pixels\" \/>\n<meta property=\"article:publisher\" content=\"https:\/\/www.facebook.com\/Studiopixelsart\" \/>\n<meta property=\"article:modified_time\" content=\"2025-01-19T13:50:19+00:00\" \/>\n<meta property=\"og:image\" content=\"https:\/\/studiopixels.net\/wp-content\/uploads\/2022\/05\/urgence-de-vivre-scaled.jpg\" \/>\n\t<meta property=\"og:image:width\" content=\"2560\" \/>\n\t<meta property=\"og:image:height\" content=\"1267\" \/>\n\t<meta property=\"og:image:type\" content=\"image\/jpeg\" \/>\n<meta name=\"twitter:card\" content=\"summary_large_image\" \/>\n<script type=\"application\/ld+json\" class=\"yoast-schema-graph\">{\"@context\":\"https:\/\/schema.org\",\"@graph\":[{\"@type\":\"WebPage\",\"@id\":\"https:\/\/studiopixels.net\/produit\/urgence-de-vivre-2022\/\",\"url\":\"https:\/\/studiopixels.net\/produit\/urgence-de-vivre-2022\/\",\"name\":\"\\\"Urgence de vivre\\\" 2022 - Studio Pixels\",\"isPartOf\":{\"@id\":\"https:\/\/studiopixels.net\/#website\"},\"primaryImageOfPage\":{\"@id\":\"https:\/\/studiopixels.net\/produit\/urgence-de-vivre-2022\/#primaryimage\"},\"image\":{\"@id\":\"https:\/\/studiopixels.net\/produit\/urgence-de-vivre-2022\/#primaryimage\"},\"thumbnailUrl\":\"https:\/\/studiopixels.net\/wp-content\/uploads\/2022\/05\/urgence-de-vivre-scaled.jpg\",\"datePublished\":\"2022-05-18T21:14:24+00:00\",\"dateModified\":\"2025-01-19T13:50:19+00:00\",\"breadcrumb\":{\"@id\":\"https:\/\/studiopixels.net\/produit\/urgence-de-vivre-2022\/#breadcrumb\"},\"inLanguage\":\"en-CA\",\"potentialAction\":[{\"@type\":\"ReadAction\",\"target\":[\"https:\/\/studiopixels.net\/produit\/urgence-de-vivre-2022\/\"]}]},{\"@type\":\"ImageObject\",\"inLanguage\":\"en-CA\",\"@id\":\"https:\/\/studiopixels.net\/produit\/urgence-de-vivre-2022\/#primaryimage\",\"url\":\"https:\/\/studiopixels.net\/wp-content\/uploads\/2022\/05\/urgence-de-vivre-scaled.jpg\",\"contentUrl\":\"https:\/\/studiopixels.net\/wp-content\/uploads\/2022\/05\/urgence-de-vivre-scaled.jpg\",\"width\":2560,\"height\":1267,\"caption\":\"urgence de vivre\"},{\"@type\":\"BreadcrumbList\",\"@id\":\"https:\/\/studiopixels.net\/produit\/urgence-de-vivre-2022\/#breadcrumb\",\"itemListElement\":[{\"@type\":\"ListItem\",\"position\":1,\"name\":\"Accueil\",\"item\":\"https:\/\/studiopixels.net\/\"},{\"@type\":\"ListItem\",\"position\":2,\"name\":\"Boutique\",\"item\":\"https:\/\/studiopixels.net\/boutique\/\"},{\"@type\":\"ListItem\",\"position\":3,\"name\":\"\u00ab\u00a0Urgence de vivre\u00a0\u00bb 2022\"}]},{\"@type\":\"WebSite\",\"@id\":\"https:\/\/studiopixels.net\/#website\",\"url\":\"https:\/\/studiopixels.net\/\",\"name\":\"Studio Pixels\",\"description\":\"\",\"publisher\":{\"@id\":\"https:\/\/studiopixels.net\/#organization\"},\"potentialAction\":[{\"@type\":\"SearchAction\",\"target\":{\"@type\":\"EntryPoint\",\"urlTemplate\":\"https:\/\/studiopixels.net\/?s={search_term_string}\"},\"query-input\":{\"@type\":\"PropertyValueSpecification\",\"valueRequired\":true,\"valueName\":\"search_term_string\"}}],\"inLanguage\":\"en-CA\"},{\"@type\":\"Organization\",\"@id\":\"https:\/\/studiopixels.net\/#organization\",\"name\":\"Studio Pixels\",\"url\":\"https:\/\/studiopixels.net\/\",\"logo\":{\"@type\":\"ImageObject\",\"inLanguage\":\"en-CA\",\"@id\":\"https:\/\/studiopixels.net\/#\/schema\/logo\/image\/\",\"url\":\"https:\/\/studiopixels.net\/wp-content\/uploads\/2020\/04\/cropped-Autocollant-pixels-2.jpg\",\"contentUrl\":\"https:\/\/studiopixels.net\/wp-content\/uploads\/2020\/04\/cropped-Autocollant-pixels-2.jpg\",\"width\":666,\"height\":666,\"caption\":\"Studio Pixels\"},\"image\":{\"@id\":\"https:\/\/studiopixels.net\/#\/schema\/logo\/image\/\"},\"sameAs\":[\"https:\/\/www.facebook.com\/Studiopixelsart\"]}]}<\/script>\n<!-- \/ Yoast SEO plugin. -->","yoast_head_json":{"title":"\"Urgence de vivre\" 2022 - Studio Pixels","robots":{"index":"index","follow":"follow","max-snippet":"max-snippet:-1","max-image-preview":"max-image-preview:large","max-video-preview":"max-video-preview:-1"},"canonical":"https:\/\/studiopixels.net\/en\/product\/urgence-de-vivre-2022\/","og_locale":"en_US","og_type":"article","og_title":"\"Urgence de vivre\" 2022 - Studio Pixels","og_description":"\"Urgence de vivre\" 2022   60\" x 30\"   Encre \u00e0 alcool et acrylique sur toile r\u00e9guli\u00e8re   Possibilit\u00e9 d'encadrement blanc encastr\u00e9 (photo \u00e0 titre d'exemple seulement) Pour commander communiquer avec la Galerie Ni vu ni cornu https:\/\/www.nivunicornu.com\/boutique\/les-artistes-ni-vu-ni-cornu\/nancy-letourneau-artiste-ni-vu-ni-cornu\/urgence-de-vivre-de-l-artiste-nancy-letourneau.html","og_url":"https:\/\/studiopixels.net\/en\/product\/urgence-de-vivre-2022\/","og_site_name":"Studio Pixels","article_publisher":"https:\/\/www.facebook.com\/Studiopixelsart","article_modified_time":"2025-01-19T13:50:19+00:00","og_image":[{"width":2560,"height":1267,"url":"https:\/\/studiopixels.net\/wp-content\/uploads\/2022\/05\/urgence-de-vivre-scaled.jpg","type":"image\/jpeg"}],"twitter_card":"summary_large_image","schema":{"@context":"https:\/\/schema.org","@graph":[{"@type":"WebPage","@id":"https:\/\/studiopixels.net\/produit\/urgence-de-vivre-2022\/","url":"https:\/\/studiopixels.net\/produit\/urgence-de-vivre-2022\/","name":"\"Urgence de vivre\" 2022 - Studio Pixels","isPartOf":{"@id":"https:\/\/studiopixels.net\/#website"},"primaryImageOfPage":{"@id":"https:\/\/studiopixels.net\/produit\/urgence-de-vivre-2022\/#primaryimage"},"image":{"@id":"https:\/\/studiopixels.net\/produit\/urgence-de-vivre-2022\/#primaryimage"},"thumbnailUrl":"https:\/\/studiopixels.net\/wp-content\/uploads\/2022\/05\/urgence-de-vivre-scaled.jpg","datePublished":"2022-05-18T21:14:24+00:00","dateModified":"2025-01-19T13:50:19+00:00","breadcrumb":{"@id":"https:\/\/studiopixels.net\/produit\/urgence-de-vivre-2022\/#breadcrumb"},"inLanguage":"en-CA","potentialAction":[{"@type":"ReadAction","target":["https:\/\/studiopixels.net\/produit\/urgence-de-vivre-2022\/"]}]},{"@type":"ImageObject","inLanguage":"en-CA","@id":"https:\/\/studiopixels.net\/produit\/urgence-de-vivre-2022\/#primaryimage","url":"https:\/\/studiopixels.net\/wp-content\/uploads\/2022\/05\/urgence-de-vivre-scaled.jpg","contentUrl":"https:\/\/studiopixels.net\/wp-content\/uploads\/2022\/05\/urgence-de-vivre-scaled.jpg","width":2560,"height":1267,"caption":"urgence de vivre"},{"@type":"BreadcrumbList","@id":"https:\/\/studiopixels.net\/produit\/urgence-de-vivre-2022\/#breadcrumb","itemListElement":[{"@type":"ListItem","position":1,"name":"Accueil","item":"https:\/\/studiopixels.net\/"},{"@type":"ListItem","position":2,"name":"Boutique","item":"https:\/\/studiopixels.net\/boutique\/"},{"@type":"ListItem","position":3,"name":"\u00ab\u00a0Urgence de vivre\u00a0\u00bb 2022"}]},{"@type":"WebSite","@id":"https:\/\/studiopixels.net\/#website","url":"https:\/\/studiopixels.net\/","name":"Studio Pixels","description":"","publisher":{"@id":"https:\/\/studiopixels.net\/#organization"},"potentialAction":[{"@type":"SearchAction","target":{"@type":"EntryPoint","urlTemplate":"https:\/\/studiopixels.net\/?s={search_term_string}"},"query-input":{"@type":"PropertyValueSpecification","valueRequired":true,"valueName":"search_term_string"}}],"inLanguage":"en-CA"},{"@type":"Organization","@id":"https:\/\/studiopixels.net\/#organization","name":"Studio Pixels","url":"https:\/\/studiopixels.net\/","logo":{"@type":"ImageObject","inLanguage":"en-CA","@id":"https:\/\/studiopixels.net\/#\/schema\/logo\/image\/","url":"https:\/\/studiopixels.net\/wp-content\/uploads\/2020\/04\/cropped-Autocollant-pixels-2.jpg","contentUrl":"https:\/\/studiopixels.net\/wp-content\/uploads\/2020\/04\/cropped-Autocollant-pixels-2.jpg","width":666,"height":666,"caption":"Studio Pixels"},"image":{"@id":"https:\/\/studiopixels.net\/#\/schema\/logo\/image\/"},"sameAs":["https:\/\/www.facebook.com\/Studiopixelsart"]}]}},"uagb_featured_image_src":{"full":["https:\/\/studiopixels.net\/wp-content\/uploads\/2022\/05\/urgence-de-vivre-scaled.jpg",2560,1267,false],"thumbnail":["https:\/\/studiopixels.net\/wp-content\/uploads\/2022\/05\/urgence-de-vivre-150x150.jpg",150,150,true],"medium":["https:\/\/studiopixels.net\/wp-content\/uploads\/2022\/05\/urgence-de-vivre-300x149.jpg",300,149,true],"medium_large":["https:\/\/studiopixels.net\/wp-content\/uploads\/2022\/05\/urgence-de-vivre-768x380.jpg",768,380,true],"large":["https:\/\/studiopixels.net\/wp-content\/uploads\/2022\/05\/urgence-de-vivre-1024x507.jpg",1024,507,true],"1536x1536":["https:\/\/studiopixels.net\/wp-content\/uploads\/2022\/05\/urgence-de-vivre-1536x760.jpg",1536,760,true],"2048x2048":["https:\/\/studiopixels.net\/wp-content\/uploads\/2022\/05\/urgence-de-vivre-2048x1014.jpg",2048,1014,true],"trp-custom-language-flag":["https:\/\/studiopixels.net\/wp-content\/uploads\/2022\/05\/urgence-de-vivre-scaled.jpg",18,9,false],"woocommerce_thumbnail":["https:\/\/studiopixels.net\/wp-content\/uploads\/2022\/05\/urgence-de-vivre-300x300.jpg",300,300,true],"woocommerce_single":["https:\/\/studiopixels.net\/wp-content\/uploads\/2022\/05\/urgence-de-vivre-600x297.jpg",600,297,true],"woocommerce_gallery_thumbnail":["https:\/\/studiopixels.net\/wp-content\/uploads\/2022\/05\/urgence-de-vivre-100x100.jpg",100,100,true],"shop_catalog":["https:\/\/studiopixels.net\/wp-content\/uploads\/2022\/05\/urgence-de-vivre-300x300.jpg",300,300,true],"shop_single":["https:\/\/studiopixels.net\/wp-content\/uploads\/2022\/05\/urgence-de-vivre-600x297.jpg",600,297,true],"shop_thumbnail":["https:\/\/studiopixels.net\/wp-content\/uploads\/2022\/05\/urgence-de-vivre-100x100.jpg",100,100,true]},"uagb_author_info":{"display_name":"admin","author_link":"https:\/\/studiopixels.net\/en\/author\/"},"uagb_comment_info":0,"uagb_excerpt":"\"Urgence de vivre\" 2022 60\" x 30\" Encre \u00e0 alcool et acrylique sur toile r\u00e9guli\u00e8re Possibilit\u00e9 d'encadrement blanc encastr\u00e9 (photo \u00e0 titre d'exemple seulement) Pour commander communiquer avec la Galerie Ni vu ni cornu https:\/\/www.nivunicornu.com\/boutique\/les-artistes-ni-vu-ni-cornu\/nancy-letourneau-artiste-ni-vu-ni-cornu\/urgence-de-vivre-de-l-artiste-nancy-letourneau.html","_links":{"self":[{"href":"https:\/\/studiopixels.net\/en\/wp-json\/wp\/v2\/product\/5205","targetHints":{"allow":["GET"]}}],"collection":[{"href":"https:\/\/studiopixels.net\/en\/wp-json\/wp\/v2\/product"}],"about":[{"href":"https:\/\/studiopixels.net\/en\/wp-json\/wp\/v2\/types\/product"}],"replies":[{"embeddable":true,"href":"https:\/\/studiopixels.net\/en\/wp-json\/wp\/v2\/comments?post=5205"}],"version-history":[{"count":2,"href":"https:\/\/studiopixels.net\/en\/wp-json\/wp\/v2\/product\/5205\/revisions"}],"predecessor-version":[{"id":6492,"href":"https:\/\/studiopixels.net\/en\/wp-json\/wp\/v2\/product\/5205\/revisions\/6492"}],"wp:featuredmedia":[{"embeddable":true,"href":"https:\/\/studiopixels.net\/en\/wp-json\/wp\/v2\/media\/5206"}],"wp:attachment":[{"href":"https:\/\/studiopixels.net\/en\/wp-json\/wp\/v2\/media?parent=5205"}],"curies":[{"name":"wp","href":"https:\/\/api.w.org\/{rel}","templated":true}]}}