{"id":5800,"date":"2022-10-06T15:03:54","date_gmt":"2022-10-06T19:03:54","guid":{"rendered":"https:\/\/studiopixels.net\/?post_type=product&#038;p=5800"},"modified":"2022-10-11T12:37:01","modified_gmt":"2022-10-11T16:37:01","slug":"reussir-a-te-faire-voir-la-lumiere-2022","status":"publish","type":"product","link":"https:\/\/studiopixels.net\/en\/product\/reussir-a-te-faire-voir-la-lumiere-2022\/","title":{"rendered":"R\u00e9ussir \u00e0 te faire voir la lumi\u00e8re, 2022"},"content":{"rendered":"<p>R\u00e9ussir \u00e0 te faire voir la lumi\u00e8re, 2022<br \/>\n(S\u00e9rie Horizon)<br \/>\nTechnique mixte sur bois galerie<br \/>\nImpasto<br \/>\n40\u2033 x 20\u2033<\/p>","protected":false},"excerpt":{"rendered":"<p>R\u00e9ussir \u00e0 te faire voir la lumi\u00e8re, 2022<br \/>\n(S\u00e9rie Horizon)<br \/>\nTechnique mixte sur bois galerie<br \/>\nImpasto<br \/>\n40\u2033 x 20\u2033<\/p>","protected":false},"featured_media":5802,"comment_status":"open","ping_status":"closed","template":"","meta":{"_uag_custom_page_level_css":""},"class_list":{"0":"post-5800","1":"product","2":"type-product","3":"status-publish","4":"has-post-thumbnail","6":"product_cat-collection-oeuvres","7":"product_cat-horizon","9":"first","10":"outofstock","11":"taxable","12":"shipping-taxable","13":"purchasable","14":"product-type-simple"},"yoast_head":"<!-- This site is optimized with the Yoast SEO plugin v26.4 - https:\/\/yoast.com\/wordpress\/plugins\/seo\/ -->\n<title>R\u00e9ussir \u00e0 te faire voir la lumi\u00e8re, 2022 - Studio Pixels<\/title>\n<meta name=\"robots\" content=\"index, follow, max-snippet:-1, max-image-preview:large, max-video-preview:-1\" \/>\n<link rel=\"canonical\" href=\"https:\/\/studiopixels.net\/en\/product\/reussir-a-te-faire-voir-la-lumiere-2022\/\" \/>\n<meta property=\"og:locale\" content=\"en_US\" \/>\n<meta property=\"og:type\" content=\"article\" \/>\n<meta property=\"og:title\" content=\"R\u00e9ussir \u00e0 te faire voir la lumi\u00e8re, 2022 - Studio Pixels\" \/>\n<meta property=\"og:description\" content=\"R\u00e9ussir \u00e0 te faire voir la lumi\u00e8re, 2022 (S\u00e9rie Horizon) Technique mixte sur bois galerie Impasto 40\u2033 x 20\u2033\" \/>\n<meta property=\"og:url\" content=\"https:\/\/studiopixels.net\/en\/product\/reussir-a-te-faire-voir-la-lumiere-2022\/\" \/>\n<meta property=\"og:site_name\" content=\"Studio Pixels\" \/>\n<meta property=\"article:publisher\" content=\"https:\/\/www.facebook.com\/Studiopixelsart\" \/>\n<meta property=\"article:modified_time\" content=\"2022-10-11T16:37:01+00:00\" \/>\n<meta property=\"og:image\" content=\"https:\/\/studiopixels.net\/wp-content\/uploads\/2022\/10\/reussir-a\u0300-te-faire-voir-la-lumiere-scaled.jpg\" \/>\n\t<meta property=\"og:image:width\" content=\"2560\" \/>\n\t<meta property=\"og:image:height\" content=\"1301\" \/>\n\t<meta property=\"og:image:type\" content=\"image\/jpeg\" \/>\n<meta name=\"twitter:card\" content=\"summary_large_image\" \/>\n<script type=\"application\/ld+json\" class=\"yoast-schema-graph\">{\"@context\":\"https:\/\/schema.org\",\"@graph\":[{\"@type\":\"WebPage\",\"@id\":\"https:\/\/studiopixels.net\/produit\/reussir-a-te-faire-voir-la-lumiere-2022\/\",\"url\":\"https:\/\/studiopixels.net\/produit\/reussir-a-te-faire-voir-la-lumiere-2022\/\",\"name\":\"R\u00e9ussir \u00e0 te faire voir la lumi\u00e8re, 2022 - Studio Pixels\",\"isPartOf\":{\"@id\":\"https:\/\/studiopixels.net\/#website\"},\"primaryImageOfPage\":{\"@id\":\"https:\/\/studiopixels.net\/produit\/reussir-a-te-faire-voir-la-lumiere-2022\/#primaryimage\"},\"image\":{\"@id\":\"https:\/\/studiopixels.net\/produit\/reussir-a-te-faire-voir-la-lumiere-2022\/#primaryimage\"},\"thumbnailUrl\":\"https:\/\/studiopixels.net\/wp-content\/uploads\/2022\/10\/reussir-a\u0300-te-faire-voir-la-lumiere-scaled.jpg\",\"datePublished\":\"2022-10-06T19:03:54+00:00\",\"dateModified\":\"2022-10-11T16:37:01+00:00\",\"breadcrumb\":{\"@id\":\"https:\/\/studiopixels.net\/produit\/reussir-a-te-faire-voir-la-lumiere-2022\/#breadcrumb\"},\"inLanguage\":\"en-CA\",\"potentialAction\":[{\"@type\":\"ReadAction\",\"target\":[\"https:\/\/studiopixels.net\/produit\/reussir-a-te-faire-voir-la-lumiere-2022\/\"]}]},{\"@type\":\"ImageObject\",\"inLanguage\":\"en-CA\",\"@id\":\"https:\/\/studiopixels.net\/produit\/reussir-a-te-faire-voir-la-lumiere-2022\/#primaryimage\",\"url\":\"https:\/\/studiopixels.net\/wp-content\/uploads\/2022\/10\/reussir-a\u0300-te-faire-voir-la-lumiere-scaled.jpg\",\"contentUrl\":\"https:\/\/studiopixels.net\/wp-content\/uploads\/2022\/10\/reussir-a\u0300-te-faire-voir-la-lumiere-scaled.jpg\",\"width\":2560,\"height\":1301},{\"@type\":\"BreadcrumbList\",\"@id\":\"https:\/\/studiopixels.net\/produit\/reussir-a-te-faire-voir-la-lumiere-2022\/#breadcrumb\",\"itemListElement\":[{\"@type\":\"ListItem\",\"position\":1,\"name\":\"Accueil\",\"item\":\"https:\/\/studiopixels.net\/\"},{\"@type\":\"ListItem\",\"position\":2,\"name\":\"Boutique\",\"item\":\"https:\/\/studiopixels.net\/boutique\/\"},{\"@type\":\"ListItem\",\"position\":3,\"name\":\"R\u00e9ussir \u00e0 te faire voir la lumi\u00e8re, 2022\"}]},{\"@type\":\"WebSite\",\"@id\":\"https:\/\/studiopixels.net\/#website\",\"url\":\"https:\/\/studiopixels.net\/\",\"name\":\"Studio Pixels\",\"description\":\"\",\"publisher\":{\"@id\":\"https:\/\/studiopixels.net\/#organization\"},\"potentialAction\":[{\"@type\":\"SearchAction\",\"target\":{\"@type\":\"EntryPoint\",\"urlTemplate\":\"https:\/\/studiopixels.net\/?s={search_term_string}\"},\"query-input\":{\"@type\":\"PropertyValueSpecification\",\"valueRequired\":true,\"valueName\":\"search_term_string\"}}],\"inLanguage\":\"en-CA\"},{\"@type\":\"Organization\",\"@id\":\"https:\/\/studiopixels.net\/#organization\",\"name\":\"Studio Pixels\",\"url\":\"https:\/\/studiopixels.net\/\",\"logo\":{\"@type\":\"ImageObject\",\"inLanguage\":\"en-CA\",\"@id\":\"https:\/\/studiopixels.net\/#\/schema\/logo\/image\/\",\"url\":\"https:\/\/studiopixels.net\/wp-content\/uploads\/2020\/04\/cropped-Autocollant-pixels-2.jpg\",\"contentUrl\":\"https:\/\/studiopixels.net\/wp-content\/uploads\/2020\/04\/cropped-Autocollant-pixels-2.jpg\",\"width\":666,\"height\":666,\"caption\":\"Studio Pixels\"},\"image\":{\"@id\":\"https:\/\/studiopixels.net\/#\/schema\/logo\/image\/\"},\"sameAs\":[\"https:\/\/www.facebook.com\/Studiopixelsart\"]}]}<\/script>\n<!-- \/ Yoast SEO plugin. -->","yoast_head_json":{"title":"R\u00e9ussir \u00e0 te faire voir la lumi\u00e8re, 2022 - Studio Pixels","robots":{"index":"index","follow":"follow","max-snippet":"max-snippet:-1","max-image-preview":"max-image-preview:large","max-video-preview":"max-video-preview:-1"},"canonical":"https:\/\/studiopixels.net\/en\/product\/reussir-a-te-faire-voir-la-lumiere-2022\/","og_locale":"en_US","og_type":"article","og_title":"R\u00e9ussir \u00e0 te faire voir la lumi\u00e8re, 2022 - Studio Pixels","og_description":"R\u00e9ussir \u00e0 te faire voir la lumi\u00e8re, 2022 (S\u00e9rie Horizon) Technique mixte sur bois galerie Impasto 40\u2033 x 20\u2033","og_url":"https:\/\/studiopixels.net\/en\/product\/reussir-a-te-faire-voir-la-lumiere-2022\/","og_site_name":"Studio Pixels","article_publisher":"https:\/\/www.facebook.com\/Studiopixelsart","article_modified_time":"2022-10-11T16:37:01+00:00","og_image":[{"width":2560,"height":1301,"url":"https:\/\/studiopixels.net\/wp-content\/uploads\/2022\/10\/reussir-a\u0300-te-faire-voir-la-lumiere-scaled.jpg","type":"image\/jpeg"}],"twitter_card":"summary_large_image","schema":{"@context":"https:\/\/schema.org","@graph":[{"@type":"WebPage","@id":"https:\/\/studiopixels.net\/produit\/reussir-a-te-faire-voir-la-lumiere-2022\/","url":"https:\/\/studiopixels.net\/produit\/reussir-a-te-faire-voir-la-lumiere-2022\/","name":"R\u00e9ussir \u00e0 te faire voir la lumi\u00e8re, 2022 - Studio Pixels","isPartOf":{"@id":"https:\/\/studiopixels.net\/#website"},"primaryImageOfPage":{"@id":"https:\/\/studiopixels.net\/produit\/reussir-a-te-faire-voir-la-lumiere-2022\/#primaryimage"},"image":{"@id":"https:\/\/studiopixels.net\/produit\/reussir-a-te-faire-voir-la-lumiere-2022\/#primaryimage"},"thumbnailUrl":"https:\/\/studiopixels.net\/wp-content\/uploads\/2022\/10\/reussir-a\u0300-te-faire-voir-la-lumiere-scaled.jpg","datePublished":"2022-10-06T19:03:54+00:00","dateModified":"2022-10-11T16:37:01+00:00","breadcrumb":{"@id":"https:\/\/studiopixels.net\/produit\/reussir-a-te-faire-voir-la-lumiere-2022\/#breadcrumb"},"inLanguage":"en-CA","potentialAction":[{"@type":"ReadAction","target":["https:\/\/studiopixels.net\/produit\/reussir-a-te-faire-voir-la-lumiere-2022\/"]}]},{"@type":"ImageObject","inLanguage":"en-CA","@id":"https:\/\/studiopixels.net\/produit\/reussir-a-te-faire-voir-la-lumiere-2022\/#primaryimage","url":"https:\/\/studiopixels.net\/wp-content\/uploads\/2022\/10\/reussir-a\u0300-te-faire-voir-la-lumiere-scaled.jpg","contentUrl":"https:\/\/studiopixels.net\/wp-content\/uploads\/2022\/10\/reussir-a\u0300-te-faire-voir-la-lumiere-scaled.jpg","width":2560,"height":1301},{"@type":"BreadcrumbList","@id":"https:\/\/studiopixels.net\/produit\/reussir-a-te-faire-voir-la-lumiere-2022\/#breadcrumb","itemListElement":[{"@type":"ListItem","position":1,"name":"Accueil","item":"https:\/\/studiopixels.net\/"},{"@type":"ListItem","position":2,"name":"Boutique","item":"https:\/\/studiopixels.net\/boutique\/"},{"@type":"ListItem","position":3,"name":"R\u00e9ussir \u00e0 te faire voir la lumi\u00e8re, 2022"}]},{"@type":"WebSite","@id":"https:\/\/studiopixels.net\/#website","url":"https:\/\/studiopixels.net\/","name":"Studio Pixels","description":"","publisher":{"@id":"https:\/\/studiopixels.net\/#organization"},"potentialAction":[{"@type":"SearchAction","target":{"@type":"EntryPoint","urlTemplate":"https:\/\/studiopixels.net\/?s={search_term_string}"},"query-input":{"@type":"PropertyValueSpecification","valueRequired":true,"valueName":"search_term_string"}}],"inLanguage":"en-CA"},{"@type":"Organization","@id":"https:\/\/studiopixels.net\/#organization","name":"Studio Pixels","url":"https:\/\/studiopixels.net\/","logo":{"@type":"ImageObject","inLanguage":"en-CA","@id":"https:\/\/studiopixels.net\/#\/schema\/logo\/image\/","url":"https:\/\/studiopixels.net\/wp-content\/uploads\/2020\/04\/cropped-Autocollant-pixels-2.jpg","contentUrl":"https:\/\/studiopixels.net\/wp-content\/uploads\/2020\/04\/cropped-Autocollant-pixels-2.jpg","width":666,"height":666,"caption":"Studio Pixels"},"image":{"@id":"https:\/\/studiopixels.net\/#\/schema\/logo\/image\/"},"sameAs":["https:\/\/www.facebook.com\/Studiopixelsart"]}]}},"uagb_featured_image_src":{"full":["https:\/\/studiopixels.net\/wp-content\/uploads\/2022\/10\/reussir-a\u0300-te-faire-voir-la-lumiere-scaled.jpg",2560,1301,false],"thumbnail":["https:\/\/studiopixels.net\/wp-content\/uploads\/2022\/10\/reussir-a\u0300-te-faire-voir-la-lumiere-150x150.jpg",150,150,true],"medium":["https:\/\/studiopixels.net\/wp-content\/uploads\/2022\/10\/reussir-a\u0300-te-faire-voir-la-lumiere-300x152.jpg",300,152,true],"medium_large":["https:\/\/studiopixels.net\/wp-content\/uploads\/2022\/10\/reussir-a\u0300-te-faire-voir-la-lumiere-768x390.jpg",768,390,true],"large":["https:\/\/studiopixels.net\/wp-content\/uploads\/2022\/10\/reussir-a\u0300-te-faire-voir-la-lumiere-1024x520.jpg",1024,520,true],"1536x1536":["https:\/\/studiopixels.net\/wp-content\/uploads\/2022\/10\/reussir-a\u0300-te-faire-voir-la-lumiere-1536x780.jpg",1536,780,true],"2048x2048":["https:\/\/studiopixels.net\/wp-content\/uploads\/2022\/10\/reussir-a\u0300-te-faire-voir-la-lumiere-2048x1040.jpg",2048,1040,true],"trp-custom-language-flag":["https:\/\/studiopixels.net\/wp-content\/uploads\/2022\/10\/reussir-a\u0300-te-faire-voir-la-lumiere-scaled.jpg",18,9,false],"woocommerce_thumbnail":["https:\/\/studiopixels.net\/wp-content\/uploads\/2022\/10\/reussir-a\u0300-te-faire-voir-la-lumiere-300x300.jpg",300,300,true],"woocommerce_single":["https:\/\/studiopixels.net\/wp-content\/uploads\/2022\/10\/reussir-a\u0300-te-faire-voir-la-lumiere-600x305.jpg",600,305,true],"woocommerce_gallery_thumbnail":["https:\/\/studiopixels.net\/wp-content\/uploads\/2022\/10\/reussir-a\u0300-te-faire-voir-la-lumiere-100x100.jpg",100,100,true],"shop_catalog":["https:\/\/studiopixels.net\/wp-content\/uploads\/2022\/10\/reussir-a\u0300-te-faire-voir-la-lumiere-300x300.jpg",300,300,true],"shop_single":["https:\/\/studiopixels.net\/wp-content\/uploads\/2022\/10\/reussir-a\u0300-te-faire-voir-la-lumiere-600x305.jpg",600,305,true],"shop_thumbnail":["https:\/\/studiopixels.net\/wp-content\/uploads\/2022\/10\/reussir-a\u0300-te-faire-voir-la-lumiere-100x100.jpg",100,100,true]},"uagb_author_info":{"display_name":"admin","author_link":"https:\/\/studiopixels.net\/en\/author\/"},"uagb_comment_info":0,"uagb_excerpt":"R\u00e9ussir \u00e0 te faire voir la lumi\u00e8re, 2022 (S\u00e9rie Horizon) Technique mixte sur bois galerie Impasto 40\u2033 x 20\u2033","_links":{"self":[{"href":"https:\/\/studiopixels.net\/en\/wp-json\/wp\/v2\/product\/5800","targetHints":{"allow":["GET"]}}],"collection":[{"href":"https:\/\/studiopixels.net\/en\/wp-json\/wp\/v2\/product"}],"about":[{"href":"https:\/\/studiopixels.net\/en\/wp-json\/wp\/v2\/types\/product"}],"replies":[{"embeddable":true,"href":"https:\/\/studiopixels.net\/en\/wp-json\/wp\/v2\/comments?post=5800"}],"version-history":[{"count":1,"href":"https:\/\/studiopixels.net\/en\/wp-json\/wp\/v2\/product\/5800\/revisions"}],"predecessor-version":[{"id":5803,"href":"https:\/\/studiopixels.net\/en\/wp-json\/wp\/v2\/product\/5800\/revisions\/5803"}],"wp:featuredmedia":[{"embeddable":true,"href":"https:\/\/studiopixels.net\/en\/wp-json\/wp\/v2\/media\/5802"}],"wp:attachment":[{"href":"https:\/\/studiopixels.net\/en\/wp-json\/wp\/v2\/media?parent=5800"}],"curies":[{"name":"wp","href":"https:\/\/api.w.org\/{rel}","templated":true}]}}