{"id":584,"date":"2019-11-20T19:53:11","date_gmt":"2019-11-20T18:53:11","guid":{"rendered":"http:\/\/localhost\/studiopixels\/index.php\/product\/import-placeholder-for-36694\/"},"modified":"2020-10-21T20:21:14","modified_gmt":"2020-10-22T00:21:14","slug":"boxers-tdah","status":"publish","type":"product","link":"https:\/\/studiopixels.net\/en\/product\/boxers-tdah\/","title":{"rendered":"Boxers | TDAH"},"content":{"rendered":"<p>Fabriqu\u00e9 et produit au Canada<br \/>\nFabriqu\u00e9s avec notre jersey effet peau de p\u00eache extr\u00eamement doux, avec 92 % de polyester et 8 % d\u2019\u00e9lasthanne et doublure en coton spandex pour plus de confort.<\/p>\n<p>Ceinture \u00e9lastique de 1.25\u201d enti\u00e8rement imprim\u00e9e.<br \/>\nLes coutures Activeseam sont con\u00e7ues pour accompagner vos mouvements et ont un rendu lisse et sans bosses<\/p>\n<p>Imprim\u00e9 de sublimation ultra color\u00e9, qui ne d\u00e9lave pas, m\u00eame apr\u00e8s des lavages r\u00e9p\u00e9t\u00e9s, et m\u00eame en le portant r\u00e9guli\u00e8rement.<\/p>","protected":false},"excerpt":{"rendered":"<p>Fabriqu\u00e9 et produit au Canada Fabriqu\u00e9s avec notre jersey effet peau de p\u00eache extr\u00eamement doux, avec 92 % de polyester et 8 % d\u2019\u00e9lasthanne et doublure en coton spandex pour plus de confort. Ceinture \u00e9lastique de 1.25\u201d enti\u00e8rement imprim\u00e9e. Les coutures Activeseam sont con\u00e7ues pour accompagner vos mouvements et ont un rendu lisse et sans &hellip;<\/p>\n<p class=\"read-more\"> <a class=\"\" href=\"https:\/\/studiopixels.net\/en\/product\/boxers-tdah\/\"> <span class=\"screen-reader-text\">Boxers | TDAH<\/span> Read More &raquo;<\/a><\/p>","protected":false},"featured_media":619,"comment_status":"open","ping_status":"closed","template":"","meta":{"_uag_custom_page_level_css":""},"class_list":{"0":"post-584","1":"product","2":"type-product","3":"status-publish","4":"has-post-thumbnail","6":"product_cat-boxers","7":"product_shipping_class-free-shipping","9":"first","10":"instock","11":"taxable","12":"shipping-taxable","13":"purchasable","14":"product-type-variable"},"yoast_head":"<!-- This site is optimized with the Yoast SEO plugin v26.4 - https:\/\/yoast.com\/wordpress\/plugins\/seo\/ -->\n<title>Boxers | TDAH - Studio Pixels<\/title>\n<meta name=\"robots\" content=\"index, follow, max-snippet:-1, max-image-preview:large, max-video-preview:-1\" \/>\n<link rel=\"canonical\" href=\"https:\/\/studiopixels.net\/en\/product\/boxers-tdah\/\" \/>\n<meta property=\"og:locale\" content=\"en_US\" \/>\n<meta property=\"og:type\" content=\"article\" \/>\n<meta property=\"og:title\" content=\"Boxers | TDAH - Studio Pixels\" \/>\n<meta property=\"og:description\" content=\"Fabriqu\u00e9 et produit au Canada Fabriqu\u00e9s avec notre jersey effet peau de p\u00eache extr\u00eamement doux, avec 92 % de polyester et 8 % d\u2019\u00e9lasthanne et doublure en coton spandex pour plus de confort. Ceinture \u00e9lastique de 1.25\u201d enti\u00e8rement imprim\u00e9e. Les coutures Activeseam sont con\u00e7ues pour accompagner vos mouvements et ont un rendu lisse et sans &hellip; Boxers | TDAH Read More &raquo;\" \/>\n<meta property=\"og:url\" content=\"https:\/\/studiopixels.net\/en\/product\/boxers-tdah\/\" \/>\n<meta property=\"og:site_name\" content=\"Studio Pixels\" \/>\n<meta property=\"article:publisher\" content=\"https:\/\/www.facebook.com\/Studiopixelsart\" \/>\n<meta property=\"article:modified_time\" content=\"2020-10-22T00:21:14+00:00\" \/>\n<meta property=\"og:image\" content=\"https:\/\/studiopixels.net\/wp-content\/uploads\/2019\/11\/preview-boxer-briefs-2193789-scene-front.png\" \/>\n\t<meta property=\"og:image:width\" content=\"1120\" \/>\n\t<meta property=\"og:image:height\" content=\"1000\" \/>\n\t<meta property=\"og:image:type\" content=\"image\/png\" \/>\n<meta name=\"twitter:card\" content=\"summary_large_image\" \/>\n<script type=\"application\/ld+json\" class=\"yoast-schema-graph\">{\"@context\":\"https:\/\/schema.org\",\"@graph\":[{\"@type\":\"WebPage\",\"@id\":\"https:\/\/studiopixels.net\/produit\/boxers-tdah\/\",\"url\":\"https:\/\/studiopixels.net\/produit\/boxers-tdah\/\",\"name\":\"Boxers | TDAH - Studio Pixels\",\"isPartOf\":{\"@id\":\"https:\/\/studiopixels.net\/#website\"},\"primaryImageOfPage\":{\"@id\":\"https:\/\/studiopixels.net\/produit\/boxers-tdah\/#primaryimage\"},\"image\":{\"@id\":\"https:\/\/studiopixels.net\/produit\/boxers-tdah\/#primaryimage\"},\"thumbnailUrl\":\"https:\/\/studiopixels.net\/wp-content\/uploads\/2019\/11\/preview-boxer-briefs-2193789-scene-front.png\",\"datePublished\":\"2019-11-20T18:53:11+00:00\",\"dateModified\":\"2020-10-22T00:21:14+00:00\",\"breadcrumb\":{\"@id\":\"https:\/\/studiopixels.net\/produit\/boxers-tdah\/#breadcrumb\"},\"inLanguage\":\"en-CA\",\"potentialAction\":[{\"@type\":\"ReadAction\",\"target\":[\"https:\/\/studiopixels.net\/produit\/boxers-tdah\/\"]}]},{\"@type\":\"ImageObject\",\"inLanguage\":\"en-CA\",\"@id\":\"https:\/\/studiopixels.net\/produit\/boxers-tdah\/#primaryimage\",\"url\":\"https:\/\/studiopixels.net\/wp-content\/uploads\/2019\/11\/preview-boxer-briefs-2193789-scene-front.png\",\"contentUrl\":\"https:\/\/studiopixels.net\/wp-content\/uploads\/2019\/11\/preview-boxer-briefs-2193789-scene-front.png\",\"width\":1120,\"height\":1000},{\"@type\":\"BreadcrumbList\",\"@id\":\"https:\/\/studiopixels.net\/produit\/boxers-tdah\/#breadcrumb\",\"itemListElement\":[{\"@type\":\"ListItem\",\"position\":1,\"name\":\"Accueil\",\"item\":\"https:\/\/studiopixels.net\/\"},{\"@type\":\"ListItem\",\"position\":2,\"name\":\"Boutique\",\"item\":\"https:\/\/studiopixels.net\/boutique\/\"},{\"@type\":\"ListItem\",\"position\":3,\"name\":\"Boxers | TDAH\"}]},{\"@type\":\"WebSite\",\"@id\":\"https:\/\/studiopixels.net\/#website\",\"url\":\"https:\/\/studiopixels.net\/\",\"name\":\"Studio Pixels\",\"description\":\"\",\"publisher\":{\"@id\":\"https:\/\/studiopixels.net\/#organization\"},\"potentialAction\":[{\"@type\":\"SearchAction\",\"target\":{\"@type\":\"EntryPoint\",\"urlTemplate\":\"https:\/\/studiopixels.net\/?s={search_term_string}\"},\"query-input\":{\"@type\":\"PropertyValueSpecification\",\"valueRequired\":true,\"valueName\":\"search_term_string\"}}],\"inLanguage\":\"en-CA\"},{\"@type\":\"Organization\",\"@id\":\"https:\/\/studiopixels.net\/#organization\",\"name\":\"Studio Pixels\",\"url\":\"https:\/\/studiopixels.net\/\",\"logo\":{\"@type\":\"ImageObject\",\"inLanguage\":\"en-CA\",\"@id\":\"https:\/\/studiopixels.net\/#\/schema\/logo\/image\/\",\"url\":\"https:\/\/studiopixels.net\/wp-content\/uploads\/2020\/04\/cropped-Autocollant-pixels-2.jpg\",\"contentUrl\":\"https:\/\/studiopixels.net\/wp-content\/uploads\/2020\/04\/cropped-Autocollant-pixels-2.jpg\",\"width\":666,\"height\":666,\"caption\":\"Studio Pixels\"},\"image\":{\"@id\":\"https:\/\/studiopixels.net\/#\/schema\/logo\/image\/\"},\"sameAs\":[\"https:\/\/www.facebook.com\/Studiopixelsart\"]}]}<\/script>\n<!-- \/ Yoast SEO plugin. -->","yoast_head_json":{"title":"Boxers | TDAH - Studio Pixels","robots":{"index":"index","follow":"follow","max-snippet":"max-snippet:-1","max-image-preview":"max-image-preview:large","max-video-preview":"max-video-preview:-1"},"canonical":"https:\/\/studiopixels.net\/en\/product\/boxers-tdah\/","og_locale":"en_US","og_type":"article","og_title":"Boxers | TDAH - Studio Pixels","og_description":"Fabriqu\u00e9 et produit au Canada Fabriqu\u00e9s avec notre jersey effet peau de p\u00eache extr\u00eamement doux, avec 92 % de polyester et 8 % d\u2019\u00e9lasthanne et doublure en coton spandex pour plus de confort. Ceinture \u00e9lastique de 1.25\u201d enti\u00e8rement imprim\u00e9e. Les coutures Activeseam sont con\u00e7ues pour accompagner vos mouvements et ont un rendu lisse et sans &hellip; Boxers | TDAH Read More &raquo;","og_url":"https:\/\/studiopixels.net\/en\/product\/boxers-tdah\/","og_site_name":"Studio Pixels","article_publisher":"https:\/\/www.facebook.com\/Studiopixelsart","article_modified_time":"2020-10-22T00:21:14+00:00","og_image":[{"width":1120,"height":1000,"url":"https:\/\/studiopixels.net\/wp-content\/uploads\/2019\/11\/preview-boxer-briefs-2193789-scene-front.png","type":"image\/png"}],"twitter_card":"summary_large_image","schema":{"@context":"https:\/\/schema.org","@graph":[{"@type":"WebPage","@id":"https:\/\/studiopixels.net\/produit\/boxers-tdah\/","url":"https:\/\/studiopixels.net\/produit\/boxers-tdah\/","name":"Boxers | TDAH - Studio Pixels","isPartOf":{"@id":"https:\/\/studiopixels.net\/#website"},"primaryImageOfPage":{"@id":"https:\/\/studiopixels.net\/produit\/boxers-tdah\/#primaryimage"},"image":{"@id":"https:\/\/studiopixels.net\/produit\/boxers-tdah\/#primaryimage"},"thumbnailUrl":"https:\/\/studiopixels.net\/wp-content\/uploads\/2019\/11\/preview-boxer-briefs-2193789-scene-front.png","datePublished":"2019-11-20T18:53:11+00:00","dateModified":"2020-10-22T00:21:14+00:00","breadcrumb":{"@id":"https:\/\/studiopixels.net\/produit\/boxers-tdah\/#breadcrumb"},"inLanguage":"en-CA","potentialAction":[{"@type":"ReadAction","target":["https:\/\/studiopixels.net\/produit\/boxers-tdah\/"]}]},{"@type":"ImageObject","inLanguage":"en-CA","@id":"https:\/\/studiopixels.net\/produit\/boxers-tdah\/#primaryimage","url":"https:\/\/studiopixels.net\/wp-content\/uploads\/2019\/11\/preview-boxer-briefs-2193789-scene-front.png","contentUrl":"https:\/\/studiopixels.net\/wp-content\/uploads\/2019\/11\/preview-boxer-briefs-2193789-scene-front.png","width":1120,"height":1000},{"@type":"BreadcrumbList","@id":"https:\/\/studiopixels.net\/produit\/boxers-tdah\/#breadcrumb","itemListElement":[{"@type":"ListItem","position":1,"name":"Accueil","item":"https:\/\/studiopixels.net\/"},{"@type":"ListItem","position":2,"name":"Boutique","item":"https:\/\/studiopixels.net\/boutique\/"},{"@type":"ListItem","position":3,"name":"Boxers | TDAH"}]},{"@type":"WebSite","@id":"https:\/\/studiopixels.net\/#website","url":"https:\/\/studiopixels.net\/","name":"Studio Pixels","description":"","publisher":{"@id":"https:\/\/studiopixels.net\/#organization"},"potentialAction":[{"@type":"SearchAction","target":{"@type":"EntryPoint","urlTemplate":"https:\/\/studiopixels.net\/?s={search_term_string}"},"query-input":{"@type":"PropertyValueSpecification","valueRequired":true,"valueName":"search_term_string"}}],"inLanguage":"en-CA"},{"@type":"Organization","@id":"https:\/\/studiopixels.net\/#organization","name":"Studio Pixels","url":"https:\/\/studiopixels.net\/","logo":{"@type":"ImageObject","inLanguage":"en-CA","@id":"https:\/\/studiopixels.net\/#\/schema\/logo\/image\/","url":"https:\/\/studiopixels.net\/wp-content\/uploads\/2020\/04\/cropped-Autocollant-pixels-2.jpg","contentUrl":"https:\/\/studiopixels.net\/wp-content\/uploads\/2020\/04\/cropped-Autocollant-pixels-2.jpg","width":666,"height":666,"caption":"Studio Pixels"},"image":{"@id":"https:\/\/studiopixels.net\/#\/schema\/logo\/image\/"},"sameAs":["https:\/\/www.facebook.com\/Studiopixelsart"]}]}},"uagb_featured_image_src":{"full":["https:\/\/studiopixels.net\/wp-content\/uploads\/2019\/11\/preview-boxer-briefs-2193789-scene-front.png",1120,1000,false],"thumbnail":["https:\/\/studiopixels.net\/wp-content\/uploads\/2019\/11\/preview-boxer-briefs-2193789-scene-front-150x150.png",150,150,true],"medium":["https:\/\/studiopixels.net\/wp-content\/uploads\/2019\/11\/preview-boxer-briefs-2193789-scene-front-300x268.png",300,268,true],"medium_large":["https:\/\/studiopixels.net\/wp-content\/uploads\/2019\/11\/preview-boxer-briefs-2193789-scene-front-768x686.png",768,686,true],"large":["https:\/\/studiopixels.net\/wp-content\/uploads\/2019\/11\/preview-boxer-briefs-2193789-scene-front-1024x914.png",1024,914,true],"1536x1536":["https:\/\/studiopixels.net\/wp-content\/uploads\/2019\/11\/preview-boxer-briefs-2193789-scene-front.png",1120,1000,false],"2048x2048":["https:\/\/studiopixels.net\/wp-content\/uploads\/2019\/11\/preview-boxer-briefs-2193789-scene-front.png",1120,1000,false],"trp-custom-language-flag":["https:\/\/studiopixels.net\/wp-content\/uploads\/2019\/11\/preview-boxer-briefs-2193789-scene-front.png",13,12,false],"woocommerce_thumbnail":["https:\/\/studiopixels.net\/wp-content\/uploads\/2019\/11\/preview-boxer-briefs-2193789-scene-front-300x300.png",300,300,true],"woocommerce_single":["https:\/\/studiopixels.net\/wp-content\/uploads\/2019\/11\/preview-boxer-briefs-2193789-scene-front-600x536.png",600,536,true],"woocommerce_gallery_thumbnail":["https:\/\/studiopixels.net\/wp-content\/uploads\/2019\/11\/preview-boxer-briefs-2193789-scene-front-100x100.png",100,100,true],"shop_catalog":["https:\/\/studiopixels.net\/wp-content\/uploads\/2019\/11\/preview-boxer-briefs-2193789-scene-front-300x300.png",300,300,true],"shop_single":["https:\/\/studiopixels.net\/wp-content\/uploads\/2019\/11\/preview-boxer-briefs-2193789-scene-front-600x536.png",600,536,true],"shop_thumbnail":["https:\/\/studiopixels.net\/wp-content\/uploads\/2019\/11\/preview-boxer-briefs-2193789-scene-front-100x100.png",100,100,true]},"uagb_author_info":{"display_name":"admin","author_link":"https:\/\/studiopixels.net\/en\/author\/"},"uagb_comment_info":0,"uagb_excerpt":"Fabriqu\u00e9 et produit au Canada Fabriqu\u00e9s avec notre jersey effet peau de p\u00eache extr\u00eamement doux, avec 92 % de polyester et 8 % d\u2019\u00e9lasthanne et doublure en coton spandex pour plus de confort. Ceinture \u00e9lastique de 1.25\u201d enti\u00e8rement imprim\u00e9e. Les coutures Activeseam sont con\u00e7ues pour accompagner vos mouvements et ont un rendu lisse et sans&hellip;","_links":{"self":[{"href":"https:\/\/studiopixels.net\/en\/wp-json\/wp\/v2\/product\/584","targetHints":{"allow":["GET"]}}],"collection":[{"href":"https:\/\/studiopixels.net\/en\/wp-json\/wp\/v2\/product"}],"about":[{"href":"https:\/\/studiopixels.net\/en\/wp-json\/wp\/v2\/types\/product"}],"replies":[{"embeddable":true,"href":"https:\/\/studiopixels.net\/en\/wp-json\/wp\/v2\/comments?post=584"}],"version-history":[{"count":1,"href":"https:\/\/studiopixels.net\/en\/wp-json\/wp\/v2\/product\/584\/revisions"}],"predecessor-version":[{"id":2755,"href":"https:\/\/studiopixels.net\/en\/wp-json\/wp\/v2\/product\/584\/revisions\/2755"}],"wp:featuredmedia":[{"embeddable":true,"href":"https:\/\/studiopixels.net\/en\/wp-json\/wp\/v2\/media\/619"}],"wp:attachment":[{"href":"https:\/\/studiopixels.net\/en\/wp-json\/wp\/v2\/media?parent=584"}],"curies":[{"name":"wp","href":"https:\/\/api.w.org\/{rel}","templated":true}]}}