{"id":68,"date":"2019-11-20T19:43:55","date_gmt":"2019-11-20T18:43:55","guid":{"rendered":"http:\/\/localhost\/studiopixels\/index.php\/product\/import-placeholder-for-29411\/"},"modified":"2024-11-07T16:04:11","modified_gmt":"2024-11-07T21:04:11","slug":"pendentif-footprint-inspire-altra","status":"publish","type":"product","link":"https:\/\/studiopixels.net\/en\/product\/pendentif-footprint-inspire-altra\/","title":{"rendered":"Pendentif Footprint inspir\u00e9 \u00ab\u00a0Altra\u00a0\u00bb"},"content":{"rendered":"<p>Pendentif Footprint<br \/>\nInspir\u00e9 \u00ab Altra \u00bb<br \/>\nCr\u00e9ation qu\u00e9b\u00e9coise de\u00a0<strong><a href=\"http:\/\/robertlanglois.ca\/\">Robert Langlois joaillier<\/a><\/strong>.<br \/>\nFait d&rsquo;argent 0.925<\/p>","protected":false},"excerpt":{"rendered":"<p>Pendentif Footprint Inspir\u00e9 \u00ab Altra \u00bb Cr\u00e9ation qu\u00e9b\u00e9coise de\u00a0Robert Langlois joaillier. Fait d&rsquo;argent 0.925<\/p>","protected":false},"featured_media":91,"comment_status":"open","ping_status":"closed","template":"","meta":{"_uag_custom_page_level_css":""},"class_list":{"0":"post-68","1":"product","2":"type-product","3":"status-publish","4":"has-post-thumbnail","6":"product_cat-pendentif","7":"product_shipping_class-free-shipping","9":"first","10":"instock","11":"taxable","12":"shipping-taxable","13":"purchasable","14":"product-type-simple"},"yoast_head":"<!-- This site is optimized with the Yoast SEO plugin v26.4 - https:\/\/yoast.com\/wordpress\/plugins\/seo\/ -->\n<title>Pendentif Footprint inspir\u00e9 &quot;Altra&quot; - Studio Pixels<\/title>\n<meta name=\"robots\" content=\"index, follow, max-snippet:-1, max-image-preview:large, max-video-preview:-1\" \/>\n<link rel=\"canonical\" href=\"https:\/\/studiopixels.net\/en\/product\/pendentif-footprint-inspire-altra\/\" \/>\n<meta property=\"og:locale\" content=\"en_US\" \/>\n<meta property=\"og:type\" content=\"article\" \/>\n<meta property=\"og:title\" content=\"Pendentif Footprint inspir\u00e9 &quot;Altra&quot; - Studio Pixels\" \/>\n<meta property=\"og:description\" content=\"Pendentif Footprint Inspir\u00e9 \u00ab Altra \u00bb Cr\u00e9ation qu\u00e9b\u00e9coise de\u00a0Robert Langlois joaillier. Fait d&rsquo;argent 0.925\" \/>\n<meta property=\"og:url\" content=\"https:\/\/studiopixels.net\/en\/product\/pendentif-footprint-inspire-altra\/\" \/>\n<meta property=\"og:site_name\" content=\"Studio Pixels\" \/>\n<meta property=\"article:publisher\" content=\"https:\/\/www.facebook.com\/Studiopixelsart\" \/>\n<meta property=\"article:modified_time\" content=\"2024-11-07T21:04:11+00:00\" \/>\n<meta property=\"og:image\" content=\"https:\/\/studiopixels.net\/wp-content\/uploads\/2019\/11\/Altra-montage.jpg\" \/>\n\t<meta property=\"og:image:width\" content=\"1080\" \/>\n\t<meta property=\"og:image:height\" content=\"1080\" \/>\n\t<meta property=\"og:image:type\" content=\"image\/jpeg\" \/>\n<meta name=\"twitter:card\" content=\"summary_large_image\" \/>\n<script type=\"application\/ld+json\" class=\"yoast-schema-graph\">{\"@context\":\"https:\/\/schema.org\",\"@graph\":[{\"@type\":\"WebPage\",\"@id\":\"https:\/\/studiopixels.net\/produit\/pendentif-footprint-inspire-altra\/\",\"url\":\"https:\/\/studiopixels.net\/produit\/pendentif-footprint-inspire-altra\/\",\"name\":\"Pendentif Footprint inspir\u00e9 \\\"Altra\\\" - Studio Pixels\",\"isPartOf\":{\"@id\":\"https:\/\/studiopixels.net\/#website\"},\"primaryImageOfPage\":{\"@id\":\"https:\/\/studiopixels.net\/produit\/pendentif-footprint-inspire-altra\/#primaryimage\"},\"image\":{\"@id\":\"https:\/\/studiopixels.net\/produit\/pendentif-footprint-inspire-altra\/#primaryimage\"},\"thumbnailUrl\":\"https:\/\/studiopixels.net\/wp-content\/uploads\/2019\/11\/Altra-montage.jpg\",\"datePublished\":\"2019-11-20T18:43:55+00:00\",\"dateModified\":\"2024-11-07T21:04:11+00:00\",\"breadcrumb\":{\"@id\":\"https:\/\/studiopixels.net\/produit\/pendentif-footprint-inspire-altra\/#breadcrumb\"},\"inLanguage\":\"en-CA\",\"potentialAction\":[{\"@type\":\"ReadAction\",\"target\":[\"https:\/\/studiopixels.net\/produit\/pendentif-footprint-inspire-altra\/\"]}]},{\"@type\":\"ImageObject\",\"inLanguage\":\"en-CA\",\"@id\":\"https:\/\/studiopixels.net\/produit\/pendentif-footprint-inspire-altra\/#primaryimage\",\"url\":\"https:\/\/studiopixels.net\/wp-content\/uploads\/2019\/11\/Altra-montage.jpg\",\"contentUrl\":\"https:\/\/studiopixels.net\/wp-content\/uploads\/2019\/11\/Altra-montage.jpg\",\"width\":1080,\"height\":1080},{\"@type\":\"BreadcrumbList\",\"@id\":\"https:\/\/studiopixels.net\/produit\/pendentif-footprint-inspire-altra\/#breadcrumb\",\"itemListElement\":[{\"@type\":\"ListItem\",\"position\":1,\"name\":\"Accueil\",\"item\":\"https:\/\/studiopixels.net\/\"},{\"@type\":\"ListItem\",\"position\":2,\"name\":\"Boutique\",\"item\":\"https:\/\/studiopixels.net\/boutique\/\"},{\"@type\":\"ListItem\",\"position\":3,\"name\":\"Pendentif Footprint inspir\u00e9 \u00ab\u00a0Altra\u00a0\u00bb\"}]},{\"@type\":\"WebSite\",\"@id\":\"https:\/\/studiopixels.net\/#website\",\"url\":\"https:\/\/studiopixels.net\/\",\"name\":\"Studio Pixels\",\"description\":\"\",\"publisher\":{\"@id\":\"https:\/\/studiopixels.net\/#organization\"},\"potentialAction\":[{\"@type\":\"SearchAction\",\"target\":{\"@type\":\"EntryPoint\",\"urlTemplate\":\"https:\/\/studiopixels.net\/?s={search_term_string}\"},\"query-input\":{\"@type\":\"PropertyValueSpecification\",\"valueRequired\":true,\"valueName\":\"search_term_string\"}}],\"inLanguage\":\"en-CA\"},{\"@type\":\"Organization\",\"@id\":\"https:\/\/studiopixels.net\/#organization\",\"name\":\"Studio Pixels\",\"url\":\"https:\/\/studiopixels.net\/\",\"logo\":{\"@type\":\"ImageObject\",\"inLanguage\":\"en-CA\",\"@id\":\"https:\/\/studiopixels.net\/#\/schema\/logo\/image\/\",\"url\":\"https:\/\/studiopixels.net\/wp-content\/uploads\/2020\/04\/cropped-Autocollant-pixels-2.jpg\",\"contentUrl\":\"https:\/\/studiopixels.net\/wp-content\/uploads\/2020\/04\/cropped-Autocollant-pixels-2.jpg\",\"width\":666,\"height\":666,\"caption\":\"Studio Pixels\"},\"image\":{\"@id\":\"https:\/\/studiopixels.net\/#\/schema\/logo\/image\/\"},\"sameAs\":[\"https:\/\/www.facebook.com\/Studiopixelsart\"]}]}<\/script>\n<!-- \/ Yoast SEO plugin. -->","yoast_head_json":{"title":"Pendentif Footprint inspir\u00e9 \"Altra\" - Studio Pixels","robots":{"index":"index","follow":"follow","max-snippet":"max-snippet:-1","max-image-preview":"max-image-preview:large","max-video-preview":"max-video-preview:-1"},"canonical":"https:\/\/studiopixels.net\/en\/product\/pendentif-footprint-inspire-altra\/","og_locale":"en_US","og_type":"article","og_title":"Pendentif Footprint inspir\u00e9 \"Altra\" - Studio Pixels","og_description":"Pendentif Footprint Inspir\u00e9 \u00ab Altra \u00bb Cr\u00e9ation qu\u00e9b\u00e9coise de\u00a0Robert Langlois joaillier. Fait d&rsquo;argent 0.925","og_url":"https:\/\/studiopixels.net\/en\/product\/pendentif-footprint-inspire-altra\/","og_site_name":"Studio Pixels","article_publisher":"https:\/\/www.facebook.com\/Studiopixelsart","article_modified_time":"2024-11-07T21:04:11+00:00","og_image":[{"width":1080,"height":1080,"url":"https:\/\/studiopixels.net\/wp-content\/uploads\/2019\/11\/Altra-montage.jpg","type":"image\/jpeg"}],"twitter_card":"summary_large_image","schema":{"@context":"https:\/\/schema.org","@graph":[{"@type":"WebPage","@id":"https:\/\/studiopixels.net\/produit\/pendentif-footprint-inspire-altra\/","url":"https:\/\/studiopixels.net\/produit\/pendentif-footprint-inspire-altra\/","name":"Pendentif Footprint inspir\u00e9 \"Altra\" - Studio Pixels","isPartOf":{"@id":"https:\/\/studiopixels.net\/#website"},"primaryImageOfPage":{"@id":"https:\/\/studiopixels.net\/produit\/pendentif-footprint-inspire-altra\/#primaryimage"},"image":{"@id":"https:\/\/studiopixels.net\/produit\/pendentif-footprint-inspire-altra\/#primaryimage"},"thumbnailUrl":"https:\/\/studiopixels.net\/wp-content\/uploads\/2019\/11\/Altra-montage.jpg","datePublished":"2019-11-20T18:43:55+00:00","dateModified":"2024-11-07T21:04:11+00:00","breadcrumb":{"@id":"https:\/\/studiopixels.net\/produit\/pendentif-footprint-inspire-altra\/#breadcrumb"},"inLanguage":"en-CA","potentialAction":[{"@type":"ReadAction","target":["https:\/\/studiopixels.net\/produit\/pendentif-footprint-inspire-altra\/"]}]},{"@type":"ImageObject","inLanguage":"en-CA","@id":"https:\/\/studiopixels.net\/produit\/pendentif-footprint-inspire-altra\/#primaryimage","url":"https:\/\/studiopixels.net\/wp-content\/uploads\/2019\/11\/Altra-montage.jpg","contentUrl":"https:\/\/studiopixels.net\/wp-content\/uploads\/2019\/11\/Altra-montage.jpg","width":1080,"height":1080},{"@type":"BreadcrumbList","@id":"https:\/\/studiopixels.net\/produit\/pendentif-footprint-inspire-altra\/#breadcrumb","itemListElement":[{"@type":"ListItem","position":1,"name":"Accueil","item":"https:\/\/studiopixels.net\/"},{"@type":"ListItem","position":2,"name":"Boutique","item":"https:\/\/studiopixels.net\/boutique\/"},{"@type":"ListItem","position":3,"name":"Pendentif Footprint inspir\u00e9 \u00ab\u00a0Altra\u00a0\u00bb"}]},{"@type":"WebSite","@id":"https:\/\/studiopixels.net\/#website","url":"https:\/\/studiopixels.net\/","name":"Studio Pixels","description":"","publisher":{"@id":"https:\/\/studiopixels.net\/#organization"},"potentialAction":[{"@type":"SearchAction","target":{"@type":"EntryPoint","urlTemplate":"https:\/\/studiopixels.net\/?s={search_term_string}"},"query-input":{"@type":"PropertyValueSpecification","valueRequired":true,"valueName":"search_term_string"}}],"inLanguage":"en-CA"},{"@type":"Organization","@id":"https:\/\/studiopixels.net\/#organization","name":"Studio Pixels","url":"https:\/\/studiopixels.net\/","logo":{"@type":"ImageObject","inLanguage":"en-CA","@id":"https:\/\/studiopixels.net\/#\/schema\/logo\/image\/","url":"https:\/\/studiopixels.net\/wp-content\/uploads\/2020\/04\/cropped-Autocollant-pixels-2.jpg","contentUrl":"https:\/\/studiopixels.net\/wp-content\/uploads\/2020\/04\/cropped-Autocollant-pixels-2.jpg","width":666,"height":666,"caption":"Studio Pixels"},"image":{"@id":"https:\/\/studiopixels.net\/#\/schema\/logo\/image\/"},"sameAs":["https:\/\/www.facebook.com\/Studiopixelsart"]}]}},"uagb_featured_image_src":{"full":["https:\/\/studiopixels.net\/wp-content\/uploads\/2019\/11\/Altra-montage.jpg",1080,1080,false],"thumbnail":["https:\/\/studiopixels.net\/wp-content\/uploads\/2019\/11\/Altra-montage-150x150.jpg",150,150,true],"medium":["https:\/\/studiopixels.net\/wp-content\/uploads\/2019\/11\/Altra-montage-300x300.jpg",300,300,true],"medium_large":["https:\/\/studiopixels.net\/wp-content\/uploads\/2019\/11\/Altra-montage-768x768.jpg",768,768,true],"large":["https:\/\/studiopixels.net\/wp-content\/uploads\/2019\/11\/Altra-montage-1024x1024.jpg",1024,1024,true],"1536x1536":["https:\/\/studiopixels.net\/wp-content\/uploads\/2019\/11\/Altra-montage.jpg",1080,1080,false],"2048x2048":["https:\/\/studiopixels.net\/wp-content\/uploads\/2019\/11\/Altra-montage.jpg",1080,1080,false],"trp-custom-language-flag":["https:\/\/studiopixels.net\/wp-content\/uploads\/2019\/11\/Altra-montage.jpg",12,12,false],"woocommerce_thumbnail":["https:\/\/studiopixels.net\/wp-content\/uploads\/2019\/11\/Altra-montage-300x300.jpg",300,300,true],"woocommerce_single":["https:\/\/studiopixels.net\/wp-content\/uploads\/2019\/11\/Altra-montage-600x600.jpg",600,600,true],"woocommerce_gallery_thumbnail":["https:\/\/studiopixels.net\/wp-content\/uploads\/2019\/11\/Altra-montage-100x100.jpg",100,100,true],"shop_catalog":["https:\/\/studiopixels.net\/wp-content\/uploads\/2019\/11\/Altra-montage-300x300.jpg",300,300,true],"shop_single":["https:\/\/studiopixels.net\/wp-content\/uploads\/2019\/11\/Altra-montage-600x600.jpg",600,600,true],"shop_thumbnail":["https:\/\/studiopixels.net\/wp-content\/uploads\/2019\/11\/Altra-montage-100x100.jpg",100,100,true]},"uagb_author_info":{"display_name":"admin","author_link":"https:\/\/studiopixels.net\/en\/author\/"},"uagb_comment_info":1,"uagb_excerpt":"Pendentif Footprint Inspir\u00e9 \u00ab Altra \u00bb Cr\u00e9ation qu\u00e9b\u00e9coise de\u00a0Robert Langlois joaillier. Fait d&rsquo;argent 0.925","_links":{"self":[{"href":"https:\/\/studiopixels.net\/en\/wp-json\/wp\/v2\/product\/68","targetHints":{"allow":["GET"]}}],"collection":[{"href":"https:\/\/studiopixels.net\/en\/wp-json\/wp\/v2\/product"}],"about":[{"href":"https:\/\/studiopixels.net\/en\/wp-json\/wp\/v2\/types\/product"}],"replies":[{"embeddable":true,"href":"https:\/\/studiopixels.net\/en\/wp-json\/wp\/v2\/comments?post=68"}],"version-history":[{"count":1,"href":"https:\/\/studiopixels.net\/en\/wp-json\/wp\/v2\/product\/68\/revisions"}],"predecessor-version":[{"id":1546,"href":"https:\/\/studiopixels.net\/en\/wp-json\/wp\/v2\/product\/68\/revisions\/1546"}],"wp:featuredmedia":[{"embeddable":true,"href":"https:\/\/studiopixels.net\/en\/wp-json\/wp\/v2\/media\/91"}],"wp:attachment":[{"href":"https:\/\/studiopixels.net\/en\/wp-json\/wp\/v2\/media?parent=68"}],"curies":[{"name":"wp","href":"https:\/\/api.w.org\/{rel}","templated":true}]}}