{"id":6819,"date":"2023-05-17T17:12:47","date_gmt":"2023-05-17T21:12:47","guid":{"rendered":"https:\/\/studiopixels.net\/?post_type=product&#038;p=6819"},"modified":"2024-05-11T12:54:19","modified_gmt":"2024-05-11T16:54:19","slug":"aux-lisieres-dun-dernier-instant-2023","status":"publish","type":"product","link":"https:\/\/studiopixels.net\/en\/product\/aux-lisieres-dun-dernier-instant-2023\/","title":{"rendered":"\u00ab\u00a0Aux lisi\u00e8res d&rsquo;un dernier instant\u00a0\u00bb, 2023"},"content":{"rendered":"<p>\u00ab\u00a0Aux lisi\u00e8res d&rsquo;un dernier instant\u00a0\u00bb, 2023<br \/>\n26&Prime; x 20&Prime;<br \/>\nEncre sur yupo<br \/>\nEncadrement \u00e0 titre d&rsquo;exemple, possibilit\u00e9 d&rsquo;un encadrement blanc.<\/p>\n<p>TEXTE : Les militaires nous regardaient attentivement sans oscillement<br \/>\nPr\u00e9occup\u00e9 par la mission, nous ne pouvions leur pr\u00eater attention.<br \/>\nTous pouilleux, le vent pr\u00e9tentieux les flagellait tous avec ses cristaux fait d\u2019or bleu<br \/>\nOh mis\u00e8re,<br \/>\nqui marque au fer toutes nos m\u00e8res !<br \/>\nOh mis\u00e8re,<br \/>\n\u00e9pargne chacun de nos fr\u00e8res !<br \/>\nIls \u00e9taient le martyr d\u2019un id\u00e9al repr\u00e9sent\u00e9 par la libert\u00e9<br \/>\nIls allaient mourir pour un g\u00e9n\u00e9ral d\u00e9connect\u00e9 de la r\u00e9alit\u00e9<br \/>\nFerment\u00e9 jusqu\u2019\u00e0 en devenir inapprochable,<br \/>\nleurs destin\u00e9es me semblaient in\u00e9branlables<br \/>\nOh temps,<br \/>\nne nous laisse pas dans ces champs nous charcutant<br \/>\nOh temps,<br \/>\nnous ne sommes point consentants pour ce contre-temps<br \/>\nIls ne pouvaient pas tous partir,<br \/>\npuisqu\u2019aucun n\u2019avait encore vu grandir<br \/>\nIls ne pouvaient pas partir,<br \/>\nparce qu&rsquo;ils avaient tous jur\u00e9 revenir<\/p>\n<p>&#8211; texte : Matis Langlois<\/p>","protected":false},"excerpt":{"rendered":"<p>\u00ab\u00a0Aux lisi\u00e8res d&rsquo;un dernier instant\u00a0\u00bb, 2023<br \/>\n26&Prime; x 20&Prime;<br \/>\nEncre sur yupo<br \/>\nEncadrement \u00e0 titre d&rsquo;exemple, possibilit\u00e9 d&rsquo;un encadrement blanc.<\/p>\n<p>&nbsp;<\/p>\n<p>TEXTE : Les militaires nous regardaient attentivement sans oscillement<br \/>\nPr\u00e9occup\u00e9 par la mission, nous ne pouvions leur pr\u00eater attention.<br \/>\nTous pouilleux, le vent pr\u00e9tentieux les flagellait tous avec ses cristaux fait d\u2019or bleu<br \/>\nOh mis\u00e8re,<br \/>\nqui marque au fer toutes nos m\u00e8res !<br \/>\nOh mis\u00e8re,<br \/>\n\u00e9pargne chacun de nos fr\u00e8res !<br \/>\nIls \u00e9taient le martyr d\u2019un id\u00e9al repr\u00e9sent\u00e9 par la libert\u00e9<br \/>\nIls allaient mourir pour un g\u00e9n\u00e9ral d\u00e9connect\u00e9 de la r\u00e9alit\u00e9<br \/>\nFerment\u00e9 jusqu\u2019\u00e0 en devenir inapprochable,<br \/>\nleurs destin\u00e9es me semblaient in\u00e9branlables<br \/>\nOh temps,<br \/>\nne nous laisse pas dans ces champs nous charcutant<br \/>\nOh temps,<br \/>\nnous ne sommes point consentants pour ce contre-temps<br \/>\nIls ne pouvaient pas tous partir,<br \/>\npuisqu\u2019aucun n\u2019avait encore vu grandir<br \/>\nIls ne pouvaient pas partir,<br \/>\nparce qu&rsquo;ils avaient tous jur\u00e9 revenir<\/p>\n<p>&#8211; texte : Matis Langlois<\/p>","protected":false},"featured_media":6822,"comment_status":"open","ping_status":"closed","template":"","meta":{"_uag_custom_page_level_css":""},"class_list":{"0":"post-6819","1":"product","2":"type-product","3":"status-publish","4":"has-post-thumbnail","6":"product_cat-collection-oeuvres","7":"product_cat-encre-a-lalcool","9":"first","10":"outofstock","11":"sold-individually","12":"taxable","13":"shipping-taxable","14":"product-type-simple"},"yoast_head":"<!-- This site is optimized with the Yoast SEO plugin v26.4 - https:\/\/yoast.com\/wordpress\/plugins\/seo\/ -->\n<title>&quot;Aux lisi\u00e8res d&#039;un dernier instant&quot;, 2023 - Studio Pixels<\/title>\n<meta name=\"robots\" content=\"index, follow, max-snippet:-1, max-image-preview:large, max-video-preview:-1\" \/>\n<link rel=\"canonical\" href=\"https:\/\/studiopixels.net\/en\/product\/aux-lisieres-dun-dernier-instant-2023\/\" \/>\n<meta property=\"og:locale\" content=\"en_US\" \/>\n<meta property=\"og:type\" content=\"article\" \/>\n<meta property=\"og:title\" content=\"&quot;Aux lisi\u00e8res d&#039;un dernier instant&quot;, 2023 - Studio Pixels\" \/>\n<meta property=\"og:description\" content=\"&quot;Aux lisi\u00e8res d&#039;un dernier instant&quot;, 2023 26&quot; x 20&quot; Encre sur yupo Encadrement \u00e0 titre d&#039;exemple, possibilit\u00e9 d&#039;un encadrement blanc.  &nbsp;  TEXTE : Les militaires nous regardaient attentivement sans oscillement Pr\u00e9occup\u00e9 par la mission, nous ne pouvions leur pr\u00eater attention. Tous pouilleux, le vent pr\u00e9tentieux les flagellait tous avec ses cristaux fait d\u2019or bleu Oh mis\u00e8re, qui marque au fer toutes nos m\u00e8res ! Oh mis\u00e8re, \u00e9pargne chacun de nos fr\u00e8res ! Ils \u00e9taient le martyr d\u2019un id\u00e9al repr\u00e9sent\u00e9 par la libert\u00e9 Ils allaient mourir pour un g\u00e9n\u00e9ral d\u00e9connect\u00e9 de la r\u00e9alit\u00e9 Ferment\u00e9 jusqu\u2019\u00e0 en devenir inapprochable, leurs destin\u00e9es me semblaient in\u00e9branlables Oh temps, ne nous laisse pas dans ces champs nous charcutant Oh temps, nous ne sommes point consentants pour ce contre-temps Ils ne pouvaient pas tous partir, puisqu\u2019aucun n\u2019avait encore vu grandir Ils ne pouvaient pas partir, parce qu&#039;ils avaient tous jur\u00e9 revenir  - texte : Matis Langlois\" \/>\n<meta property=\"og:url\" content=\"https:\/\/studiopixels.net\/en\/product\/aux-lisieres-dun-dernier-instant-2023\/\" \/>\n<meta property=\"og:site_name\" content=\"Studio Pixels\" \/>\n<meta property=\"article:publisher\" content=\"https:\/\/www.facebook.com\/Studiopixelsart\" \/>\n<meta property=\"article:modified_time\" content=\"2024-05-11T16:54:19+00:00\" \/>\n<meta property=\"og:image\" content=\"https:\/\/studiopixels.net\/wp-content\/uploads\/2023\/05\/Aux-lisieres-dun-dernier-instant-scaled.jpg\" \/>\n\t<meta property=\"og:image:width\" content=\"2560\" \/>\n\t<meta property=\"og:image:height\" content=\"1991\" \/>\n\t<meta property=\"og:image:type\" content=\"image\/jpeg\" \/>\n<meta name=\"twitter:card\" content=\"summary_large_image\" \/>\n<meta name=\"twitter:label1\" content=\"Est. reading time\" \/>\n\t<meta name=\"twitter:data1\" content=\"1 minute\" \/>\n<script type=\"application\/ld+json\" class=\"yoast-schema-graph\">{\"@context\":\"https:\/\/schema.org\",\"@graph\":[{\"@type\":\"WebPage\",\"@id\":\"https:\/\/studiopixels.net\/produit\/aux-lisieres-dun-dernier-instant-2023\/\",\"url\":\"https:\/\/studiopixels.net\/produit\/aux-lisieres-dun-dernier-instant-2023\/\",\"name\":\"\\\"Aux lisi\u00e8res d'un dernier instant\\\", 2023 - Studio Pixels\",\"isPartOf\":{\"@id\":\"https:\/\/studiopixels.net\/#website\"},\"primaryImageOfPage\":{\"@id\":\"https:\/\/studiopixels.net\/produit\/aux-lisieres-dun-dernier-instant-2023\/#primaryimage\"},\"image\":{\"@id\":\"https:\/\/studiopixels.net\/produit\/aux-lisieres-dun-dernier-instant-2023\/#primaryimage\"},\"thumbnailUrl\":\"https:\/\/studiopixels.net\/wp-content\/uploads\/2023\/05\/Aux-lisieres-dun-dernier-instant-scaled.jpg\",\"datePublished\":\"2023-05-17T21:12:47+00:00\",\"dateModified\":\"2024-05-11T16:54:19+00:00\",\"breadcrumb\":{\"@id\":\"https:\/\/studiopixels.net\/produit\/aux-lisieres-dun-dernier-instant-2023\/#breadcrumb\"},\"inLanguage\":\"en-CA\",\"potentialAction\":[{\"@type\":\"ReadAction\",\"target\":[\"https:\/\/studiopixels.net\/produit\/aux-lisieres-dun-dernier-instant-2023\/\"]}]},{\"@type\":\"ImageObject\",\"inLanguage\":\"en-CA\",\"@id\":\"https:\/\/studiopixels.net\/produit\/aux-lisieres-dun-dernier-instant-2023\/#primaryimage\",\"url\":\"https:\/\/studiopixels.net\/wp-content\/uploads\/2023\/05\/Aux-lisieres-dun-dernier-instant-scaled.jpg\",\"contentUrl\":\"https:\/\/studiopixels.net\/wp-content\/uploads\/2023\/05\/Aux-lisieres-dun-dernier-instant-scaled.jpg\",\"width\":2560,\"height\":1991},{\"@type\":\"BreadcrumbList\",\"@id\":\"https:\/\/studiopixels.net\/produit\/aux-lisieres-dun-dernier-instant-2023\/#breadcrumb\",\"itemListElement\":[{\"@type\":\"ListItem\",\"position\":1,\"name\":\"Accueil\",\"item\":\"https:\/\/studiopixels.net\/\"},{\"@type\":\"ListItem\",\"position\":2,\"name\":\"Boutique\",\"item\":\"https:\/\/studiopixels.net\/boutique\/\"},{\"@type\":\"ListItem\",\"position\":3,\"name\":\"\u00ab\u00a0Aux lisi\u00e8res d&rsquo;un dernier instant\u00a0\u00bb, 2023\"}]},{\"@type\":\"WebSite\",\"@id\":\"https:\/\/studiopixels.net\/#website\",\"url\":\"https:\/\/studiopixels.net\/\",\"name\":\"Studio Pixels\",\"description\":\"\",\"publisher\":{\"@id\":\"https:\/\/studiopixels.net\/#organization\"},\"potentialAction\":[{\"@type\":\"SearchAction\",\"target\":{\"@type\":\"EntryPoint\",\"urlTemplate\":\"https:\/\/studiopixels.net\/?s={search_term_string}\"},\"query-input\":{\"@type\":\"PropertyValueSpecification\",\"valueRequired\":true,\"valueName\":\"search_term_string\"}}],\"inLanguage\":\"en-CA\"},{\"@type\":\"Organization\",\"@id\":\"https:\/\/studiopixels.net\/#organization\",\"name\":\"Studio Pixels\",\"url\":\"https:\/\/studiopixels.net\/\",\"logo\":{\"@type\":\"ImageObject\",\"inLanguage\":\"en-CA\",\"@id\":\"https:\/\/studiopixels.net\/#\/schema\/logo\/image\/\",\"url\":\"https:\/\/studiopixels.net\/wp-content\/uploads\/2020\/04\/cropped-Autocollant-pixels-2.jpg\",\"contentUrl\":\"https:\/\/studiopixels.net\/wp-content\/uploads\/2020\/04\/cropped-Autocollant-pixels-2.jpg\",\"width\":666,\"height\":666,\"caption\":\"Studio Pixels\"},\"image\":{\"@id\":\"https:\/\/studiopixels.net\/#\/schema\/logo\/image\/\"},\"sameAs\":[\"https:\/\/www.facebook.com\/Studiopixelsart\"]}]}<\/script>\n<!-- \/ Yoast SEO plugin. -->","yoast_head_json":{"title":"\"Aux lisi\u00e8res d'un dernier instant\", 2023 - Studio Pixels","robots":{"index":"index","follow":"follow","max-snippet":"max-snippet:-1","max-image-preview":"max-image-preview:large","max-video-preview":"max-video-preview:-1"},"canonical":"https:\/\/studiopixels.net\/en\/product\/aux-lisieres-dun-dernier-instant-2023\/","og_locale":"en_US","og_type":"article","og_title":"\"Aux lisi\u00e8res d'un dernier instant\", 2023 - Studio Pixels","og_description":"\"Aux lisi\u00e8res d'un dernier instant\", 2023 26\" x 20\" Encre sur yupo Encadrement \u00e0 titre d'exemple, possibilit\u00e9 d'un encadrement blanc.  &nbsp;  TEXTE : Les militaires nous regardaient attentivement sans oscillement Pr\u00e9occup\u00e9 par la mission, nous ne pouvions leur pr\u00eater attention. Tous pouilleux, le vent pr\u00e9tentieux les flagellait tous avec ses cristaux fait d\u2019or bleu Oh mis\u00e8re, qui marque au fer toutes nos m\u00e8res ! Oh mis\u00e8re, \u00e9pargne chacun de nos fr\u00e8res ! Ils \u00e9taient le martyr d\u2019un id\u00e9al repr\u00e9sent\u00e9 par la libert\u00e9 Ils allaient mourir pour un g\u00e9n\u00e9ral d\u00e9connect\u00e9 de la r\u00e9alit\u00e9 Ferment\u00e9 jusqu\u2019\u00e0 en devenir inapprochable, leurs destin\u00e9es me semblaient in\u00e9branlables Oh temps, ne nous laisse pas dans ces champs nous charcutant Oh temps, nous ne sommes point consentants pour ce contre-temps Ils ne pouvaient pas tous partir, puisqu\u2019aucun n\u2019avait encore vu grandir Ils ne pouvaient pas partir, parce qu'ils avaient tous jur\u00e9 revenir  - texte : Matis Langlois","og_url":"https:\/\/studiopixels.net\/en\/product\/aux-lisieres-dun-dernier-instant-2023\/","og_site_name":"Studio Pixels","article_publisher":"https:\/\/www.facebook.com\/Studiopixelsart","article_modified_time":"2024-05-11T16:54:19+00:00","og_image":[{"width":2560,"height":1991,"url":"https:\/\/studiopixels.net\/wp-content\/uploads\/2023\/05\/Aux-lisieres-dun-dernier-instant-scaled.jpg","type":"image\/jpeg"}],"twitter_card":"summary_large_image","twitter_misc":{"Est. reading time":"1 minute"},"schema":{"@context":"https:\/\/schema.org","@graph":[{"@type":"WebPage","@id":"https:\/\/studiopixels.net\/produit\/aux-lisieres-dun-dernier-instant-2023\/","url":"https:\/\/studiopixels.net\/produit\/aux-lisieres-dun-dernier-instant-2023\/","name":"\"Aux lisi\u00e8res d'un dernier instant\", 2023 - Studio Pixels","isPartOf":{"@id":"https:\/\/studiopixels.net\/#website"},"primaryImageOfPage":{"@id":"https:\/\/studiopixels.net\/produit\/aux-lisieres-dun-dernier-instant-2023\/#primaryimage"},"image":{"@id":"https:\/\/studiopixels.net\/produit\/aux-lisieres-dun-dernier-instant-2023\/#primaryimage"},"thumbnailUrl":"https:\/\/studiopixels.net\/wp-content\/uploads\/2023\/05\/Aux-lisieres-dun-dernier-instant-scaled.jpg","datePublished":"2023-05-17T21:12:47+00:00","dateModified":"2024-05-11T16:54:19+00:00","breadcrumb":{"@id":"https:\/\/studiopixels.net\/produit\/aux-lisieres-dun-dernier-instant-2023\/#breadcrumb"},"inLanguage":"en-CA","potentialAction":[{"@type":"ReadAction","target":["https:\/\/studiopixels.net\/produit\/aux-lisieres-dun-dernier-instant-2023\/"]}]},{"@type":"ImageObject","inLanguage":"en-CA","@id":"https:\/\/studiopixels.net\/produit\/aux-lisieres-dun-dernier-instant-2023\/#primaryimage","url":"https:\/\/studiopixels.net\/wp-content\/uploads\/2023\/05\/Aux-lisieres-dun-dernier-instant-scaled.jpg","contentUrl":"https:\/\/studiopixels.net\/wp-content\/uploads\/2023\/05\/Aux-lisieres-dun-dernier-instant-scaled.jpg","width":2560,"height":1991},{"@type":"BreadcrumbList","@id":"https:\/\/studiopixels.net\/produit\/aux-lisieres-dun-dernier-instant-2023\/#breadcrumb","itemListElement":[{"@type":"ListItem","position":1,"name":"Accueil","item":"https:\/\/studiopixels.net\/"},{"@type":"ListItem","position":2,"name":"Boutique","item":"https:\/\/studiopixels.net\/boutique\/"},{"@type":"ListItem","position":3,"name":"\u00ab\u00a0Aux lisi\u00e8res d&rsquo;un dernier instant\u00a0\u00bb, 2023"}]},{"@type":"WebSite","@id":"https:\/\/studiopixels.net\/#website","url":"https:\/\/studiopixels.net\/","name":"Studio Pixels","description":"","publisher":{"@id":"https:\/\/studiopixels.net\/#organization"},"potentialAction":[{"@type":"SearchAction","target":{"@type":"EntryPoint","urlTemplate":"https:\/\/studiopixels.net\/?s={search_term_string}"},"query-input":{"@type":"PropertyValueSpecification","valueRequired":true,"valueName":"search_term_string"}}],"inLanguage":"en-CA"},{"@type":"Organization","@id":"https:\/\/studiopixels.net\/#organization","name":"Studio Pixels","url":"https:\/\/studiopixels.net\/","logo":{"@type":"ImageObject","inLanguage":"en-CA","@id":"https:\/\/studiopixels.net\/#\/schema\/logo\/image\/","url":"https:\/\/studiopixels.net\/wp-content\/uploads\/2020\/04\/cropped-Autocollant-pixels-2.jpg","contentUrl":"https:\/\/studiopixels.net\/wp-content\/uploads\/2020\/04\/cropped-Autocollant-pixels-2.jpg","width":666,"height":666,"caption":"Studio Pixels"},"image":{"@id":"https:\/\/studiopixels.net\/#\/schema\/logo\/image\/"},"sameAs":["https:\/\/www.facebook.com\/Studiopixelsart"]}]}},"uagb_featured_image_src":{"full":["https:\/\/studiopixels.net\/wp-content\/uploads\/2023\/05\/Aux-lisieres-dun-dernier-instant-scaled.jpg",2560,1991,false],"thumbnail":["https:\/\/studiopixels.net\/wp-content\/uploads\/2023\/05\/Aux-lisieres-dun-dernier-instant-150x150.jpg",150,150,true],"medium":["https:\/\/studiopixels.net\/wp-content\/uploads\/2023\/05\/Aux-lisieres-dun-dernier-instant-300x233.jpg",300,233,true],"medium_large":["https:\/\/studiopixels.net\/wp-content\/uploads\/2023\/05\/Aux-lisieres-dun-dernier-instant-768x597.jpg",768,597,true],"large":["https:\/\/studiopixels.net\/wp-content\/uploads\/2023\/05\/Aux-lisieres-dun-dernier-instant-1024x796.jpg",1024,796,true],"1536x1536":["https:\/\/studiopixels.net\/wp-content\/uploads\/2023\/05\/Aux-lisieres-dun-dernier-instant-1536x1195.jpg",1536,1195,true],"2048x2048":["https:\/\/studiopixels.net\/wp-content\/uploads\/2023\/05\/Aux-lisieres-dun-dernier-instant-2048x1593.jpg",2048,1593,true],"trp-custom-language-flag":["https:\/\/studiopixels.net\/wp-content\/uploads\/2023\/05\/Aux-lisieres-dun-dernier-instant-scaled.jpg",15,12,false],"woocommerce_thumbnail":["https:\/\/studiopixels.net\/wp-content\/uploads\/2023\/05\/Aux-lisieres-dun-dernier-instant-300x300.jpg",300,300,true],"woocommerce_single":["https:\/\/studiopixels.net\/wp-content\/uploads\/2023\/05\/Aux-lisieres-dun-dernier-instant-600x467.jpg",600,467,true],"woocommerce_gallery_thumbnail":["https:\/\/studiopixels.net\/wp-content\/uploads\/2023\/05\/Aux-lisieres-dun-dernier-instant-100x100.jpg",100,100,true],"shop_catalog":["https:\/\/studiopixels.net\/wp-content\/uploads\/2023\/05\/Aux-lisieres-dun-dernier-instant-300x300.jpg",300,300,true],"shop_single":["https:\/\/studiopixels.net\/wp-content\/uploads\/2023\/05\/Aux-lisieres-dun-dernier-instant-600x467.jpg",600,467,true],"shop_thumbnail":["https:\/\/studiopixels.net\/wp-content\/uploads\/2023\/05\/Aux-lisieres-dun-dernier-instant-100x100.jpg",100,100,true]},"uagb_author_info":{"display_name":"admin","author_link":"https:\/\/studiopixels.net\/en\/author\/"},"uagb_comment_info":0,"uagb_excerpt":"\"Aux lisi\u00e8res d'un dernier instant\", 2023 26\" x 20\" Encre sur yupo Encadrement \u00e0 titre d'exemple, possibilit\u00e9 d'un encadrement blanc. &nbsp; TEXTE : Les militaires nous regardaient attentivement sans oscillement Pr\u00e9occup\u00e9 par la mission, nous ne pouvions leur pr\u00eater attention. Tous pouilleux, le vent pr\u00e9tentieux les flagellait tous avec ses cristaux fait d\u2019or bleu Oh&hellip;","_links":{"self":[{"href":"https:\/\/studiopixels.net\/en\/wp-json\/wp\/v2\/product\/6819","targetHints":{"allow":["GET"]}}],"collection":[{"href":"https:\/\/studiopixels.net\/en\/wp-json\/wp\/v2\/product"}],"about":[{"href":"https:\/\/studiopixels.net\/en\/wp-json\/wp\/v2\/types\/product"}],"replies":[{"embeddable":true,"href":"https:\/\/studiopixels.net\/en\/wp-json\/wp\/v2\/comments?post=6819"}],"version-history":[{"count":1,"href":"https:\/\/studiopixels.net\/en\/wp-json\/wp\/v2\/product\/6819\/revisions"}],"predecessor-version":[{"id":6823,"href":"https:\/\/studiopixels.net\/en\/wp-json\/wp\/v2\/product\/6819\/revisions\/6823"}],"wp:featuredmedia":[{"embeddable":true,"href":"https:\/\/studiopixels.net\/en\/wp-json\/wp\/v2\/media\/6822"}],"wp:attachment":[{"href":"https:\/\/studiopixels.net\/en\/wp-json\/wp\/v2\/media?parent=6819"}],"curies":[{"name":"wp","href":"https:\/\/api.w.org\/{rel}","templated":true}]}}