{"id":7109,"date":"2023-08-24T14:09:59","date_gmt":"2023-08-24T18:09:59","guid":{"rendered":"https:\/\/studiopixels.net\/?post_type=product&#038;p=7109"},"modified":"2023-08-29T13:56:55","modified_gmt":"2023-08-29T17:56:55","slug":"delerium-2023","status":"publish","type":"product","link":"https:\/\/studiopixels.net\/en\/product\/delerium-2023\/","title":{"rendered":"\u00ab\u00a0D\u00e9l\u00e9rium\u00a0\u00bb 2023"},"content":{"rendered":"<p>\u00ab\u00a0D\u00e9l\u00e9rium\u00a0\u00bb 2023<br \/>\nEncre \u00e0 l&rsquo;alcool sur Nara maroufl\u00e9 sur bois galerie<br \/>\n60&Prime; x 30&Prime;<br \/>\nDisponible \u00e0 la Galerie Roccia<\/p>\n<blockquote class=\"wp-embedded-content\" data-secret=\"h4I553Vvx3\"><p><a href=\"https:\/\/galerieroccia.com\/\">Store<\/a><\/p><\/blockquote>\n<p><iframe class=\"wp-embedded-content\" sandbox=\"allow-scripts\" security=\"restricted\" style=\"position: absolute; visibility: hidden;\" title=\"\u00ab\u00a0Accueil\u00a0\u00bb &#8212; Galerie Roccia\" src=\"https:\/\/galerieroccia.com\/embed\/#?secret=nOzPVgU3JA#?secret=h4I553Vvx3\" data-secret=\"h4I553Vvx3\" width=\"500\" height=\"282\" frameborder=\"0\" marginwidth=\"0\" marginheight=\"0\" scrolling=\"no\"><\/iframe><\/p>","protected":false},"excerpt":{"rendered":"<p>\u00ab\u00a0D\u00e9l\u00e9rium\u00a0\u00bb 2023<br \/>\nEncre \u00e0 l&rsquo;alcool sur Nara maroufl\u00e9 sur bois galerie<br \/>\n60&Prime; x 30&Prime;<br \/>\nDisponible \u00e0 la Galerie Roccia<br \/>\nhttps:\/\/galerieroccia.com\/<\/p>","protected":false},"featured_media":7106,"comment_status":"open","ping_status":"closed","template":"","meta":{"_uag_custom_page_level_css":""},"class_list":{"0":"post-7109","1":"product","2":"type-product","3":"status-publish","4":"has-post-thumbnail","6":"product_cat-collection-oeuvres","7":"product_cat-encre-a-lalcool","9":"first","10":"outofstock","11":"taxable","12":"shipping-taxable","13":"product-type-simple"},"yoast_head":"<!-- This site is optimized with the Yoast SEO plugin v26.4 - https:\/\/yoast.com\/wordpress\/plugins\/seo\/ -->\n<title>&quot;D\u00e9l\u00e9rium&quot; 2023 - Studio Pixels<\/title>\n<meta name=\"robots\" content=\"index, follow, max-snippet:-1, max-image-preview:large, max-video-preview:-1\" \/>\n<link rel=\"canonical\" href=\"https:\/\/studiopixels.net\/en\/product\/delerium-2023\/\" \/>\n<meta property=\"og:locale\" content=\"en_US\" \/>\n<meta property=\"og:type\" content=\"article\" \/>\n<meta property=\"og:title\" content=\"&quot;D\u00e9l\u00e9rium&quot; 2023 - Studio Pixels\" \/>\n<meta property=\"og:description\" content=\"&quot;D\u00e9l\u00e9rium&quot; 2023 Encre \u00e0 l&#039;alcool sur Nara maroufl\u00e9 sur bois galerie 60&quot; x 30&quot; Disponible \u00e0 la Galerie Roccia https:\/\/galerieroccia.com\/\" \/>\n<meta property=\"og:url\" content=\"https:\/\/studiopixels.net\/en\/product\/delerium-2023\/\" \/>\n<meta property=\"og:site_name\" content=\"Studio Pixels\" \/>\n<meta property=\"article:publisher\" content=\"https:\/\/www.facebook.com\/Studiopixelsart\" \/>\n<meta property=\"article:modified_time\" content=\"2023-08-29T17:56:55+00:00\" \/>\n<meta property=\"og:image\" content=\"https:\/\/studiopixels.net\/wp-content\/uploads\/2023\/08\/Delerium-scaled.jpg\" \/>\n\t<meta property=\"og:image:width\" content=\"2560\" \/>\n\t<meta property=\"og:image:height\" content=\"1283\" \/>\n\t<meta property=\"og:image:type\" content=\"image\/jpeg\" \/>\n<meta name=\"twitter:card\" content=\"summary_large_image\" \/>\n<script type=\"application\/ld+json\" class=\"yoast-schema-graph\">{\"@context\":\"https:\/\/schema.org\",\"@graph\":[{\"@type\":\"WebPage\",\"@id\":\"https:\/\/studiopixels.net\/produit\/delerium-2023\/\",\"url\":\"https:\/\/studiopixels.net\/produit\/delerium-2023\/\",\"name\":\"\\\"D\u00e9l\u00e9rium\\\" 2023 - Studio Pixels\",\"isPartOf\":{\"@id\":\"https:\/\/studiopixels.net\/#website\"},\"primaryImageOfPage\":{\"@id\":\"https:\/\/studiopixels.net\/produit\/delerium-2023\/#primaryimage\"},\"image\":{\"@id\":\"https:\/\/studiopixels.net\/produit\/delerium-2023\/#primaryimage\"},\"thumbnailUrl\":\"https:\/\/studiopixels.net\/wp-content\/uploads\/2023\/08\/Delerium-scaled.jpg\",\"datePublished\":\"2023-08-24T18:09:59+00:00\",\"dateModified\":\"2023-08-29T17:56:55+00:00\",\"breadcrumb\":{\"@id\":\"https:\/\/studiopixels.net\/produit\/delerium-2023\/#breadcrumb\"},\"inLanguage\":\"en-CA\",\"potentialAction\":[{\"@type\":\"ReadAction\",\"target\":[\"https:\/\/studiopixels.net\/produit\/delerium-2023\/\"]}]},{\"@type\":\"ImageObject\",\"inLanguage\":\"en-CA\",\"@id\":\"https:\/\/studiopixels.net\/produit\/delerium-2023\/#primaryimage\",\"url\":\"https:\/\/studiopixels.net\/wp-content\/uploads\/2023\/08\/Delerium-scaled.jpg\",\"contentUrl\":\"https:\/\/studiopixels.net\/wp-content\/uploads\/2023\/08\/Delerium-scaled.jpg\",\"width\":2560,\"height\":1283},{\"@type\":\"BreadcrumbList\",\"@id\":\"https:\/\/studiopixels.net\/produit\/delerium-2023\/#breadcrumb\",\"itemListElement\":[{\"@type\":\"ListItem\",\"position\":1,\"name\":\"Accueil\",\"item\":\"https:\/\/studiopixels.net\/\"},{\"@type\":\"ListItem\",\"position\":2,\"name\":\"Boutique\",\"item\":\"https:\/\/studiopixels.net\/boutique\/\"},{\"@type\":\"ListItem\",\"position\":3,\"name\":\"\u00ab\u00a0D\u00e9l\u00e9rium\u00a0\u00bb 2023\"}]},{\"@type\":\"WebSite\",\"@id\":\"https:\/\/studiopixels.net\/#website\",\"url\":\"https:\/\/studiopixels.net\/\",\"name\":\"Studio Pixels\",\"description\":\"\",\"publisher\":{\"@id\":\"https:\/\/studiopixels.net\/#organization\"},\"potentialAction\":[{\"@type\":\"SearchAction\",\"target\":{\"@type\":\"EntryPoint\",\"urlTemplate\":\"https:\/\/studiopixels.net\/?s={search_term_string}\"},\"query-input\":{\"@type\":\"PropertyValueSpecification\",\"valueRequired\":true,\"valueName\":\"search_term_string\"}}],\"inLanguage\":\"en-CA\"},{\"@type\":\"Organization\",\"@id\":\"https:\/\/studiopixels.net\/#organization\",\"name\":\"Studio Pixels\",\"url\":\"https:\/\/studiopixels.net\/\",\"logo\":{\"@type\":\"ImageObject\",\"inLanguage\":\"en-CA\",\"@id\":\"https:\/\/studiopixels.net\/#\/schema\/logo\/image\/\",\"url\":\"https:\/\/studiopixels.net\/wp-content\/uploads\/2020\/04\/cropped-Autocollant-pixels-2.jpg\",\"contentUrl\":\"https:\/\/studiopixels.net\/wp-content\/uploads\/2020\/04\/cropped-Autocollant-pixels-2.jpg\",\"width\":666,\"height\":666,\"caption\":\"Studio Pixels\"},\"image\":{\"@id\":\"https:\/\/studiopixels.net\/#\/schema\/logo\/image\/\"},\"sameAs\":[\"https:\/\/www.facebook.com\/Studiopixelsart\"]}]}<\/script>\n<!-- \/ Yoast SEO plugin. -->","yoast_head_json":{"title":"\"D\u00e9l\u00e9rium\" 2023 - Studio Pixels","robots":{"index":"index","follow":"follow","max-snippet":"max-snippet:-1","max-image-preview":"max-image-preview:large","max-video-preview":"max-video-preview:-1"},"canonical":"https:\/\/studiopixels.net\/en\/product\/delerium-2023\/","og_locale":"en_US","og_type":"article","og_title":"\"D\u00e9l\u00e9rium\" 2023 - Studio Pixels","og_description":"\"D\u00e9l\u00e9rium\" 2023 Encre \u00e0 l'alcool sur Nara maroufl\u00e9 sur bois galerie 60\" x 30\" Disponible \u00e0 la Galerie Roccia https:\/\/galerieroccia.com\/","og_url":"https:\/\/studiopixels.net\/en\/product\/delerium-2023\/","og_site_name":"Studio Pixels","article_publisher":"https:\/\/www.facebook.com\/Studiopixelsart","article_modified_time":"2023-08-29T17:56:55+00:00","og_image":[{"width":2560,"height":1283,"url":"https:\/\/studiopixels.net\/wp-content\/uploads\/2023\/08\/Delerium-scaled.jpg","type":"image\/jpeg"}],"twitter_card":"summary_large_image","schema":{"@context":"https:\/\/schema.org","@graph":[{"@type":"WebPage","@id":"https:\/\/studiopixels.net\/produit\/delerium-2023\/","url":"https:\/\/studiopixels.net\/produit\/delerium-2023\/","name":"\"D\u00e9l\u00e9rium\" 2023 - Studio Pixels","isPartOf":{"@id":"https:\/\/studiopixels.net\/#website"},"primaryImageOfPage":{"@id":"https:\/\/studiopixels.net\/produit\/delerium-2023\/#primaryimage"},"image":{"@id":"https:\/\/studiopixels.net\/produit\/delerium-2023\/#primaryimage"},"thumbnailUrl":"https:\/\/studiopixels.net\/wp-content\/uploads\/2023\/08\/Delerium-scaled.jpg","datePublished":"2023-08-24T18:09:59+00:00","dateModified":"2023-08-29T17:56:55+00:00","breadcrumb":{"@id":"https:\/\/studiopixels.net\/produit\/delerium-2023\/#breadcrumb"},"inLanguage":"en-CA","potentialAction":[{"@type":"ReadAction","target":["https:\/\/studiopixels.net\/produit\/delerium-2023\/"]}]},{"@type":"ImageObject","inLanguage":"en-CA","@id":"https:\/\/studiopixels.net\/produit\/delerium-2023\/#primaryimage","url":"https:\/\/studiopixels.net\/wp-content\/uploads\/2023\/08\/Delerium-scaled.jpg","contentUrl":"https:\/\/studiopixels.net\/wp-content\/uploads\/2023\/08\/Delerium-scaled.jpg","width":2560,"height":1283},{"@type":"BreadcrumbList","@id":"https:\/\/studiopixels.net\/produit\/delerium-2023\/#breadcrumb","itemListElement":[{"@type":"ListItem","position":1,"name":"Accueil","item":"https:\/\/studiopixels.net\/"},{"@type":"ListItem","position":2,"name":"Boutique","item":"https:\/\/studiopixels.net\/boutique\/"},{"@type":"ListItem","position":3,"name":"\u00ab\u00a0D\u00e9l\u00e9rium\u00a0\u00bb 2023"}]},{"@type":"WebSite","@id":"https:\/\/studiopixels.net\/#website","url":"https:\/\/studiopixels.net\/","name":"Studio Pixels","description":"","publisher":{"@id":"https:\/\/studiopixels.net\/#organization"},"potentialAction":[{"@type":"SearchAction","target":{"@type":"EntryPoint","urlTemplate":"https:\/\/studiopixels.net\/?s={search_term_string}"},"query-input":{"@type":"PropertyValueSpecification","valueRequired":true,"valueName":"search_term_string"}}],"inLanguage":"en-CA"},{"@type":"Organization","@id":"https:\/\/studiopixels.net\/#organization","name":"Studio Pixels","url":"https:\/\/studiopixels.net\/","logo":{"@type":"ImageObject","inLanguage":"en-CA","@id":"https:\/\/studiopixels.net\/#\/schema\/logo\/image\/","url":"https:\/\/studiopixels.net\/wp-content\/uploads\/2020\/04\/cropped-Autocollant-pixels-2.jpg","contentUrl":"https:\/\/studiopixels.net\/wp-content\/uploads\/2020\/04\/cropped-Autocollant-pixels-2.jpg","width":666,"height":666,"caption":"Studio Pixels"},"image":{"@id":"https:\/\/studiopixels.net\/#\/schema\/logo\/image\/"},"sameAs":["https:\/\/www.facebook.com\/Studiopixelsart"]}]}},"uagb_featured_image_src":{"full":["https:\/\/studiopixels.net\/wp-content\/uploads\/2023\/08\/Delerium-scaled.jpg",2560,1283,false],"thumbnail":["https:\/\/studiopixels.net\/wp-content\/uploads\/2023\/08\/Delerium-150x150.jpg",150,150,true],"medium":["https:\/\/studiopixels.net\/wp-content\/uploads\/2023\/08\/Delerium-300x150.jpg",300,150,true],"medium_large":["https:\/\/studiopixels.net\/wp-content\/uploads\/2023\/08\/Delerium-768x385.jpg",768,385,true],"large":["https:\/\/studiopixels.net\/wp-content\/uploads\/2023\/08\/Delerium-1024x513.jpg",1024,513,true],"1536x1536":["https:\/\/studiopixels.net\/wp-content\/uploads\/2023\/08\/Delerium-1536x770.jpg",1536,770,true],"2048x2048":["https:\/\/studiopixels.net\/wp-content\/uploads\/2023\/08\/Delerium-2048x1027.jpg",2048,1027,true],"trp-custom-language-flag":["https:\/\/studiopixels.net\/wp-content\/uploads\/2023\/08\/Delerium-scaled.jpg",18,9,false],"woocommerce_thumbnail":["https:\/\/studiopixels.net\/wp-content\/uploads\/2023\/08\/Delerium-300x300.jpg",300,300,true],"woocommerce_single":["https:\/\/studiopixels.net\/wp-content\/uploads\/2023\/08\/Delerium-600x301.jpg",600,301,true],"woocommerce_gallery_thumbnail":["https:\/\/studiopixels.net\/wp-content\/uploads\/2023\/08\/Delerium-100x100.jpg",100,100,true],"shop_catalog":["https:\/\/studiopixels.net\/wp-content\/uploads\/2023\/08\/Delerium-300x300.jpg",300,300,true],"shop_single":["https:\/\/studiopixels.net\/wp-content\/uploads\/2023\/08\/Delerium-600x301.jpg",600,301,true],"shop_thumbnail":["https:\/\/studiopixels.net\/wp-content\/uploads\/2023\/08\/Delerium-100x100.jpg",100,100,true]},"uagb_author_info":{"display_name":"admin","author_link":"https:\/\/studiopixels.net\/en\/author\/"},"uagb_comment_info":0,"uagb_excerpt":"\"D\u00e9l\u00e9rium\" 2023 Encre \u00e0 l'alcool sur Nara maroufl\u00e9 sur bois galerie 60\" x 30\" Disponible \u00e0 la Galerie Roccia https:\/\/galerieroccia.com\/","_links":{"self":[{"href":"https:\/\/studiopixels.net\/en\/wp-json\/wp\/v2\/product\/7109","targetHints":{"allow":["GET"]}}],"collection":[{"href":"https:\/\/studiopixels.net\/en\/wp-json\/wp\/v2\/product"}],"about":[{"href":"https:\/\/studiopixels.net\/en\/wp-json\/wp\/v2\/types\/product"}],"replies":[{"embeddable":true,"href":"https:\/\/studiopixels.net\/en\/wp-json\/wp\/v2\/comments?post=7109"}],"version-history":[{"count":1,"href":"https:\/\/studiopixels.net\/en\/wp-json\/wp\/v2\/product\/7109\/revisions"}],"predecessor-version":[{"id":7110,"href":"https:\/\/studiopixels.net\/en\/wp-json\/wp\/v2\/product\/7109\/revisions\/7110"}],"wp:featuredmedia":[{"embeddable":true,"href":"https:\/\/studiopixels.net\/en\/wp-json\/wp\/v2\/media\/7106"}],"wp:attachment":[{"href":"https:\/\/studiopixels.net\/en\/wp-json\/wp\/v2\/media?parent=7109"}],"curies":[{"name":"wp","href":"https:\/\/api.w.org\/{rel}","templated":true}]}}