{"id":7721,"date":"2023-12-07T14:29:43","date_gmt":"2023-12-07T19:29:43","guid":{"rendered":"https:\/\/studiopixels.net\/?post_type=product&#038;p=7721"},"modified":"2023-12-07T15:14:43","modified_gmt":"2023-12-07T20:14:43","slug":"ornement-edition-2023_9","status":"publish","type":"product","link":"https:\/\/studiopixels.net\/en\/product\/ornement-edition-2023_9\/","title":{"rendered":"Ornement \u00c9dition 2023_9"},"content":{"rendered":"<p>Ornement \u00c9dition 2023_9<br \/>\nFabriqu\u00e9 en bois<br \/>\ngouache et posca<br \/>\nLes pi\u00e8ces mesurent 1&Prime; Dia. x 5.5&Prime; H<\/p>","protected":false},"excerpt":{"rendered":"<p>Ornement \u00c9dition 2023_9<br \/>\nFabriqu\u00e9 en bois<br \/>\ngouache et posca<br \/>\nLes pi\u00e8ces mesurent 1&Prime; Dia. x 5.5&Prime; H<\/p>","protected":false},"featured_media":7722,"comment_status":"open","ping_status":"closed","template":"","meta":{"_uag_custom_page_level_css":""},"class_list":{"0":"post-7721","1":"product","2":"type-product","3":"status-publish","4":"has-post-thumbnail","6":"product_cat-ornements","8":"first","9":"outofstock","10":"taxable","11":"shipping-taxable","12":"purchasable","13":"product-type-simple"},"yoast_head":"<!-- This site is optimized with the Yoast SEO plugin v26.4 - https:\/\/yoast.com\/wordpress\/plugins\/seo\/ -->\n<title>Ornement \u00c9dition 2023_9 - Studio Pixels<\/title>\n<meta name=\"robots\" content=\"index, follow, max-snippet:-1, max-image-preview:large, max-video-preview:-1\" \/>\n<link rel=\"canonical\" href=\"https:\/\/studiopixels.net\/en\/product\/ornement-edition-2023_9\/\" \/>\n<meta property=\"og:locale\" content=\"en_US\" \/>\n<meta property=\"og:type\" content=\"article\" \/>\n<meta property=\"og:title\" content=\"Ornement \u00c9dition 2023_9 - Studio Pixels\" \/>\n<meta property=\"og:description\" content=\"Ornement \u00c9dition 2023_9 Fabriqu\u00e9 en bois gouache et posca Les pi\u00e8ces mesurent 1&quot; Dia. x 5.5&quot; H\" \/>\n<meta property=\"og:url\" content=\"https:\/\/studiopixels.net\/en\/product\/ornement-edition-2023_9\/\" \/>\n<meta property=\"og:site_name\" content=\"Studio Pixels\" \/>\n<meta property=\"article:publisher\" content=\"https:\/\/www.facebook.com\/Studiopixelsart\" \/>\n<meta property=\"article:modified_time\" content=\"2023-12-07T20:14:43+00:00\" \/>\n<meta property=\"og:image\" content=\"https:\/\/studiopixels.net\/wp-content\/uploads\/2023\/12\/Ornement-2023_9-scaled.jpg\" \/>\n\t<meta property=\"og:image:width\" content=\"1913\" \/>\n\t<meta property=\"og:image:height\" content=\"2560\" \/>\n\t<meta property=\"og:image:type\" content=\"image\/jpeg\" \/>\n<meta name=\"twitter:card\" content=\"summary_large_image\" \/>\n<script type=\"application\/ld+json\" class=\"yoast-schema-graph\">{\"@context\":\"https:\/\/schema.org\",\"@graph\":[{\"@type\":\"WebPage\",\"@id\":\"https:\/\/studiopixels.net\/produit\/ornement-edition-2023_9\/\",\"url\":\"https:\/\/studiopixels.net\/produit\/ornement-edition-2023_9\/\",\"name\":\"Ornement \u00c9dition 2023_9 - Studio Pixels\",\"isPartOf\":{\"@id\":\"https:\/\/studiopixels.net\/#website\"},\"primaryImageOfPage\":{\"@id\":\"https:\/\/studiopixels.net\/produit\/ornement-edition-2023_9\/#primaryimage\"},\"image\":{\"@id\":\"https:\/\/studiopixels.net\/produit\/ornement-edition-2023_9\/#primaryimage\"},\"thumbnailUrl\":\"https:\/\/studiopixels.net\/wp-content\/uploads\/2023\/12\/Ornement-2023_9-scaled.jpg\",\"datePublished\":\"2023-12-07T19:29:43+00:00\",\"dateModified\":\"2023-12-07T20:14:43+00:00\",\"breadcrumb\":{\"@id\":\"https:\/\/studiopixels.net\/produit\/ornement-edition-2023_9\/#breadcrumb\"},\"inLanguage\":\"en-CA\",\"potentialAction\":[{\"@type\":\"ReadAction\",\"target\":[\"https:\/\/studiopixels.net\/produit\/ornement-edition-2023_9\/\"]}]},{\"@type\":\"ImageObject\",\"inLanguage\":\"en-CA\",\"@id\":\"https:\/\/studiopixels.net\/produit\/ornement-edition-2023_9\/#primaryimage\",\"url\":\"https:\/\/studiopixels.net\/wp-content\/uploads\/2023\/12\/Ornement-2023_9-scaled.jpg\",\"contentUrl\":\"https:\/\/studiopixels.net\/wp-content\/uploads\/2023\/12\/Ornement-2023_9-scaled.jpg\",\"width\":1913,\"height\":2560},{\"@type\":\"BreadcrumbList\",\"@id\":\"https:\/\/studiopixels.net\/produit\/ornement-edition-2023_9\/#breadcrumb\",\"itemListElement\":[{\"@type\":\"ListItem\",\"position\":1,\"name\":\"Accueil\",\"item\":\"https:\/\/studiopixels.net\/\"},{\"@type\":\"ListItem\",\"position\":2,\"name\":\"Boutique\",\"item\":\"https:\/\/studiopixels.net\/boutique\/\"},{\"@type\":\"ListItem\",\"position\":3,\"name\":\"Ornement \u00c9dition 2023_9\"}]},{\"@type\":\"WebSite\",\"@id\":\"https:\/\/studiopixels.net\/#website\",\"url\":\"https:\/\/studiopixels.net\/\",\"name\":\"Studio Pixels\",\"description\":\"\",\"publisher\":{\"@id\":\"https:\/\/studiopixels.net\/#organization\"},\"potentialAction\":[{\"@type\":\"SearchAction\",\"target\":{\"@type\":\"EntryPoint\",\"urlTemplate\":\"https:\/\/studiopixels.net\/?s={search_term_string}\"},\"query-input\":{\"@type\":\"PropertyValueSpecification\",\"valueRequired\":true,\"valueName\":\"search_term_string\"}}],\"inLanguage\":\"en-CA\"},{\"@type\":\"Organization\",\"@id\":\"https:\/\/studiopixels.net\/#organization\",\"name\":\"Studio Pixels\",\"url\":\"https:\/\/studiopixels.net\/\",\"logo\":{\"@type\":\"ImageObject\",\"inLanguage\":\"en-CA\",\"@id\":\"https:\/\/studiopixels.net\/#\/schema\/logo\/image\/\",\"url\":\"https:\/\/studiopixels.net\/wp-content\/uploads\/2020\/04\/cropped-Autocollant-pixels-2.jpg\",\"contentUrl\":\"https:\/\/studiopixels.net\/wp-content\/uploads\/2020\/04\/cropped-Autocollant-pixels-2.jpg\",\"width\":666,\"height\":666,\"caption\":\"Studio Pixels\"},\"image\":{\"@id\":\"https:\/\/studiopixels.net\/#\/schema\/logo\/image\/\"},\"sameAs\":[\"https:\/\/www.facebook.com\/Studiopixelsart\"]}]}<\/script>\n<!-- \/ Yoast SEO plugin. -->","yoast_head_json":{"title":"Ornement \u00c9dition 2023_9 - Studio Pixels","robots":{"index":"index","follow":"follow","max-snippet":"max-snippet:-1","max-image-preview":"max-image-preview:large","max-video-preview":"max-video-preview:-1"},"canonical":"https:\/\/studiopixels.net\/en\/product\/ornement-edition-2023_9\/","og_locale":"en_US","og_type":"article","og_title":"Ornement \u00c9dition 2023_9 - Studio Pixels","og_description":"Ornement \u00c9dition 2023_9 Fabriqu\u00e9 en bois gouache et posca Les pi\u00e8ces mesurent 1\" Dia. x 5.5\" H","og_url":"https:\/\/studiopixels.net\/en\/product\/ornement-edition-2023_9\/","og_site_name":"Studio Pixels","article_publisher":"https:\/\/www.facebook.com\/Studiopixelsart","article_modified_time":"2023-12-07T20:14:43+00:00","og_image":[{"width":1913,"height":2560,"url":"https:\/\/studiopixels.net\/wp-content\/uploads\/2023\/12\/Ornement-2023_9-scaled.jpg","type":"image\/jpeg"}],"twitter_card":"summary_large_image","schema":{"@context":"https:\/\/schema.org","@graph":[{"@type":"WebPage","@id":"https:\/\/studiopixels.net\/produit\/ornement-edition-2023_9\/","url":"https:\/\/studiopixels.net\/produit\/ornement-edition-2023_9\/","name":"Ornement \u00c9dition 2023_9 - Studio Pixels","isPartOf":{"@id":"https:\/\/studiopixels.net\/#website"},"primaryImageOfPage":{"@id":"https:\/\/studiopixels.net\/produit\/ornement-edition-2023_9\/#primaryimage"},"image":{"@id":"https:\/\/studiopixels.net\/produit\/ornement-edition-2023_9\/#primaryimage"},"thumbnailUrl":"https:\/\/studiopixels.net\/wp-content\/uploads\/2023\/12\/Ornement-2023_9-scaled.jpg","datePublished":"2023-12-07T19:29:43+00:00","dateModified":"2023-12-07T20:14:43+00:00","breadcrumb":{"@id":"https:\/\/studiopixels.net\/produit\/ornement-edition-2023_9\/#breadcrumb"},"inLanguage":"en-CA","potentialAction":[{"@type":"ReadAction","target":["https:\/\/studiopixels.net\/produit\/ornement-edition-2023_9\/"]}]},{"@type":"ImageObject","inLanguage":"en-CA","@id":"https:\/\/studiopixels.net\/produit\/ornement-edition-2023_9\/#primaryimage","url":"https:\/\/studiopixels.net\/wp-content\/uploads\/2023\/12\/Ornement-2023_9-scaled.jpg","contentUrl":"https:\/\/studiopixels.net\/wp-content\/uploads\/2023\/12\/Ornement-2023_9-scaled.jpg","width":1913,"height":2560},{"@type":"BreadcrumbList","@id":"https:\/\/studiopixels.net\/produit\/ornement-edition-2023_9\/#breadcrumb","itemListElement":[{"@type":"ListItem","position":1,"name":"Accueil","item":"https:\/\/studiopixels.net\/"},{"@type":"ListItem","position":2,"name":"Boutique","item":"https:\/\/studiopixels.net\/boutique\/"},{"@type":"ListItem","position":3,"name":"Ornement \u00c9dition 2023_9"}]},{"@type":"WebSite","@id":"https:\/\/studiopixels.net\/#website","url":"https:\/\/studiopixels.net\/","name":"Studio Pixels","description":"","publisher":{"@id":"https:\/\/studiopixels.net\/#organization"},"potentialAction":[{"@type":"SearchAction","target":{"@type":"EntryPoint","urlTemplate":"https:\/\/studiopixels.net\/?s={search_term_string}"},"query-input":{"@type":"PropertyValueSpecification","valueRequired":true,"valueName":"search_term_string"}}],"inLanguage":"en-CA"},{"@type":"Organization","@id":"https:\/\/studiopixels.net\/#organization","name":"Studio Pixels","url":"https:\/\/studiopixels.net\/","logo":{"@type":"ImageObject","inLanguage":"en-CA","@id":"https:\/\/studiopixels.net\/#\/schema\/logo\/image\/","url":"https:\/\/studiopixels.net\/wp-content\/uploads\/2020\/04\/cropped-Autocollant-pixels-2.jpg","contentUrl":"https:\/\/studiopixels.net\/wp-content\/uploads\/2020\/04\/cropped-Autocollant-pixels-2.jpg","width":666,"height":666,"caption":"Studio Pixels"},"image":{"@id":"https:\/\/studiopixels.net\/#\/schema\/logo\/image\/"},"sameAs":["https:\/\/www.facebook.com\/Studiopixelsart"]}]}},"uagb_featured_image_src":{"full":["https:\/\/studiopixels.net\/wp-content\/uploads\/2023\/12\/Ornement-2023_9-scaled.jpg",1913,2560,false],"thumbnail":["https:\/\/studiopixels.net\/wp-content\/uploads\/2023\/12\/Ornement-2023_9-150x150.jpg",150,150,true],"medium":["https:\/\/studiopixels.net\/wp-content\/uploads\/2023\/12\/Ornement-2023_9-224x300.jpg",224,300,true],"medium_large":["https:\/\/studiopixels.net\/wp-content\/uploads\/2023\/12\/Ornement-2023_9-768x1028.jpg",768,1028,true],"large":["https:\/\/studiopixels.net\/wp-content\/uploads\/2023\/12\/Ornement-2023_9-765x1024.jpg",765,1024,true],"1536x1536":["https:\/\/studiopixels.net\/wp-content\/uploads\/2023\/12\/Ornement-2023_9-1148x1536.jpg",1148,1536,true],"2048x2048":["https:\/\/studiopixels.net\/wp-content\/uploads\/2023\/12\/Ornement-2023_9-1531x2048.jpg",1531,2048,true],"trp-custom-language-flag":["https:\/\/studiopixels.net\/wp-content\/uploads\/2023\/12\/Ornement-2023_9-scaled.jpg",9,12,false],"woocommerce_thumbnail":["https:\/\/studiopixels.net\/wp-content\/uploads\/2023\/12\/Ornement-2023_9-300x300.jpg",300,300,true],"woocommerce_single":["https:\/\/studiopixels.net\/wp-content\/uploads\/2023\/12\/Ornement-2023_9-600x803.jpg",600,803,true],"woocommerce_gallery_thumbnail":["https:\/\/studiopixels.net\/wp-content\/uploads\/2023\/12\/Ornement-2023_9-100x100.jpg",100,100,true],"shop_catalog":["https:\/\/studiopixels.net\/wp-content\/uploads\/2023\/12\/Ornement-2023_9-300x300.jpg",300,300,true],"shop_single":["https:\/\/studiopixels.net\/wp-content\/uploads\/2023\/12\/Ornement-2023_9-600x803.jpg",600,803,true],"shop_thumbnail":["https:\/\/studiopixels.net\/wp-content\/uploads\/2023\/12\/Ornement-2023_9-100x100.jpg",100,100,true]},"uagb_author_info":{"display_name":"admin","author_link":"https:\/\/studiopixels.net\/en\/author\/"},"uagb_comment_info":0,"uagb_excerpt":"Ornement \u00c9dition 2023_9 Fabriqu\u00e9 en bois gouache et posca Les pi\u00e8ces mesurent 1\" Dia. x 5.5\" H","_links":{"self":[{"href":"https:\/\/studiopixels.net\/en\/wp-json\/wp\/v2\/product\/7721","targetHints":{"allow":["GET"]}}],"collection":[{"href":"https:\/\/studiopixels.net\/en\/wp-json\/wp\/v2\/product"}],"about":[{"href":"https:\/\/studiopixels.net\/en\/wp-json\/wp\/v2\/types\/product"}],"replies":[{"embeddable":true,"href":"https:\/\/studiopixels.net\/en\/wp-json\/wp\/v2\/comments?post=7721"}],"version-history":[{"count":1,"href":"https:\/\/studiopixels.net\/en\/wp-json\/wp\/v2\/product\/7721\/revisions"}],"predecessor-version":[{"id":7723,"href":"https:\/\/studiopixels.net\/en\/wp-json\/wp\/v2\/product\/7721\/revisions\/7723"}],"wp:featuredmedia":[{"embeddable":true,"href":"https:\/\/studiopixels.net\/en\/wp-json\/wp\/v2\/media\/7722"}],"wp:attachment":[{"href":"https:\/\/studiopixels.net\/en\/wp-json\/wp\/v2\/media?parent=7721"}],"curies":[{"name":"wp","href":"https:\/\/api.w.org\/{rel}","templated":true}]}}