{"id":7724,"date":"2023-12-07T14:30:35","date_gmt":"2023-12-07T19:30:35","guid":{"rendered":"https:\/\/studiopixels.net\/?post_type=product&#038;p=7724"},"modified":"2023-12-11T14:43:40","modified_gmt":"2023-12-11T19:43:40","slug":"ornement-edition-2023_10","status":"publish","type":"product","link":"https:\/\/studiopixels.net\/en\/product\/ornement-edition-2023_10\/","title":{"rendered":"Ornement \u00c9dition 2023_10"},"content":{"rendered":"<p>Ornement \u00c9dition 2023_10<br \/>\nFabriqu\u00e9 en bois<br \/>\ngouache et posca<br \/>\nLes pi\u00e8ces mesurent 3&Prime; Dia. x 3&Prime; H<\/p>","protected":false},"excerpt":{"rendered":"<p>Ornement \u00c9dition 2023_10<br \/>\nFabriqu\u00e9 en bois<br \/>\ngouache et posca<br \/>\nLes pi\u00e8ces mesurent 3&Prime; Dia. x 3&Prime; H<\/p>","protected":false},"featured_media":7725,"comment_status":"open","ping_status":"closed","template":"","meta":{"_uag_custom_page_level_css":""},"class_list":{"0":"post-7724","1":"product","2":"type-product","3":"status-publish","4":"has-post-thumbnail","6":"product_cat-ornements","8":"first","9":"outofstock","10":"taxable","11":"shipping-taxable","12":"purchasable","13":"product-type-simple"},"yoast_head":"<!-- This site is optimized with the Yoast SEO plugin v26.4 - https:\/\/yoast.com\/wordpress\/plugins\/seo\/ -->\n<title>Ornement \u00c9dition 2023_10 - Studio Pixels<\/title>\n<meta name=\"robots\" content=\"index, follow, max-snippet:-1, max-image-preview:large, max-video-preview:-1\" \/>\n<link rel=\"canonical\" href=\"https:\/\/studiopixels.net\/en\/product\/ornement-edition-2023_10\/\" \/>\n<meta property=\"og:locale\" content=\"en_US\" \/>\n<meta property=\"og:type\" content=\"article\" \/>\n<meta property=\"og:title\" content=\"Ornement \u00c9dition 2023_10 - Studio Pixels\" \/>\n<meta property=\"og:description\" content=\"Ornement \u00c9dition 2023_10 Fabriqu\u00e9 en bois gouache et posca Les pi\u00e8ces mesurent 3&quot; Dia. x 3&quot; H\" \/>\n<meta property=\"og:url\" content=\"https:\/\/studiopixels.net\/en\/product\/ornement-edition-2023_10\/\" \/>\n<meta property=\"og:site_name\" content=\"Studio Pixels\" \/>\n<meta property=\"article:publisher\" content=\"https:\/\/www.facebook.com\/Studiopixelsart\" \/>\n<meta property=\"article:modified_time\" content=\"2023-12-11T19:43:40+00:00\" \/>\n<meta property=\"og:image\" content=\"https:\/\/studiopixels.net\/wp-content\/uploads\/2023\/12\/Ornement-2023_10.jpg\" \/>\n\t<meta property=\"og:image:width\" content=\"2201\" \/>\n\t<meta property=\"og:image:height\" content=\"2194\" \/>\n\t<meta property=\"og:image:type\" content=\"image\/jpeg\" \/>\n<meta name=\"twitter:card\" content=\"summary_large_image\" \/>\n<script type=\"application\/ld+json\" class=\"yoast-schema-graph\">{\"@context\":\"https:\/\/schema.org\",\"@graph\":[{\"@type\":\"WebPage\",\"@id\":\"https:\/\/studiopixels.net\/produit\/ornement-edition-2023_10\/\",\"url\":\"https:\/\/studiopixels.net\/produit\/ornement-edition-2023_10\/\",\"name\":\"Ornement \u00c9dition 2023_10 - Studio Pixels\",\"isPartOf\":{\"@id\":\"https:\/\/studiopixels.net\/#website\"},\"primaryImageOfPage\":{\"@id\":\"https:\/\/studiopixels.net\/produit\/ornement-edition-2023_10\/#primaryimage\"},\"image\":{\"@id\":\"https:\/\/studiopixels.net\/produit\/ornement-edition-2023_10\/#primaryimage\"},\"thumbnailUrl\":\"https:\/\/studiopixels.net\/wp-content\/uploads\/2023\/12\/Ornement-2023_10.jpg\",\"datePublished\":\"2023-12-07T19:30:35+00:00\",\"dateModified\":\"2023-12-11T19:43:40+00:00\",\"breadcrumb\":{\"@id\":\"https:\/\/studiopixels.net\/produit\/ornement-edition-2023_10\/#breadcrumb\"},\"inLanguage\":\"en-CA\",\"potentialAction\":[{\"@type\":\"ReadAction\",\"target\":[\"https:\/\/studiopixels.net\/produit\/ornement-edition-2023_10\/\"]}]},{\"@type\":\"ImageObject\",\"inLanguage\":\"en-CA\",\"@id\":\"https:\/\/studiopixels.net\/produit\/ornement-edition-2023_10\/#primaryimage\",\"url\":\"https:\/\/studiopixels.net\/wp-content\/uploads\/2023\/12\/Ornement-2023_10.jpg\",\"contentUrl\":\"https:\/\/studiopixels.net\/wp-content\/uploads\/2023\/12\/Ornement-2023_10.jpg\",\"width\":2201,\"height\":2194},{\"@type\":\"BreadcrumbList\",\"@id\":\"https:\/\/studiopixels.net\/produit\/ornement-edition-2023_10\/#breadcrumb\",\"itemListElement\":[{\"@type\":\"ListItem\",\"position\":1,\"name\":\"Accueil\",\"item\":\"https:\/\/studiopixels.net\/\"},{\"@type\":\"ListItem\",\"position\":2,\"name\":\"Boutique\",\"item\":\"https:\/\/studiopixels.net\/boutique\/\"},{\"@type\":\"ListItem\",\"position\":3,\"name\":\"Ornement \u00c9dition 2023_10\"}]},{\"@type\":\"WebSite\",\"@id\":\"https:\/\/studiopixels.net\/#website\",\"url\":\"https:\/\/studiopixels.net\/\",\"name\":\"Studio Pixels\",\"description\":\"\",\"publisher\":{\"@id\":\"https:\/\/studiopixels.net\/#organization\"},\"potentialAction\":[{\"@type\":\"SearchAction\",\"target\":{\"@type\":\"EntryPoint\",\"urlTemplate\":\"https:\/\/studiopixels.net\/?s={search_term_string}\"},\"query-input\":{\"@type\":\"PropertyValueSpecification\",\"valueRequired\":true,\"valueName\":\"search_term_string\"}}],\"inLanguage\":\"en-CA\"},{\"@type\":\"Organization\",\"@id\":\"https:\/\/studiopixels.net\/#organization\",\"name\":\"Studio Pixels\",\"url\":\"https:\/\/studiopixels.net\/\",\"logo\":{\"@type\":\"ImageObject\",\"inLanguage\":\"en-CA\",\"@id\":\"https:\/\/studiopixels.net\/#\/schema\/logo\/image\/\",\"url\":\"https:\/\/studiopixels.net\/wp-content\/uploads\/2020\/04\/cropped-Autocollant-pixels-2.jpg\",\"contentUrl\":\"https:\/\/studiopixels.net\/wp-content\/uploads\/2020\/04\/cropped-Autocollant-pixels-2.jpg\",\"width\":666,\"height\":666,\"caption\":\"Studio Pixels\"},\"image\":{\"@id\":\"https:\/\/studiopixels.net\/#\/schema\/logo\/image\/\"},\"sameAs\":[\"https:\/\/www.facebook.com\/Studiopixelsart\"]}]}<\/script>\n<!-- \/ Yoast SEO plugin. -->","yoast_head_json":{"title":"Ornement \u00c9dition 2023_10 - Studio Pixels","robots":{"index":"index","follow":"follow","max-snippet":"max-snippet:-1","max-image-preview":"max-image-preview:large","max-video-preview":"max-video-preview:-1"},"canonical":"https:\/\/studiopixels.net\/en\/product\/ornement-edition-2023_10\/","og_locale":"en_US","og_type":"article","og_title":"Ornement \u00c9dition 2023_10 - Studio Pixels","og_description":"Ornement \u00c9dition 2023_10 Fabriqu\u00e9 en bois gouache et posca Les pi\u00e8ces mesurent 3\" Dia. x 3\" H","og_url":"https:\/\/studiopixels.net\/en\/product\/ornement-edition-2023_10\/","og_site_name":"Studio Pixels","article_publisher":"https:\/\/www.facebook.com\/Studiopixelsart","article_modified_time":"2023-12-11T19:43:40+00:00","og_image":[{"width":2201,"height":2194,"url":"https:\/\/studiopixels.net\/wp-content\/uploads\/2023\/12\/Ornement-2023_10.jpg","type":"image\/jpeg"}],"twitter_card":"summary_large_image","schema":{"@context":"https:\/\/schema.org","@graph":[{"@type":"WebPage","@id":"https:\/\/studiopixels.net\/produit\/ornement-edition-2023_10\/","url":"https:\/\/studiopixels.net\/produit\/ornement-edition-2023_10\/","name":"Ornement \u00c9dition 2023_10 - Studio Pixels","isPartOf":{"@id":"https:\/\/studiopixels.net\/#website"},"primaryImageOfPage":{"@id":"https:\/\/studiopixels.net\/produit\/ornement-edition-2023_10\/#primaryimage"},"image":{"@id":"https:\/\/studiopixels.net\/produit\/ornement-edition-2023_10\/#primaryimage"},"thumbnailUrl":"https:\/\/studiopixels.net\/wp-content\/uploads\/2023\/12\/Ornement-2023_10.jpg","datePublished":"2023-12-07T19:30:35+00:00","dateModified":"2023-12-11T19:43:40+00:00","breadcrumb":{"@id":"https:\/\/studiopixels.net\/produit\/ornement-edition-2023_10\/#breadcrumb"},"inLanguage":"en-CA","potentialAction":[{"@type":"ReadAction","target":["https:\/\/studiopixels.net\/produit\/ornement-edition-2023_10\/"]}]},{"@type":"ImageObject","inLanguage":"en-CA","@id":"https:\/\/studiopixels.net\/produit\/ornement-edition-2023_10\/#primaryimage","url":"https:\/\/studiopixels.net\/wp-content\/uploads\/2023\/12\/Ornement-2023_10.jpg","contentUrl":"https:\/\/studiopixels.net\/wp-content\/uploads\/2023\/12\/Ornement-2023_10.jpg","width":2201,"height":2194},{"@type":"BreadcrumbList","@id":"https:\/\/studiopixels.net\/produit\/ornement-edition-2023_10\/#breadcrumb","itemListElement":[{"@type":"ListItem","position":1,"name":"Accueil","item":"https:\/\/studiopixels.net\/"},{"@type":"ListItem","position":2,"name":"Boutique","item":"https:\/\/studiopixels.net\/boutique\/"},{"@type":"ListItem","position":3,"name":"Ornement \u00c9dition 2023_10"}]},{"@type":"WebSite","@id":"https:\/\/studiopixels.net\/#website","url":"https:\/\/studiopixels.net\/","name":"Studio Pixels","description":"","publisher":{"@id":"https:\/\/studiopixels.net\/#organization"},"potentialAction":[{"@type":"SearchAction","target":{"@type":"EntryPoint","urlTemplate":"https:\/\/studiopixels.net\/?s={search_term_string}"},"query-input":{"@type":"PropertyValueSpecification","valueRequired":true,"valueName":"search_term_string"}}],"inLanguage":"en-CA"},{"@type":"Organization","@id":"https:\/\/studiopixels.net\/#organization","name":"Studio Pixels","url":"https:\/\/studiopixels.net\/","logo":{"@type":"ImageObject","inLanguage":"en-CA","@id":"https:\/\/studiopixels.net\/#\/schema\/logo\/image\/","url":"https:\/\/studiopixels.net\/wp-content\/uploads\/2020\/04\/cropped-Autocollant-pixels-2.jpg","contentUrl":"https:\/\/studiopixels.net\/wp-content\/uploads\/2020\/04\/cropped-Autocollant-pixels-2.jpg","width":666,"height":666,"caption":"Studio Pixels"},"image":{"@id":"https:\/\/studiopixels.net\/#\/schema\/logo\/image\/"},"sameAs":["https:\/\/www.facebook.com\/Studiopixelsart"]}]}},"uagb_featured_image_src":{"full":["https:\/\/studiopixels.net\/wp-content\/uploads\/2023\/12\/Ornement-2023_10.jpg",2201,2194,false],"thumbnail":["https:\/\/studiopixels.net\/wp-content\/uploads\/2023\/12\/Ornement-2023_10-150x150.jpg",150,150,true],"medium":["https:\/\/studiopixels.net\/wp-content\/uploads\/2023\/12\/Ornement-2023_10-300x300.jpg",300,300,true],"medium_large":["https:\/\/studiopixels.net\/wp-content\/uploads\/2023\/12\/Ornement-2023_10-768x766.jpg",768,766,true],"large":["https:\/\/studiopixels.net\/wp-content\/uploads\/2023\/12\/Ornement-2023_10-1024x1021.jpg",1024,1021,true],"1536x1536":["https:\/\/studiopixels.net\/wp-content\/uploads\/2023\/12\/Ornement-2023_10-1536x1531.jpg",1536,1531,true],"2048x2048":["https:\/\/studiopixels.net\/wp-content\/uploads\/2023\/12\/Ornement-2023_10-2048x2041.jpg",2048,2041,true],"trp-custom-language-flag":["https:\/\/studiopixels.net\/wp-content\/uploads\/2023\/12\/Ornement-2023_10.jpg",12,12,false],"woocommerce_thumbnail":["https:\/\/studiopixels.net\/wp-content\/uploads\/2023\/12\/Ornement-2023_10-300x300.jpg",300,300,true],"woocommerce_single":["https:\/\/studiopixels.net\/wp-content\/uploads\/2023\/12\/Ornement-2023_10-600x598.jpg",600,598,true],"woocommerce_gallery_thumbnail":["https:\/\/studiopixels.net\/wp-content\/uploads\/2023\/12\/Ornement-2023_10-100x100.jpg",100,100,true],"shop_catalog":["https:\/\/studiopixels.net\/wp-content\/uploads\/2023\/12\/Ornement-2023_10-300x300.jpg",300,300,true],"shop_single":["https:\/\/studiopixels.net\/wp-content\/uploads\/2023\/12\/Ornement-2023_10-600x598.jpg",600,598,true],"shop_thumbnail":["https:\/\/studiopixels.net\/wp-content\/uploads\/2023\/12\/Ornement-2023_10-100x100.jpg",100,100,true]},"uagb_author_info":{"display_name":"admin","author_link":"https:\/\/studiopixels.net\/en\/author\/"},"uagb_comment_info":0,"uagb_excerpt":"Ornement \u00c9dition 2023_10 Fabriqu\u00e9 en bois gouache et posca Les pi\u00e8ces mesurent 3\" Dia. x 3\" H","_links":{"self":[{"href":"https:\/\/studiopixels.net\/en\/wp-json\/wp\/v2\/product\/7724","targetHints":{"allow":["GET"]}}],"collection":[{"href":"https:\/\/studiopixels.net\/en\/wp-json\/wp\/v2\/product"}],"about":[{"href":"https:\/\/studiopixels.net\/en\/wp-json\/wp\/v2\/types\/product"}],"replies":[{"embeddable":true,"href":"https:\/\/studiopixels.net\/en\/wp-json\/wp\/v2\/comments?post=7724"}],"version-history":[{"count":1,"href":"https:\/\/studiopixels.net\/en\/wp-json\/wp\/v2\/product\/7724\/revisions"}],"predecessor-version":[{"id":7726,"href":"https:\/\/studiopixels.net\/en\/wp-json\/wp\/v2\/product\/7724\/revisions\/7726"}],"wp:featuredmedia":[{"embeddable":true,"href":"https:\/\/studiopixels.net\/en\/wp-json\/wp\/v2\/media\/7725"}],"wp:attachment":[{"href":"https:\/\/studiopixels.net\/en\/wp-json\/wp\/v2\/media?parent=7724"}],"curies":[{"name":"wp","href":"https:\/\/api.w.org\/{rel}","templated":true}]}}