{"id":7838,"date":"2024-01-12T14:49:25","date_gmt":"2024-01-12T19:49:25","guid":{"rendered":"https:\/\/studiopixels.net\/?post_type=product&#038;p=7838"},"modified":"2024-08-05T10:37:05","modified_gmt":"2024-08-05T14:37:05","slug":"leveil-2024","status":"publish","type":"product","link":"https:\/\/studiopixels.net\/en\/product\/leveil-2024\/","title":{"rendered":"\u00ab\u00a0L&rsquo;\u00e9veil\u00a0\u00bb 2024"},"content":{"rendered":"<p>\u00ab\u00a0L&rsquo;\u00e9veil\u00a0\u00bb 2024<br \/>\n16&Prime; x 16&Prime;<br \/>\nEncre \u00e0 l&rsquo;alcool sur Nara maroufler sur bois galerie<br \/>\nPr\u00e9sentement \u00e0 la Galerie Berthelet \u00e0 Trois-Rivi\u00e8res, pour commander :<br \/>\nhttps:\/\/galerieberthelet.com\/collections\/pixels\/products\/leveil<\/p>","protected":false},"excerpt":{"rendered":"<p>\u00ab\u00a0L&rsquo;\u00e9veil\u00a0\u00bb 2024<br \/>\n16&Prime; x 16&Prime;<br \/>\nEncre \u00e0 l&rsquo;alcool sur Nara maroufler sur bois galerie<br \/>\nPr\u00e9sentement \u00e0 la Galerie Berthelet \u00e0 Trois-Rivi\u00e8res, pour commander :<br \/>\nhttps:\/\/galerieberthelet.com\/collections\/pixels\/products\/leveil<\/p>","protected":false},"featured_media":7839,"comment_status":"open","ping_status":"closed","template":"","meta":{"_uag_custom_page_level_css":""},"class_list":{"0":"post-7838","1":"product","2":"type-product","3":"status-publish","4":"has-post-thumbnail","6":"product_cat-collection-oeuvres","7":"product_cat-encre-a-lalcool","9":"first","10":"outofstock","11":"taxable","12":"shipping-taxable","13":"product-type-simple"},"yoast_head":"<!-- This site is optimized with the Yoast SEO plugin v26.4 - https:\/\/yoast.com\/wordpress\/plugins\/seo\/ -->\n<title>&quot;L&#039;\u00e9veil&quot; 2024 - Studio Pixels<\/title>\n<meta name=\"robots\" content=\"index, follow, max-snippet:-1, max-image-preview:large, max-video-preview:-1\" \/>\n<link rel=\"canonical\" href=\"https:\/\/studiopixels.net\/en\/product\/leveil-2024\/\" \/>\n<meta property=\"og:locale\" content=\"en_US\" \/>\n<meta property=\"og:type\" content=\"article\" \/>\n<meta property=\"og:title\" content=\"&quot;L&#039;\u00e9veil&quot; 2024 - Studio Pixels\" \/>\n<meta property=\"og:description\" content=\"&quot;L&#039;\u00e9veil&quot; 2024 16&quot; x 16&quot; Encre \u00e0 l&#039;alcool sur Nara maroufler sur bois galerie Pr\u00e9sentement \u00e0 la Galerie Berthelet \u00e0 Trois-Rivi\u00e8res, pour commander : https:\/\/galerieberthelet.com\/collections\/pixels\/products\/leveil\" \/>\n<meta property=\"og:url\" content=\"https:\/\/studiopixels.net\/en\/product\/leveil-2024\/\" \/>\n<meta property=\"og:site_name\" content=\"Studio Pixels\" \/>\n<meta property=\"article:publisher\" content=\"https:\/\/www.facebook.com\/Studiopixelsart\" \/>\n<meta property=\"article:modified_time\" content=\"2024-08-05T14:37:05+00:00\" \/>\n<meta property=\"og:image\" content=\"https:\/\/studiopixels.net\/wp-content\/uploads\/2024\/01\/leveil_low.jpg\" \/>\n\t<meta property=\"og:image:width\" content=\"720\" \/>\n\t<meta property=\"og:image:height\" content=\"724\" \/>\n\t<meta property=\"og:image:type\" content=\"image\/jpeg\" \/>\n<meta name=\"twitter:card\" content=\"summary_large_image\" \/>\n<script type=\"application\/ld+json\" class=\"yoast-schema-graph\">{\"@context\":\"https:\/\/schema.org\",\"@graph\":[{\"@type\":\"WebPage\",\"@id\":\"https:\/\/studiopixels.net\/produit\/leveil-2024\/\",\"url\":\"https:\/\/studiopixels.net\/produit\/leveil-2024\/\",\"name\":\"\\\"L'\u00e9veil\\\" 2024 - Studio Pixels\",\"isPartOf\":{\"@id\":\"https:\/\/studiopixels.net\/#website\"},\"primaryImageOfPage\":{\"@id\":\"https:\/\/studiopixels.net\/produit\/leveil-2024\/#primaryimage\"},\"image\":{\"@id\":\"https:\/\/studiopixels.net\/produit\/leveil-2024\/#primaryimage\"},\"thumbnailUrl\":\"https:\/\/studiopixels.net\/wp-content\/uploads\/2024\/01\/leveil_low.jpg\",\"datePublished\":\"2024-01-12T19:49:25+00:00\",\"dateModified\":\"2024-08-05T14:37:05+00:00\",\"breadcrumb\":{\"@id\":\"https:\/\/studiopixels.net\/produit\/leveil-2024\/#breadcrumb\"},\"inLanguage\":\"en-CA\",\"potentialAction\":[{\"@type\":\"ReadAction\",\"target\":[\"https:\/\/studiopixels.net\/produit\/leveil-2024\/\"]}]},{\"@type\":\"ImageObject\",\"inLanguage\":\"en-CA\",\"@id\":\"https:\/\/studiopixels.net\/produit\/leveil-2024\/#primaryimage\",\"url\":\"https:\/\/studiopixels.net\/wp-content\/uploads\/2024\/01\/leveil_low.jpg\",\"contentUrl\":\"https:\/\/studiopixels.net\/wp-content\/uploads\/2024\/01\/leveil_low.jpg\",\"width\":720,\"height\":724},{\"@type\":\"BreadcrumbList\",\"@id\":\"https:\/\/studiopixels.net\/produit\/leveil-2024\/#breadcrumb\",\"itemListElement\":[{\"@type\":\"ListItem\",\"position\":1,\"name\":\"Accueil\",\"item\":\"https:\/\/studiopixels.net\/\"},{\"@type\":\"ListItem\",\"position\":2,\"name\":\"Boutique\",\"item\":\"https:\/\/studiopixels.net\/boutique\/\"},{\"@type\":\"ListItem\",\"position\":3,\"name\":\"\u00ab\u00a0L&rsquo;\u00e9veil\u00a0\u00bb 2024\"}]},{\"@type\":\"WebSite\",\"@id\":\"https:\/\/studiopixels.net\/#website\",\"url\":\"https:\/\/studiopixels.net\/\",\"name\":\"Studio Pixels\",\"description\":\"\",\"publisher\":{\"@id\":\"https:\/\/studiopixels.net\/#organization\"},\"potentialAction\":[{\"@type\":\"SearchAction\",\"target\":{\"@type\":\"EntryPoint\",\"urlTemplate\":\"https:\/\/studiopixels.net\/?s={search_term_string}\"},\"query-input\":{\"@type\":\"PropertyValueSpecification\",\"valueRequired\":true,\"valueName\":\"search_term_string\"}}],\"inLanguage\":\"en-CA\"},{\"@type\":\"Organization\",\"@id\":\"https:\/\/studiopixels.net\/#organization\",\"name\":\"Studio Pixels\",\"url\":\"https:\/\/studiopixels.net\/\",\"logo\":{\"@type\":\"ImageObject\",\"inLanguage\":\"en-CA\",\"@id\":\"https:\/\/studiopixels.net\/#\/schema\/logo\/image\/\",\"url\":\"https:\/\/studiopixels.net\/wp-content\/uploads\/2020\/04\/cropped-Autocollant-pixels-2.jpg\",\"contentUrl\":\"https:\/\/studiopixels.net\/wp-content\/uploads\/2020\/04\/cropped-Autocollant-pixels-2.jpg\",\"width\":666,\"height\":666,\"caption\":\"Studio Pixels\"},\"image\":{\"@id\":\"https:\/\/studiopixels.net\/#\/schema\/logo\/image\/\"},\"sameAs\":[\"https:\/\/www.facebook.com\/Studiopixelsart\"]}]}<\/script>\n<!-- \/ Yoast SEO plugin. -->","yoast_head_json":{"title":"\"L'\u00e9veil\" 2024 - Studio Pixels","robots":{"index":"index","follow":"follow","max-snippet":"max-snippet:-1","max-image-preview":"max-image-preview:large","max-video-preview":"max-video-preview:-1"},"canonical":"https:\/\/studiopixels.net\/en\/product\/leveil-2024\/","og_locale":"en_US","og_type":"article","og_title":"\"L'\u00e9veil\" 2024 - Studio Pixels","og_description":"\"L'\u00e9veil\" 2024 16\" x 16\" Encre \u00e0 l'alcool sur Nara maroufler sur bois galerie Pr\u00e9sentement \u00e0 la Galerie Berthelet \u00e0 Trois-Rivi\u00e8res, pour commander : https:\/\/galerieberthelet.com\/collections\/pixels\/products\/leveil","og_url":"https:\/\/studiopixels.net\/en\/product\/leveil-2024\/","og_site_name":"Studio Pixels","article_publisher":"https:\/\/www.facebook.com\/Studiopixelsart","article_modified_time":"2024-08-05T14:37:05+00:00","og_image":[{"width":720,"height":724,"url":"https:\/\/studiopixels.net\/wp-content\/uploads\/2024\/01\/leveil_low.jpg","type":"image\/jpeg"}],"twitter_card":"summary_large_image","schema":{"@context":"https:\/\/schema.org","@graph":[{"@type":"WebPage","@id":"https:\/\/studiopixels.net\/produit\/leveil-2024\/","url":"https:\/\/studiopixels.net\/produit\/leveil-2024\/","name":"\"L'\u00e9veil\" 2024 - Studio Pixels","isPartOf":{"@id":"https:\/\/studiopixels.net\/#website"},"primaryImageOfPage":{"@id":"https:\/\/studiopixels.net\/produit\/leveil-2024\/#primaryimage"},"image":{"@id":"https:\/\/studiopixels.net\/produit\/leveil-2024\/#primaryimage"},"thumbnailUrl":"https:\/\/studiopixels.net\/wp-content\/uploads\/2024\/01\/leveil_low.jpg","datePublished":"2024-01-12T19:49:25+00:00","dateModified":"2024-08-05T14:37:05+00:00","breadcrumb":{"@id":"https:\/\/studiopixels.net\/produit\/leveil-2024\/#breadcrumb"},"inLanguage":"en-CA","potentialAction":[{"@type":"ReadAction","target":["https:\/\/studiopixels.net\/produit\/leveil-2024\/"]}]},{"@type":"ImageObject","inLanguage":"en-CA","@id":"https:\/\/studiopixels.net\/produit\/leveil-2024\/#primaryimage","url":"https:\/\/studiopixels.net\/wp-content\/uploads\/2024\/01\/leveil_low.jpg","contentUrl":"https:\/\/studiopixels.net\/wp-content\/uploads\/2024\/01\/leveil_low.jpg","width":720,"height":724},{"@type":"BreadcrumbList","@id":"https:\/\/studiopixels.net\/produit\/leveil-2024\/#breadcrumb","itemListElement":[{"@type":"ListItem","position":1,"name":"Accueil","item":"https:\/\/studiopixels.net\/"},{"@type":"ListItem","position":2,"name":"Boutique","item":"https:\/\/studiopixels.net\/boutique\/"},{"@type":"ListItem","position":3,"name":"\u00ab\u00a0L&rsquo;\u00e9veil\u00a0\u00bb 2024"}]},{"@type":"WebSite","@id":"https:\/\/studiopixels.net\/#website","url":"https:\/\/studiopixels.net\/","name":"Studio Pixels","description":"","publisher":{"@id":"https:\/\/studiopixels.net\/#organization"},"potentialAction":[{"@type":"SearchAction","target":{"@type":"EntryPoint","urlTemplate":"https:\/\/studiopixels.net\/?s={search_term_string}"},"query-input":{"@type":"PropertyValueSpecification","valueRequired":true,"valueName":"search_term_string"}}],"inLanguage":"en-CA"},{"@type":"Organization","@id":"https:\/\/studiopixels.net\/#organization","name":"Studio Pixels","url":"https:\/\/studiopixels.net\/","logo":{"@type":"ImageObject","inLanguage":"en-CA","@id":"https:\/\/studiopixels.net\/#\/schema\/logo\/image\/","url":"https:\/\/studiopixels.net\/wp-content\/uploads\/2020\/04\/cropped-Autocollant-pixels-2.jpg","contentUrl":"https:\/\/studiopixels.net\/wp-content\/uploads\/2020\/04\/cropped-Autocollant-pixels-2.jpg","width":666,"height":666,"caption":"Studio Pixels"},"image":{"@id":"https:\/\/studiopixels.net\/#\/schema\/logo\/image\/"},"sameAs":["https:\/\/www.facebook.com\/Studiopixelsart"]}]}},"uagb_featured_image_src":{"full":["https:\/\/studiopixels.net\/wp-content\/uploads\/2024\/01\/leveil_low.jpg",720,724,false],"thumbnail":["https:\/\/studiopixels.net\/wp-content\/uploads\/2024\/01\/leveil_low-150x150.jpg",150,150,true],"medium":["https:\/\/studiopixels.net\/wp-content\/uploads\/2024\/01\/leveil_low-298x300.jpg",298,300,true],"medium_large":["https:\/\/studiopixels.net\/wp-content\/uploads\/2024\/01\/leveil_low.jpg",720,724,false],"large":["https:\/\/studiopixels.net\/wp-content\/uploads\/2024\/01\/leveil_low.jpg",720,724,false],"1536x1536":["https:\/\/studiopixels.net\/wp-content\/uploads\/2024\/01\/leveil_low.jpg",720,724,false],"2048x2048":["https:\/\/studiopixels.net\/wp-content\/uploads\/2024\/01\/leveil_low.jpg",720,724,false],"trp-custom-language-flag":["https:\/\/studiopixels.net\/wp-content\/uploads\/2024\/01\/leveil_low.jpg",12,12,false],"woocommerce_thumbnail":["https:\/\/studiopixels.net\/wp-content\/uploads\/2024\/01\/leveil_low-300x300.jpg",300,300,true],"woocommerce_single":["https:\/\/studiopixels.net\/wp-content\/uploads\/2024\/01\/leveil_low-600x603.jpg",600,603,true],"woocommerce_gallery_thumbnail":["https:\/\/studiopixels.net\/wp-content\/uploads\/2024\/01\/leveil_low-100x100.jpg",100,100,true],"shop_catalog":["https:\/\/studiopixels.net\/wp-content\/uploads\/2024\/01\/leveil_low-300x300.jpg",300,300,true],"shop_single":["https:\/\/studiopixels.net\/wp-content\/uploads\/2024\/01\/leveil_low-600x603.jpg",600,603,true],"shop_thumbnail":["https:\/\/studiopixels.net\/wp-content\/uploads\/2024\/01\/leveil_low-100x100.jpg",100,100,true]},"uagb_author_info":{"display_name":"admin","author_link":"https:\/\/studiopixels.net\/en\/author\/"},"uagb_comment_info":0,"uagb_excerpt":"\"L'\u00e9veil\" 2024 16\" x 16\" Encre \u00e0 l'alcool sur Nara maroufler sur bois galerie Pr\u00e9sentement \u00e0 la Galerie Berthelet \u00e0 Trois-Rivi\u00e8res, pour commander : https:\/\/galerieberthelet.com\/collections\/pixels\/products\/leveil","_links":{"self":[{"href":"https:\/\/studiopixels.net\/en\/wp-json\/wp\/v2\/product\/7838","targetHints":{"allow":["GET"]}}],"collection":[{"href":"https:\/\/studiopixels.net\/en\/wp-json\/wp\/v2\/product"}],"about":[{"href":"https:\/\/studiopixels.net\/en\/wp-json\/wp\/v2\/types\/product"}],"replies":[{"embeddable":true,"href":"https:\/\/studiopixels.net\/en\/wp-json\/wp\/v2\/comments?post=7838"}],"version-history":[{"count":2,"href":"https:\/\/studiopixels.net\/en\/wp-json\/wp\/v2\/product\/7838\/revisions"}],"predecessor-version":[{"id":8281,"href":"https:\/\/studiopixels.net\/en\/wp-json\/wp\/v2\/product\/7838\/revisions\/8281"}],"wp:featuredmedia":[{"embeddable":true,"href":"https:\/\/studiopixels.net\/en\/wp-json\/wp\/v2\/media\/7839"}],"wp:attachment":[{"href":"https:\/\/studiopixels.net\/en\/wp-json\/wp\/v2\/media?parent=7838"}],"curies":[{"name":"wp","href":"https:\/\/api.w.org\/{rel}","templated":true}]}}