{"id":80,"date":"2019-11-20T19:44:00","date_gmt":"2019-11-20T18:44:00","guid":{"rendered":"http:\/\/localhost\/studiopixels\/index.php\/product\/import-placeholder-for-29459\/"},"modified":"2020-10-21T20:23:13","modified_gmt":"2020-10-22T00:23:13","slug":"etui-a-crayon-oeuvre-namaste","status":"publish","type":"product","link":"https:\/\/studiopixels.net\/en\/product\/etui-a-crayon-oeuvre-namaste\/","title":{"rendered":"\u00c9tui \u00e0 crayon &#8211; \u0152uvre \u00ab\u00a0Namast\u00e9\u00a0\u00bb"},"content":{"rendered":"<p>9 po x 4 po<br \/>\nArt et polyvalence dans un petit bo\u00eetier. Nous pouvons les appeler \u00ab \u00e9tuis \u00e0 crayons \u00bb, mais ces petites pochettes zipp\u00e9es peuvent \u00eatre utilis\u00e9es comme sacs \u00e0 crayons, sacs de maquillage, porte-monnaie, \u00e9tuis \u00e0\u00a0t\u00e9l\u00e9phone, pochette de rangement, etc.<br \/>\n\u2022 Imprim\u00e9 vif sur serg\u00e9 polycanvas<br \/>\n\u2022 Tissu r\u00e9sistant, impression de qualit\u00e9<br \/>\n\u2022 Conception 100% qu\u00e9b\u00e9coise, \u0153uvre de Pixels, \u2022 Fabriqu\u00e9 \u00e0 Montr\u00e9al, Canada<\/p>","protected":false},"excerpt":{"rendered":"<p>9 po x 4 po Art et polyvalence dans un petit bo\u00eetier. Nous pouvons les appeler \u00ab \u00e9tuis \u00e0 crayons \u00bb, mais ces petites pochettes zipp\u00e9es peuvent \u00eatre utilis\u00e9es comme sacs \u00e0 crayons, sacs de maquillage, porte-monnaie, \u00e9tuis \u00e0\u00a0t\u00e9l\u00e9phone, pochette de rangement, etc. \u2022 Imprim\u00e9 vif sur serg\u00e9 polycanvas \u2022 Tissu r\u00e9sistant, impression de qualit\u00e9 &hellip;<\/p>\n<p class=\"read-more\"> <a class=\"\" href=\"https:\/\/studiopixels.net\/en\/product\/etui-a-crayon-oeuvre-namaste\/\"> <span class=\"screen-reader-text\">\u00c9tui \u00e0 crayon &#8211; \u0152uvre \u00ab\u00a0Namast\u00e9\u00a0\u00bb<\/span> Read More &raquo;<\/a><\/p>","protected":false},"featured_media":120,"comment_status":"open","ping_status":"closed","template":"","meta":{"_uag_custom_page_level_css":""},"class_list":{"0":"post-80","1":"product","2":"type-product","3":"status-publish","4":"has-post-thumbnail","6":"product_cat-etuis-a-crayon","7":"product_shipping_class-free-shipping","9":"first","10":"instock","11":"taxable","12":"shipping-taxable","13":"purchasable","14":"product-type-simple"},"yoast_head":"<!-- This site is optimized with the Yoast SEO plugin v26.4 - https:\/\/yoast.com\/wordpress\/plugins\/seo\/ -->\n<title>\u00c9tui \u00e0 crayon - \u0152uvre &quot;Namast\u00e9&quot; - Studio Pixels<\/title>\n<meta name=\"robots\" content=\"index, follow, max-snippet:-1, max-image-preview:large, max-video-preview:-1\" \/>\n<link rel=\"canonical\" href=\"https:\/\/studiopixels.net\/en\/product\/etui-a-crayon-oeuvre-namaste\/\" \/>\n<meta property=\"og:locale\" content=\"en_US\" \/>\n<meta property=\"og:type\" content=\"article\" \/>\n<meta property=\"og:title\" content=\"\u00c9tui \u00e0 crayon - \u0152uvre &quot;Namast\u00e9&quot; - Studio Pixels\" \/>\n<meta property=\"og:description\" content=\"9 po x 4 po Art et polyvalence dans un petit bo\u00eetier. Nous pouvons les appeler \u00ab \u00e9tuis \u00e0 crayons \u00bb, mais ces petites pochettes zipp\u00e9es peuvent \u00eatre utilis\u00e9es comme sacs \u00e0 crayons, sacs de maquillage, porte-monnaie, \u00e9tuis \u00e0\u00a0t\u00e9l\u00e9phone, pochette de rangement, etc. \u2022 Imprim\u00e9 vif sur serg\u00e9 polycanvas \u2022 Tissu r\u00e9sistant, impression de qualit\u00e9 &hellip; \u00c9tui \u00e0 crayon &#8211; \u0152uvre \u00ab\u00a0Namast\u00e9\u00a0\u00bb Read More &raquo;\" \/>\n<meta property=\"og:url\" content=\"https:\/\/studiopixels.net\/en\/product\/etui-a-crayon-oeuvre-namaste\/\" \/>\n<meta property=\"og:site_name\" content=\"Studio Pixels\" \/>\n<meta property=\"article:publisher\" content=\"https:\/\/www.facebook.com\/Studiopixelsart\" \/>\n<meta property=\"article:modified_time\" content=\"2020-10-22T00:23:13+00:00\" \/>\n<meta property=\"og:image\" content=\"https:\/\/studiopixels.net\/wp-content\/uploads\/2019\/11\/tuis-\u00e0-crayon-Namast\u00e9.jpg\" \/>\n\t<meta property=\"og:image:width\" content=\"320\" \/>\n\t<meta property=\"og:image:height\" content=\"286\" \/>\n\t<meta property=\"og:image:type\" content=\"image\/jpeg\" \/>\n<meta name=\"twitter:card\" content=\"summary_large_image\" \/>\n<script type=\"application\/ld+json\" class=\"yoast-schema-graph\">{\"@context\":\"https:\/\/schema.org\",\"@graph\":[{\"@type\":\"WebPage\",\"@id\":\"https:\/\/studiopixels.net\/produit\/etui-a-crayon-oeuvre-namaste\/\",\"url\":\"https:\/\/studiopixels.net\/produit\/etui-a-crayon-oeuvre-namaste\/\",\"name\":\"\u00c9tui \u00e0 crayon - \u0152uvre \\\"Namast\u00e9\\\" - Studio Pixels\",\"isPartOf\":{\"@id\":\"https:\/\/studiopixels.net\/#website\"},\"primaryImageOfPage\":{\"@id\":\"https:\/\/studiopixels.net\/produit\/etui-a-crayon-oeuvre-namaste\/#primaryimage\"},\"image\":{\"@id\":\"https:\/\/studiopixels.net\/produit\/etui-a-crayon-oeuvre-namaste\/#primaryimage\"},\"thumbnailUrl\":\"https:\/\/studiopixels.net\/wp-content\/uploads\/2019\/11\/tuis-\u00e0-crayon-Namast\u00e9.jpg\",\"datePublished\":\"2019-11-20T18:44:00+00:00\",\"dateModified\":\"2020-10-22T00:23:13+00:00\",\"breadcrumb\":{\"@id\":\"https:\/\/studiopixels.net\/produit\/etui-a-crayon-oeuvre-namaste\/#breadcrumb\"},\"inLanguage\":\"en-CA\",\"potentialAction\":[{\"@type\":\"ReadAction\",\"target\":[\"https:\/\/studiopixels.net\/produit\/etui-a-crayon-oeuvre-namaste\/\"]}]},{\"@type\":\"ImageObject\",\"inLanguage\":\"en-CA\",\"@id\":\"https:\/\/studiopixels.net\/produit\/etui-a-crayon-oeuvre-namaste\/#primaryimage\",\"url\":\"https:\/\/studiopixels.net\/wp-content\/uploads\/2019\/11\/tuis-\u00e0-crayon-Namast\u00e9.jpg\",\"contentUrl\":\"https:\/\/studiopixels.net\/wp-content\/uploads\/2019\/11\/tuis-\u00e0-crayon-Namast\u00e9.jpg\",\"width\":320,\"height\":286},{\"@type\":\"BreadcrumbList\",\"@id\":\"https:\/\/studiopixels.net\/produit\/etui-a-crayon-oeuvre-namaste\/#breadcrumb\",\"itemListElement\":[{\"@type\":\"ListItem\",\"position\":1,\"name\":\"Accueil\",\"item\":\"https:\/\/studiopixels.net\/\"},{\"@type\":\"ListItem\",\"position\":2,\"name\":\"Boutique\",\"item\":\"https:\/\/studiopixels.net\/boutique\/\"},{\"@type\":\"ListItem\",\"position\":3,\"name\":\"\u00c9tui \u00e0 crayon &#8211; \u0152uvre \u00ab\u00a0Namast\u00e9\u00a0\u00bb\"}]},{\"@type\":\"WebSite\",\"@id\":\"https:\/\/studiopixels.net\/#website\",\"url\":\"https:\/\/studiopixels.net\/\",\"name\":\"Studio Pixels\",\"description\":\"\",\"publisher\":{\"@id\":\"https:\/\/studiopixels.net\/#organization\"},\"potentialAction\":[{\"@type\":\"SearchAction\",\"target\":{\"@type\":\"EntryPoint\",\"urlTemplate\":\"https:\/\/studiopixels.net\/?s={search_term_string}\"},\"query-input\":{\"@type\":\"PropertyValueSpecification\",\"valueRequired\":true,\"valueName\":\"search_term_string\"}}],\"inLanguage\":\"en-CA\"},{\"@type\":\"Organization\",\"@id\":\"https:\/\/studiopixels.net\/#organization\",\"name\":\"Studio Pixels\",\"url\":\"https:\/\/studiopixels.net\/\",\"logo\":{\"@type\":\"ImageObject\",\"inLanguage\":\"en-CA\",\"@id\":\"https:\/\/studiopixels.net\/#\/schema\/logo\/image\/\",\"url\":\"https:\/\/studiopixels.net\/wp-content\/uploads\/2020\/04\/cropped-Autocollant-pixels-2.jpg\",\"contentUrl\":\"https:\/\/studiopixels.net\/wp-content\/uploads\/2020\/04\/cropped-Autocollant-pixels-2.jpg\",\"width\":666,\"height\":666,\"caption\":\"Studio Pixels\"},\"image\":{\"@id\":\"https:\/\/studiopixels.net\/#\/schema\/logo\/image\/\"},\"sameAs\":[\"https:\/\/www.facebook.com\/Studiopixelsart\"]}]}<\/script>\n<!-- \/ Yoast SEO plugin. -->","yoast_head_json":{"title":"\u00c9tui \u00e0 crayon - \u0152uvre \"Namast\u00e9\" - Studio Pixels","robots":{"index":"index","follow":"follow","max-snippet":"max-snippet:-1","max-image-preview":"max-image-preview:large","max-video-preview":"max-video-preview:-1"},"canonical":"https:\/\/studiopixels.net\/en\/product\/etui-a-crayon-oeuvre-namaste\/","og_locale":"en_US","og_type":"article","og_title":"\u00c9tui \u00e0 crayon - \u0152uvre \"Namast\u00e9\" - Studio Pixels","og_description":"9 po x 4 po Art et polyvalence dans un petit bo\u00eetier. Nous pouvons les appeler \u00ab \u00e9tuis \u00e0 crayons \u00bb, mais ces petites pochettes zipp\u00e9es peuvent \u00eatre utilis\u00e9es comme sacs \u00e0 crayons, sacs de maquillage, porte-monnaie, \u00e9tuis \u00e0\u00a0t\u00e9l\u00e9phone, pochette de rangement, etc. \u2022 Imprim\u00e9 vif sur serg\u00e9 polycanvas \u2022 Tissu r\u00e9sistant, impression de qualit\u00e9 &hellip; \u00c9tui \u00e0 crayon &#8211; \u0152uvre \u00ab\u00a0Namast\u00e9\u00a0\u00bb Read More &raquo;","og_url":"https:\/\/studiopixels.net\/en\/product\/etui-a-crayon-oeuvre-namaste\/","og_site_name":"Studio Pixels","article_publisher":"https:\/\/www.facebook.com\/Studiopixelsart","article_modified_time":"2020-10-22T00:23:13+00:00","og_image":[{"width":320,"height":286,"url":"https:\/\/studiopixels.net\/wp-content\/uploads\/2019\/11\/tuis-\u00e0-crayon-Namast\u00e9.jpg","type":"image\/jpeg"}],"twitter_card":"summary_large_image","schema":{"@context":"https:\/\/schema.org","@graph":[{"@type":"WebPage","@id":"https:\/\/studiopixels.net\/produit\/etui-a-crayon-oeuvre-namaste\/","url":"https:\/\/studiopixels.net\/produit\/etui-a-crayon-oeuvre-namaste\/","name":"\u00c9tui \u00e0 crayon - \u0152uvre \"Namast\u00e9\" - Studio Pixels","isPartOf":{"@id":"https:\/\/studiopixels.net\/#website"},"primaryImageOfPage":{"@id":"https:\/\/studiopixels.net\/produit\/etui-a-crayon-oeuvre-namaste\/#primaryimage"},"image":{"@id":"https:\/\/studiopixels.net\/produit\/etui-a-crayon-oeuvre-namaste\/#primaryimage"},"thumbnailUrl":"https:\/\/studiopixels.net\/wp-content\/uploads\/2019\/11\/tuis-\u00e0-crayon-Namast\u00e9.jpg","datePublished":"2019-11-20T18:44:00+00:00","dateModified":"2020-10-22T00:23:13+00:00","breadcrumb":{"@id":"https:\/\/studiopixels.net\/produit\/etui-a-crayon-oeuvre-namaste\/#breadcrumb"},"inLanguage":"en-CA","potentialAction":[{"@type":"ReadAction","target":["https:\/\/studiopixels.net\/produit\/etui-a-crayon-oeuvre-namaste\/"]}]},{"@type":"ImageObject","inLanguage":"en-CA","@id":"https:\/\/studiopixels.net\/produit\/etui-a-crayon-oeuvre-namaste\/#primaryimage","url":"https:\/\/studiopixels.net\/wp-content\/uploads\/2019\/11\/tuis-\u00e0-crayon-Namast\u00e9.jpg","contentUrl":"https:\/\/studiopixels.net\/wp-content\/uploads\/2019\/11\/tuis-\u00e0-crayon-Namast\u00e9.jpg","width":320,"height":286},{"@type":"BreadcrumbList","@id":"https:\/\/studiopixels.net\/produit\/etui-a-crayon-oeuvre-namaste\/#breadcrumb","itemListElement":[{"@type":"ListItem","position":1,"name":"Accueil","item":"https:\/\/studiopixels.net\/"},{"@type":"ListItem","position":2,"name":"Boutique","item":"https:\/\/studiopixels.net\/boutique\/"},{"@type":"ListItem","position":3,"name":"\u00c9tui \u00e0 crayon &#8211; \u0152uvre \u00ab\u00a0Namast\u00e9\u00a0\u00bb"}]},{"@type":"WebSite","@id":"https:\/\/studiopixels.net\/#website","url":"https:\/\/studiopixels.net\/","name":"Studio Pixels","description":"","publisher":{"@id":"https:\/\/studiopixels.net\/#organization"},"potentialAction":[{"@type":"SearchAction","target":{"@type":"EntryPoint","urlTemplate":"https:\/\/studiopixels.net\/?s={search_term_string}"},"query-input":{"@type":"PropertyValueSpecification","valueRequired":true,"valueName":"search_term_string"}}],"inLanguage":"en-CA"},{"@type":"Organization","@id":"https:\/\/studiopixels.net\/#organization","name":"Studio Pixels","url":"https:\/\/studiopixels.net\/","logo":{"@type":"ImageObject","inLanguage":"en-CA","@id":"https:\/\/studiopixels.net\/#\/schema\/logo\/image\/","url":"https:\/\/studiopixels.net\/wp-content\/uploads\/2020\/04\/cropped-Autocollant-pixels-2.jpg","contentUrl":"https:\/\/studiopixels.net\/wp-content\/uploads\/2020\/04\/cropped-Autocollant-pixels-2.jpg","width":666,"height":666,"caption":"Studio Pixels"},"image":{"@id":"https:\/\/studiopixels.net\/#\/schema\/logo\/image\/"},"sameAs":["https:\/\/www.facebook.com\/Studiopixelsart"]}]}},"uagb_featured_image_src":{"full":["https:\/\/studiopixels.net\/wp-content\/uploads\/2019\/11\/tuis-\u00e0-crayon-Namast\u00e9.jpg",320,286,false],"thumbnail":["https:\/\/studiopixels.net\/wp-content\/uploads\/2019\/11\/tuis-\u00e0-crayon-Namast\u00e9-150x150.jpg",150,150,true],"medium":["https:\/\/studiopixels.net\/wp-content\/uploads\/2019\/11\/tuis-\u00e0-crayon-Namast\u00e9-300x268.jpg",300,268,true],"medium_large":["https:\/\/studiopixels.net\/wp-content\/uploads\/2019\/11\/tuis-\u00e0-crayon-Namast\u00e9.jpg",320,286,false],"large":["https:\/\/studiopixels.net\/wp-content\/uploads\/2019\/11\/tuis-\u00e0-crayon-Namast\u00e9.jpg",320,286,false],"1536x1536":["https:\/\/studiopixels.net\/wp-content\/uploads\/2019\/11\/tuis-\u00e0-crayon-Namast\u00e9.jpg",320,286,false],"2048x2048":["https:\/\/studiopixels.net\/wp-content\/uploads\/2019\/11\/tuis-\u00e0-crayon-Namast\u00e9.jpg",320,286,false],"trp-custom-language-flag":["https:\/\/studiopixels.net\/wp-content\/uploads\/2019\/11\/tuis-\u00e0-crayon-Namast\u00e9.jpg",13,12,false],"woocommerce_thumbnail":["https:\/\/studiopixels.net\/wp-content\/uploads\/2019\/11\/tuis-\u00e0-crayon-Namast\u00e9-300x286.jpg",300,286,true],"woocommerce_single":["https:\/\/studiopixels.net\/wp-content\/uploads\/2019\/11\/tuis-\u00e0-crayon-Namast\u00e9.jpg",320,286,false],"woocommerce_gallery_thumbnail":["https:\/\/studiopixels.net\/wp-content\/uploads\/2019\/11\/tuis-\u00e0-crayon-Namast\u00e9-100x100.jpg",100,100,true],"shop_catalog":["https:\/\/studiopixels.net\/wp-content\/uploads\/2019\/11\/tuis-\u00e0-crayon-Namast\u00e9-300x286.jpg",300,286,true],"shop_single":["https:\/\/studiopixels.net\/wp-content\/uploads\/2019\/11\/tuis-\u00e0-crayon-Namast\u00e9.jpg",320,286,false],"shop_thumbnail":["https:\/\/studiopixels.net\/wp-content\/uploads\/2019\/11\/tuis-\u00e0-crayon-Namast\u00e9-100x100.jpg",100,100,true]},"uagb_author_info":{"display_name":"admin","author_link":"https:\/\/studiopixels.net\/en\/author\/"},"uagb_comment_info":0,"uagb_excerpt":"9 po x 4 po Art et polyvalence dans un petit bo\u00eetier. Nous pouvons les appeler \u00ab \u00e9tuis \u00e0 crayons \u00bb, mais ces petites pochettes zipp\u00e9es peuvent \u00eatre utilis\u00e9es comme sacs \u00e0 crayons, sacs de maquillage, porte-monnaie, \u00e9tuis \u00e0\u00a0t\u00e9l\u00e9phone, pochette de rangement, etc. \u2022 Imprim\u00e9 vif sur serg\u00e9 polycanvas \u2022 Tissu r\u00e9sistant, impression de qualit\u00e9&hellip;","_links":{"self":[{"href":"https:\/\/studiopixels.net\/en\/wp-json\/wp\/v2\/product\/80","targetHints":{"allow":["GET"]}}],"collection":[{"href":"https:\/\/studiopixels.net\/en\/wp-json\/wp\/v2\/product"}],"about":[{"href":"https:\/\/studiopixels.net\/en\/wp-json\/wp\/v2\/types\/product"}],"replies":[{"embeddable":true,"href":"https:\/\/studiopixels.net\/en\/wp-json\/wp\/v2\/comments?post=80"}],"version-history":[{"count":1,"href":"https:\/\/studiopixels.net\/en\/wp-json\/wp\/v2\/product\/80\/revisions"}],"predecessor-version":[{"id":2813,"href":"https:\/\/studiopixels.net\/en\/wp-json\/wp\/v2\/product\/80\/revisions\/2813"}],"wp:featuredmedia":[{"embeddable":true,"href":"https:\/\/studiopixels.net\/en\/wp-json\/wp\/v2\/media\/120"}],"wp:attachment":[{"href":"https:\/\/studiopixels.net\/en\/wp-json\/wp\/v2\/media?parent=80"}],"curies":[{"name":"wp","href":"https:\/\/api.w.org\/{rel}","templated":true}]}}