{"id":8795,"date":"2024-08-20T18:47:52","date_gmt":"2024-08-20T22:47:52","guid":{"rendered":"https:\/\/studiopixels.net\/?post_type=product&#038;p=8795"},"modified":"2024-10-21T14:55:06","modified_gmt":"2024-10-21T18:55:06","slug":"calendrier-pixels-2025","status":"publish","type":"product","link":"https:\/\/studiopixels.net\/en\/product\/calendrier-pixels-2025\/","title":{"rendered":"Calendrier &lsquo;Pixels&rsquo; 2025"},"content":{"rendered":"<p>Cette ann\u00e9e, je vous invite \u00e0 plonger dans mon univers des encres \u00e0 l&rsquo;alcool avec mon calendrier 2025.<br \/>\nChaque mois, d\u00e9couvrez une nouvelle cr\u00e9ation, inspir\u00e9e par la nature, les \u00e9motions et les r\u00eaves.<\/p>\n<p><strong>Caract\u00e9ristiques :<\/strong><\/p>\n<ul>\n<li>Format : 11&Prime; x 16.5&Prime; lorsqu&rsquo;il est ferm\u00e9.<\/li>\n<li>Le calendrier est imprim\u00e9 sur du papier de soie semi-brillant de 250 g\/m\u00b2 \/ 100 lb.<\/li>\n<li>Format de l&rsquo;\u0153uvre \u00e0 conserver : 11&Prime; x 8.25&Prime;<\/li>\n<li>Carreaux pour une organisation optimale.<\/li>\n<li>Reliure en spirale et crochets muraux pour une mise en place facile.<\/li>\n<li>Design \u00e9pur\u00e9.<\/li>\n<li>Impression de qualit\u00e9 sup\u00e9rieure.<\/li>\n<li>Possibilit\u00e9 de r\u00e9utiliser les impressions en fin d&rsquo;ann\u00e9e pour les encadrer et les int\u00e9grer \u00e0 votre d\u00e9cor.<\/li>\n<li>Quantit\u00e9 limit\u00e9e.<\/li>\n<\/ul>\n<p>Les droits de reproduction demeurent la propri\u00e9t\u00e9 exclusive de l&rsquo;artiste, conform\u00e9ment \u00e0 la loi sur les droits d\u2019auteur. Les couleurs affich\u00e9es \u00e0 l&rsquo;\u00e9cran peuvent varier selon le calibrage de votre moniteur et peuvent ne pas correspondre exactement au produit final.<\/p>","protected":false},"excerpt":{"rendered":"<p>Cette ann\u00e9e, je vous invite \u00e0 plonger dans mon univers des encres \u00e0 l&rsquo;alcool avec mon calendrier 2025.<br \/>\nChaque mois, d\u00e9couvrez une nouvelle cr\u00e9ation, inspir\u00e9e par la nature, les \u00e9motions et les r\u00eaves.<\/p>\n<p><strong>Caract\u00e9ristiques :<\/strong><\/p>\n<ul>\n<li>Format : 11&Prime; x 16.5&Prime; lorsqu&rsquo;il est ferm\u00e9.<\/li>\n<li>Le calendrier est imprim\u00e9 sur du papier de soie semi-brillant de 250 g\/m\u00b2 \/ 100 lb.<\/li>\n<li>Format de l&rsquo;\u0153uvre \u00e0 conserver : 11&Prime; x 8.25&Prime;<\/li>\n<li>Carreaux pour une organisation optimale.<\/li>\n<li>Reliure en spirale et crochets muraux pour une mise en place facile.<\/li>\n<li>Design \u00e9pur\u00e9.<\/li>\n<li>Impression de qualit\u00e9 sup\u00e9rieure.<\/li>\n<li>Possibilit\u00e9 de r\u00e9utiliser les impressions en fin d&rsquo;ann\u00e9e pour les encadrer et les int\u00e9grer \u00e0 votre d\u00e9cor.<\/li>\n<li>Quantit\u00e9 limit\u00e9e.<\/li>\n<\/ul>\n<p>Les droits de reproduction demeurent la propri\u00e9t\u00e9 exclusive de l&rsquo;artiste, conform\u00e9ment \u00e0 la loi sur les droits d\u2019auteur. Les couleurs affich\u00e9es \u00e0 l&rsquo;\u00e9cran peuvent varier selon le calibrage de votre moniteur et peuvent ne pas correspondre exactement au produit final.<\/p>","protected":false},"featured_media":8835,"comment_status":"open","ping_status":"closed","template":"","meta":{"_uag_custom_page_level_css":""},"class_list":{"0":"post-8795","1":"product","2":"type-product","3":"status-publish","4":"has-post-thumbnail","6":"product_cat-calendrier","8":"first","9":"outofstock","10":"taxable","11":"shipping-taxable","12":"purchasable","13":"product-type-simple"},"yoast_head":"<!-- This site is optimized with the Yoast SEO plugin v26.4 - https:\/\/yoast.com\/wordpress\/plugins\/seo\/ -->\n<title>Calendrier &#039;Pixels&#039; 2025 - Studio Pixels<\/title>\n<meta name=\"robots\" content=\"index, follow, max-snippet:-1, max-image-preview:large, max-video-preview:-1\" \/>\n<link rel=\"canonical\" href=\"https:\/\/studiopixels.net\/en\/product\/calendrier-pixels-2025\/\" \/>\n<meta property=\"og:locale\" content=\"en_US\" \/>\n<meta property=\"og:type\" content=\"article\" \/>\n<meta property=\"og:title\" content=\"Calendrier &#039;Pixels&#039; 2025 - Studio Pixels\" \/>\n<meta property=\"og:description\" content=\"Cette ann\u00e9e, je vous invite \u00e0 plonger dans mon univers des encres \u00e0 l&#039;alcool avec mon calendrier 2025. Chaque mois, d\u00e9couvrez une nouvelle cr\u00e9ation, inspir\u00e9e par la nature, les \u00e9motions et les r\u00eaves.  Caract\u00e9ristiques :   Format : 11&quot; x 16.5&quot; lorsqu&#039;il est ferm\u00e9.  Le calendrier est imprim\u00e9 sur du papier de soie semi-brillant de 250 g\/m\u00b2 \/ 100 lb.  Format de l&#039;\u0153uvre \u00e0 conserver : 11&quot; x 8.25&quot;  Carreaux pour une organisation optimale.  Reliure en spirale et crochets muraux pour une mise en place facile.  Design \u00e9pur\u00e9.  Impression de qualit\u00e9 sup\u00e9rieure.  Possibilit\u00e9 de r\u00e9utiliser les impressions en fin d&#039;ann\u00e9e pour les encadrer et les int\u00e9grer \u00e0 votre d\u00e9cor.  Quantit\u00e9 limit\u00e9e.  Les droits de reproduction demeurent la propri\u00e9t\u00e9 exclusive de l&#039;artiste, conform\u00e9ment \u00e0 la loi sur les droits d\u2019auteur. Les couleurs affich\u00e9es \u00e0 l&#039;\u00e9cran peuvent varier selon le calibrage de votre moniteur et peuvent ne pas correspondre exactement au produit final.\" \/>\n<meta property=\"og:url\" content=\"https:\/\/studiopixels.net\/en\/product\/calendrier-pixels-2025\/\" \/>\n<meta property=\"og:site_name\" content=\"Studio Pixels\" \/>\n<meta property=\"article:publisher\" content=\"https:\/\/www.facebook.com\/Studiopixelsart\" \/>\n<meta property=\"article:modified_time\" content=\"2024-10-21T18:55:06+00:00\" \/>\n<meta property=\"og:image\" content=\"https:\/\/studiopixels.net\/wp-content\/uploads\/2024\/08\/Screen-Shot-2024-08-22-at-11.24.45-AM-724x1024.png\" \/>\n\t<meta property=\"og:image:width\" content=\"724\" \/>\n\t<meta property=\"og:image:height\" content=\"1024\" \/>\n\t<meta property=\"og:image:type\" content=\"image\/png\" \/>\n<meta name=\"twitter:card\" content=\"summary_large_image\" \/>\n<meta name=\"twitter:label1\" content=\"Est. reading time\" \/>\n\t<meta name=\"twitter:data1\" content=\"1 minute\" \/>\n<script type=\"application\/ld+json\" class=\"yoast-schema-graph\">{\"@context\":\"https:\/\/schema.org\",\"@graph\":[{\"@type\":\"WebPage\",\"@id\":\"https:\/\/studiopixels.net\/produit\/calendrier-pixels-2025\/\",\"url\":\"https:\/\/studiopixels.net\/produit\/calendrier-pixels-2025\/\",\"name\":\"Calendrier 'Pixels' 2025 - Studio Pixels\",\"isPartOf\":{\"@id\":\"https:\/\/studiopixels.net\/#website\"},\"primaryImageOfPage\":{\"@id\":\"https:\/\/studiopixels.net\/produit\/calendrier-pixels-2025\/#primaryimage\"},\"image\":{\"@id\":\"https:\/\/studiopixels.net\/produit\/calendrier-pixels-2025\/#primaryimage\"},\"thumbnailUrl\":\"https:\/\/studiopixels.net\/wp-content\/uploads\/2024\/08\/Screen-Shot-2024-08-22-at-11.24.45-AM.png\",\"datePublished\":\"2024-08-20T22:47:52+00:00\",\"dateModified\":\"2024-10-21T18:55:06+00:00\",\"breadcrumb\":{\"@id\":\"https:\/\/studiopixels.net\/produit\/calendrier-pixels-2025\/#breadcrumb\"},\"inLanguage\":\"en-CA\",\"potentialAction\":[{\"@type\":\"ReadAction\",\"target\":[\"https:\/\/studiopixels.net\/produit\/calendrier-pixels-2025\/\"]}]},{\"@type\":\"ImageObject\",\"inLanguage\":\"en-CA\",\"@id\":\"https:\/\/studiopixels.net\/produit\/calendrier-pixels-2025\/#primaryimage\",\"url\":\"https:\/\/studiopixels.net\/wp-content\/uploads\/2024\/08\/Screen-Shot-2024-08-22-at-11.24.45-AM.png\",\"contentUrl\":\"https:\/\/studiopixels.net\/wp-content\/uploads\/2024\/08\/Screen-Shot-2024-08-22-at-11.24.45-AM.png\",\"width\":1010,\"height\":1428},{\"@type\":\"BreadcrumbList\",\"@id\":\"https:\/\/studiopixels.net\/produit\/calendrier-pixels-2025\/#breadcrumb\",\"itemListElement\":[{\"@type\":\"ListItem\",\"position\":1,\"name\":\"Accueil\",\"item\":\"https:\/\/studiopixels.net\/\"},{\"@type\":\"ListItem\",\"position\":2,\"name\":\"Boutique\",\"item\":\"https:\/\/studiopixels.net\/boutique\/\"},{\"@type\":\"ListItem\",\"position\":3,\"name\":\"Calendrier &lsquo;Pixels&rsquo; 2025\"}]},{\"@type\":\"WebSite\",\"@id\":\"https:\/\/studiopixels.net\/#website\",\"url\":\"https:\/\/studiopixels.net\/\",\"name\":\"Studio Pixels\",\"description\":\"\",\"publisher\":{\"@id\":\"https:\/\/studiopixels.net\/#organization\"},\"potentialAction\":[{\"@type\":\"SearchAction\",\"target\":{\"@type\":\"EntryPoint\",\"urlTemplate\":\"https:\/\/studiopixels.net\/?s={search_term_string}\"},\"query-input\":{\"@type\":\"PropertyValueSpecification\",\"valueRequired\":true,\"valueName\":\"search_term_string\"}}],\"inLanguage\":\"en-CA\"},{\"@type\":\"Organization\",\"@id\":\"https:\/\/studiopixels.net\/#organization\",\"name\":\"Studio Pixels\",\"url\":\"https:\/\/studiopixels.net\/\",\"logo\":{\"@type\":\"ImageObject\",\"inLanguage\":\"en-CA\",\"@id\":\"https:\/\/studiopixels.net\/#\/schema\/logo\/image\/\",\"url\":\"https:\/\/studiopixels.net\/wp-content\/uploads\/2020\/04\/cropped-Autocollant-pixels-2.jpg\",\"contentUrl\":\"https:\/\/studiopixels.net\/wp-content\/uploads\/2020\/04\/cropped-Autocollant-pixels-2.jpg\",\"width\":666,\"height\":666,\"caption\":\"Studio Pixels\"},\"image\":{\"@id\":\"https:\/\/studiopixels.net\/#\/schema\/logo\/image\/\"},\"sameAs\":[\"https:\/\/www.facebook.com\/Studiopixelsart\"]}]}<\/script>\n<!-- \/ Yoast SEO plugin. -->","yoast_head_json":{"title":"Calendrier 'Pixels' 2025 - Studio Pixels","robots":{"index":"index","follow":"follow","max-snippet":"max-snippet:-1","max-image-preview":"max-image-preview:large","max-video-preview":"max-video-preview:-1"},"canonical":"https:\/\/studiopixels.net\/en\/product\/calendrier-pixels-2025\/","og_locale":"en_US","og_type":"article","og_title":"Calendrier 'Pixels' 2025 - Studio Pixels","og_description":"Cette ann\u00e9e, je vous invite \u00e0 plonger dans mon univers des encres \u00e0 l'alcool avec mon calendrier 2025. Chaque mois, d\u00e9couvrez une nouvelle cr\u00e9ation, inspir\u00e9e par la nature, les \u00e9motions et les r\u00eaves.  Caract\u00e9ristiques :   Format : 11\" x 16.5\" lorsqu'il est ferm\u00e9.  Le calendrier est imprim\u00e9 sur du papier de soie semi-brillant de 250 g\/m\u00b2 \/ 100 lb.  Format de l'\u0153uvre \u00e0 conserver : 11\" x 8.25\"  Carreaux pour une organisation optimale.  Reliure en spirale et crochets muraux pour une mise en place facile.  Design \u00e9pur\u00e9.  Impression de qualit\u00e9 sup\u00e9rieure.  Possibilit\u00e9 de r\u00e9utiliser les impressions en fin d'ann\u00e9e pour les encadrer et les int\u00e9grer \u00e0 votre d\u00e9cor.  Quantit\u00e9 limit\u00e9e.  Les droits de reproduction demeurent la propri\u00e9t\u00e9 exclusive de l'artiste, conform\u00e9ment \u00e0 la loi sur les droits d\u2019auteur. Les couleurs affich\u00e9es \u00e0 l'\u00e9cran peuvent varier selon le calibrage de votre moniteur et peuvent ne pas correspondre exactement au produit final.","og_url":"https:\/\/studiopixels.net\/en\/product\/calendrier-pixels-2025\/","og_site_name":"Studio Pixels","article_publisher":"https:\/\/www.facebook.com\/Studiopixelsart","article_modified_time":"2024-10-21T18:55:06+00:00","og_image":[{"width":724,"height":1024,"url":"https:\/\/studiopixels.net\/wp-content\/uploads\/2024\/08\/Screen-Shot-2024-08-22-at-11.24.45-AM-724x1024.png","type":"image\/png"}],"twitter_card":"summary_large_image","twitter_misc":{"Est. reading time":"1 minute"},"schema":{"@context":"https:\/\/schema.org","@graph":[{"@type":"WebPage","@id":"https:\/\/studiopixels.net\/produit\/calendrier-pixels-2025\/","url":"https:\/\/studiopixels.net\/produit\/calendrier-pixels-2025\/","name":"Calendrier 'Pixels' 2025 - Studio Pixels","isPartOf":{"@id":"https:\/\/studiopixels.net\/#website"},"primaryImageOfPage":{"@id":"https:\/\/studiopixels.net\/produit\/calendrier-pixels-2025\/#primaryimage"},"image":{"@id":"https:\/\/studiopixels.net\/produit\/calendrier-pixels-2025\/#primaryimage"},"thumbnailUrl":"https:\/\/studiopixels.net\/wp-content\/uploads\/2024\/08\/Screen-Shot-2024-08-22-at-11.24.45-AM.png","datePublished":"2024-08-20T22:47:52+00:00","dateModified":"2024-10-21T18:55:06+00:00","breadcrumb":{"@id":"https:\/\/studiopixels.net\/produit\/calendrier-pixels-2025\/#breadcrumb"},"inLanguage":"en-CA","potentialAction":[{"@type":"ReadAction","target":["https:\/\/studiopixels.net\/produit\/calendrier-pixels-2025\/"]}]},{"@type":"ImageObject","inLanguage":"en-CA","@id":"https:\/\/studiopixels.net\/produit\/calendrier-pixels-2025\/#primaryimage","url":"https:\/\/studiopixels.net\/wp-content\/uploads\/2024\/08\/Screen-Shot-2024-08-22-at-11.24.45-AM.png","contentUrl":"https:\/\/studiopixels.net\/wp-content\/uploads\/2024\/08\/Screen-Shot-2024-08-22-at-11.24.45-AM.png","width":1010,"height":1428},{"@type":"BreadcrumbList","@id":"https:\/\/studiopixels.net\/produit\/calendrier-pixels-2025\/#breadcrumb","itemListElement":[{"@type":"ListItem","position":1,"name":"Accueil","item":"https:\/\/studiopixels.net\/"},{"@type":"ListItem","position":2,"name":"Boutique","item":"https:\/\/studiopixels.net\/boutique\/"},{"@type":"ListItem","position":3,"name":"Calendrier &lsquo;Pixels&rsquo; 2025"}]},{"@type":"WebSite","@id":"https:\/\/studiopixels.net\/#website","url":"https:\/\/studiopixels.net\/","name":"Studio Pixels","description":"","publisher":{"@id":"https:\/\/studiopixels.net\/#organization"},"potentialAction":[{"@type":"SearchAction","target":{"@type":"EntryPoint","urlTemplate":"https:\/\/studiopixels.net\/?s={search_term_string}"},"query-input":{"@type":"PropertyValueSpecification","valueRequired":true,"valueName":"search_term_string"}}],"inLanguage":"en-CA"},{"@type":"Organization","@id":"https:\/\/studiopixels.net\/#organization","name":"Studio Pixels","url":"https:\/\/studiopixels.net\/","logo":{"@type":"ImageObject","inLanguage":"en-CA","@id":"https:\/\/studiopixels.net\/#\/schema\/logo\/image\/","url":"https:\/\/studiopixels.net\/wp-content\/uploads\/2020\/04\/cropped-Autocollant-pixels-2.jpg","contentUrl":"https:\/\/studiopixels.net\/wp-content\/uploads\/2020\/04\/cropped-Autocollant-pixels-2.jpg","width":666,"height":666,"caption":"Studio Pixels"},"image":{"@id":"https:\/\/studiopixels.net\/#\/schema\/logo\/image\/"},"sameAs":["https:\/\/www.facebook.com\/Studiopixelsart"]}]}},"uagb_featured_image_src":{"full":["https:\/\/studiopixels.net\/wp-content\/uploads\/2024\/08\/Screen-Shot-2024-08-22-at-11.24.45-AM.png",1010,1428,false],"thumbnail":["https:\/\/studiopixels.net\/wp-content\/uploads\/2024\/08\/Screen-Shot-2024-08-22-at-11.24.45-AM-150x150.png",150,150,true],"medium":["https:\/\/studiopixels.net\/wp-content\/uploads\/2024\/08\/Screen-Shot-2024-08-22-at-11.24.45-AM-212x300.png",212,300,true],"medium_large":["https:\/\/studiopixels.net\/wp-content\/uploads\/2024\/08\/Screen-Shot-2024-08-22-at-11.24.45-AM-768x1086.png",768,1086,true],"large":["https:\/\/studiopixels.net\/wp-content\/uploads\/2024\/08\/Screen-Shot-2024-08-22-at-11.24.45-AM-724x1024.png",724,1024,true],"1536x1536":["https:\/\/studiopixels.net\/wp-content\/uploads\/2024\/08\/Screen-Shot-2024-08-22-at-11.24.45-AM.png",1010,1428,false],"2048x2048":["https:\/\/studiopixels.net\/wp-content\/uploads\/2024\/08\/Screen-Shot-2024-08-22-at-11.24.45-AM.png",1010,1428,false],"trp-custom-language-flag":["https:\/\/studiopixels.net\/wp-content\/uploads\/2024\/08\/Screen-Shot-2024-08-22-at-11.24.45-AM.png",8,12,false],"woocommerce_thumbnail":["https:\/\/studiopixels.net\/wp-content\/uploads\/2024\/08\/Screen-Shot-2024-08-22-at-11.24.45-AM-300x300.png",300,300,true],"woocommerce_single":["https:\/\/studiopixels.net\/wp-content\/uploads\/2024\/08\/Screen-Shot-2024-08-22-at-11.24.45-AM-600x848.png",600,848,true],"woocommerce_gallery_thumbnail":["https:\/\/studiopixels.net\/wp-content\/uploads\/2024\/08\/Screen-Shot-2024-08-22-at-11.24.45-AM-100x100.png",100,100,true],"shop_catalog":["https:\/\/studiopixels.net\/wp-content\/uploads\/2024\/08\/Screen-Shot-2024-08-22-at-11.24.45-AM-300x300.png",300,300,true],"shop_single":["https:\/\/studiopixels.net\/wp-content\/uploads\/2024\/08\/Screen-Shot-2024-08-22-at-11.24.45-AM-600x848.png",600,848,true],"shop_thumbnail":["https:\/\/studiopixels.net\/wp-content\/uploads\/2024\/08\/Screen-Shot-2024-08-22-at-11.24.45-AM-100x100.png",100,100,true]},"uagb_author_info":{"display_name":"admin","author_link":"https:\/\/studiopixels.net\/en\/author\/"},"uagb_comment_info":0,"uagb_excerpt":"Cette ann\u00e9e, je vous invite \u00e0 plonger dans mon univers des encres \u00e0 l'alcool avec mon calendrier 2025. Chaque mois, d\u00e9couvrez une nouvelle cr\u00e9ation, inspir\u00e9e par la nature, les \u00e9motions et les r\u00eaves. Caract\u00e9ristiques : Format : 11\" x 16.5\" lorsqu'il est ferm\u00e9. Le calendrier est imprim\u00e9 sur du papier de soie semi-brillant de 250&hellip;","_links":{"self":[{"href":"https:\/\/studiopixels.net\/en\/wp-json\/wp\/v2\/product\/8795","targetHints":{"allow":["GET"]}}],"collection":[{"href":"https:\/\/studiopixels.net\/en\/wp-json\/wp\/v2\/product"}],"about":[{"href":"https:\/\/studiopixels.net\/en\/wp-json\/wp\/v2\/types\/product"}],"replies":[{"embeddable":true,"href":"https:\/\/studiopixels.net\/en\/wp-json\/wp\/v2\/comments?post=8795"}],"version-history":[{"count":4,"href":"https:\/\/studiopixels.net\/en\/wp-json\/wp\/v2\/product\/8795\/revisions"}],"predecessor-version":[{"id":8910,"href":"https:\/\/studiopixels.net\/en\/wp-json\/wp\/v2\/product\/8795\/revisions\/8910"}],"wp:featuredmedia":[{"embeddable":true,"href":"https:\/\/studiopixels.net\/en\/wp-json\/wp\/v2\/media\/8835"}],"wp:attachment":[{"href":"https:\/\/studiopixels.net\/en\/wp-json\/wp\/v2\/media?parent=8795"}],"curies":[{"name":"wp","href":"https:\/\/api.w.org\/{rel}","templated":true}]}}