{"id":9004,"date":"2024-09-05T16:37:08","date_gmt":"2024-09-05T20:37:08","guid":{"rendered":"https:\/\/studiopixels.net\/?post_type=product&#038;p=9004"},"modified":"2026-03-06T22:43:08","modified_gmt":"2026-03-07T03:43:08","slug":"la-quete-de-la-serenite_2-2024","status":"publish","type":"product","link":"https:\/\/studiopixels.net\/en\/product\/la-quete-de-la-serenite_2-2024\/","title":{"rendered":"La qu\u00eate de la s\u00e9r\u00e9nit\u00e9_2, 2024"},"content":{"rendered":"<p>La qu\u00eate de la s\u00e9r\u00e9nit\u00e9_2, 2024<br class=\"html-br\" \/>12&Prime; x 12&Prime;<br class=\"html-br\" \/>Encre \u00e0 l&rsquo;alcool, sur yupo maroufler sur panneau de bois galerie<br class=\"html-br\" \/>L&rsquo;encadrement sur la photo est \u00e0 titre d&rsquo;exemple seulement.<\/p>","protected":false},"excerpt":{"rendered":"<p>La qu\u00eate de la s\u00e9r\u00e9nit\u00e9_2, 2024<br class=\"html-br\" \/>12&Prime; x 12&Prime;<br class=\"html-br\" \/>Encre \u00e0 l&rsquo;alcool, sur yupo maroufler sur panneau de bois galerie<br class=\"html-br\" \/>L&rsquo;encadrement sur la photo est \u00e0 titre d&rsquo;exemple seulement.<\/p>","protected":false},"featured_media":8995,"comment_status":"open","ping_status":"closed","template":"","meta":{"_uag_custom_page_level_css":""},"class_list":{"0":"post-9004","1":"product","2":"type-product","3":"status-publish","4":"has-post-thumbnail","6":"product_cat-collection-oeuvres","7":"product_cat-encre-a-lalcool","9":"first","10":"outofstock","11":"taxable","12":"shipping-taxable","13":"purchasable","14":"product-type-simple"},"yoast_head":"<!-- This site is optimized with the Yoast SEO plugin v26.4 - https:\/\/yoast.com\/wordpress\/plugins\/seo\/ -->\n<title>La qu\u00eate de la s\u00e9r\u00e9nit\u00e9_2, 2024 - Studio Pixels<\/title>\n<meta name=\"robots\" content=\"index, follow, max-snippet:-1, max-image-preview:large, max-video-preview:-1\" \/>\n<link rel=\"canonical\" href=\"https:\/\/studiopixels.net\/en\/product\/la-quete-de-la-serenite_2-2024\/\" \/>\n<meta property=\"og:locale\" content=\"en_US\" \/>\n<meta property=\"og:type\" content=\"article\" \/>\n<meta property=\"og:title\" content=\"La qu\u00eate de la s\u00e9r\u00e9nit\u00e9_2, 2024 - Studio Pixels\" \/>\n<meta property=\"og:description\" content=\"La qu\u00eate de la s\u00e9r\u00e9nit\u00e9_2, 202412&quot; x 12&quot;Encre \u00e0 l&#039;alcool, sur yupo maroufler sur panneau de bois galerieL&#039;encadrement sur la photo est \u00e0 titre d&#039;exemple seulement.\" \/>\n<meta property=\"og:url\" content=\"https:\/\/studiopixels.net\/en\/product\/la-quete-de-la-serenite_2-2024\/\" \/>\n<meta property=\"og:site_name\" content=\"Studio Pixels\" \/>\n<meta property=\"article:publisher\" content=\"https:\/\/www.facebook.com\/Studiopixelsart\" \/>\n<meta property=\"article:modified_time\" content=\"2026-03-07T03:43:08+00:00\" \/>\n<meta property=\"og:image\" content=\"https:\/\/studiopixels.net\/wp-content\/uploads\/2024\/09\/La-quete-de-la-serenite_2_mise-scaled.jpg\" \/>\n\t<meta property=\"og:image:width\" content=\"2560\" \/>\n\t<meta property=\"og:image:height\" content=\"1950\" \/>\n\t<meta property=\"og:image:type\" content=\"image\/jpeg\" \/>\n<meta name=\"twitter:card\" content=\"summary_large_image\" \/>\n<meta name=\"twitter:label1\" content=\"Est. reading time\" \/>\n\t<meta name=\"twitter:data1\" content=\"1 minute\" \/>\n<script type=\"application\/ld+json\" class=\"yoast-schema-graph\">{\"@context\":\"https:\/\/schema.org\",\"@graph\":[{\"@type\":\"WebPage\",\"@id\":\"https:\/\/studiopixels.net\/produit\/la-quete-de-la-serenite_2-2024\/\",\"url\":\"https:\/\/studiopixels.net\/produit\/la-quete-de-la-serenite_2-2024\/\",\"name\":\"La qu\u00eate de la s\u00e9r\u00e9nit\u00e9_2, 2024 - Studio Pixels\",\"isPartOf\":{\"@id\":\"https:\/\/studiopixels.net\/#website\"},\"primaryImageOfPage\":{\"@id\":\"https:\/\/studiopixels.net\/produit\/la-quete-de-la-serenite_2-2024\/#primaryimage\"},\"image\":{\"@id\":\"https:\/\/studiopixels.net\/produit\/la-quete-de-la-serenite_2-2024\/#primaryimage\"},\"thumbnailUrl\":\"https:\/\/studiopixels.net\/wp-content\/uploads\/2024\/09\/La-quete-de-la-serenite_2_mise-scaled.jpg\",\"datePublished\":\"2024-09-05T20:37:08+00:00\",\"dateModified\":\"2026-03-07T03:43:08+00:00\",\"breadcrumb\":{\"@id\":\"https:\/\/studiopixels.net\/produit\/la-quete-de-la-serenite_2-2024\/#breadcrumb\"},\"inLanguage\":\"en-CA\",\"potentialAction\":[{\"@type\":\"ReadAction\",\"target\":[\"https:\/\/studiopixels.net\/produit\/la-quete-de-la-serenite_2-2024\/\"]}]},{\"@type\":\"ImageObject\",\"inLanguage\":\"en-CA\",\"@id\":\"https:\/\/studiopixels.net\/produit\/la-quete-de-la-serenite_2-2024\/#primaryimage\",\"url\":\"https:\/\/studiopixels.net\/wp-content\/uploads\/2024\/09\/La-quete-de-la-serenite_2_mise-scaled.jpg\",\"contentUrl\":\"https:\/\/studiopixels.net\/wp-content\/uploads\/2024\/09\/La-quete-de-la-serenite_2_mise-scaled.jpg\",\"width\":2560,\"height\":1950},{\"@type\":\"BreadcrumbList\",\"@id\":\"https:\/\/studiopixels.net\/produit\/la-quete-de-la-serenite_2-2024\/#breadcrumb\",\"itemListElement\":[{\"@type\":\"ListItem\",\"position\":1,\"name\":\"Accueil\",\"item\":\"https:\/\/studiopixels.net\/\"},{\"@type\":\"ListItem\",\"position\":2,\"name\":\"Boutique\",\"item\":\"https:\/\/studiopixels.net\/boutique\/\"},{\"@type\":\"ListItem\",\"position\":3,\"name\":\"La qu\u00eate de la s\u00e9r\u00e9nit\u00e9_2, 2024\"}]},{\"@type\":\"WebSite\",\"@id\":\"https:\/\/studiopixels.net\/#website\",\"url\":\"https:\/\/studiopixels.net\/\",\"name\":\"Studio Pixels\",\"description\":\"\",\"publisher\":{\"@id\":\"https:\/\/studiopixels.net\/#organization\"},\"potentialAction\":[{\"@type\":\"SearchAction\",\"target\":{\"@type\":\"EntryPoint\",\"urlTemplate\":\"https:\/\/studiopixels.net\/?s={search_term_string}\"},\"query-input\":{\"@type\":\"PropertyValueSpecification\",\"valueRequired\":true,\"valueName\":\"search_term_string\"}}],\"inLanguage\":\"en-CA\"},{\"@type\":\"Organization\",\"@id\":\"https:\/\/studiopixels.net\/#organization\",\"name\":\"Studio Pixels\",\"url\":\"https:\/\/studiopixels.net\/\",\"logo\":{\"@type\":\"ImageObject\",\"inLanguage\":\"en-CA\",\"@id\":\"https:\/\/studiopixels.net\/#\/schema\/logo\/image\/\",\"url\":\"https:\/\/studiopixels.net\/wp-content\/uploads\/2020\/04\/cropped-Autocollant-pixels-2.jpg\",\"contentUrl\":\"https:\/\/studiopixels.net\/wp-content\/uploads\/2020\/04\/cropped-Autocollant-pixels-2.jpg\",\"width\":666,\"height\":666,\"caption\":\"Studio Pixels\"},\"image\":{\"@id\":\"https:\/\/studiopixels.net\/#\/schema\/logo\/image\/\"},\"sameAs\":[\"https:\/\/www.facebook.com\/Studiopixelsart\"]}]}<\/script>\n<!-- \/ Yoast SEO plugin. -->","yoast_head_json":{"title":"La qu\u00eate de la s\u00e9r\u00e9nit\u00e9_2, 2024 - Studio Pixels","robots":{"index":"index","follow":"follow","max-snippet":"max-snippet:-1","max-image-preview":"max-image-preview:large","max-video-preview":"max-video-preview:-1"},"canonical":"https:\/\/studiopixels.net\/en\/product\/la-quete-de-la-serenite_2-2024\/","og_locale":"en_US","og_type":"article","og_title":"La qu\u00eate de la s\u00e9r\u00e9nit\u00e9_2, 2024 - Studio Pixels","og_description":"La qu\u00eate de la s\u00e9r\u00e9nit\u00e9_2, 202412\" x 12\"Encre \u00e0 l'alcool, sur yupo maroufler sur panneau de bois galerieL'encadrement sur la photo est \u00e0 titre d'exemple seulement.","og_url":"https:\/\/studiopixels.net\/en\/product\/la-quete-de-la-serenite_2-2024\/","og_site_name":"Studio Pixels","article_publisher":"https:\/\/www.facebook.com\/Studiopixelsart","article_modified_time":"2026-03-07T03:43:08+00:00","og_image":[{"width":2560,"height":1950,"url":"https:\/\/studiopixels.net\/wp-content\/uploads\/2024\/09\/La-quete-de-la-serenite_2_mise-scaled.jpg","type":"image\/jpeg"}],"twitter_card":"summary_large_image","twitter_misc":{"Est. reading time":"1 minute"},"schema":{"@context":"https:\/\/schema.org","@graph":[{"@type":"WebPage","@id":"https:\/\/studiopixels.net\/produit\/la-quete-de-la-serenite_2-2024\/","url":"https:\/\/studiopixels.net\/produit\/la-quete-de-la-serenite_2-2024\/","name":"La qu\u00eate de la s\u00e9r\u00e9nit\u00e9_2, 2024 - Studio Pixels","isPartOf":{"@id":"https:\/\/studiopixels.net\/#website"},"primaryImageOfPage":{"@id":"https:\/\/studiopixels.net\/produit\/la-quete-de-la-serenite_2-2024\/#primaryimage"},"image":{"@id":"https:\/\/studiopixels.net\/produit\/la-quete-de-la-serenite_2-2024\/#primaryimage"},"thumbnailUrl":"https:\/\/studiopixels.net\/wp-content\/uploads\/2024\/09\/La-quete-de-la-serenite_2_mise-scaled.jpg","datePublished":"2024-09-05T20:37:08+00:00","dateModified":"2026-03-07T03:43:08+00:00","breadcrumb":{"@id":"https:\/\/studiopixels.net\/produit\/la-quete-de-la-serenite_2-2024\/#breadcrumb"},"inLanguage":"en-CA","potentialAction":[{"@type":"ReadAction","target":["https:\/\/studiopixels.net\/produit\/la-quete-de-la-serenite_2-2024\/"]}]},{"@type":"ImageObject","inLanguage":"en-CA","@id":"https:\/\/studiopixels.net\/produit\/la-quete-de-la-serenite_2-2024\/#primaryimage","url":"https:\/\/studiopixels.net\/wp-content\/uploads\/2024\/09\/La-quete-de-la-serenite_2_mise-scaled.jpg","contentUrl":"https:\/\/studiopixels.net\/wp-content\/uploads\/2024\/09\/La-quete-de-la-serenite_2_mise-scaled.jpg","width":2560,"height":1950},{"@type":"BreadcrumbList","@id":"https:\/\/studiopixels.net\/produit\/la-quete-de-la-serenite_2-2024\/#breadcrumb","itemListElement":[{"@type":"ListItem","position":1,"name":"Accueil","item":"https:\/\/studiopixels.net\/"},{"@type":"ListItem","position":2,"name":"Boutique","item":"https:\/\/studiopixels.net\/boutique\/"},{"@type":"ListItem","position":3,"name":"La qu\u00eate de la s\u00e9r\u00e9nit\u00e9_2, 2024"}]},{"@type":"WebSite","@id":"https:\/\/studiopixels.net\/#website","url":"https:\/\/studiopixels.net\/","name":"Studio Pixels","description":"","publisher":{"@id":"https:\/\/studiopixels.net\/#organization"},"potentialAction":[{"@type":"SearchAction","target":{"@type":"EntryPoint","urlTemplate":"https:\/\/studiopixels.net\/?s={search_term_string}"},"query-input":{"@type":"PropertyValueSpecification","valueRequired":true,"valueName":"search_term_string"}}],"inLanguage":"en-CA"},{"@type":"Organization","@id":"https:\/\/studiopixels.net\/#organization","name":"Studio Pixels","url":"https:\/\/studiopixels.net\/","logo":{"@type":"ImageObject","inLanguage":"en-CA","@id":"https:\/\/studiopixels.net\/#\/schema\/logo\/image\/","url":"https:\/\/studiopixels.net\/wp-content\/uploads\/2020\/04\/cropped-Autocollant-pixels-2.jpg","contentUrl":"https:\/\/studiopixels.net\/wp-content\/uploads\/2020\/04\/cropped-Autocollant-pixels-2.jpg","width":666,"height":666,"caption":"Studio Pixels"},"image":{"@id":"https:\/\/studiopixels.net\/#\/schema\/logo\/image\/"},"sameAs":["https:\/\/www.facebook.com\/Studiopixelsart"]}]}},"uagb_featured_image_src":{"full":["https:\/\/studiopixels.net\/wp-content\/uploads\/2024\/09\/La-quete-de-la-serenite_2_mise-scaled.jpg",2560,1950,false],"thumbnail":["https:\/\/studiopixels.net\/wp-content\/uploads\/2024\/09\/La-quete-de-la-serenite_2_mise-150x150.jpg",150,150,true],"medium":["https:\/\/studiopixels.net\/wp-content\/uploads\/2024\/09\/La-quete-de-la-serenite_2_mise-300x229.jpg",300,229,true],"medium_large":["https:\/\/studiopixels.net\/wp-content\/uploads\/2024\/09\/La-quete-de-la-serenite_2_mise-768x585.jpg",768,585,true],"large":["https:\/\/studiopixels.net\/wp-content\/uploads\/2024\/09\/La-quete-de-la-serenite_2_mise-1024x780.jpg",1024,780,true],"1536x1536":["https:\/\/studiopixels.net\/wp-content\/uploads\/2024\/09\/La-quete-de-la-serenite_2_mise-1536x1170.jpg",1536,1170,true],"2048x2048":["https:\/\/studiopixels.net\/wp-content\/uploads\/2024\/09\/La-quete-de-la-serenite_2_mise-2048x1560.jpg",2048,1560,true],"trp-custom-language-flag":["https:\/\/studiopixels.net\/wp-content\/uploads\/2024\/09\/La-quete-de-la-serenite_2_mise-scaled.jpg",16,12,false],"woocommerce_thumbnail":["https:\/\/studiopixels.net\/wp-content\/uploads\/2024\/09\/La-quete-de-la-serenite_2_mise-300x300.jpg",300,300,true],"woocommerce_single":["https:\/\/studiopixels.net\/wp-content\/uploads\/2024\/09\/La-quete-de-la-serenite_2_mise-600x457.jpg",600,457,true],"woocommerce_gallery_thumbnail":["https:\/\/studiopixels.net\/wp-content\/uploads\/2024\/09\/La-quete-de-la-serenite_2_mise-100x100.jpg",100,100,true],"shop_catalog":["https:\/\/studiopixels.net\/wp-content\/uploads\/2024\/09\/La-quete-de-la-serenite_2_mise-300x300.jpg",300,300,true],"shop_single":["https:\/\/studiopixels.net\/wp-content\/uploads\/2024\/09\/La-quete-de-la-serenite_2_mise-600x457.jpg",600,457,true],"shop_thumbnail":["https:\/\/studiopixels.net\/wp-content\/uploads\/2024\/09\/La-quete-de-la-serenite_2_mise-100x100.jpg",100,100,true]},"uagb_author_info":{"display_name":"admin","author_link":"https:\/\/studiopixels.net\/en\/author\/"},"uagb_comment_info":0,"uagb_excerpt":"La qu\u00eate de la s\u00e9r\u00e9nit\u00e9_2, 202412\" x 12\"Encre \u00e0 l'alcool, sur yupo maroufler sur panneau de bois galerieL'encadrement sur la photo est \u00e0 titre d'exemple seulement.","_links":{"self":[{"href":"https:\/\/studiopixels.net\/en\/wp-json\/wp\/v2\/product\/9004","targetHints":{"allow":["GET"]}}],"collection":[{"href":"https:\/\/studiopixels.net\/en\/wp-json\/wp\/v2\/product"}],"about":[{"href":"https:\/\/studiopixels.net\/en\/wp-json\/wp\/v2\/types\/product"}],"replies":[{"embeddable":true,"href":"https:\/\/studiopixels.net\/en\/wp-json\/wp\/v2\/comments?post=9004"}],"version-history":[{"count":1,"href":"https:\/\/studiopixels.net\/en\/wp-json\/wp\/v2\/product\/9004\/revisions"}],"predecessor-version":[{"id":9005,"href":"https:\/\/studiopixels.net\/en\/wp-json\/wp\/v2\/product\/9004\/revisions\/9005"}],"wp:featuredmedia":[{"embeddable":true,"href":"https:\/\/studiopixels.net\/en\/wp-json\/wp\/v2\/media\/8995"}],"wp:attachment":[{"href":"https:\/\/studiopixels.net\/en\/wp-json\/wp\/v2\/media?parent=9004"}],"curies":[{"name":"wp","href":"https:\/\/api.w.org\/{rel}","templated":true}]}}